{"id":1096,"date":"2018-05-09T07:20:35","date_gmt":"2018-05-09T07:20:35","guid":{"rendered":"https:\/\/bodegaoutdoor.cl\/store\/?page_id=1096"},"modified":"2022-05-12T10:49:53","modified_gmt":"2022-05-12T14:49:53","slug":"terms-and-conditions","status":"publish","type":"page","link":"https:\/\/bodegaoutdoor.cl\/store\/terms-and-conditions\/","title":{"rendered":"Terminos y Condiciones"},"content":{"rendered":"\t\t<div data-elementor-type=\"wp-post\" data-elementor-id=\"1096\" class=\"elementor elementor-1096\">\n\t\t\t\t\t\t<section class=\"elementor-section elementor-top-section elementor-element elementor-element-cfe10fe elementor-section-boxed elementor-section-height-default elementor-section-height-default\" data-id=\"cfe10fe\" data-element_type=\"section\">\n\t\t\t\t\t\t<div class=\"elementor-container elementor-column-gap-default\">\n\t\t\t\t\t<div class=\"elementor-column elementor-col-100 elementor-top-column elementor-element elementor-element-22a4f3d\" data-id=\"22a4f3d\" data-element_type=\"column\">\n\t\t\t<div class=\"elementor-widget-wrap elementor-element-populated\">\n\t\t\t\t\t\t<div class=\"elementor-element elementor-element-cdbf732 elementor-icon-list--layout-traditional elementor-list-item-link-full_width elementor-widget elementor-widget-icon-list\" data-id=\"cdbf732\" data-element_type=\"widget\" data-widget_type=\"icon-list.default\">\n\t\t\t\t<div class=\"elementor-widget-container\">\n\t\t\t\t\t\t\t<ul class=\"elementor-icon-list-items\">\n\t\t\t\t\t\t\t<li class=\"elementor-icon-list-item\">\n\t\t\t\t\t\t\t\t\t\t\t<span class=\"elementor-icon-list-icon\">\n\t\t\t\t\t\t\t\t\t\t\t\t\t\t\t\t<i class=\"fa fa-play\" aria-hidden=\"true\"><\/i>\n\t\t\t\t\t\t\t\t\t\t\t\t\t<\/span>\n\t\t\t\t\t\t\t\t\t\t<span class=\"elementor-icon-list-text\"><h3 style=\"padding-bottom: 0px;font-weight: 300;margin-right: 0px;margin-bottom: 25px;margin-left: 0px;font-size: 1.5em;font-family: Roboto, sans-serif;letter-spacing: 2px;white-space: normal\">Plazos y costos de despacho<\/h3><\/span>\n\t\t\t\t\t\t\t\t\t<\/li>\n\t\t\t\t\t\t<\/ul>\n\t\t\t\t\t\t<\/div>\n\t\t\t\t<\/div>\n\t\t\t\t<div class=\"elementor-element elementor-element-8baffc1 elementor-widget elementor-widget-text-editor\" data-id=\"8baffc1\" data-element_type=\"widget\" data-widget_type=\"text-editor.default\">\n\t\t\t\t<div class=\"elementor-widget-container\">\n\t\t\t\t\t\t\t\t\t<p style=\"text-align: center;\"><span style=\"display: block; font-size: 0.9em; margin: 0px 0px 20px; padding-top: 10px; color: #00afa4;\"><br><\/span><b><span style=\"display: block; font-size: 0.9em; margin: 0px 0px 20px; padding-top: 10px; color: #00afa4;\">Envios Transportes y Tiempos&nbsp;<span style=\"color: rgb(95, 95, 95); font-family: var( --e-global-typography-text-font-family ), Sans-serif; font-size: 14px;\">( Tiendas asociadas Internacionales).<\/span><\/span><\/b><\/p>\n<div>&nbsp;<span style=\"color: #5f5f5f;\">\u2022 Realizamos env\u00edo a TODO Chile GRATIS por Correos de Chile. El envio internacional demora desde 10 a 25 d\u00edas H\u00c1BILES. Estos env\u00edos deben primero llegar y ser aceptados por Aduana, lo cual en ocaciona demoras en la entrega del numero de envio de la empresa de reparto.<b> Favor tener en consideraci\u00f3n.<\/b><\/span><br><span style=\"color: #00afa4; font-size: 12.6px;\">Todos los env\u00edos internacionales deben llegar a Chile y luego la agencia &#8220;Correos de Chile&#8221;. Estamos haciendo nuestro mayor esfuerzo para entregar lo m\u00e1s pronto posible tu pedido as\u00ed que debes estar atento(a) porque puede llegar antes de lo esperado.<\/span><span style=\"color: #5f5f5f;\"><br><\/span><\/div>\n<div><span style=\"color: #5f5f5f;\">&nbsp;<\/span><\/div>\n<div><b style=\"font-family: var( --e-global-typography-text-font-family ), Sans-serif;\">Envios Locales Starken , Chilexpress, Varmontt y Correos de Chile POR PAGAR.<\/b><br><b style=\"font-family: var( --e-global-typography-text-font-family ), Sans-serif;\"><br><\/b><\/div>\n<p><span style=\"color: #5f5f5f;\">\u2022 El plazo de entrega comenzar\u00e1 una vez realizado el pago.<\/span><br style=\"color: #5f5f5f;\"><span style=\"color: #5f5f5f;\">\u2022 Regi\u00f3n Metropolitana: las entregas se realizan s\u00f3lo en d\u00edas h\u00e1biles (eso significa de Lunes a Viernes, exceptuando feriados) y de 9:00 a 21:00 horas.<\/span><br style=\"color: #5f5f5f;\"><span style=\"color: #5f5f5f;\">\u2022 Regiones: las entregas se realizan de Lunes a S\u00e1bado (exceptuando feriados) y de 9:00 a 21:00 horas.<\/span><\/p>\n<p><br style=\"color: #5f5f5f;\"><span style=\"color: #5f5f5f;\">\u2022 El costo de despacho var\u00eda seg\u00fan tu comuna y lo podr\u00e1s revisar al momento del pago.<\/span><\/p>\n<div><strong><span style=\"color: #ff0000; font-size: 18pt;\">Demora en la Entrega ?&nbsp;<\/span><\/strong><br><strong><span style=\"color: #ff0000; font-size: 18pt;\">Para cualquier pedido los tiempos procesamiento van de 5 a 10 d\u00edas H\u00e1biles.<\/span><\/strong><\/div>\n<p><span style=\"color: #5f5f5f;\">&nbsp;<\/span><\/p>\n<p><span style=\"color: #5f5f5f;\">&nbsp;<\/span><\/p>y ser aceptados or<br>\t\t\t\t\t\t\t\t<\/div>\n\t\t\t\t<\/div>\n\t\t\t\t<div class=\"elementor-element elementor-element-891a4b6 elementor-icon-list--layout-traditional elementor-list-item-link-full_width elementor-widget elementor-widget-icon-list\" data-id=\"891a4b6\" data-element_type=\"widget\" data-widget_type=\"icon-list.default\">\n\t\t\t\t<div class=\"elementor-widget-container\">\n\t\t\t\t\t\t\t<ul class=\"elementor-icon-list-items\">\n\t\t\t\t\t\t\t<li class=\"elementor-icon-list-item\">\n\t\t\t\t\t\t\t\t\t\t\t<span class=\"elementor-icon-list-icon\">\n\t\t\t\t\t\t\t\t\t\t\t\t\t\t\t\t<i class=\"fa fa-play\" aria-hidden=\"true\"><\/i>\n\t\t\t\t\t\t\t\t\t\t\t\t\t<\/span>\n\t\t\t\t\t\t\t\t\t\t<span class=\"elementor-icon-list-text\"><span style=\"font-size: 0.9em;margin: 0px 0px 20px;padding-top: 10px;white-space: normal\">ESTADO DE TU PEDIDO<span style=\"white-space: pre-wrap;font-size: 14px\"><\/span><\/span><\/span>\n\t\t\t\t\t\t\t\t\t<\/li>\n\t\t\t\t\t\t<\/ul>\n\t\t\t\t\t\t<\/div>\n\t\t\t\t<\/div>\n\t\t\t\t<div class=\"elementor-element elementor-element-d2eb0c0 elementor-widget elementor-widget-text-editor\" data-id=\"d2eb0c0\" data-element_type=\"widget\" data-widget_type=\"text-editor.default\">\n\t\t\t\t<div class=\"elementor-widget-container\">\n\t\t\t\t\t\t\t\t\t<p><span style=\"color: #5f5f5f;\">\u2022 Te detallamos los pasos a seguir para conocer d\u00f3nde est\u00e1 actualmente tu pedido:<\/span><br style=\"color: #5f5f5f;\" \/><span style=\"font-weight: bold; color: #5f5f5f;\">1.<\/span><span style=\"color: #5f5f5f;\">\u00a0Accede a\u00a0<\/span><span style=\"font-weight: bold; color: #5f5f5f;\">&#8220;Mi Cuenta&#8221;<\/span><span style=\"color: #5f5f5f;\">, con tu usuario y contrase\u00f1a.<\/span><br style=\"color: #5f5f5f;\" \/><span style=\"font-weight: bold; color: #5f5f5f;\">2.<\/span><span style=\"color: #5f5f5f;\">\u00a0Luego, ingresa a la opci\u00f3n\u00a0<\/span><span style=\"font-weight: bold; color: #5f5f5f;\">&#8220;Mis Pedidos&#8221;<\/span><span style=\"color: #5f5f5f;\">, desde el men\u00fa que se encuentra a la izquierda.<\/span><br style=\"color: #5f5f5f;\" \/><span style=\"font-weight: bold; color: #5f5f5f;\">3.<\/span><span style=\"color: #5f5f5f;\">\u00a0Debajo del pedido que quieras consultar, tendr\u00e1s varias opciones. La tercera de ellas es\u00a0<\/span><span style=\"font-weight: bold; color: #5f5f5f;\">&#8220;Seguimiento&#8221;<\/span><span style=\"color: #5f5f5f;\">, y te permitir\u00e1 visualizar cual es el estado del env\u00edo.<\/span><\/p>\t\t\t\t\t\t\t\t<\/div>\n\t\t\t\t<\/div>\n\t\t\t\t<div class=\"elementor-element elementor-element-0932791 elementor-icon-list--layout-traditional elementor-list-item-link-full_width elementor-widget elementor-widget-icon-list\" data-id=\"0932791\" data-element_type=\"widget\" data-widget_type=\"icon-list.default\">\n\t\t\t\t<div class=\"elementor-widget-container\">\n\t\t\t\t\t\t\t<ul class=\"elementor-icon-list-items\">\n\t\t\t\t\t\t\t<li class=\"elementor-icon-list-item\">\n\t\t\t\t\t\t\t\t\t\t\t<span class=\"elementor-icon-list-icon\">\n\t\t\t\t\t\t\t\t\t\t\t\t\t\t\t\t<i class=\"fa fa-play\" aria-hidden=\"true\"><\/i>\n\t\t\t\t\t\t\t\t\t\t\t\t\t<\/span>\n\t\t\t\t\t\t\t\t\t\t<span class=\"elementor-icon-list-text\"><span style=\"font-size: 0.9em;margin: 0px 0px 20px;padding-top: 10px;white-space: normal\">NO RECIB\u00cd MI PEDIDO<span style=\"white-space: pre-wrap;font-size: 14px\"><\/span><\/span><\/span>\n\t\t\t\t\t\t\t\t\t<\/li>\n\t\t\t\t\t\t<\/ul>\n\t\t\t\t\t\t<\/div>\n\t\t\t\t<\/div>\n\t\t\t\t<div class=\"elementor-element elementor-element-f27964e elementor-widget elementor-widget-text-editor\" data-id=\"f27964e\" data-element_type=\"widget\" data-widget_type=\"text-editor.default\">\n\t\t\t\t<div class=\"elementor-widget-container\">\n\t\t\t\t\t\t\t\t\t<p style=\"margin-right: 0px; margin-bottom: 20px; margin-left: 0px; color: #5f5f5f; line-height: 1.8em;\">Si no recibiste tu pedido en el plazo estipulado, te pedimos que por favor te contactes con nuestro\u00a0<span style=\"font-weight: bold;\">Servicio al Cliente<\/span>\u00a0mediante nuestro email sac<a style=\"cursor: pointer; color: #858585; font-size: 1em;\" href=\"mailto:reclamos@dafiti.cl\">@bodegaoutdoor.cl<\/a>. Verificaremos lo ocurrido y nos comunicaremos contigo para darte una respuesta.<\/p>\t\t\t\t\t\t\t\t<\/div>\n\t\t\t\t<\/div>\n\t\t\t\t\t<\/div>\n\t\t<\/div>\n\t\t\t\t\t<\/div>\n\t\t<\/section>\n\t\t\t\t<section class=\"elementor-section elementor-top-section elementor-element elementor-element-4dfb7df2 elementor-section-boxed elementor-section-height-default elementor-section-height-default\" data-id=\"4dfb7df2\" data-element_type=\"section\" data-settings=\"{&quot;background_background&quot;:&quot;classic&quot;}\">\n\t\t\t\t\t\t<div class=\"elementor-container elementor-column-gap-default\">\n\t\t\t\t\t<div class=\"elementor-column elementor-col-100 elementor-top-column elementor-element elementor-element-12cff299\" data-id=\"12cff299\" data-element_type=\"column\">\n\t\t\t<div class=\"elementor-widget-wrap elementor-element-populated\">\n\t\t\t\t\t\t<section class=\"elementor-section elementor-inner-section elementor-element elementor-element-4bc48c05 elementor-section-boxed elementor-section-height-default elementor-section-height-default\" data-id=\"4bc48c05\" data-element_type=\"section\">\n\t\t\t\t\t\t<div class=\"elementor-container elementor-column-gap-default\">\n\t\t\t\t\t<div class=\"elementor-column elementor-col-50 elementor-inner-column elementor-element elementor-element-240bf7a6\" data-id=\"240bf7a6\" data-element_type=\"column\">\n\t\t\t<div class=\"elementor-widget-wrap elementor-element-populated\">\n\t\t\t\t\t\t<div class=\"elementor-element elementor-element-61731d32 elementor-position-left elementor-view-default elementor-mobile-position-top elementor-widget elementor-widget-icon-box\" data-id=\"61731d32\" data-element_type=\"widget\" data-widget_type=\"icon-box.default\">\n\t\t\t\t<div class=\"elementor-widget-container\">\n\t\t\t\t\t\t\t<div class=\"elementor-icon-box-wrapper\">\n\n\t\t\t\t\t\t<div class=\"elementor-icon-box-icon\">\n\t\t\t\t<span  class=\"elementor-icon\">\n\t\t\t\t<i class=\"icon icon-email\" aria-hidden=\"true\"><\/i>\t\t\t\t<\/span>\n\t\t\t<\/div>\n\t\t\t\n\t\t\t\t\t\t<div class=\"elementor-icon-box-content\">\n\n\t\t\t\t\t\t\t\t\t<h3 class=\"elementor-icon-box-title\">\n\t\t\t\t\t\t<span  >\n\t\t\t\t\t\t\tProductos Nuevos y Ofertas\t\t\t\t\t\t<\/span>\n\t\t\t\t\t<\/h3>\n\t\t\t\t\n\t\t\t\t\t\t\t\t\t<p class=\"elementor-icon-box-description\">\n\t\t\t\t\t\tRegistrate en la casilla y recibe nuestras actualizaciones a tu correo\t\t\t\t\t<\/p>\n\t\t\t\t\n\t\t\t<\/div>\n\t\t\t\n\t\t<\/div>\n\t\t\t\t\t\t<\/div>\n\t\t\t\t<\/div>\n\t\t\t\t\t<\/div>\n\t\t<\/div>\n\t\t\t\t<div class=\"elementor-column elementor-col-50 elementor-inner-column elementor-element elementor-element-7f828f09\" data-id=\"7f828f09\" data-element_type=\"column\">\n\t\t\t<div class=\"elementor-widget-wrap elementor-element-populated\">\n\t\t\t\t\t\t<div class=\"elementor-element elementor-element-7b7bb1c5 elementor-widget elementor-widget-xs-subscribe\" data-id=\"7b7bb1c5\" data-element_type=\"widget\" data-widget_type=\"xs-subscribe.default\">\n\t\t\t\t<div class=\"elementor-widget-container\">\n\t\t\t\t\t<form action=\"#\" method=\"POST\" class=\"xs-newsletter newsLetter-v3\" data-link=\"test\">\n    <label for=\"xs-newsletter-email\"><\/label>\n    <input type=\"email\" name=\"email\" id=\"xs-newsletter-email\" placeholder=\"Enter Your Mail Here .....\">\n    <input type=\"submit\" class = \"xs-mailchimp-btn\" value=\"submit\">\n<\/form><!-- .xs-newsletter END-->\n\t\t\t\t<\/div>\n\t\t\t\t<\/div>\n\t\t\t\t\t<\/div>\n\t\t<\/div>\n\t\t\t\t\t<\/div>\n\t\t<\/section>\n\t\t\t\t\t<\/div>\n\t\t<\/div>\n\t\t\t\t\t<\/div>\n\t\t<\/section>\n\t\t\t\t<\/div>\n\t\t\n    <div class=\"xs_social_share_widget xs_share_url after_content \t\tmain_content  wslu-style-1 wslu-share-box-shaped wslu-fill-colored wslu-none wslu-share-horizontal wslu-theme-font-no wslu-main_content\">\n\n\t\t\n        <ul>\n\t\t\t        <\/ul>\n    <\/div> \n","protected":false},"excerpt":{"rendered":"<p>Plazos y costos de despacho Envios Transportes y Tiempos&nbsp;( Tiendas asociadas Internacionales). &nbsp;\u2022 Realizamos env\u00edo a TODO Chile GRATIS por Correos de Chile. El envio internacional demora desde 10 a 25 d\u00edas H\u00c1BILES. Estos env\u00edos deben primero llegar y ser aceptados por Aduana, lo cual en ocaciona demoras en la entrega del numero de envio [&hellip;]<\/p>\n","protected":false},"author":1,"featured_media":0,"parent":0,"menu_order":0,"comment_status":"closed","ping_status":"closed","template":"template\/template-full-width.php","meta":{"footnotes":""},"class_list":["post-1096","page","type-page","status-publish","hentry"],"jetpack_sharing_enabled":true,"_links":{"self":[{"href":"https:\/\/bodegaoutdoor.cl\/store\/wp-json\/wp\/v2\/pages\/1096","targetHints":{"allow":["GET"]}}],"collection":[{"href":"https:\/\/bodegaoutdoor.cl\/store\/wp-json\/wp\/v2\/pages"}],"about":[{"href":"https:\/\/bodegaoutdoor.cl\/store\/wp-json\/wp\/v2\/types\/page"}],"author":[{"embeddable":true,"href":"https:\/\/bodegaoutdoor.cl\/store\/wp-json\/wp\/v2\/users\/1"}],"replies":[{"embeddable":true,"href":"https:\/\/bodegaoutdoor.cl\/store\/wp-json\/wp\/v2\/comments?post=1096"}],"version-history":[{"count":32,"href":"https:\/\/bodegaoutdoor.cl\/store\/wp-json\/wp\/v2\/pages\/1096\/revisions"}],"predecessor-version":[{"id":54852,"href":"https:\/\/bodegaoutdoor.cl\/store\/wp-json\/wp\/v2\/pages\/1096\/revisions\/54852"}],"wp:attachment":[{"href":"https:\/\/bodegaoutdoor.cl\/store\/wp-json\/wp\/v2\/media?parent=1096"}],"curies":[{"name":"wp","href":"https:\/\/api.w.org\/{rel}","templated":true}]}}