{"id":10194,"date":"2020-08-07T02:50:43","date_gmt":"2020-08-07T02:50:43","guid":{"rendered":"https:\/\/bodegaoutdoor.cl\/store\/product\/linterna-led-q5-de-3-modos-de-gran-calidad-1000-lumenes-linterna-de-cabeza-ajustable-aaa-linterna-frontal-cree\/"},"modified":"2023-05-04T19:19:30","modified_gmt":"2023-05-04T23:19:30","slug":"linterna-led-q5-de-3-modos-de-gran-calidad-1000-lumenes-linterna-de-cabeza-ajustable-aaa-linterna-frontal-cree","status":"publish","type":"product","link":"https:\/\/bodegaoutdoor.cl\/store\/product\/linterna-led-q5-de-3-modos-de-gran-calidad-1000-lumenes-linterna-de-cabeza-ajustable-aaa-linterna-frontal-cree\/","title":{"rendered":"Linterna LED Q5 de 3 modos de gran calidad, 1000 l\u00famenes, AAA, linterna frontal cree"},"content":{"rendered":"<div style=\"margin: 0px auto;\">\n<p style=\"overflow: hidden; height: 1.0px; padding: 0; margin: 0;\">6292<\/p>\n<div style=\"padding: 8px; text-align: center; font-size: 24px; font-weight: 600; ;color: #FFFFFF;\"><\/div>\n<\/div>\n<div>\n<div align=\"center\">\n<h2><span style=\"font-size: 22.0px;\">Alta calidad 1000 l\u00famenes 3-Mode Q5 LED ajustable faro AAA linterna cree linterna<\/span><\/h2>\n<p style=\"margin-right: 10.0px;\" align=\"left\"><span style=\"font-size: 20.0px;\">Caracter\u00edstica:<\/span><\/p>\n<ul>\n<li>\n<p style=\"margin-right: 10.0px;\" align=\"left\"><span style=\"font-size: 20.0px;\">100% nuevo y de alta calidad.<\/span><\/p>\n<\/li>\n<li>\n<p style=\"margin-right: 10.0px;\" align=\"left\"><span style=\"font-size: 20.0px;\">Cantidad: 1<\/span><\/p>\n<\/li>\n<li>\n<p style=\"margin-right: 10.0px;\" align=\"left\"><span style=\"font-size: 20.0px;\">Muchos usos de un faro LED como camping, mochilero, caza, pesca, emergencias y reparaci\u00f3n del hogar<\/span><\/p>\n<\/li>\n<li>\n<p style=\"margin-right: 10.0px;\" align=\"left\"><span style=\"font-size: 20.0px;\">Funci\u00f3n de Zoom que permite enfocar el haz.<\/span><\/p>\n<\/li>\n<li>\n<p style=\"margin-right: 10.0px;\" align=\"left\"><span style=\"font-size: 20.0px;\">Color de luz: blanco<\/span><\/p>\n<\/li>\n<li>\n<p style=\"margin-right: 10.0px;\" align=\"left\"><span style=\"font-size: 20.0px;\">Se proporciona una base ajustable para cada l\u00e1mpara principal, con inclinaci\u00f3n hacia atr\u00e1s y hacia adelante<\/span><\/p>\n<\/li>\n<li>\n<p style=\"margin-right: 10.0px;\" align=\"left\"><span style=\"font-size: 20.0px;\">Modelo de bater\u00eda necesario: 3x AAA (NO incluido)<\/span><\/p>\n<\/li>\n<li>\n<p style=\"margin-right: 10.0px;\" align=\"left\"><span style=\"font-size: 20.0px;\">Larga vida \u00fatil de LED (100.000 horas)<\/span><\/p>\n<\/li>\n<li>\n<p style=\"margin-right: 10.0px;\" align=\"left\"><span style=\"font-size: 20.0px;\">N\u00famero de LED: 1<\/span><\/p>\n<\/li>\n<li>\n<p style=\"margin-right: 10.0px;\" align=\"left\"><span style=\"font-size: 20.0px;\">Interruptor de un bot\u00f3n: encendido, apagado<\/span><\/p>\n<\/li>\n<li>\n<p style=\"margin-right: 10.0px;\" align=\"left\"><span style=\"font-size: 20.0px;\">L\u00famenes: 1000 Lumen<\/span><\/p>\n<\/li>\n<\/ul>\n<p style=\"margin-right: 10.0px;\" align=\"left\"><span style=\"font-size: 20.0px;\">Contenido del paquete:<\/span><\/p>\n<ul>\n<li>\n<p style=\"margin-right: 10.0px;\" align=\"left\"><span style=\"font-size: 20.0px;\">1 linterna de cabeza LED ajustable de 3 modos Q5 1000 l\u00famenes AAA (sin venta al minorista) Embalado de forma segura en bolsa de burbujas)<\/span><\/p>\n<\/li>\n<\/ul>\n<p align=\"center\"><img decoding=\"async\" src=\"\/\/ae01.alicdn.com\/kf\/HTB1bIi2fyMnBKNjSZFCq6x0KFXaD.jpg\" \/><img decoding=\"async\" src=\"\/\/ae01.alicdn.com\/kf\/HTB1MG1YfpkoBKNjSZFEq6zrEVXaD.jpg\" \/><img decoding=\"async\" src=\"\/\/ae01.alicdn.com\/kf\/HTB1Tp7.qHSYBuNjSspfq6AZCpXau.jpg\" \/><img decoding=\"async\" src=\"\/\/ae01.alicdn.com\/kf\/HTB14CbialgXBuNjt_hNq6yEiFXas.jpg\" \/><img decoding=\"async\" src=\"\/\/ae01.alicdn.com\/kf\/HTB1jfEFqKGSBuNjSspbq6AiipXaM.jpg\" \/><img decoding=\"async\" src=\"\/\/ae01.alicdn.com\/kf\/HTB1ban4qHSYBuNjSspiq6xNzpXaU.jpg\" \/><\/p>\n<p align=\"center\">\n<\/div>\n<\/div>\n\n    <div class=\"xs_social_share_widget xs_share_url after_content \t\tmain_content  wslu-style-1 wslu-share-box-shaped wslu-fill-colored wslu-none wslu-share-horizontal wslu-theme-font-no wslu-main_content\">\n\n\t\t\n        <ul>\n\t\t\t        <\/ul>\n    <\/div> \n","protected":false},"excerpt":{"rendered":"<p><span style=\"color: #ff0000;\">PRECIO MAYORISTA $5.000, desde\u00a0 10 O m\u00e1s<\/span><\/p>\n","protected":false},"featured_media":10197,"comment_status":"open","ping_status":"closed","template":"","meta":{"jetpack_publicize_message":"","jetpack_publicize_feature_enabled":true,"jetpack_social_post_already_shared":true,"jetpack_social_options":{"image_generator_settings":{"template":"highway","enabled":false},"version":2}},"product_brand":[],"product_cat":[35],"product_tag":[],"class_list":{"0":"post-10194","1":"product","2":"type-product","3":"status-publish","4":"has-post-thumbnail","6":"product_cat-iliminacion","8":"first","9":"instock","10":"sale","11":"taxable","12":"shipping-taxable","13":"purchasable","14":"product-type-variable"},"jetpack_publicize_connections":[],"jetpack_sharing_enabled":true,"_links":{"self":[{"href":"https:\/\/bodegaoutdoor.cl\/store\/wp-json\/wp\/v2\/product\/10194","targetHints":{"allow":["GET"]}}],"collection":[{"href":"https:\/\/bodegaoutdoor.cl\/store\/wp-json\/wp\/v2\/product"}],"about":[{"href":"https:\/\/bodegaoutdoor.cl\/store\/wp-json\/wp\/v2\/types\/product"}],"replies":[{"embeddable":true,"href":"https:\/\/bodegaoutdoor.cl\/store\/wp-json\/wp\/v2\/comments?post=10194"}],"version-history":[{"count":2,"href":"https:\/\/bodegaoutdoor.cl\/store\/wp-json\/wp\/v2\/product\/10194\/revisions"}],"predecessor-version":[{"id":71293,"href":"https:\/\/bodegaoutdoor.cl\/store\/wp-json\/wp\/v2\/product\/10194\/revisions\/71293"}],"wp:featuredmedia":[{"embeddable":true,"href":"https:\/\/bodegaoutdoor.cl\/store\/wp-json\/wp\/v2\/media\/10197"}],"wp:attachment":[{"href":"https:\/\/bodegaoutdoor.cl\/store\/wp-json\/wp\/v2\/media?parent=10194"}],"wp:term":[{"taxonomy":"product_brand","embeddable":true,"href":"https:\/\/bodegaoutdoor.cl\/store\/wp-json\/wp\/v2\/product_brand?post=10194"},{"taxonomy":"product_cat","embeddable":true,"href":"https:\/\/bodegaoutdoor.cl\/store\/wp-json\/wp\/v2\/product_cat?post=10194"},{"taxonomy":"product_tag","embeddable":true,"href":"https:\/\/bodegaoutdoor.cl\/store\/wp-json\/wp\/v2\/product_tag?post=10194"}],"curies":[{"name":"wp","href":"https:\/\/api.w.org\/{rel}","templated":true}]}}