{"id":10220,"date":"2020-08-07T03:19:27","date_gmt":"2020-08-07T03:19:27","guid":{"rendered":"https:\/\/bodegaoutdoor.cl\/store\/product\/mini-linterna-led-portatil-con-luz-lateral-cob-4-modos-de-iluminacion-xpe-lampara-cuentas-iluminacion-150-metros-alimentado-por-pilas-aa\/"},"modified":"2023-05-04T19:19:30","modified_gmt":"2023-05-04T23:19:30","slug":"mini-linterna-led-portatil-con-luz-lateral-cob-4-modos-de-iluminacion-xpe-lampara-cuentas-iluminacion-150-metros-alimentado-por-pilas-aa","status":"publish","type":"product","link":"https:\/\/bodegaoutdoor.cl\/store\/product\/mini-linterna-led-portatil-con-luz-lateral-cob-4-modos-de-iluminacion-xpe-lampara-cuentas-iluminacion-150-metros-alimentado-por-pilas-aa\/","title":{"rendered":"MINI linterna LED port\u00e1til con luz lateral COB 4 modos de iluminaci\u00f3n XPE l\u00e1mpara cuentas iluminaci\u00f3n"},"content":{"rendered":"<p><strong><span style=\"font-size: 20px;\"><span style=\"background-color: #27ae60;\">Producto par\u00e1metros b\u00e1sicos<\/span><\/span><\/strong><br \/>\n<span style=\"font-size: 16px;\">Marca: GZLIDY<\/span><br \/>\n<span style=\"font-size: 16px;\">Modelo: S-097<\/span><br \/>\n<span style=\"font-size: 16px;\">Material: aleaci\u00f3n de aluminio<\/span><br \/>\n<span style=\"font-size: 16px;\">Modelo de cuenta de l\u00e1mpara: XPE + COB<\/span><br \/>\n<span style=\"font-size: 16px;\">Peso: 52 gramos<\/span><br \/>\n<span style=\"font-size: 16px;\">Fuente de alimentaci\u00f3n: 1 pila AA\/14500<\/span><\/p>\n<p>&nbsp;<\/p>\n<p><span style=\"font-size: 16px;\"><strong><span style=\"font-size: 20px;\"><span style=\"background-color: #27ae60;\">El paquete contiene:<\/span><\/span><\/strong><br \/>\n1 linterna LED (sin bater\u00eda)<\/span><\/p>\n<p>&nbsp;<\/p>\n<p style=\"text-align: left; margin: 0;\">\n<p><span style=\"font-size: 16px;\"><img decoding=\"async\" style=\"width: 1000px;\" src=\"\/\/ae01.alicdn.com\/kf\/HTB1TwzFdl1D3KVjSZFyq6zuFpXac.jpg?width=1000&amp;height=1000&amp;hash=2000\" \/><\/span><\/p>\n<p><span style=\"font-size: 16px;\"><img decoding=\"async\" style=\"width: 1000px;\" src=\"\/\/ae01.alicdn.com\/kf\/HTB10InGdouF3KVjSZK9q6zVtXXa2.jpg?width=1000&amp;height=1000&amp;hash=2000\" \/><\/span><\/p>\n<p><span style=\"font-size: 16px;\"><img decoding=\"async\" style=\"width: 1000px;\" src=\"\/\/ae01.alicdn.com\/kf\/HTB1zpbHdkWE3KVjSZSyq6xocXXak.jpg?width=1000&amp;height=1000&amp;hash=2000\" \/><\/span><\/p>\n<p><span style=\"font-size: 16px;\"><img decoding=\"async\" style=\"width: 1000px;\" src=\"\/\/ae01.alicdn.com\/kf\/HTB1icrFdk5E3KVjSZFCq6zuzXXaZ.jpg?width=1000&amp;height=1000&amp;hash=2000\" \/><\/span><\/p>\n<p><span style=\"font-size: 16px;\"><img decoding=\"async\" style=\"width: 1000px;\" src=\"\/\/ae01.alicdn.com\/kf\/HTB11DHDdfWG3KVjSZFPq6xaiXXa7.jpg?width=1000&amp;height=1000&amp;hash=2000\" \/><\/span><\/p>\n<p><span style=\"font-size: 16px;\"><img decoding=\"async\" style=\"width: 1000px;\" src=\"\/\/ae01.alicdn.com\/kf\/HTB14ezFdlOD3KVjSZFFq6An9pXaP.jpg?width=1000&amp;height=1000&amp;hash=2000\" \/><\/span><\/p>\n<p style=\"text-align: left; margin: 0;\"><img decoding=\"async\" src=\"\/\/ae01.alicdn.com\/kf\/HTB13DU9N9zqK1RjSZFHq6z3CpXa1.jpg?width=1000&amp;height=150&amp;hash=1150\" \/><\/p>\n<p><span style=\"font-size: 16px;\"><img decoding=\"async\" style=\"width: 1000px;\" src=\"\/\/ae01.alicdn.com\/kf\/HTB1PMVybRGw3KVjSZFDq6xWEpXaf.jpg?width=1000&amp;height=840&amp;hash=1840\" \/><\/span><\/p>\n<p><span style=\"font-size: 16px;\"><img decoding=\"async\" style=\"width: 1000px;\" src=\"\/\/ae01.alicdn.com\/kf\/HTB1dmNsbUuF3KVjSZK9q6zVtXXa5.jpg?width=750&amp;height=628&amp;hash=1378\" \/><\/span><\/p>\n<p><span style=\"font-size: 16px;\"><img decoding=\"async\" style=\"width: 1000px;\" src=\"\/\/ae01.alicdn.com\/kf\/HTB10tbDdgaH3KVjSZFjq6AFWpXa9.jpg?width=1000&amp;height=1000&amp;hash=2000\" \/><\/span><\/p>\n<p style=\"text-align: left; margin: 0;\"><img decoding=\"async\" src=\"\/\/ae01.alicdn.com\/kf\/HTB1NRA_NVYqK1RjSZLeq6zXppXaB.jpg?width=1000&amp;height=1777&amp;hash=2777\" \/><\/p>\n<p>&nbsp;<\/p>\n\n    <div class=\"xs_social_share_widget xs_share_url after_content \t\tmain_content  wslu-style-1 wslu-share-box-shaped wslu-fill-colored wslu-none wslu-share-horizontal wslu-theme-font-no wslu-main_content\">\n\n\t\t\n        <ul>\n\t\t\t        <\/ul>\n    <\/div> \n","protected":false},"excerpt":{"rendered":"<p>Producto par\u00e1metros b\u00e1sicos Marca: GZLIDY Modelo: S-097 Material: aleaci\u00f3n de aluminio Modelo de cuenta de l\u00e1mpara: XPE + COB Peso: 52 gramos Fuente de alimentaci\u00f3n: 1 pila AA\/14500 &nbsp; El paquete contiene: 1 linterna LED (sin bater\u00eda) &nbsp; &nbsp;<\/p>\n","protected":false},"featured_media":10221,"comment_status":"open","ping_status":"closed","template":"","meta":{"jetpack_publicize_message":"","jetpack_publicize_feature_enabled":true,"jetpack_social_post_already_shared":true,"jetpack_social_options":{"image_generator_settings":{"template":"highway","enabled":false},"version":2}},"product_brand":[],"product_cat":[35],"product_tag":[],"class_list":{"0":"post-10220","1":"product","2":"type-product","3":"status-publish","4":"has-post-thumbnail","6":"product_cat-iliminacion","8":"first","9":"instock","10":"sale","11":"taxable","12":"shipping-taxable","13":"purchasable","14":"product-type-simple"},"jetpack_publicize_connections":[],"jetpack_sharing_enabled":true,"_links":{"self":[{"href":"https:\/\/bodegaoutdoor.cl\/store\/wp-json\/wp\/v2\/product\/10220","targetHints":{"allow":["GET"]}}],"collection":[{"href":"https:\/\/bodegaoutdoor.cl\/store\/wp-json\/wp\/v2\/product"}],"about":[{"href":"https:\/\/bodegaoutdoor.cl\/store\/wp-json\/wp\/v2\/types\/product"}],"replies":[{"embeddable":true,"href":"https:\/\/bodegaoutdoor.cl\/store\/wp-json\/wp\/v2\/comments?post=10220"}],"version-history":[{"count":2,"href":"https:\/\/bodegaoutdoor.cl\/store\/wp-json\/wp\/v2\/product\/10220\/revisions"}],"predecessor-version":[{"id":71292,"href":"https:\/\/bodegaoutdoor.cl\/store\/wp-json\/wp\/v2\/product\/10220\/revisions\/71292"}],"wp:featuredmedia":[{"embeddable":true,"href":"https:\/\/bodegaoutdoor.cl\/store\/wp-json\/wp\/v2\/media\/10221"}],"wp:attachment":[{"href":"https:\/\/bodegaoutdoor.cl\/store\/wp-json\/wp\/v2\/media?parent=10220"}],"wp:term":[{"taxonomy":"product_brand","embeddable":true,"href":"https:\/\/bodegaoutdoor.cl\/store\/wp-json\/wp\/v2\/product_brand?post=10220"},{"taxonomy":"product_cat","embeddable":true,"href":"https:\/\/bodegaoutdoor.cl\/store\/wp-json\/wp\/v2\/product_cat?post=10220"},{"taxonomy":"product_tag","embeddable":true,"href":"https:\/\/bodegaoutdoor.cl\/store\/wp-json\/wp\/v2\/product_tag?post=10220"}],"curies":[{"name":"wp","href":"https:\/\/api.w.org\/{rel}","templated":true}]}}