{"id":10320,"date":"2020-08-08T00:31:33","date_gmt":"2020-08-08T00:31:33","guid":{"rendered":"https:\/\/bodegaoutdoor.cl\/store\/product\/plantilla-de-deporte-shock-desodorante-elastico-transpirable-cojin-para-correr-transpirable-sudor-para-hombre-y-mujer-plantillas-de-mujer-para-zapatillas-espuma-de-memoria\/"},"modified":"2023-05-04T19:19:30","modified_gmt":"2023-05-04T23:19:30","slug":"plantilla-de-deporte-shock-desodorante-elastico-transpirable-cojin-para-correr-transpirable-sudor-para-hombre-y-mujer-plantillas-de-mujer-para-zapatillas-espuma-de-memoria","status":"publish","type":"product","link":"https:\/\/bodegaoutdoor.cl\/store\/product\/plantilla-de-deporte-shock-desodorante-elastico-transpirable-cojin-para-correr-transpirable-sudor-para-hombre-y-mujer-plantillas-de-mujer-para-zapatillas-espuma-de-memoria\/","title":{"rendered":"Plantilla de deporte Shock, el\u00e1stico transpirable para zapatillas, espuma de memoria"},"content":{"rendered":"<p style=\"text-align: center;\"><video style=\"max-width: 100%;\" src=\"\/\/cloud.video.taobao.com\/play\/u\/2200728517480\/p\/1\/e\/6\/t\/10301\/238135847791.mp4\" poster=\"https:\/\/ae01.alicdn.com\/kf\/Hdd23732516c7427989e6a3a9f38082eef\/Plantilla-de-deporte-Shock-desodorante-el-stico-transpirable-coj-n-para-correr-transpirable-sudor-para-hombre.jpg,https:\/\/ae01.alicdn.com\/kf\/Hdfba92196a9f4c6fa966a4c20ad9785eT\/Plantilla-de-deporte-Shock-desodorante-el-stico-transpirable-coj-n-para-correr-transpirable-sudor-para-hombre.jpg,https:\/\/ae01.alicdn.com\/kf\/Hea6c87694de7427180d7d8dc23824300U\/Plantilla-de-deporte-Shock-desodorante-el-stico-transpirable-coj-n-para-correr-transpirable-sudor-para-hombre.jpg,https:\/\/ae01.alicdn.com\/kf\/H9de0a04aab8246b29b044cfce776a4caJ\/Plantilla-de-deporte-Shock-desodorante-el-stico-transpirable-coj-n-para-correr-transpirable-sudor-para-hombre.jpg,https:\/\/ae01.alicdn.com\/kf\/H0462a4ad6e254eb8833381ba42a36e4fk\/Plantilla-de-deporte-Shock-desodorante-el-stico-transpirable-coj-n-para-correr-transpirable-sudor-para-hombre.jpg,https:\/\/ae01.alicdn.com\/kf\/Hbf1e030b20d14c4e922e1206c2db5771P\/Plantilla-de-deporte-Shock-desodorante-el-stico-transpirable-coj-n-para-correr-transpirable-sudor-para-hombre.jpg\" preload=\"auto\" controls=\"controls\" width=\"100%\" height=\"100%\"><\/video><\/p>\n<p><strong><span style=\"font-size: 28px;\">Plantilla deportiva antichoque, el\u00e1stica, transpirable, desodorante, coj\u00edn para correr, transpirable, sudor, plantillas de mujer y hombre para zapatillas, espuma de memoria<\/span><\/strong><\/p>\n<p><span style=\"font-family: OpenSans; font-size: 20px; font-weight: 900;\">Caracter\u00edsticas:<\/span><\/p>\n<div>\n<p style=\"margin: 0px 0px 12px; line-height: 20px; font-family: OpenSans;\" data-spm-anchor-id=\"a2g0o.detail.1000023.i1.7dfd5c4eLiCvJ5\">F\u00e1cil de limpiar, c\u00f3modo de llevar con un efecto desodorizante f\u00e1cil y conveniente para combinar sus zapatos puede reducir el da\u00f1o al pie debido a la vibraci\u00f3n que se utiliza para todo tipo de calzado deportivo, como b\u00e9isbol, softball, correr, escalar, golf, baloncesto, montar a caballo, etc. D Soporta eficazmente el arco y saca la presi\u00f3n del \u00e1rea para facilitar el arco del cansancio del pie y la comodidad del dolor y los agujeros de ventilaci\u00f3n alivio de la presi\u00f3n del arco, fortalece las fuerzas de resistencia Color del brazalete: 5 colores disponibles<\/p>\n<\/div>\n<div>\n<p style=\"margin: 0px 0px 12px; font-size: 20px; line-height: 28px; font-weight: 900; font-family: OpenSans;\">Tama\u00f1o:<\/p>\n<p style=\"margin: 0px 0px 12px; line-height: 20px; font-family: OpenSans;\" data-spm-anchor-id=\"a2g0o.detail.1000023.i0.7dfd5c4eLiCvJ5\">S 36-38yard (23-24cm)<\/p>\n<p style=\"margin: 0px 0px 12px; line-height: 20px; font-family: OpenSans;\" data-spm-anchor-id=\"a2g0o.detail.1000023.i0.7dfd5c4eLiCvJ5\">M 39-41yard (25-26cm)<\/p>\n<p style=\"margin: 0px 0px 12px; line-height: 20px; font-family: OpenSans;\" data-spm-anchor-id=\"a2g0o.detail.1000023.i0.7dfd5c4eLiCvJ5\">L 42-44yard (27-28cm)<\/p>\n<p style=\"margin: 0px 0px 12px; line-height: 20px; font-family: OpenSans;\" data-spm-anchor-id=\"a2g0o.detail.1000023.i0.7dfd5c4eLiCvJ5\">XL 45-46yard (29-30cm)<\/p>\n<\/div>\n<div>\n<p style=\"margin: 0px 0px 12px; font-size: 20px; line-height: 28px; font-weight: 900; font-family: OpenSans;\">Crisol de grafito mini horno de oro de la antorcha de fusi\u00f3n del metal:<\/p>\n<p style=\"margin: 0px 0px 12px; line-height: 20px; font-family: OpenSans;\">Un par de plantillas<\/p>\n<\/div>\n<div>\n<p style=\"margin: 0px 0px 12px; font-size: 20px; line-height: 28px; font-weight: 900; font-family: OpenSans;\">Nota:<\/p>\n<p style=\"margin: 0px 0px 12px; line-height: 20px; font-family: OpenSans;\">Puede cortar la plantilla en el tama\u00f1o correcto para usted por s\u00ed mismo 2 maneras de cortar sus plantillas: 1. Mide la longitud de tus pies, de lo que encuentras la l\u00ednea de tama\u00f1o en la plantilla, corta un poco m\u00e1s que tus pies 2. Usa las plantillas del tama\u00f1o correcto, Ponlas en la nueva, que cortarla lentamente<\/p>\n<p style=\"margin: 0px 0px 12px; line-height: 20px; font-family: OpenSans;\"><img decoding=\"async\" src=\"https:\/\/bodegaoutdoor.cl\/store\/wp-content\/uploads\/2020\/08\/10320-h2cfhp.jpg\" \/><\/p>\n<\/div>\n<p><strong><span style=\"font-size: 28px;\"><img decoding=\"async\" src=\"https:\/\/bodegaoutdoor.cl\/store\/wp-content\/uploads\/2020\/08\/10320-nhlosc.jpg\" \/><img decoding=\"async\" src=\"https:\/\/bodegaoutdoor.cl\/store\/wp-content\/uploads\/2020\/08\/10320-sywqum.jpg\" \/><img decoding=\"async\" src=\"https:\/\/bodegaoutdoor.cl\/store\/wp-content\/uploads\/2020\/08\/10320-mp5wlr.jpg\" \/><img decoding=\"async\" src=\"https:\/\/bodegaoutdoor.cl\/store\/wp-content\/uploads\/2020\/08\/10320-1arvs5.jpg\" \/><img decoding=\"async\" src=\"https:\/\/bodegaoutdoor.cl\/store\/wp-content\/uploads\/2020\/08\/10320-zumdyt.jpg\" \/><img decoding=\"async\" src=\"https:\/\/bodegaoutdoor.cl\/store\/wp-content\/uploads\/2020\/08\/10320-5anqcs.jpg\" \/><img decoding=\"async\" src=\"https:\/\/bodegaoutdoor.cl\/store\/wp-content\/uploads\/2020\/08\/10320-kwkh21.jpg\" \/><img decoding=\"async\" src=\"https:\/\/bodegaoutdoor.cl\/store\/wp-content\/uploads\/2020\/08\/10320-nwrqex.jpg\" \/><img decoding=\"async\" src=\"https:\/\/bodegaoutdoor.cl\/store\/wp-content\/uploads\/2020\/08\/10320-bjsh4z.jpg\" \/><img decoding=\"async\" src=\"https:\/\/bodegaoutdoor.cl\/store\/wp-content\/uploads\/2020\/08\/10320-uf3vak.jpg\" \/><img decoding=\"async\" src=\"https:\/\/bodegaoutdoor.cl\/store\/wp-content\/uploads\/2020\/08\/10320-nm0dqy.jpg\" \/><img decoding=\"async\" src=\"https:\/\/bodegaoutdoor.cl\/store\/wp-content\/uploads\/2020\/08\/10320-jteyh0.jpg\" \/><\/span><\/strong><\/p>\n\n    <div class=\"xs_social_share_widget xs_share_url after_content \t\tmain_content  wslu-style-1 wslu-share-box-shaped wslu-fill-colored wslu-none wslu-share-horizontal wslu-theme-font-no wslu-main_content\">\n\n\t\t\n        <ul>\n\t\t\t        <\/ul>\n    <\/div> \n","protected":false},"excerpt":{"rendered":"<p>Plantilla deportiva antichoque, el\u00e1stica, transpirable, desodorante, coj\u00edn para correr, transpirable, sudor, plantillas de mujer y hombre para zapatillas, espuma de memoria Caracter\u00edsticas: F\u00e1cil de limpiar, c\u00f3modo de llevar con un efecto desodorizante f\u00e1cil y conveniente para combinar sus zapatos puede reducir el da\u00f1o al pie debido a la vibraci\u00f3n que se utiliza para todo tipo [&hellip;]<\/p>\n","protected":false},"featured_media":10366,"comment_status":"open","ping_status":"closed","template":"","meta":{"jetpack_publicize_message":"","jetpack_publicize_feature_enabled":true,"jetpack_social_post_already_shared":true,"jetpack_social_options":{"image_generator_settings":{"template":"highway","enabled":false},"version":2}},"product_brand":[],"product_cat":[41],"product_tag":[],"class_list":{"0":"post-10320","1":"product","2":"type-product","3":"status-publish","4":"has-post-thumbnail","6":"product_cat-calzado","8":"first","9":"instock","10":"sale","11":"taxable","12":"shipping-taxable","13":"purchasable","14":"product-type-variable"},"jetpack_publicize_connections":[],"jetpack_sharing_enabled":true,"_links":{"self":[{"href":"https:\/\/bodegaoutdoor.cl\/store\/wp-json\/wp\/v2\/product\/10320","targetHints":{"allow":["GET"]}}],"collection":[{"href":"https:\/\/bodegaoutdoor.cl\/store\/wp-json\/wp\/v2\/product"}],"about":[{"href":"https:\/\/bodegaoutdoor.cl\/store\/wp-json\/wp\/v2\/types\/product"}],"replies":[{"embeddable":true,"href":"https:\/\/bodegaoutdoor.cl\/store\/wp-json\/wp\/v2\/comments?post=10320"}],"version-history":[{"count":2,"href":"https:\/\/bodegaoutdoor.cl\/store\/wp-json\/wp\/v2\/product\/10320\/revisions"}],"predecessor-version":[{"id":71290,"href":"https:\/\/bodegaoutdoor.cl\/store\/wp-json\/wp\/v2\/product\/10320\/revisions\/71290"}],"wp:featuredmedia":[{"embeddable":true,"href":"https:\/\/bodegaoutdoor.cl\/store\/wp-json\/wp\/v2\/media\/10366"}],"wp:attachment":[{"href":"https:\/\/bodegaoutdoor.cl\/store\/wp-json\/wp\/v2\/media?parent=10320"}],"wp:term":[{"taxonomy":"product_brand","embeddable":true,"href":"https:\/\/bodegaoutdoor.cl\/store\/wp-json\/wp\/v2\/product_brand?post=10320"},{"taxonomy":"product_cat","embeddable":true,"href":"https:\/\/bodegaoutdoor.cl\/store\/wp-json\/wp\/v2\/product_cat?post=10320"},{"taxonomy":"product_tag","embeddable":true,"href":"https:\/\/bodegaoutdoor.cl\/store\/wp-json\/wp\/v2\/product_tag?post=10320"}],"curies":[{"name":"wp","href":"https:\/\/api.w.org\/{rel}","templated":true}]}}