{"id":10413,"date":"2020-08-08T01:16:23","date_gmt":"2020-08-08T01:16:23","guid":{"rendered":"https:\/\/bodegaoutdoor.cl\/store\/product\/barco-de-remos-aqua-marina-betta-hm-2019-novedad-bote-de-remos-inflable-para-personas-dobles-kayak-deportivo-remo-en-canoa-personas-dobles\/"},"modified":"2023-05-04T19:19:30","modified_gmt":"2023-05-04T23:19:30","slug":"barco-de-remos-aqua-marina-betta-hm-2019-novedad-bote-de-remos-inflable-para-personas-dobles-kayak-deportivo-remo-en-canoa-personas-dobles","status":"publish","type":"product","link":"https:\/\/bodegaoutdoor.cl\/store\/product\/barco-de-remos-aqua-marina-betta-hm-2019-novedad-bote-de-remos-inflable-para-personas-dobles-kayak-deportivo-remo-en-canoa-personas-dobles\/","title":{"rendered":"Kayak Bote de remos AQUA MARINA BETTA HM 2019 inflable para personas dobles, Kayak deportivo, remo Single \/ dobles"},"content":{"rendered":"<div>\n<div>\n<div style=\"height: auto; clear: both; border: 0.0px solid #ff9933; margin: 3.0px auto;\">\n<p style=\"width: 1.0px; height: 0.0px; overflow: hidden; font-size: 0;\">[Xlmodel]-[Personalizado]-[8888]<\/p>\n<div style=\"height: auto; clear: both; padding: 5.0px; overflow: visible;\">\n<div style=\"overflow: hidden; font-size: 0; clear: both;\"><\/div>\n<div>\n<div><span style=\"color: #00b0f0;\"><strong><span style=\"font-size: 22.0px;\">Descripci\u00f3n del producto:<\/span><\/strong><\/span><\/div>\n<div><span style=\"font-size: 20.0px;\">Marca: Aqua Marina<\/span><\/div>\n<div><span style=\"font-size: 20.0px;\">Nombre: Betta.<\/span><\/div>\n<div><span style=\"font-size: 20.0px;\">Material: PVC de protecci\u00f3n del medio ambiente<\/span><\/div>\n<div><span style=\"font-size: 20.0px;\">Tama\u00f1o: 312*83cm\/412*83cm<\/span><\/div>\n<div><span style=\"font-size: 20.0px;\">Peso: 9kg\/13,5 kg<\/span><\/div>\n<div><span style=\"font-size: 20.0px;\">Teniendo Peso: 95kg\/155kg<\/span><\/div>\n<div><span style=\"font-size: 20.0px;\">Las personas Capacidad: 1\/2<\/span><\/div>\n<\/div>\n<\/div>\n<\/div>\n<div style=\"height: auto; clear: both; border: 0.0px solid #ff9933; margin: 3.0px auto;\">\n<p style=\"width: 1.0px; height: 0.0px; overflow: hidden; font-size: 0.0px;\">[Xlmodel]-[Foto]-[0000]<\/p>\n<div style=\"height: auto; clear: both; padding: 5.0px; text-align: center; overflow: visible;\">\n<p style=\"padding: 0 0 0.0px 0; font-size: 0;\"><img decoding=\"async\" title=\"Barco de remos AQUA MARINA BETTA HM 2019, novedad, bote de remos inflable para personas dobles, Kayak deportivo, remo en canoa personas dobles\" src=\"https:\/\/bodegaoutdoor.cl\/store\/wp-content\/uploads\/2020\/08\/10413-yxvuuo.jpg\" alt=\"Barco de remos AQUA MARINA BETTA HM 2019, novedad, bote de remos inflable para personas dobles, Kayak deportivo, remo en canoa personas dobles\" \/><\/p>\n<p style=\"padding: 0 0 0.0px 0; font-size: 0;\"><img decoding=\"async\" title=\"Barco de remos AQUA MARINA BETTA HM 2019, novedad, bote de remos inflable para personas dobles, Kayak deportivo, remo en canoa personas dobles\" src=\"https:\/\/bodegaoutdoor.cl\/store\/wp-content\/uploads\/2020\/08\/10413-rzgmon.jpg\" alt=\"Barco de remos AQUA MARINA BETTA HM 2019, novedad, bote de remos inflable para personas dobles, Kayak deportivo, remo en canoa personas dobles\" \/><\/p>\n<p style=\"padding: 0 0 0.0px 0; font-size: 0;\"><img decoding=\"async\" title=\"Barco de remos AQUA MARINA BETTA HM 2019, novedad, bote de remos inflable para personas dobles, Kayak deportivo, remo en canoa personas dobles\" src=\"https:\/\/bodegaoutdoor.cl\/store\/wp-content\/uploads\/2020\/08\/10413-c7mlus-scaled.jpg\" alt=\"Barco de remos AQUA MARINA BETTA HM 2019, novedad, bote de remos inflable para personas dobles, Kayak deportivo, remo en canoa personas dobles\" \/><\/p>\n<p style=\"padding: 0 0 0.0px 0; font-size: 0;\"><img decoding=\"async\" title=\"Barco de remos AQUA MARINA BETTA HM 2019, novedad, bote de remos inflable para personas dobles, Kayak deportivo, remo en canoa personas dobles\" src=\"https:\/\/bodegaoutdoor.cl\/store\/wp-content\/uploads\/2020\/08\/10413-xavehy-scaled.jpg\" alt=\"Barco de remos AQUA MARINA BETTA HM 2019, novedad, bote de remos inflable para personas dobles, Kayak deportivo, remo en canoa personas dobles\" \/><\/p>\n<\/div>\n<\/div>\n<\/div>\n<\/div>\n\n    <div class=\"xs_social_share_widget xs_share_url after_content \t\tmain_content  wslu-style-1 wslu-share-box-shaped wslu-fill-colored wslu-none wslu-share-horizontal wslu-theme-font-no wslu-main_content\">\n\n\t\t\n        <ul>\n\t\t\t        <\/ul>\n    <\/div> \n","protected":false},"excerpt":{"rendered":"<p>[Xlmodel]-[Personalizado]-[8888] Descripci\u00f3n del producto: Marca: Aqua Marina Nombre: Betta. Material: PVC de protecci\u00f3n del medio ambiente Tama\u00f1o: 312*83cm\/412*83cm Peso: 9kg\/13,5 kg Teniendo Peso: 95kg\/155kg Las personas Capacidad: 1\/2 [Xlmodel]-[Foto]-[0000]<\/p>\n","protected":false},"featured_media":10418,"comment_status":"open","ping_status":"closed","template":"","meta":{"jetpack_publicize_message":"","jetpack_publicize_feature_enabled":true,"jetpack_social_post_already_shared":true,"jetpack_social_options":{"image_generator_settings":{"template":"highway","enabled":false},"version":2}},"product_brand":[],"product_cat":[787],"product_tag":[],"class_list":{"0":"post-10413","1":"product","2":"type-product","3":"status-publish","4":"has-post-thumbnail","6":"product_cat-botes-kayaks","8":"first","9":"instock","10":"sale","11":"taxable","12":"shipping-taxable","13":"purchasable","14":"product-type-variable"},"jetpack_publicize_connections":[],"jetpack_sharing_enabled":true,"_links":{"self":[{"href":"https:\/\/bodegaoutdoor.cl\/store\/wp-json\/wp\/v2\/product\/10413","targetHints":{"allow":["GET"]}}],"collection":[{"href":"https:\/\/bodegaoutdoor.cl\/store\/wp-json\/wp\/v2\/product"}],"about":[{"href":"https:\/\/bodegaoutdoor.cl\/store\/wp-json\/wp\/v2\/types\/product"}],"replies":[{"embeddable":true,"href":"https:\/\/bodegaoutdoor.cl\/store\/wp-json\/wp\/v2\/comments?post=10413"}],"version-history":[{"count":2,"href":"https:\/\/bodegaoutdoor.cl\/store\/wp-json\/wp\/v2\/product\/10413\/revisions"}],"predecessor-version":[{"id":71288,"href":"https:\/\/bodegaoutdoor.cl\/store\/wp-json\/wp\/v2\/product\/10413\/revisions\/71288"}],"wp:featuredmedia":[{"embeddable":true,"href":"https:\/\/bodegaoutdoor.cl\/store\/wp-json\/wp\/v2\/media\/10418"}],"wp:attachment":[{"href":"https:\/\/bodegaoutdoor.cl\/store\/wp-json\/wp\/v2\/media?parent=10413"}],"wp:term":[{"taxonomy":"product_brand","embeddable":true,"href":"https:\/\/bodegaoutdoor.cl\/store\/wp-json\/wp\/v2\/product_brand?post=10413"},{"taxonomy":"product_cat","embeddable":true,"href":"https:\/\/bodegaoutdoor.cl\/store\/wp-json\/wp\/v2\/product_cat?post=10413"},{"taxonomy":"product_tag","embeddable":true,"href":"https:\/\/bodegaoutdoor.cl\/store\/wp-json\/wp\/v2\/product_tag?post=10413"}],"curies":[{"name":"wp","href":"https:\/\/api.w.org\/{rel}","templated":true}]}}