{"id":10513,"date":"2020-08-11T17:58:25","date_gmt":"2020-08-11T17:58:25","guid":{"rendered":"https:\/\/bodegaoutdoor.cl\/store\/product\/fuego-de-arce-de-titanio-cocina-fms-117t-ultraligero-acampar-al-aire-libre-senderismo-estufas-de-viaje-ligero-horno-de-gas-portatil-de-quemadores-de-gas\/"},"modified":"2023-05-04T19:19:30","modified_gmt":"2023-05-04T23:19:30","slug":"cocina-titanio-ultraligero-camping-outdoor-senderismo-portatil","status":"publish","type":"product","link":"https:\/\/bodegaoutdoor.cl\/store\/product\/cocina-titanio-ultraligero-camping-outdoor-senderismo-portatil\/","title":{"rendered":"Cocina Titanio ultraligero camping outdoor  senderismo port\u00e1til"},"content":{"rendered":"<p style=\"text-align: center;\"><video style=\"max-width: 100%;\" src=\"\/\/cloud.video.taobao.com\/play\/u\/2473361347\/p\/1\/e\/6\/t\/10301\/235293950153.mp4\" poster=\"https:\/\/ae01.alicdn.com\/kf\/HTB1xPmUcMKG3KVjSZFLq6yMvXXaH\/Fuego-de-arce-de-titanio-cocina-FMS-117T-ultraligero-acampar-al-aire-libre-senderismo-estufas-de.jpg,https:\/\/ae01.alicdn.com\/kf\/H5d092752d0744a7ab2016ea29d986f1er\/Fuego-de-arce-de-titanio-cocina-FMS-117T-ultraligero-acampar-al-aire-libre-senderismo-estufas-de.jpg,https:\/\/ae01.alicdn.com\/kf\/H8cd000828a824894afb7beff1c463f688\/Fuego-de-arce-de-titanio-cocina-FMS-117T-ultraligero-acampar-al-aire-libre-senderismo-estufas-de.jpg,https:\/\/ae01.alicdn.com\/kf\/Ha089fded922b427f96bb54b19ed3221cS\/Fuego-de-arce-de-titanio-cocina-FMS-117T-ultraligero-acampar-al-aire-libre-senderismo-estufas-de.jpg,https:\/\/ae01.alicdn.com\/kf\/Hfbbbe277ed2f47dcad5fac0cb152b345p\/Fuego-de-arce-de-titanio-cocina-FMS-117T-ultraligero-acampar-al-aire-libre-senderismo-estufas-de.jpg,https:\/\/ae01.alicdn.com\/kf\/H5186f5e5ca2c46ea980e6c6cca675359v\/Fuego-de-arce-de-titanio-cocina-FMS-117T-ultraligero-acampar-al-aire-libre-senderismo-estufas-de.jpg\" preload=\"auto\" controls=\"controls\" width=\"100%\" height=\"100%\"><\/video><\/p>\n<div><\/div>\n<div>\n<div>\n<p><span style=\"font-size: 16.0px;\"><span style=\"color: #0070c0;\"><strong>Estufa de titanio FIRE-MAPLE BLADE 1<\/strong><\/span><\/span><br \/>\n<span style=\"font-family: arial , helvetica , sans-serif; font-size: 16.0px;\">1. Hecho de titanio<\/span><br \/>\n<span style=\"font-family: arial , helvetica , sans-serif; font-size: 16.0px;\">2. Ultraligero, solo 98g<\/span><br \/>\n<span style=\"font-family: arial , helvetica , sans-serif; font-size: 16.0px;\">3. Patas y macetas plegables y resistentes<\/span><br \/>\n<span style=\"font-family: arial , helvetica , sans-serif; font-size: 16.0px;\">4. Manguera y v\u00e1lvula de alta calidad<\/span><\/p>\n<p><span style=\"font-size: 16.0px;\"><span style=\"color: #0070c0;\"><strong>Caracter\u00edsticas:<\/strong><\/span><br \/>\nMarca: Arce<br \/>\nModelo No FMS-117T<br \/>\nMaterial: titanio, aluminio y lat\u00f3n<br \/>\n<span style=\"font-size: 16.0px;\">Ocasiones: explorar, hacer senderismo y viajar.<\/span><\/span><\/p>\n<p><span style=\"font-size: 16.0px;\"><strong><span style=\"color: #0070c0;\">Especificaciones:<\/span><\/strong><\/span><br \/>\n<span style=\"font-family: arial , helvetica , sans-serif; font-size: 16.0px;\">Desarrollo s<\/span><span style=\"font-family: arial , helvetica , sans-serif; font-size: 16.0px;\">Tama\u00f1o: \u2264145*75mm<\/span><br \/>\n<span style=\"font-family: arial , helvetica , sans-serif; font-size: 16.0px;\">Tama\u00f1o Plegable:<\/span><span style=\"font-family: arial , helvetica , sans-serif; font-size: 16.0px;\">\u042475*89mm<\/span><br \/>\n<span style=\"font-family: arial , helvetica , sans-serif; font-size: 16.0px;\">Potencia: 2800W<\/span><br \/>\n<span style=\"font-family: arial , helvetica , sans-serif; font-size: 16.0px;\">Peso: 98g<\/span><br \/>\n<span style=\"font-family: arial , helvetica , sans-serif; font-size: 16.0px;\">Material: titanio\/aluminio<\/span><\/p>\n<p><strong style=\"color: #0070c0; font-size: 16.0px;\">El paquete incluye:<\/strong><br \/>\n<span style=\"font-size: 16.0px;\">1 * al aire libre estufa<\/span><\/p>\n<p><img decoding=\"async\" title=\"Fuego de arce de titanio cocina FMS-117T ultraligero acampar al aire libre senderismo estufas de viaje ligero horno de Gas port\u00e1til de quemadores de Gas\" src=\"https:\/\/bodegaoutdoor.cl\/store\/wp-content\/uploads\/2020\/08\/10513-8uayfh.jpg\" alt=\"Fuego de arce de titanio cocina FMS-117T ultraligero acampar al aire libre senderismo estufas de viaje ligero horno de Gas port\u00e1til de quemadores de Gas\" \/><img decoding=\"async\" title=\"Fuego de arce de titanio cocina FMS-117T ultraligero acampar al aire libre senderismo estufas de viaje ligero horno de Gas port\u00e1til de quemadores de Gas\" src=\"https:\/\/bodegaoutdoor.cl\/store\/wp-content\/uploads\/2020\/08\/10513-vpgyfj.jpg\" alt=\"Fuego de arce de titanio cocina FMS-117T ultraligero acampar al aire libre senderismo estufas de viaje ligero horno de Gas port\u00e1til de quemadores de Gas\" \/><img decoding=\"async\" title=\"Fuego de arce de titanio cocina FMS-117T ultraligero acampar al aire libre senderismo estufas de viaje ligero horno de Gas port\u00e1til de quemadores de Gas\" src=\"https:\/\/bodegaoutdoor.cl\/store\/wp-content\/uploads\/2020\/08\/10513-dbswdj.jpg\" alt=\"Fuego de arce de titanio cocina FMS-117T ultraligero acampar al aire libre senderismo estufas de viaje ligero horno de Gas port\u00e1til de quemadores de Gas\" \/><img decoding=\"async\" title=\"Fuego de arce de titanio cocina FMS-117T ultraligero acampar al aire libre senderismo estufas de viaje ligero horno de Gas port\u00e1til de quemadores de Gas\" src=\"https:\/\/bodegaoutdoor.cl\/store\/wp-content\/uploads\/2020\/08\/10513-prkjhu.jpg\" alt=\"Fuego de arce de titanio cocina FMS-117T ultraligero acampar al aire libre senderismo estufas de viaje ligero horno de Gas port\u00e1til de quemadores de Gas\" \/><\/p>\n<\/div>\n<\/div>\n\n    <div class=\"xs_social_share_widget xs_share_url after_content \t\tmain_content  wslu-style-1 wslu-share-box-shaped wslu-fill-colored wslu-none wslu-share-horizontal wslu-theme-font-no wslu-main_content\">\n\n\t\t\n        <ul>\n\t\t\t        <\/ul>\n    <\/div> \n","protected":false},"excerpt":{"rendered":"<p>Estufa de titanio FIRE-MAPLE BLADE 1 1. Hecho de titanio 2. Ultraligero, solo 98g 3. Patas y macetas plegables y resistentes 4. Manguera y v\u00e1lvula de alta calidad Caracter\u00edsticas: Marca: Arce Modelo No FMS-117T Material: titanio, aluminio y lat\u00f3n Ocasiones: explorar, hacer senderismo y viajar. Especificaciones: Desarrollo sTama\u00f1o: \u2264145*75mm Tama\u00f1o Plegable:\u042475*89mm Potencia: 2800W Peso: 98g [&hellip;]<\/p>\n","protected":false},"featured_media":10663,"comment_status":"open","ping_status":"closed","template":"","meta":{"jetpack_publicize_message":"","jetpack_publicize_feature_enabled":true,"jetpack_social_post_already_shared":true,"jetpack_social_options":{"image_generator_settings":{"template":"highway","enabled":false},"version":2}},"product_brand":[],"product_cat":[15,64,1150],"product_tag":[],"class_list":{"0":"post-10513","1":"product","2":"type-product","3":"status-publish","4":"has-post-thumbnail","6":"product_cat-otros","7":"product_cat-accessories","8":"product_cat-cocinillas","10":"first","11":"instock","12":"sale","13":"taxable","14":"shipping-taxable","15":"purchasable","16":"product-type-variable"},"jetpack_publicize_connections":[],"jetpack_sharing_enabled":true,"_links":{"self":[{"href":"https:\/\/bodegaoutdoor.cl\/store\/wp-json\/wp\/v2\/product\/10513","targetHints":{"allow":["GET"]}}],"collection":[{"href":"https:\/\/bodegaoutdoor.cl\/store\/wp-json\/wp\/v2\/product"}],"about":[{"href":"https:\/\/bodegaoutdoor.cl\/store\/wp-json\/wp\/v2\/types\/product"}],"replies":[{"embeddable":true,"href":"https:\/\/bodegaoutdoor.cl\/store\/wp-json\/wp\/v2\/comments?post=10513"}],"version-history":[{"count":2,"href":"https:\/\/bodegaoutdoor.cl\/store\/wp-json\/wp\/v2\/product\/10513\/revisions"}],"predecessor-version":[{"id":71286,"href":"https:\/\/bodegaoutdoor.cl\/store\/wp-json\/wp\/v2\/product\/10513\/revisions\/71286"}],"wp:featuredmedia":[{"embeddable":true,"href":"https:\/\/bodegaoutdoor.cl\/store\/wp-json\/wp\/v2\/media\/10663"}],"wp:attachment":[{"href":"https:\/\/bodegaoutdoor.cl\/store\/wp-json\/wp\/v2\/media?parent=10513"}],"wp:term":[{"taxonomy":"product_brand","embeddable":true,"href":"https:\/\/bodegaoutdoor.cl\/store\/wp-json\/wp\/v2\/product_brand?post=10513"},{"taxonomy":"product_cat","embeddable":true,"href":"https:\/\/bodegaoutdoor.cl\/store\/wp-json\/wp\/v2\/product_cat?post=10513"},{"taxonomy":"product_tag","embeddable":true,"href":"https:\/\/bodegaoutdoor.cl\/store\/wp-json\/wp\/v2\/product_tag?post=10513"}],"curies":[{"name":"wp","href":"https:\/\/api.w.org\/{rel}","templated":true}]}}