{"id":10960,"date":"2020-08-20T18:16:38","date_gmt":"2020-08-20T18:16:38","guid":{"rendered":"https:\/\/bodegaoutdoor.cl\/store\/?post_type=product&#038;p=10960"},"modified":"2023-05-04T19:19:29","modified_gmt":"2023-05-04T23:19:29","slug":"chaqueta-impermeable-mujer-duoway","status":"publish","type":"product","link":"https:\/\/bodegaoutdoor.cl\/store\/product\/chaqueta-impermeable-mujer-duoway\/","title":{"rendered":"Chaqueta Impermeable Mujer DUOWAY"},"content":{"rendered":"<div class=\"descripciones\">\n<div class=\"descrp active DE\">\n<p>Confeccionada en 100% poli\u00e9ster con relleno sint\u00e9tico con alto poder de aislamiento t\u00e9rmico y comodidad, adem\u00e1s de su resistencia al agua.<\/p>\n<p>Indicada para viajes y actividades al aire libre como escalada, excursiones y trekking en lugares fr\u00edos. Ligera y super compacta para un f\u00e1cil almacenamiento en el transporte de maletas\/mochilas.<\/p>\n<p>Acabado el\u00e1stico en los pu\u00f1os y base para mejor aislamiento t\u00e9rmico.<\/p>\n<p>Exclusiva construcci\u00f3n reversible, permite utilizar por ambos lados. Bolsillos quedan expuestos por el lado reversible.<\/p>\n<p><strong>OCTOFIBER\u00a0<\/strong><\/p>\n<p><strong>Mayor absorci\u00f3n con fibra celul\u00f3sica. Mayor resistencia a la abrasi\u00f3n con poliamida. Efecto cortaviento con membranas paravientos. Fibra sint\u00e9tica conocida por su gran elasticidad y resistencia.<\/strong><\/p>\n<\/div>\n<\/div>\n\n    <div class=\"xs_social_share_widget xs_share_url after_content \t\tmain_content  wslu-style-1 wslu-share-box-shaped wslu-fill-colored wslu-none wslu-share-horizontal wslu-theme-font-no wslu-main_content\">\n\n\t\t\n        <ul>\n\t\t\t        <\/ul>\n    <\/div> \n","protected":false},"excerpt":{"rendered":"<p>Confeccionada en 100% poli\u00e9ster con relleno sint\u00e9tico con alto poder de aislamiento t\u00e9rmico y comodidad, adem\u00e1s de su resistencia al agua. Indicada para viajes y actividades al aire libre como escalada, excursiones y trekking en lugares fr\u00edos. Ligera y super compacta para un f\u00e1cil almacenamiento en el transporte de maletas\/mochilas. Acabado el\u00e1stico en los pu\u00f1os [&hellip;]<\/p>\n","protected":false},"featured_media":10969,"comment_status":"open","ping_status":"closed","template":"","meta":{"jetpack_publicize_message":"","jetpack_publicize_feature_enabled":true,"jetpack_social_post_already_shared":true,"jetpack_social_options":{"image_generator_settings":{"template":"highway","enabled":false},"version":2}},"product_brand":[],"product_cat":[15,70,62,63],"product_tag":[],"class_list":{"0":"post-10960","1":"product","2":"type-product","3":"status-publish","4":"has-post-thumbnail","6":"product_cat-otros","7":"product_cat-mujer-tercera","8":"product_cat-vestuario-hombre","9":"product_cat-vestuario-mujer","11":"first","12":"instock","13":"taxable","14":"shipping-taxable","15":"purchasable","16":"product-type-variable","17":"has-default-attributes"},"jetpack_publicize_connections":[],"jetpack_sharing_enabled":true,"_links":{"self":[{"href":"https:\/\/bodegaoutdoor.cl\/store\/wp-json\/wp\/v2\/product\/10960","targetHints":{"allow":["GET"]}}],"collection":[{"href":"https:\/\/bodegaoutdoor.cl\/store\/wp-json\/wp\/v2\/product"}],"about":[{"href":"https:\/\/bodegaoutdoor.cl\/store\/wp-json\/wp\/v2\/types\/product"}],"replies":[{"embeddable":true,"href":"https:\/\/bodegaoutdoor.cl\/store\/wp-json\/wp\/v2\/comments?post=10960"}],"version-history":[{"count":1,"href":"https:\/\/bodegaoutdoor.cl\/store\/wp-json\/wp\/v2\/product\/10960\/revisions"}],"predecessor-version":[{"id":71283,"href":"https:\/\/bodegaoutdoor.cl\/store\/wp-json\/wp\/v2\/product\/10960\/revisions\/71283"}],"wp:featuredmedia":[{"embeddable":true,"href":"https:\/\/bodegaoutdoor.cl\/store\/wp-json\/wp\/v2\/media\/10969"}],"wp:attachment":[{"href":"https:\/\/bodegaoutdoor.cl\/store\/wp-json\/wp\/v2\/media?parent=10960"}],"wp:term":[{"taxonomy":"product_brand","embeddable":true,"href":"https:\/\/bodegaoutdoor.cl\/store\/wp-json\/wp\/v2\/product_brand?post=10960"},{"taxonomy":"product_cat","embeddable":true,"href":"https:\/\/bodegaoutdoor.cl\/store\/wp-json\/wp\/v2\/product_cat?post=10960"},{"taxonomy":"product_tag","embeddable":true,"href":"https:\/\/bodegaoutdoor.cl\/store\/wp-json\/wp\/v2\/product_tag?post=10960"}],"curies":[{"name":"wp","href":"https:\/\/api.w.org\/{rel}","templated":true}]}}