{"id":11034,"date":"2020-08-22T21:07:16","date_gmt":"2020-08-22T21:07:16","guid":{"rendered":"https:\/\/bodegaoutdoor.cl\/store\/product\/linterna-led-de-autodefensa-con-cuchilla-y-3-modos-de-zoom-linterna-telescopica-tipo-baston-linterna-tactica-con-interruptor-de-cristal\/"},"modified":"2023-05-04T19:19:29","modified_gmt":"2023-05-04T23:19:29","slug":"linterna-led-de-autodefensa-con-cuchilla-y-3-modos-de-zoom-linterna-telescopica-tipo-baston-linterna-tactica-con-interruptor-de-cristal","status":"publish","type":"product","link":"https:\/\/bodegaoutdoor.cl\/store\/product\/linterna-led-de-autodefensa-con-cuchilla-y-3-modos-de-zoom-linterna-telescopica-tipo-baston-linterna-tactica-con-interruptor-de-cristal\/","title":{"rendered":"Linterna Led de autodefensa con cuchilla y 3 modos de Zoom, linterna telesc\u00f3pica tipo bast\u00f3n, linterna t\u00e1ctica con interruptor de cristal"},"content":{"rendered":"<p style=\"margin: 0px;\"><span style=\"font-size: 16px;\"><span style=\"font-family: verdana,geneva,sans-serif;\"><strong>Linterna Led de autodefensa con cuchilla y 3 modos de Zoom, linterna t\u00e1ctica con interruptor de cristal<\/strong><\/span><\/span><\/p>\n<p>Caracter\u00edsticas:<br \/>\n1. Alto rendimiento-circuito de refuerzo de alta eficiencia, amplio voltaje de funcionamiento, que utilizan las bater\u00edas en la mayor medida.<br \/>\n2. Rango de Enfoque Ajustable con zoom, zoom para un haz intenso, zoom hacia fuera para una iluminaci\u00f3n m\u00e1s amplia.<br \/>\n3. Recargable: con puerto de carga, puede cargarlo directamente, muy conveniente.<br \/>\n4. Vida a prueba de agua: puede llevarlo incluso d\u00edas lluviosos (no para buceo).<br \/>\n5. Dise\u00f1o de cuchillo-con hoja de cuchillo en la cola, bueno para defensa personal o para hacer un picnic.<br \/>\n6. Ampliamente utilizado-adecuado para actividades al aire libre, como caza, senderismo, caminata nocturna, escalada, camping, etc.<\/p>\n<p><strong>Especificaciones:<\/strong><br \/>\nEmisor LED: bombillas LED<br \/>\nModelo de LED: XPE Q5<br \/>\nVida de la l\u00e1mpara: 100.000 horas<br \/>\nColor emisor: luz blanca<br \/>\nLumen: 800LM<br \/>\nModo: 3 modos<br \/>\nMaterial: aleaci\u00f3n de aluminio<br \/>\nColor del cuerpo: negro + verde<br \/>\nZoom: S\u00ed<br \/>\nFuente de alimentaci\u00f3n: 1 * bater\u00eda 18650<br \/>\nPeso del producto: aprox. 214g<\/p>\n<p><span style=\"color: #ff0000;\"><strong>El paquete incluye<\/strong>:<br \/>\nR: 1 linterna (sin bater\u00eda, sin cargador)<\/span><\/p>\n<p><span style=\"font-size: 16px;\"><span style=\"font-family: verdana,geneva,sans-serif;\"><span style=\"color: #ff0000;\">Nota:<br \/>\n1. Conjunto diferente con cargador diferente, por favor presta atenci\u00f3n en eso. \u00a1Gracias!<br \/>\n2. Evita la exposici\u00f3n directamente a tus ojos y recuerda retirar las bater\u00edas si no las usas durante mucho tiempo.<\/span><\/span><\/span><\/p>\n<p style=\"font-size: 13.3333px; text-align: center;\"><img decoding=\"async\" style=\"font-family: Verdana; font-size: 14px;\" title=\"Linterna Led de autodefensa con cuchilla y 3 modos de Zoom, linterna telesc\u00f3pica tipo bast\u00f3n, linterna t\u00e1ctica con interruptor de cristal\" src=\"https:\/\/bodegaoutdoor.cl\/store\/wp-content\/uploads\/2020\/08\/11034-uklsv6.jpg\" alt=\"Linterna Led de autodefensa con cuchilla y 3 modos de Zoom, linterna telesc\u00f3pica tipo bast\u00f3n, linterna t\u00e1ctica con interruptor de cristal\" \/><img decoding=\"async\" style=\"font-family: Verdana; font-size: 14px;\" title=\"Linterna Led de autodefensa con cuchilla y 3 modos de Zoom, linterna telesc\u00f3pica tipo bast\u00f3n, linterna t\u00e1ctica con interruptor de cristal\" src=\"https:\/\/bodegaoutdoor.cl\/store\/wp-content\/uploads\/2020\/08\/11034-rirtyn.jpg\" alt=\"Linterna Led de autodefensa con cuchilla y 3 modos de Zoom, linterna telesc\u00f3pica tipo bast\u00f3n, linterna t\u00e1ctica con interruptor de cristal\" \/><img decoding=\"async\" style=\"font-family: Verdana; font-size: 14px;\" title=\"Linterna Led de autodefensa con cuchilla y 3 modos de Zoom, linterna telesc\u00f3pica tipo bast\u00f3n, linterna t\u00e1ctica con interruptor de cristal\" src=\"https:\/\/bodegaoutdoor.cl\/store\/wp-content\/uploads\/2020\/08\/11034-xkqsgv.jpg\" alt=\"Linterna Led de autodefensa con cuchilla y 3 modos de Zoom, linterna telesc\u00f3pica tipo bast\u00f3n, linterna t\u00e1ctica con interruptor de cristal\" \/><img decoding=\"async\" style=\"font-family: Verdana; font-size: 14px;\" title=\"Linterna Led de autodefensa con cuchilla y 3 modos de Zoom, linterna telesc\u00f3pica tipo bast\u00f3n, linterna t\u00e1ctica con interruptor de cristal\" src=\"https:\/\/bodegaoutdoor.cl\/store\/wp-content\/uploads\/2020\/08\/11034-y0kwk2.jpg\" alt=\"Linterna Led de autodefensa con cuchilla y 3 modos de Zoom, linterna telesc\u00f3pica tipo bast\u00f3n, linterna t\u00e1ctica con interruptor de cristal\" \/><\/p>\n<p style=\"font-size: 13.3333px; margin: 0px; padding: 0px;\"><span style=\"font-size: 28px;\"><strong><span style=\"font-family: verdana, geneva, sans-serif;\">Detalles de la linterna<\/span><\/strong><\/span><\/p>\n<p style=\"font-size: 13.3333px; margin: 0px; padding: 0px;\"><span style=\"line-height: 21px; font-size: 14px; font-family: Verdana;\"><img decoding=\"async\" title=\"Linterna Led de autodefensa con cuchilla y 3 modos de Zoom, linterna telesc\u00f3pica tipo bast\u00f3n, linterna t\u00e1ctica con interruptor de cristal\" src=\"https:\/\/bodegaoutdoor.cl\/store\/wp-content\/uploads\/2020\/08\/11034-g9eeww.jpg\" alt=\"Linterna Led de autodefensa con cuchilla y 3 modos de Zoom, linterna telesc\u00f3pica tipo bast\u00f3n, linterna t\u00e1ctica con interruptor de cristal\" \/><\/span><\/p>\n<p style=\"font-size: 13.3333px; margin: 0px; padding: 0px;\"><strong style=\"font-size: 28px;\"><span style=\"font-family: verdana, geneva, sans-serif;\">Informaci\u00f3n de tama\u00f1o<\/span><\/strong><\/p>\n<p style=\"font-size: 13.3333px; margin: 0px; padding: 0px;\"><span style=\"line-height: 21px; font-size: 14px; font-family: Verdana;\"><img decoding=\"async\" title=\"Linterna Led de autodefensa con cuchilla y 3 modos de Zoom, linterna telesc\u00f3pica tipo bast\u00f3n, linterna t\u00e1ctica con interruptor de cristal\" src=\"https:\/\/bodegaoutdoor.cl\/store\/wp-content\/uploads\/2020\/08\/11034-0xmv3p.jpg\" alt=\"Linterna Led de autodefensa con cuchilla y 3 modos de Zoom, linterna telesc\u00f3pica tipo bast\u00f3n, linterna t\u00e1ctica con interruptor de cristal\" \/><\/span><\/p>\n<p style=\"font-size: 13.3333px; margin: 0px; padding: 0px;\"><strong style=\"font-size: 28px;\"><span style=\"font-family: verdana, geneva, sans-serif;\">Paquete completo<\/span><\/strong><\/p>\n<p style=\"font-size: 13.3333px; margin: 0px; padding: 0px;\"><span style=\"line-height: 21px; font-size: 14px; font-family: Verdana;\"><img decoding=\"async\" title=\"Linterna Led de autodefensa con cuchilla y 3 modos de Zoom, linterna telesc\u00f3pica tipo bast\u00f3n, linterna t\u00e1ctica con interruptor de cristal\" src=\"https:\/\/bodegaoutdoor.cl\/store\/wp-content\/uploads\/2020\/08\/11034-aftc7o.jpg\" alt=\"Linterna Led de autodefensa con cuchilla y 3 modos de Zoom, linterna telesc\u00f3pica tipo bast\u00f3n, linterna t\u00e1ctica con interruptor de cristal\" \/><\/span><\/p>\n<p style=\"margin: 0px;\"><img decoding=\"async\" title=\"Linterna Led de autodefensa con cuchilla y 3 modos de Zoom, linterna telesc\u00f3pica tipo bast\u00f3n, linterna t\u00e1ctica con interruptor de cristal\" src=\"https:\/\/bodegaoutdoor.cl\/store\/wp-content\/uploads\/2020\/08\/11034-bqp8v3.jpg\" alt=\"Linterna Led de autodefensa con cuchilla y 3 modos de Zoom, linterna telesc\u00f3pica tipo bast\u00f3n, linterna t\u00e1ctica con interruptor de cristal\" \/><img decoding=\"async\" title=\"Linterna Led de autodefensa con cuchilla y 3 modos de Zoom, linterna telesc\u00f3pica tipo bast\u00f3n, linterna t\u00e1ctica con interruptor de cristal\" src=\"https:\/\/bodegaoutdoor.cl\/store\/wp-content\/uploads\/2020\/08\/11034-266q6z.jpg\" alt=\"Linterna Led de autodefensa con cuchilla y 3 modos de Zoom, linterna telesc\u00f3pica tipo bast\u00f3n, linterna t\u00e1ctica con interruptor de cristal\" \/><img decoding=\"async\" title=\"Linterna Led de autodefensa con cuchilla y 3 modos de Zoom, linterna telesc\u00f3pica tipo bast\u00f3n, linterna t\u00e1ctica con interruptor de cristal\" src=\"https:\/\/bodegaoutdoor.cl\/store\/wp-content\/uploads\/2020\/08\/11034-66belp.jpg\" alt=\"Linterna Led de autodefensa con cuchilla y 3 modos de Zoom, linterna telesc\u00f3pica tipo bast\u00f3n, linterna t\u00e1ctica con interruptor de cristal\" \/><\/p>\n<p><strong style=\"font-family: Verdana, Geneva, sans-serif; font-size: 16px;\">El pago<\/strong><br style=\"font-family: Verdana, Geneva, sans-serif; font-size: 16px;\" \/><span style=\"font-family: Verdana, Geneva, sans-serif; font-size: 16px;\">1) aceptamos Alipay. West Union TT Se aceptan todas las principales tarjetas de cr\u00e9dito a trav\u00e9s del proceso de pago seguro ESCROW.<\/span><br style=\"font-family: Verdana, Geneva, sans-serif; font-size: 16px;\" \/><span style=\"font-family: Verdana, Geneva, sans-serif; font-size: 16px;\">2) El pago se debe hacer en el plazo de 3 d\u00edas de la Orden.<\/span><br style=\"font-family: Verdana, Geneva, sans-serif; font-size: 16px;\" \/><span style=\"font-family: Verdana, Geneva, sans-serif; font-size: 16px;\">3) Si no puedes salir inmediatamente despu\u00e9s de que la subasta se haya cerrado, espera unos minutos y vuelve a intentarlo.<\/span><br style=\"font-family: Verdana, Geneva, sans-serif; font-size: 16px;\" \/><span style=\"font-family: Verdana, Geneva, sans-serif; font-size: 16px;\">Nota: Si has decidido comprar este art\u00edculo, paga tan pronto como puedas, para que podamos enviarlo m\u00e1s r\u00e1pido.<\/span><br style=\"font-family: Verdana, Geneva, sans-serif; font-size: 16px;\" \/><br style=\"font-family: Verdana, Geneva, sans-serif; font-size: 16px;\" \/><strong style=\"font-family: Verdana, Geneva, sans-serif; font-size: 16px;\">Env\u00edo de garant\u00eda<\/strong><br style=\"font-family: Verdana, Geneva, sans-serif; font-size: 16px;\" \/><span style=\"font-family: Verdana, Geneva, sans-serif; font-size: 16px;\">12 meses de garant\u00eda limitada del fabricante para productos defectuosos.<\/span><br style=\"font-family: Verdana, Geneva, sans-serif; font-size: 16px;\" \/><span style=\"font-family: Verdana, Geneva, sans-serif; font-size: 16px;\">Si quieres devolver los productos defectuosos, cont\u00e1ctanos primero y env\u00edanos fotos o videos, discutiremos el m\u00e9todo para resolver este problema contigo.<\/span><br style=\"font-family: Verdana, Geneva, sans-serif; font-size: 16px;\" \/><span style=\"font-family: Verdana, Geneva, sans-serif; font-size: 16px;\">Env\u00eda los productos defectuosos dentro del prriod de garant\u00eda.<\/span><br style=\"font-family: Verdana, Geneva, sans-serif; font-size: 16px;\" \/><span style=\"font-family: Verdana, Geneva, sans-serif; font-size: 16px;\">Nos aseguraremos de que los productos est\u00e9n totalmente protegidos en la entrega cuando se empaqueten, y haremos todo lo posible para evitar da\u00f1os en el transporte.<\/span><br style=\"font-family: Verdana, Geneva, sans-serif; font-size: 16px;\" \/><span style=\"font-family: Verdana, Geneva, sans-serif; font-size: 16px;\">100% imagen Real<\/span><br style=\"font-family: Verdana, Geneva, sans-serif; font-size: 16px;\" \/><br style=\"font-family: Verdana, Geneva, sans-serif; font-size: 16px;\" \/><strong style=\"font-family: Verdana, Geneva, sans-serif; font-size: 16px;\">De aduana<\/strong><br style=\"font-family: Verdana, Geneva, sans-serif; font-size: 16px;\" \/><span style=\"font-family: Verdana, Geneva, sans-serif; font-size: 16px;\">Esto depende de la pol\u00edtica aduanera de su pa\u00eds, se le pueden cobrar aranceles e impuestos de aduana por algo comprado en l\u00ednea. Los compradores son responsables de los impuestos de aduana. Pero por lo General no necesita hacer frente a este problema.<\/span><br style=\"font-family: Verdana, Geneva, sans-serif; font-size: 16px;\" \/><br style=\"font-family: Verdana, Geneva, sans-serif; font-size: 16px;\" \/><strong style=\"font-family: Verdana, Geneva, sans-serif; font-size: 16px;\">La devoluci\u00f3n del reembolso<\/strong><br style=\"font-family: Verdana, Geneva, sans-serif; font-size: 16px;\" \/><span style=\"font-family: Verdana, Geneva, sans-serif; font-size: 16px;\">1) tiene 7 d\u00edas para contactarnos y 30 d\u00edas para devolverlo desde la fecha de recepci\u00f3n. Si te quedas el art\u00edculo durante m\u00e1s de 7 d\u00edas, se considerar\u00e1 usado y no te ofreceremos un reembolso ni un cambio. \u00a1no hay excepciones! Los gastos de env\u00edo corren por cuenta del vendedor y del comprador a la mitad.<\/span><br style=\"font-family: Verdana, Geneva, sans-serif; font-size: 16px;\" \/><span style=\"font-family: Verdana, Geneva, sans-serif; font-size: 16px;\">2) todos los art\u00edculos devueltos deben estar en el embalaje original y debes proporcionarnos el n\u00famero de seguimiento del env\u00edo, el motivo espec\u00edfico de la devoluci\u00f3n<\/span><br style=\"font-family: Verdana, Geneva, sans-serif; font-size: 16px;\" \/><span style=\"font-family: Verdana, Geneva, sans-serif; font-size: 16px;\">3) le reembolsaremos el monto completo de su oferta ganadora, una vez recibido el art\u00edculo en su estado original y empaquetado con todos los componentes y accesorios incluidos, despu\u00e9s de que tanto el comprador como el vendedor cancelen la transacci\u00f3n de aliexpress.O puedes optar por un reemplazo.<\/span><br style=\"font-family: Verdana, Geneva, sans-serif; font-size: 16px;\" \/><span style=\"font-family: Verdana, Geneva, sans-serif; font-size: 16px;\">\u00bf4) nos haremos cargo de todo el costo de env\u00edo si el (los) Producto (s) no es (son) como se anunci\u00f3.?<\/span><br style=\"font-family: Verdana, Geneva, sans-serif; font-size: 16px;\" \/><br style=\"font-family: Verdana, Geneva, sans-serif; font-size: 16px;\" \/><strong style=\"font-family: Verdana, Geneva, sans-serif; font-size: 16px;\">Comentarios<\/strong><br style=\"font-family: Verdana, Geneva, sans-serif; font-size: 16px;\" \/><span style=\"font-family: Verdana, Geneva, sans-serif; font-size: 16px;\">1) La confirmaci\u00f3n temprana del Comprador ser\u00e1 apreciada altamente despu\u00e9s de recibir los art\u00edculos.<\/span><br style=\"font-family: Verdana, Geneva, sans-serif; font-size: 16px;\" \/><span style=\"font-family: Verdana, Geneva, sans-serif; font-size: 16px;\">2) ya que su opini\u00f3n es muy importante para el desarrollo de nuestro negocio, lo invitamos a dejarnos un comentario positivo (cinco estrellas) si est\u00e1 satisfecho con nuestro producto y servicio. Solo te tomar\u00e1 1 minuto, pero este 1 minuto tiene una importancia extremadamente vital para nosotros.<\/span><br style=\"font-family: Verdana, Geneva, sans-serif; font-size: 16px;\" \/><span style=\"font-family: Verdana, Geneva, sans-serif; font-size: 16px;\">3) Cont\u00e1ctanos antes de dejar cualquier comentario negativo o neutral. Trabajaremos contigo para resolver cualquier problema. \u00a1Gracias por tu comprensi\u00f3n!<\/span><\/p>\n\n    <div class=\"xs_social_share_widget xs_share_url after_content \t\tmain_content  wslu-style-1 wslu-share-box-shaped wslu-fill-colored wslu-none wslu-share-horizontal wslu-theme-font-no wslu-main_content\">\n\n\t\t\n        <ul>\n\t\t\t        <\/ul>\n    <\/div> \n","protected":false},"excerpt":{"rendered":"<p>Linterna Led de autodefensa con cuchilla y 3 modos de Zoom, linterna t\u00e1ctica con interruptor de cristal Caracter\u00edsticas: 1. Alto rendimiento-circuito de refuerzo de alta eficiencia, amplio voltaje de funcionamiento, que utilizan las bater\u00edas en la mayor medida. 2. Rango de Enfoque Ajustable con zoom, zoom para un haz intenso, zoom hacia fuera para una [&hellip;]<\/p>\n","protected":false},"featured_media":11048,"comment_status":"open","ping_status":"closed","template":"","meta":{"jetpack_publicize_message":"","jetpack_publicize_feature_enabled":true,"jetpack_social_post_already_shared":true,"jetpack_social_options":{"image_generator_settings":{"template":"highway","enabled":false},"version":2}},"product_brand":[],"product_cat":[15,64,790,35],"product_tag":[],"class_list":{"0":"post-11034","1":"product","2":"type-product","3":"status-publish","4":"has-post-thumbnail","6":"product_cat-otros","7":"product_cat-accessories","8":"product_cat-autodefensa","9":"product_cat-iliminacion","11":"first","12":"instock","13":"sale","14":"taxable","15":"shipping-taxable","16":"purchasable","17":"product-type-variable"},"jetpack_publicize_connections":[],"jetpack_sharing_enabled":true,"_links":{"self":[{"href":"https:\/\/bodegaoutdoor.cl\/store\/wp-json\/wp\/v2\/product\/11034","targetHints":{"allow":["GET"]}}],"collection":[{"href":"https:\/\/bodegaoutdoor.cl\/store\/wp-json\/wp\/v2\/product"}],"about":[{"href":"https:\/\/bodegaoutdoor.cl\/store\/wp-json\/wp\/v2\/types\/product"}],"replies":[{"embeddable":true,"href":"https:\/\/bodegaoutdoor.cl\/store\/wp-json\/wp\/v2\/comments?post=11034"}],"version-history":[{"count":1,"href":"https:\/\/bodegaoutdoor.cl\/store\/wp-json\/wp\/v2\/product\/11034\/revisions"}],"predecessor-version":[{"id":71280,"href":"https:\/\/bodegaoutdoor.cl\/store\/wp-json\/wp\/v2\/product\/11034\/revisions\/71280"}],"wp:featuredmedia":[{"embeddable":true,"href":"https:\/\/bodegaoutdoor.cl\/store\/wp-json\/wp\/v2\/media\/11048"}],"wp:attachment":[{"href":"https:\/\/bodegaoutdoor.cl\/store\/wp-json\/wp\/v2\/media?parent=11034"}],"wp:term":[{"taxonomy":"product_brand","embeddable":true,"href":"https:\/\/bodegaoutdoor.cl\/store\/wp-json\/wp\/v2\/product_brand?post=11034"},{"taxonomy":"product_cat","embeddable":true,"href":"https:\/\/bodegaoutdoor.cl\/store\/wp-json\/wp\/v2\/product_cat?post=11034"},{"taxonomy":"product_tag","embeddable":true,"href":"https:\/\/bodegaoutdoor.cl\/store\/wp-json\/wp\/v2\/product_tag?post=11034"}],"curies":[{"name":"wp","href":"https:\/\/api.w.org\/{rel}","templated":true}]}}