{"id":11105,"date":"2020-08-23T03:15:51","date_gmt":"2020-08-23T03:15:51","guid":{"rendered":"https:\/\/bodegaoutdoor.cl\/store\/product\/esdy-fleece-conjunto-de-ropa-interior-termica-traje-exterior-tactico-apretado-hombres-jersey-termico-manga-larga-ejercito-invierno-corses-de-secado-rapido\/"},"modified":"2023-05-08T11:58:45","modified_gmt":"2023-05-08T15:58:45","slug":"esdy-conjunto-termica-secado-rapido","status":"publish","type":"product","link":"https:\/\/bodegaoutdoor.cl\/store\/product\/esdy-conjunto-termica-secado-rapido\/","title":{"rendered":"ESDY Fleece Primera capa ropa interior t\u00e9rmica de secado r\u00e1pido"},"content":{"rendered":"<p><span style=\"font-size: 16.0px;\"><span style=\"color: #333333;\"><span style=\"font-size: 16.0px;\"><span style=\"color: #333333;\"><span style=\"font-size: 16.0px;\"><span style=\"color: #333333;\"><strong><span style=\"font-size: 24.0px;\"><span style=\"color: #333333; font-size: 24.0px;\"><img decoding=\"async\" src=\"\/\/ae01.alicdn.com\/kf\/HTB15is0JpXXXXb_XVXXq6xXFXXXJ\/205141903\/HTB15is0JpXXXXb_XVXXq6xXFXXXJ.jpg\" width=\"400\" \/><\/span><\/span><\/strong><\/span><\/span><\/span><\/span><\/span><\/span><\/p>\n<p><span style=\"font-family: tahoma , sans-serif; color: #000000; font-size: 10.5pt;\"><span style=\"font-family: tahoma , sans-serif; color: #333333; font-size: 10.5pt;\"><span style=\"color: #000000;\"><span style=\"font-family: tahoma , sans-serif; color: #333333; font-size: 10.5pt;\"><span style=\"color: #000000;\">ESDY hombres Fleeced ropa interior t\u00e9rmica<\/span><\/span> <\/span><\/span><\/span><\/p>\n<p>&nbsp;<\/p>\n<p><strong><img decoding=\"async\" src=\"\/\/ae01.alicdn.com\/kf\/HTB1SA6ZMXXXXXXwXVXXq6xXFXXXW\/205141903\/HTB1SA6ZMXXXXXXwXVXXq6xXFXXXW.jpg\" width=\"400\" \/><\/strong><\/p>\n<p style=\"line-height: 150.0%; margin: 0.0cm 0.0cm 0.0pt;\"><span style=\"line-height: 200.0%; font-family: tahoma , sans-serif; color: black; font-size: 10.5pt;\"><span style=\"font-family: tahoma , sans-serif; font-size: 11.0pt;\"><span style=\"line-height: 150.0%; font-family: tahoma , sans-serif; font-size: 9.0pt;\"><span style=\"font-size: 14.0px;\">Delgado, suave, el\u00e1stico, empalmado, t\u00e9rmico, secado r\u00e1pido<\/span><\/span><\/span><\/span><\/p>\n<p style=\"line-height: 150.0%; margin: 0.0cm 0.0cm 0.0pt;\"><span style=\"line-height: 200.0%; font-family: tahoma , sans-serif; color: black; font-size: 10.5pt;\"><span style=\"font-family: tahoma , sans-serif; font-size: 11.0pt;\"><span style=\"line-height: 150.0%; font-family: tahoma , sans-serif; font-size: 9.0pt;\"><span style=\"font-size: 14.0px;\">Cuatro-dimensional stretch<\/span><br \/>\n<span style=\"font-size: 14.0px;\">Mant\u00e9n la piel seca cuando sudas<\/span><br \/>\n<span style=\"font-size: 14.0px;\">De alta permeabilidad<\/span><br \/>\n<span style=\"font-size: 14.0px;\">Excelentes propiedades de aislamiento t\u00e9rmico<\/span><br \/>\n<span style=\"font-size: 14.0px;\">Anti-Paja y resistente al viento,<span style=\"line-height: 150.0%; font-family: tahoma , sans-serif; font-size: 9.0pt;\"><span style=\"font-size: 14.0px;\">Con forro polar<\/span><\/span><\/span><br \/>\n<span style=\"font-size: 14.0px;\">Lavable a m\u00e1quina<\/span><\/span><\/span><\/span><\/p>\n<p style=\"background-color: #ffffff; margin: 0.0px; color: #000000; padding: 0.0px;\"><span style=\"font-size: 16.0px;\"><span style=\"color: #333333;\"><strong><img decoding=\"async\" src=\"\/\/ae01.alicdn.com\/kf\/HTB1dUZdMXXXXXcBXXXXq6xXFXXXa\/205141903\/HTB1dUZdMXXXXXcBXXXXq6xXFXXXa.jpg\" width=\"400\" \/><\/strong><\/span><\/span><\/p>\n<p style=\"line-height: 150.0%; margin: 0.0cm 0.0cm 0.0pt;\"><span style=\"font-size: 14.0px;\"><span style=\"line-height: 150.0%; font-family: tahoma , sans-serif; font-size: 10.5pt;\"><span style=\"line-height: 150.0%; font-family: tahoma , sans-serif; font-size: 10.5pt;\">Marca: Edsy<\/span><\/span><\/span><\/p>\n<p style=\"line-height: 150.0%; margin: 0.0cm 0.0cm 0.0pt;\"><span style=\"font-size: 14.0px;\"><span style=\"line-height: 150.0%; font-family: tahoma , sans-serif; font-size: 10.5pt;\"><span style=\"line-height: 150.0%; font-family: tahoma , sans-serif; font-size: 10.5pt;\">Material: poli\u00e9ster 100% de alta calidad<\/span><\/span><\/span><\/p>\n<p style=\"line-height: 150.0%; margin: 0.0cm 0.0cm 0.0pt;\"><span style=\"font-size: 14.0px;\"><span style=\"line-height: 150.0%; font-family: tahoma , sans-serif; font-size: 10.5pt;\"><span style=\"line-height: 150.0%; font-family: tahoma , sans-serif; font-size: 10.5pt;\">Tela: mezcla de fibra qu\u00edmica<\/span><\/span><\/span><\/p>\n<p style=\"line-height: 150.0%; margin: 0.0cm 0.0cm 0.0pt;\"><span style=\"font-size: 14.0px;\"><span style=\"line-height: 150.0%; font-family: tahoma , sans-serif; font-size: 10.5pt;\"><span style=\"line-height: 150.0%; font-family: tahoma , sans-serif; font-size: 10.5pt;\">Paquete: topx1, pantsx1<\/span><\/span><\/span><\/p>\n<p style=\"line-height: 150.0%; margin: 0.0cm 0.0cm 0.0pt;\"><span style=\"font-size: 14.0px;\"><span style=\"line-height: 150.0%; font-family: tahoma , sans-serif; font-size: 10.5pt;\"><span style=\"line-height: 150.0%; font-family: tahoma , sans-serif; font-size: 10.5pt;\">Peso: alrededor de 0,5 kg<\/span><\/span><\/span><\/p>\n<p style=\"line-height: 150.0%; margin: 0.0cm 0.0cm 0.0pt;\"><span style=\"font-size: 14.0px;\"><span style=\"line-height: 150.0%; font-family: tahoma , sans-serif; font-size: 10.5pt;\"><span style=\"line-height: 150.0%; font-family: tahoma , sans-serif; font-size: 10.5pt;\">Color: Negro, Marr\u00f3n Coyote, Oliva<\/span><\/span><\/span><\/p>\n<p style=\"line-height: 150.0%; margin: 0.0cm 0.0cm 0.0pt;\"><span style=\"font-size: 14.0px;\"><span style=\"line-height: 150.0%; font-family: tahoma , sans-serif; font-size: 10.5pt;\"><span style=\"line-height: 150.0%; font-family: tahoma , sans-serif; font-size: 10.5pt;\">Tama\u00f1o: S-XXXL<\/span><\/span><\/span><\/p>\n<p><span style=\"font-size: 14.0px;\"><span style=\"line-height: 150.0%; font-family: tahoma , sans-serif; font-size: 10.5pt;\"><img decoding=\"async\" src=\"\/\/ae01.alicdn.com\/kf\/HTB1ZxVIXdLO8KJjSZPcq6yV0FXad.jpg?size=491630&amp;height=800&amp;width=800&amp;hash=5884485d52b8d7fdb6a9b7cba624e727\" \/><\/span><\/span><\/p>\n<p><strong><img decoding=\"async\" src=\"\/\/ae01.alicdn.com\/kf\/HTB1K6QdMXXXXXcsXXXXq6xXFXXXe\/205141903\/HTB1K6QdMXXXXXcsXXXXq6xXFXXXe.jpg\" width=\"400\" \/><\/strong><\/p>\n<p><img decoding=\"async\" src=\"\/\/ae01.alicdn.com\/kf\/HTB1U1KrOFXXXXbFapXXq6xXFXXX1\/205141903\/HTB1U1KrOFXXXXbFapXXq6xXFXXX1.jpg\" width=\"800\" \/><\/p>\n<p><img decoding=\"async\" src=\"\/\/ae01.alicdn.com\/kf\/HTB1fcqJOFXXXXXUXVXXq6xXFXXXw\/205141903\/HTB1fcqJOFXXXXXUXVXXq6xXFXXXw.jpg\" width=\"800\" \/><\/p>\n<p><img decoding=\"async\" src=\"\/\/ae01.alicdn.com\/kf\/HTB11K1GOFXXXXcEXVXXq6xXFXXX4\/205141903\/HTB11K1GOFXXXXcEXVXXq6xXFXXX4.jpg\" width=\"800\" \/><\/p>\n<p><img decoding=\"async\" src=\"\/\/ae01.alicdn.com\/kf\/HTB15eOEOFXXXXXVaXXXq6xXFXXXH\/205141903\/HTB15eOEOFXXXXXVaXXXq6xXFXXXH.jpg\" width=\"800\" \/><\/p>\n<p><img decoding=\"async\" src=\"\/\/ae01.alicdn.com\/kf\/HTB1SsGyOFXXXXcRXVXXq6xXFXXXq\/205141903\/HTB1SsGyOFXXXXcRXVXXq6xXFXXXq.jpg\" width=\"800\" \/><\/p>\n<p><img decoding=\"async\" src=\"\/\/ae01.alicdn.com\/kf\/HTB182WyOFXXXXb.aXXXq6xXFXXXR\/205141903\/HTB182WyOFXXXXb.aXXXq6xXFXXXR.jpg\" width=\"800\" \/><\/p>\n<p><img decoding=\"async\" src=\"\/\/ae01.alicdn.com\/kf\/HTB16FOVOFXXXXbEXFXXq6xXFXXXz\/205141903\/HTB16FOVOFXXXXbEXFXXq6xXFXXXz.jpg\" width=\"800\" \/><\/p>\n<p><img decoding=\"async\" src=\"\/\/ae01.alicdn.com\/kf\/HTB1wiqNOFXXXXXfXVXXq6xXFXXXf\/205141903\/HTB1wiqNOFXXXXXfXVXXq6xXFXXXf.jpg\" width=\"800\" \/><\/p>\n<p><img decoding=\"async\" src=\"\/\/ae01.alicdn.com\/kf\/HTB1DrYXOFXXXXbiXXXXq6xXFXXXz\/205141903\/HTB1DrYXOFXXXXbiXXXXq6xXFXXXz.jpg\" width=\"800\" \/><\/p>\n<p><img decoding=\"async\" src=\"\/\/ae01.alicdn.com\/kf\/HTB15zaLOFXXXXaiXVXXq6xXFXXXI\/205141903\/HTB15zaLOFXXXXaiXVXXq6xXFXXXI.jpg\" width=\"800\" \/><\/p>\n<p><img decoding=\"async\" src=\"\/\/ae01.alicdn.com\/kf\/HTB1a1yBOFXXXXc4XVXXq6xXFXXXi\/205141903\/HTB1a1yBOFXXXXc4XVXXq6xXFXXXi.jpg\" width=\"800\" \/><\/p>\n<p><img decoding=\"async\" src=\"\/\/ae01.alicdn.com\/kf\/HTB1aOOxOFXXXXbeXVXXq6xXFXXXB\/205141903\/HTB1aOOxOFXXXXbeXVXXq6xXFXXXB.jpg\" width=\"800\" \/><\/p>\n<p><img decoding=\"async\" src=\"\/\/ae01.alicdn.com\/kf\/HTB1Udy9OFXXXXaQXXXXq6xXFXXXf\/205141903\/HTB1Udy9OFXXXXaQXXXXq6xXFXXXf.jpg\" width=\"800\" \/><\/p>\n<p><img decoding=\"async\" src=\"\/\/ae01.alicdn.com\/kf\/HTB15zCWOFXXXXaBXFXXq6xXFXXXD\/205141903\/HTB15zCWOFXXXXaBXFXXq6xXFXXXD.jpg\" width=\"800\" \/><\/p>\n<p><img decoding=\"async\" src=\"\/\/ae01.alicdn.com\/kf\/HTB1DneyOFXXXXbHaXXXq6xXFXXXM\/205141903\/HTB1DneyOFXXXXbHaXXXq6xXFXXXM.jpg\" width=\"800\" \/><\/p>\n<p><img decoding=\"async\" src=\"\/\/ae01.alicdn.com\/kf\/HTB1WvaqOFXXXXbYaXXXq6xXFXXXJ\/205141903\/HTB1WvaqOFXXXXbYaXXXq6xXFXXXJ.jpg\" width=\"800\" \/><\/p>\n<p><img decoding=\"async\" src=\"\/\/ae01.alicdn.com\/kf\/HTB1BDyrOFXXXXc0XVXXq6xXFXXXt\/205141903\/HTB1BDyrOFXXXXc0XVXXq6xXFXXXt.jpg\" width=\"800\" \/><\/p>\n<p><img decoding=\"async\" src=\"\/\/ae01.alicdn.com\/kf\/HTB14YyrOFXXXXaOaXXXq6xXFXXXy\/205141903\/HTB14YyrOFXXXXaOaXXXq6xXFXXXy.jpg\" width=\"800\" \/><\/p>\n<p><img decoding=\"async\" src=\"\/\/ae01.alicdn.com\/kf\/HTB1eMqNOFXXXXXqXVXXq6xXFXXXp\/205141903\/HTB1eMqNOFXXXXXqXVXXq6xXFXXXp.jpg\" width=\"800\" \/><\/p>\n<p><img decoding=\"async\" src=\"\/\/ae01.alicdn.com\/kf\/HTB18gGKOFXXXXXUXVXXq6xXFXXXF\/205141903\/HTB18gGKOFXXXXXUXVXXq6xXFXXXF.jpg\" width=\"800\" \/><\/p>\n<p><img decoding=\"async\" src=\"\/\/ae01.alicdn.com\/kf\/HTB1NO5COFXXXXaUXVXXq6xXFXXX6\/205141903\/HTB1NO5COFXXXXaUXVXXq6xXFXXX6.jpg\" width=\"800\" \/><\/p>\n<p><img decoding=\"async\" src=\"\/\/ae01.alicdn.com\/kf\/HTB1CFetOFXXXXa_aXXXq6xXFXXX9\/205141903\/HTB1CFetOFXXXXa_aXXXq6xXFXXX9.jpg\" width=\"800\" \/><\/p>\n<p><img decoding=\"async\" src=\"\/\/ae01.alicdn.com\/kf\/HTB1y3qNOFXXXXcYXFXXq6xXFXXX3\/205141903\/HTB1y3qNOFXXXXcYXFXXq6xXFXXX3.jpg\" width=\"800\" \/><\/p>\n<p><img decoding=\"async\" src=\"\/\/ae01.alicdn.com\/kf\/HTB1vey9OFXXXXbKXXXXq6xXFXXXr\/205141903\/HTB1vey9OFXXXXbKXXXXq6xXFXXXr.jpg\" width=\"800\" \/><\/p>\n<p><img decoding=\"async\" src=\"\/\/ae01.alicdn.com\/kf\/HTB1bp1POFXXXXb2XFXXq6xXFXXXT\/205141903\/HTB1bp1POFXXXXb2XFXXq6xXFXXXT.jpg\" width=\"800\" \/><\/p>\n<p><img decoding=\"async\" src=\"\/\/ae01.alicdn.com\/kf\/HTB1jbqxOFXXXXXdaXXXq6xXFXXXB\/205141903\/HTB1jbqxOFXXXXXdaXXXq6xXFXXXB.jpg\" width=\"800\" \/><\/p>\n<p><img decoding=\"async\" src=\"\/\/ae01.alicdn.com\/kf\/HTB1qBKHOFXXXXa8XVXXq6xXFXXXG\/205141903\/HTB1qBKHOFXXXXa8XVXXq6xXFXXXG.jpg\" width=\"800\" \/><\/p>\n<p><img decoding=\"async\" src=\"\/\/ae01.alicdn.com\/kf\/HTB1TxSKOFXXXXcHXFXXq6xXFXXXK\/205141903\/HTB1TxSKOFXXXXcHXFXXq6xXFXXXK.jpg\" width=\"800\" \/><\/p>\n<p><img decoding=\"async\" src=\"\/\/ae01.alicdn.com\/kf\/HTB1k1KrOFXXXXXcapXXq6xXFXXXm\/205141903\/HTB1k1KrOFXXXXXcapXXq6xXFXXXm.jpg\" width=\"800\" \/><\/p>\n<p><img decoding=\"async\" src=\"\/\/ae01.alicdn.com\/kf\/HTB1R9OVOFXXXXczXpXXq6xXFXXXJ\/205141903\/HTB1R9OVOFXXXXczXpXXq6xXFXXXJ.jpg\" width=\"800\" \/><\/p>\n<p><img decoding=\"async\" src=\"\/\/ae01.alicdn.com\/kf\/HTB16laMOFXXXXcCXFXXq6xXFXXXk\/205141903\/HTB16laMOFXXXXcCXFXXq6xXFXXXk.jpg\" width=\"800\" \/><\/p>\n<p><img decoding=\"async\" src=\"\/\/ae01.alicdn.com\/kf\/HTB1mBfYNpXXXXXhapXXq6xXFXXXr\/205141903\/HTB1mBfYNpXXXXXhapXXq6xXFXXXr.jpg\" width=\"800\" \/><\/p>\n<p><img decoding=\"async\" src=\"\/\/ae01.alicdn.com\/kf\/HTB1xj5sOFXXXXaiaXXXq6xXFXXXh\/205141903\/HTB1xj5sOFXXXXaiaXXXq6xXFXXXh.jpg\" width=\"800\" \/><\/p>\n<p><img decoding=\"async\" src=\"\/\/ae01.alicdn.com\/kf\/HTB19Cq2OFXXXXatXpXXq6xXFXXX1\/205141903\/HTB19Cq2OFXXXXatXpXXq6xXFXXX1.jpg\" width=\"800\" \/><\/p>\n<p><img decoding=\"async\" src=\"\/\/ae01.alicdn.com\/kf\/HTB1ZIS2OFXXXXXBXpXXq6xXFXXXD\/205141903\/HTB1ZIS2OFXXXXXBXpXXq6xXFXXXD.jpg\" width=\"800\" \/><\/p>\n<p><img decoding=\"async\" src=\"\/\/ae01.alicdn.com\/kf\/HTB1YEysOFXXXXX6aXXXq6xXFXXXj\/205141903\/HTB1YEysOFXXXXX6aXXXq6xXFXXXj.jpg\" width=\"800\" \/><\/p>\n\n    <div class=\"xs_social_share_widget xs_share_url after_content \t\tmain_content  wslu-style-1 wslu-share-box-shaped wslu-fill-colored wslu-none wslu-share-horizontal wslu-theme-font-no wslu-main_content\">\n\n\t\t\n        <ul>\n\t\t\t        <\/ul>\n    <\/div> \n","protected":false},"excerpt":{"rendered":"<p>ESDY hombres Fleeced ropa interior t\u00e9rmica &nbsp; Delgado, suave, el\u00e1stico, empalmado, t\u00e9rmico, secado r\u00e1pido Cuatro-dimensional stretch Mant\u00e9n la piel seca cuando sudas De alta permeabilidad Excelentes propiedades de aislamiento t\u00e9rmico Anti-Paja y resistente al viento,Con forro polar Lavable a m\u00e1quina Marca: Edsy Material: poli\u00e9ster 100% de alta calidad Tela: mezcla de fibra qu\u00edmica Paquete: topx1, [&hellip;]<\/p>\n","protected":false},"featured_media":11142,"comment_status":"open","ping_status":"closed","template":"","meta":{"jetpack_publicize_message":"","jetpack_publicize_feature_enabled":true,"jetpack_social_post_already_shared":true,"jetpack_social_options":{"image_generator_settings":{"template":"highway","enabled":false},"version":2}},"product_brand":[],"product_cat":[15,71,62],"product_tag":[],"class_list":{"0":"post-11105","1":"product","2":"type-product","3":"status-publish","4":"has-post-thumbnail","6":"product_cat-otros","7":"product_cat-hombre-primera","8":"product_cat-vestuario-hombre","10":"first","11":"instock","12":"sale","13":"taxable","14":"shipping-taxable","15":"purchasable","16":"product-type-variable"},"jetpack_publicize_connections":[],"jetpack_sharing_enabled":true,"_links":{"self":[{"href":"https:\/\/bodegaoutdoor.cl\/store\/wp-json\/wp\/v2\/product\/11105","targetHints":{"allow":["GET"]}}],"collection":[{"href":"https:\/\/bodegaoutdoor.cl\/store\/wp-json\/wp\/v2\/product"}],"about":[{"href":"https:\/\/bodegaoutdoor.cl\/store\/wp-json\/wp\/v2\/types\/product"}],"replies":[{"embeddable":true,"href":"https:\/\/bodegaoutdoor.cl\/store\/wp-json\/wp\/v2\/comments?post=11105"}],"version-history":[{"count":3,"href":"https:\/\/bodegaoutdoor.cl\/store\/wp-json\/wp\/v2\/product\/11105\/revisions"}],"predecessor-version":[{"id":72425,"href":"https:\/\/bodegaoutdoor.cl\/store\/wp-json\/wp\/v2\/product\/11105\/revisions\/72425"}],"wp:featuredmedia":[{"embeddable":true,"href":"https:\/\/bodegaoutdoor.cl\/store\/wp-json\/wp\/v2\/media\/11142"}],"wp:attachment":[{"href":"https:\/\/bodegaoutdoor.cl\/store\/wp-json\/wp\/v2\/media?parent=11105"}],"wp:term":[{"taxonomy":"product_brand","embeddable":true,"href":"https:\/\/bodegaoutdoor.cl\/store\/wp-json\/wp\/v2\/product_brand?post=11105"},{"taxonomy":"product_cat","embeddable":true,"href":"https:\/\/bodegaoutdoor.cl\/store\/wp-json\/wp\/v2\/product_cat?post=11105"},{"taxonomy":"product_tag","embeddable":true,"href":"https:\/\/bodegaoutdoor.cl\/store\/wp-json\/wp\/v2\/product_tag?post=11105"}],"curies":[{"name":"wp","href":"https:\/\/api.w.org\/{rel}","templated":true}]}}