{"id":11246,"date":"2020-08-23T03:53:15","date_gmt":"2020-08-23T03:53:15","guid":{"rendered":"https:\/\/bodegaoutdoor.cl\/store\/product\/esdy-motocicleta-conjunto-de-ropa-interior-termica-hombres-invierno-secado-rapido-anti-microbial-stretch-caliente-capas-base-apretado-largo-johns-tops-y-pantalones\/"},"modified":"2023-05-04T19:19:29","modified_gmt":"2023-05-04T23:19:29","slug":"esdy-motocicleta-conjunto-de-ropa-interior-termica-hombres-invierno-secado-rapido-anti-microbial-stretch-caliente-capas-base-apretado-largo-johns-tops-y-pantalones","status":"publish","type":"product","link":"https:\/\/bodegaoutdoor.cl\/store\/product\/esdy-motocicleta-conjunto-de-ropa-interior-termica-hombres-invierno-secado-rapido-anti-microbial-stretch-caliente-capas-base-apretado-largo-johns-tops-y-pantalones\/","title":{"rendered":"Conjunto ropa interior t\u00e9rmica hombres invierno secado r\u00e1pido Anti-microbacteriana"},"content":{"rendered":"<div>\n<div>\n<div>\n<div>\n<div>\n<div>\n<div>\n<div>\n<div>\n<div>\n<div>\n<div>\n<div><\/div>\n<div><strong style=\"font-family: arial; font-size: 14px;\">Caracter\u00edsticas:<\/strong><\/div>\n<\/div>\n<\/div>\n<\/div>\n<\/div>\n<\/div>\n<\/div>\n<div>\n<div>\n<div>\n<div>\n<div>\n<div>\n<div>\n<div>\n<div>\n<div>\n<div>\n<div>\n<p><span style=\"font-family: arial; font-size: 14px;\">Tela de 90% de poli\u00e9ster + 10% LICRA hecha especialmente para mantener el calor en condiciones fr\u00edas<\/span><br \/>\n<span style=\"font-family: arial; font-size: 14px;\">Excelente movilidad y absorci\u00f3n de humedad, manteni\u00e9ndote seco y c\u00f3modo<\/span><br \/>\n<span style=\"font-family: arial; font-size: 14px;\">Forro polar t\u00e9rmico en el interior que mantiene el calor todo el tiempo, lo que te mantiene alejado de los refrigerados h\u00famedos y pegajosos<\/span><br \/>\n<span style=\"font-family: arial; font-size: 14px;\">La fabricaci\u00f3n exclusiva de espalda cepillada suave proporciona un desgaste Ultra c\u00f3modo<\/span><br \/>\n<span style=\"font-family: arial; font-size: 14px;\">Extremadamente suave y suave, ligero y absolutamente no voluminoso, antibacteriano, antiest\u00e1tico<\/span><br \/>\n<span style=\"font-family: arial; font-size: 14px;\">Tela el\u00e1stica de cuatro v\u00edas para un ajuste c\u00f3modo, control de contracci\u00f3n para una retenci\u00f3n duradera de tama\u00f1o y forma<\/span><br \/>\n<span style=\"font-family: arial; font-size: 14px;\">Adecuado para motocicleta, ciclismo, esqu\u00ed, escalada, Camping y senderismo, atletismo y actividades al aire libre<\/span><\/p>\n<p><span style=\"font-family: arial; font-size: 14px;\"><strong>Especificaciones:<\/strong><\/span><br \/>\n<span style=\"font-family: arial; font-size: 14px;\">Marca: ESDY<\/span><\/p>\n<p><span style=\"font-family: arial; font-size: 14px;\">Condici\u00f3n: nuevo<\/span><br \/>\n<span style=\"font-family: arial; font-size: 14px;\">Color: negro, verde militar, caqui<\/span><br \/>\n<span style=\"font-family: arial; font-size: 14px;\">Material: 90% de poli\u00e9ster + 10% LICRA<\/span><br \/>\n<span style=\"font-family: arial; font-size: 14px;\">Tama\u00f1o: M L XL 2XL. 3XL<\/span><\/p>\n<p><span style=\"font-family: arial; font-size: 14px;\"><strong>El paquete incluye:<\/strong><\/span><br \/>\n<span style=\"font-family: arial; font-size: 14px;\">1 x conjunto de capa Base de lana<\/span><\/p>\n<p>&nbsp;<\/p>\n<p><span style=\"font-family: arial; font-size: 14px;\"><strong>Aviso:<\/strong><\/span><br \/>\n<span style=\"font-family: arial; font-size: 14px;\">Todos los tama\u00f1os se miden artificialmente, el error en 1-2 CM es normal<\/span><br \/>\n<span style=\"font-family: arial; font-size: 14px;\">El color de la imagen puede ser un poco diferente de la realidad causado por muchos factores, por ejemplo, los p\u00edxeles y la pantalla de tu ordenador.<\/span><\/p>\n<p>&nbsp;<\/p>\n<p><img decoding=\"async\" style=\"width: 900px;\" title=\"ESDY motocicleta conjunto de ropa interior t\u00e9rmica hombres invierno secado r\u00e1pido Anti-microbial Stretch caliente capas Base apretado largo Johns Tops y pantalones\" src=\"https:\/\/bodegaoutdoor.cl\/store\/wp-content\/uploads\/2020\/08\/11246-tysmzk.jpg\" alt=\"ESDY motocicleta conjunto de ropa interior t\u00e9rmica hombres invierno secado r\u00e1pido Anti-microbial Stretch caliente capas Base apretado largo Johns Tops y pantalones\" \/><\/p>\n<p>&nbsp;<\/p>\n<p>&nbsp;<\/p>\n<p>&nbsp;<\/p>\n<p style=\"text-align: left; line-height: 1.5; text-transform: none; font-style: normal; text-indent: 0px; margin: 0px; font-family: 'Hiragino Sans GB', Tahoma, Arial, \u5b8b\u4f53, sans-serif; letter-spacing: normal; color: #333333; clear: both; font-size: 15px; font-weight: 400; padding: 0px;\"><span style=\"color: #ff0000; font-size: 12pt;\"><strong style=\"font-weight: bold;\"><img decoding=\"async\" style=\"width: 900px; max-width: 990px; vertical-align: bottom;\" title=\"ESDY motocicleta conjunto de ropa interior t\u00e9rmica hombres invierno secado r\u00e1pido Anti-microbial Stretch caliente capas Base apretado largo Johns Tops y pantalones\" src=\"https:\/\/bodegaoutdoor.cl\/store\/wp-content\/uploads\/2020\/08\/11246-fxggjm.jpg\" alt=\"ESDY motocicleta conjunto de ropa interior t\u00e9rmica hombres invierno secado r\u00e1pido Anti-microbial Stretch caliente capas Base apretado largo Johns Tops y pantalones\" \/><br \/>\n<img decoding=\"async\" style=\"width: 900px; max-width: 990px; vertical-align: bottom;\" title=\"ESDY motocicleta conjunto de ropa interior t\u00e9rmica hombres invierno secado r\u00e1pido Anti-microbial Stretch caliente capas Base apretado largo Johns Tops y pantalones\" src=\"https:\/\/bodegaoutdoor.cl\/store\/wp-content\/uploads\/2020\/08\/11246-csfxxs.jpg\" alt=\"ESDY motocicleta conjunto de ropa interior t\u00e9rmica hombres invierno secado r\u00e1pido Anti-microbial Stretch caliente capas Base apretado largo Johns Tops y pantalones\" \/><br \/>\n<img decoding=\"async\" style=\"width: 900px; max-width: 990px; vertical-align: bottom;\" title=\"ESDY motocicleta conjunto de ropa interior t\u00e9rmica hombres invierno secado r\u00e1pido Anti-microbial Stretch caliente capas Base apretado largo Johns Tops y pantalones\" src=\"https:\/\/bodegaoutdoor.cl\/store\/wp-content\/uploads\/2020\/08\/11246-amn3wk.jpg\" alt=\"ESDY motocicleta conjunto de ropa interior t\u00e9rmica hombres invierno secado r\u00e1pido Anti-microbial Stretch caliente capas Base apretado largo Johns Tops y pantalones\" \/><\/strong><\/span><\/p>\n<p style=\"text-align: left; line-height: 1.5; text-transform: none; font-style: normal; text-indent: 0px; margin: 0px; font-family: 'Hiragino Sans GB', Tahoma, Arial, \u5b8b\u4f53, sans-serif; letter-spacing: normal; color: #333333; clear: both; font-size: 15px; font-weight: 400; padding: 0px;\"><img decoding=\"async\" style=\"width: 900px; max-width: 990px; vertical-align: bottom;\" title=\"ESDY motocicleta conjunto de ropa interior t\u00e9rmica hombres invierno secado r\u00e1pido Anti-microbial Stretch caliente capas Base apretado largo Johns Tops y pantalones\" src=\"https:\/\/bodegaoutdoor.cl\/store\/wp-content\/uploads\/2020\/08\/11246-myz2gj.jpg\" alt=\"ESDY motocicleta conjunto de ropa interior t\u00e9rmica hombres invierno secado r\u00e1pido Anti-microbial Stretch caliente capas Base apretado largo Johns Tops y pantalones\" \/><br \/>\n<img decoding=\"async\" style=\"width: 900px; max-width: 990px; vertical-align: bottom;\" title=\"ESDY motocicleta conjunto de ropa interior t\u00e9rmica hombres invierno secado r\u00e1pido Anti-microbial Stretch caliente capas Base apretado largo Johns Tops y pantalones\" src=\"https:\/\/bodegaoutdoor.cl\/store\/wp-content\/uploads\/2020\/08\/11246-nzeeyo.jpg\" alt=\"ESDY motocicleta conjunto de ropa interior t\u00e9rmica hombres invierno secado r\u00e1pido Anti-microbial Stretch caliente capas Base apretado largo Johns Tops y pantalones\" \/><br \/>\n<img decoding=\"async\" style=\"width: 900px; max-width: 990px; vertical-align: bottom;\" title=\"ESDY motocicleta conjunto de ropa interior t\u00e9rmica hombres invierno secado r\u00e1pido Anti-microbial Stretch caliente capas Base apretado largo Johns Tops y pantalones\" src=\"https:\/\/bodegaoutdoor.cl\/store\/wp-content\/uploads\/2020\/08\/11246-aogsbt.jpg\" alt=\"ESDY motocicleta conjunto de ropa interior t\u00e9rmica hombres invierno secado r\u00e1pido Anti-microbial Stretch caliente capas Base apretado largo Johns Tops y pantalones\" \/><br \/>\n<img decoding=\"async\" style=\"width: 900px; max-width: 990px; vertical-align: bottom;\" title=\"ESDY motocicleta conjunto de ropa interior t\u00e9rmica hombres invierno secado r\u00e1pido Anti-microbial Stretch caliente capas Base apretado largo Johns Tops y pantalones\" src=\"https:\/\/bodegaoutdoor.cl\/store\/wp-content\/uploads\/2020\/08\/11246-dbl2ss.jpg\" alt=\"ESDY motocicleta conjunto de ropa interior t\u00e9rmica hombres invierno secado r\u00e1pido Anti-microbial Stretch caliente capas Base apretado largo Johns Tops y pantalones\" \/><br \/>\n<img decoding=\"async\" style=\"width: 900px; max-width: 990px; vertical-align: bottom;\" title=\"ESDY motocicleta conjunto de ropa interior t\u00e9rmica hombres invierno secado r\u00e1pido Anti-microbial Stretch caliente capas Base apretado largo Johns Tops y pantalones\" src=\"https:\/\/bodegaoutdoor.cl\/store\/wp-content\/uploads\/2020\/08\/11246-amf1wi.jpg\" alt=\"ESDY motocicleta conjunto de ropa interior t\u00e9rmica hombres invierno secado r\u00e1pido Anti-microbial Stretch caliente capas Base apretado largo Johns Tops y pantalones\" \/><br \/>\n<img decoding=\"async\" style=\"width: 900px; max-width: 990px; vertical-align: bottom;\" title=\"ESDY motocicleta conjunto de ropa interior t\u00e9rmica hombres invierno secado r\u00e1pido Anti-microbial Stretch caliente capas Base apretado largo Johns Tops y pantalones\" src=\"https:\/\/bodegaoutdoor.cl\/store\/wp-content\/uploads\/2020\/08\/11246-ujhi4t.jpg\" alt=\"ESDY motocicleta conjunto de ropa interior t\u00e9rmica hombres invierno secado r\u00e1pido Anti-microbial Stretch caliente capas Base apretado largo Johns Tops y pantalones\" \/><br \/>\n<img decoding=\"async\" style=\"width: 900px; max-width: 990px; vertical-align: bottom;\" title=\"ESDY motocicleta conjunto de ropa interior t\u00e9rmica hombres invierno secado r\u00e1pido Anti-microbial Stretch caliente capas Base apretado largo Johns Tops y pantalones\" src=\"https:\/\/bodegaoutdoor.cl\/store\/wp-content\/uploads\/2020\/08\/11246-yabhs2.jpg\" alt=\"ESDY motocicleta conjunto de ropa interior t\u00e9rmica hombres invierno secado r\u00e1pido Anti-microbial Stretch caliente capas Base apretado largo Johns Tops y pantalones\" \/><br \/>\n<img decoding=\"async\" style=\"width: 900px; max-width: 990px; vertical-align: bottom;\" title=\"ESDY motocicleta conjunto de ropa interior t\u00e9rmica hombres invierno secado r\u00e1pido Anti-microbial Stretch caliente capas Base apretado largo Johns Tops y pantalones\" src=\"https:\/\/bodegaoutdoor.cl\/store\/wp-content\/uploads\/2020\/08\/11246-nqkbnk.jpg\" alt=\"ESDY motocicleta conjunto de ropa interior t\u00e9rmica hombres invierno secado r\u00e1pido Anti-microbial Stretch caliente capas Base apretado largo Johns Tops y pantalones\" \/><br \/>\n<img decoding=\"async\" style=\"width: 900px; max-width: 990px; vertical-align: bottom;\" title=\"ESDY motocicleta conjunto de ropa interior t\u00e9rmica hombres invierno secado r\u00e1pido Anti-microbial Stretch caliente capas Base apretado largo Johns Tops y pantalones\" src=\"https:\/\/bodegaoutdoor.cl\/store\/wp-content\/uploads\/2020\/08\/11246-ydon4x.jpg\" alt=\"ESDY motocicleta conjunto de ropa interior t\u00e9rmica hombres invierno secado r\u00e1pido Anti-microbial Stretch caliente capas Base apretado largo Johns Tops y pantalones\" \/><br \/>\n<img decoding=\"async\" style=\"width: 900px; max-width: 990px; vertical-align: bottom;\" title=\"ESDY motocicleta conjunto de ropa interior t\u00e9rmica hombres invierno secado r\u00e1pido Anti-microbial Stretch caliente capas Base apretado largo Johns Tops y pantalones\" src=\"https:\/\/bodegaoutdoor.cl\/store\/wp-content\/uploads\/2020\/08\/11246-bpkuiy.jpg\" alt=\"ESDY motocicleta conjunto de ropa interior t\u00e9rmica hombres invierno secado r\u00e1pido Anti-microbial Stretch caliente capas Base apretado largo Johns Tops y pantalones\" \/><br \/>\n<img decoding=\"async\" style=\"width: 900px; max-width: 990px; vertical-align: bottom;\" title=\"ESDY motocicleta conjunto de ropa interior t\u00e9rmica hombres invierno secado r\u00e1pido Anti-microbial Stretch caliente capas Base apretado largo Johns Tops y pantalones\" src=\"https:\/\/bodegaoutdoor.cl\/store\/wp-content\/uploads\/2020\/08\/11246-aeltyt.jpg\" alt=\"ESDY motocicleta conjunto de ropa interior t\u00e9rmica hombres invierno secado r\u00e1pido Anti-microbial Stretch caliente capas Base apretado largo Johns Tops y pantalones\" \/><br \/>\n<img decoding=\"async\" style=\"width: 900px; max-width: 990px; vertical-align: bottom;\" title=\"ESDY motocicleta conjunto de ropa interior t\u00e9rmica hombres invierno secado r\u00e1pido Anti-microbial Stretch caliente capas Base apretado largo Johns Tops y pantalones\" src=\"https:\/\/bodegaoutdoor.cl\/store\/wp-content\/uploads\/2020\/08\/11246-fezb12.jpg\" alt=\"ESDY motocicleta conjunto de ropa interior t\u00e9rmica hombres invierno secado r\u00e1pido Anti-microbial Stretch caliente capas Base apretado largo Johns Tops y pantalones\" \/><br \/>\n<img decoding=\"async\" style=\"width: 900px; max-width: 990px; vertical-align: bottom;\" title=\"ESDY motocicleta conjunto de ropa interior t\u00e9rmica hombres invierno secado r\u00e1pido Anti-microbial Stretch caliente capas Base apretado largo Johns Tops y pantalones\" src=\"https:\/\/bodegaoutdoor.cl\/store\/wp-content\/uploads\/2020\/08\/11246-hlxdqr.jpg\" alt=\"ESDY motocicleta conjunto de ropa interior t\u00e9rmica hombres invierno secado r\u00e1pido Anti-microbial Stretch caliente capas Base apretado largo Johns Tops y pantalones\" \/><\/p>\n<p>&nbsp;<\/p>\n<\/div>\n<\/div>\n<div><\/div>\n<\/div>\n<\/div>\n<div><\/div>\n<\/div>\n<\/div>\n<div><\/div>\n<\/div>\n<\/div>\n<div><\/div>\n<\/div>\n<\/div>\n<div><\/div>\n<\/div>\n<\/div>\n<div><\/div>\n<div>\n<div><\/div>\n<div>\n<div><\/div>\n<div>\n<div><\/div>\n<div>\n<div><\/div>\n<div>\n<div><\/div>\n<div>\n<div>\n<p style=\"text-align: left; line-height: 1.5; text-transform: none; font-style: normal; text-indent: 0px; margin: 0px; font-family: 'Hiragino Sans GB', Tahoma, Arial, \u5b8b\u4f53, sans-serif; letter-spacing: normal; color: #333333; clear: both; font-size: 15px; font-weight: 400; padding: 0px;\">\n<\/div>\n<\/div>\n<\/div>\n<\/div>\n<\/div>\n<\/div>\n<\/div>\n<\/div>\n<\/div>\n<\/div>\n<\/div>\n<\/div>\n<\/div>\n\n    <div class=\"xs_social_share_widget xs_share_url after_content \t\tmain_content  wslu-style-1 wslu-share-box-shaped wslu-fill-colored wslu-none wslu-share-horizontal wslu-theme-font-no wslu-main_content\">\n\n\t\t\n        <ul>\n\t\t\t        <\/ul>\n    <\/div> \n","protected":false},"excerpt":{"rendered":"<p>Caracter\u00edsticas: Tela de 90% de poli\u00e9ster + 10% LICRA hecha especialmente para mantener el calor en condiciones fr\u00edas Excelente movilidad y absorci\u00f3n de humedad, manteni\u00e9ndote seco y c\u00f3modo Forro polar t\u00e9rmico en el interior que mantiene el calor todo el tiempo, lo que te mantiene alejado de los refrigerados h\u00famedos y pegajosos La fabricaci\u00f3n exclusiva [&hellip;]<\/p>\n","protected":false},"featured_media":11262,"comment_status":"open","ping_status":"closed","template":"","meta":{"jetpack_publicize_message":"","jetpack_publicize_feature_enabled":true,"jetpack_social_post_already_shared":true,"jetpack_social_options":{"image_generator_settings":{"template":"highway","enabled":false},"version":2}},"product_brand":[],"product_cat":[72,62],"product_tag":[],"class_list":{"0":"post-11246","1":"product","2":"type-product","3":"status-publish","4":"has-post-thumbnail","6":"product_cat-hombre-segunda","7":"product_cat-vestuario-hombre","9":"first","10":"instock","11":"sale","12":"taxable","13":"shipping-taxable","14":"purchasable","15":"product-type-variable"},"jetpack_publicize_connections":[],"jetpack_sharing_enabled":true,"_links":{"self":[{"href":"https:\/\/bodegaoutdoor.cl\/store\/wp-json\/wp\/v2\/product\/11246","targetHints":{"allow":["GET"]}}],"collection":[{"href":"https:\/\/bodegaoutdoor.cl\/store\/wp-json\/wp\/v2\/product"}],"about":[{"href":"https:\/\/bodegaoutdoor.cl\/store\/wp-json\/wp\/v2\/types\/product"}],"replies":[{"embeddable":true,"href":"https:\/\/bodegaoutdoor.cl\/store\/wp-json\/wp\/v2\/comments?post=11246"}],"version-history":[{"count":2,"href":"https:\/\/bodegaoutdoor.cl\/store\/wp-json\/wp\/v2\/product\/11246\/revisions"}],"predecessor-version":[{"id":71278,"href":"https:\/\/bodegaoutdoor.cl\/store\/wp-json\/wp\/v2\/product\/11246\/revisions\/71278"}],"wp:featuredmedia":[{"embeddable":true,"href":"https:\/\/bodegaoutdoor.cl\/store\/wp-json\/wp\/v2\/media\/11262"}],"wp:attachment":[{"href":"https:\/\/bodegaoutdoor.cl\/store\/wp-json\/wp\/v2\/media?parent=11246"}],"wp:term":[{"taxonomy":"product_brand","embeddable":true,"href":"https:\/\/bodegaoutdoor.cl\/store\/wp-json\/wp\/v2\/product_brand?post=11246"},{"taxonomy":"product_cat","embeddable":true,"href":"https:\/\/bodegaoutdoor.cl\/store\/wp-json\/wp\/v2\/product_cat?post=11246"},{"taxonomy":"product_tag","embeddable":true,"href":"https:\/\/bodegaoutdoor.cl\/store\/wp-json\/wp\/v2\/product_tag?post=11246"}],"curies":[{"name":"wp","href":"https:\/\/api.w.org\/{rel}","templated":true}]}}