{"id":11349,"date":"2020-08-23T04:20:05","date_gmt":"2020-08-23T04:20:05","guid":{"rendered":"https:\/\/bodegaoutdoor.cl\/store\/product\/guantes-tacticos-duros-para-nudillos-combate-militar-airsoft-lucha-escalada-tiro-guantes-de-dedo-completo-para-paintball\/"},"modified":"2023-05-04T19:19:28","modified_gmt":"2023-05-04T23:19:28","slug":"guantes-tacticos-duros-para-nudillos-combate-militar-airsoft-lucha-escalada-tiro-guantes-de-dedo-completo-para-paintball","status":"publish","type":"product","link":"https:\/\/bodegaoutdoor.cl\/store\/product\/guantes-tacticos-duros-para-nudillos-combate-militar-airsoft-lucha-escalada-tiro-guantes-de-dedo-completo-para-paintball\/","title":{"rendered":"Guantes t\u00e1cticos nudillos, Airsoft, guantes de dedo completo Paintball"},"content":{"rendered":"<p><img decoding=\"async\" title=\"Guantes t\u00e1cticos duros para nudillos, combate militar, Airsoft, Lucha, Escalada, tiro, guantes de dedo completo para Paintball\" src=\"https:\/\/bodegaoutdoor.cl\/store\/wp-content\/uploads\/2020\/08\/11349-9kkkhr.jpg\" alt=\"Guantes t\u00e1cticos duros para nudillos, combate militar, Airsoft, Lucha, Escalada, tiro, guantes de dedo completo para Paintball\" \/><img decoding=\"async\" title=\"Guantes t\u00e1cticos duros para nudillos, combate militar, Airsoft, Lucha, Escalada, tiro, guantes de dedo completo para Paintball\" src=\"https:\/\/bodegaoutdoor.cl\/store\/wp-content\/uploads\/2020\/08\/11349-zyggsc.jpg\" alt=\"Guantes t\u00e1cticos duros para nudillos, combate militar, Airsoft, Lucha, Escalada, tiro, guantes de dedo completo para Paintball\" \/><\/p>\n<div style=\"margin: 0.0px; padding: 0.0px; border: 0.0px; font-size: 13.0px; line-height: inherit; font-family: arial , helvetica , sans-serif; vertical-align: baseline; color: #000000;\"><span style=\"font-family: times new roman , times , serif;\"><span style=\"margin: 0.0px; padding: 0.0px; border: 0.0px; font-style: inherit; font-weight: inherit; font-size: 16.0px; line-height: inherit; vertical-align: baseline;\"><span style=\"margin: 0.0px; padding: 0.0px; border: 0.0px; font-style: inherit; font-weight: inherit; font-size: inherit; line-height: inherit; vertical-align: baseline;\">Dise\u00f1o profesional t\u00e1ctico guantes<\/span><\/span><\/span><\/div>\n<div style=\"margin: 0.0px; padding: 0.0px; border: 0.0px; font-size: 13.0px; line-height: inherit; font-family: arial , helvetica , sans-serif; vertical-align: baseline; color: #000000;\"><span style=\"font-family: times new roman , times , serif;\"><span style=\"margin: 0.0px; padding: 0.0px; border: 0.0px; font-style: inherit; font-weight: inherit; font-size: 16.0px; line-height: inherit; vertical-align: baseline;\"><span style=\"margin: 0.0px; padding: 0.0px; border: 0.0px; font-style: inherit; font-weight: inherit; font-size: inherit; line-height: inherit; vertical-align: baseline;\">Caracter\u00edsticas: utiliza tela de microfibra de alta calidad, puede pulir los nudillos de goma.<\/span><\/span><\/span><\/div>\n<div style=\"margin: 0.0px; padding: 0.0px; border: 0.0px; font-size: 13.0px; line-height: inherit; font-family: arial , helvetica , sans-serif; vertical-align: baseline; color: #000000;\"><span style=\"font-family: times new roman , times , serif;\"><span style=\"margin: 0.0px; padding: 0.0px; border: 0.0px; font-style: inherit; font-weight: inherit; font-size: 16.0px; line-height: inherit; vertical-align: baseline;\"><span style=\"margin: 0.0px; padding: 0.0px; border: 0.0px; font-style: inherit; font-weight: inherit; font-size: inherit; line-height: inherit; vertical-align: baseline;\">Panel de refuerzo una palma proporciona mayor durabilidad.<\/span><\/span><\/span><\/div>\n<div style=\"margin: 0.0px; padding: 0.0px; border: 0.0px; font-size: 13.0px; line-height: inherit; font-family: arial , helvetica , sans-serif; vertical-align: baseline; color: #000000;\"><span style=\"font-family: times new roman , times , serif;\"><span style=\"margin: 0.0px; padding: 0.0px; border: 0.0px; font-style: inherit; font-weight: inherit; font-size: 16.0px; line-height: inherit; vertical-align: baseline;\"><span style=\"margin: 0.0px; padding: 0.0px; border: 0.0px; font-style: inherit; font-weight: inherit; font-size: inherit; line-height: inherit; vertical-align: baseline;\">Proporciona una protecci\u00f3n completa adecuada para cualquier ocasi\u00f3n, como guantes t\u00e1cticos, guantes militares, guantes de caza, guantes protectores de moto, guantes de conducci\u00f3n, senderismo<\/span><\/span><span style=\"margin: 0.0px; padding: 0.0px; border: 0.0px; font-style: inherit; font-weight: inherit; font-size: 16.0px; line-height: inherit; vertical-align: baseline;\"><span style=\"margin: 0.0px; padding: 0.0px; border: 0.0px; font-style: inherit; font-weight: inherit; font-size: inherit; line-height: inherit; vertical-align: baseline;\">Guantes<\/span><\/span><span style=\"margin: 0.0px; padding: 0.0px; border: 0.0px; font-style: inherit; font-weight: inherit; font-size: 16.0px; line-height: inherit; vertical-align: baseline;\"><span style=\"margin: 0.0px; padding: 0.0px; border: 0.0px; font-style: inherit; font-weight: inherit; font-size: inherit; line-height: inherit; vertical-align: baseline;\">,<\/span><\/span> <span style=\"margin: 0.0px; padding: 0.0px; border: 0.0px; font-style: inherit; font-weight: inherit; font-size: 16.0px; line-height: inherit; vertical-align: baseline;\"><span style=\"margin: 0.0px; padding: 0.0px; border: 0.0px; font-style: inherit; font-weight: inherit; font-size: inherit; line-height: inherit; vertical-align: baseline;\">Trabajo<\/span><\/span> <span style=\"margin: 0.0px; padding: 0.0px; border: 0.0px; font-style: inherit; font-weight: inherit; font-size: 16.0px; line-height: inherit; vertical-align: baseline;\"><span style=\"margin: 0.0px; padding: 0.0px; border: 0.0px; font-style: inherit; font-weight: inherit; font-size: inherit; line-height: inherit; vertical-align: baseline;\">Guantes de pesca<\/span><\/span><span style=\"margin: 0.0px; padding: 0.0px; border: 0.0px; font-style: inherit; font-weight: inherit; font-size: 16.0px; line-height: inherit; vertical-align: baseline;\"><span style=\"margin: 0.0px; padding: 0.0px; border: 0.0px; font-style: inherit; font-weight: inherit; font-size: inherit; line-height: inherit; vertical-align: baseline;\">Guantes<\/span><\/span> <span style=\"margin: 0.0px; padding: 0.0px; border: 0.0px; font-style: inherit; font-weight: inherit; font-size: 16.0px; line-height: inherit; vertical-align: baseline;\"><span style=\"margin: 0.0px; padding: 0.0px; border: 0.0px; font-style: inherit; font-weight: inherit; font-size: inherit; line-height: inherit; vertical-align: baseline;\">Corriendo<\/span><\/span><span style=\"margin: 0.0px; padding: 0.0px; border: 0.0px; font-style: inherit; font-weight: inherit; font-size: 16.0px; line-height: inherit; vertical-align: baseline;\"><span style=\"margin: 0.0px; padding: 0.0px; border: 0.0px; font-style: inherit; font-weight: inherit; font-size: inherit; line-height: inherit; vertical-align: baseline;\">Guantes<\/span><\/span> <span style=\"margin: 0.0px; padding: 0.0px; border: 0.0px; font-style: inherit; font-weight: inherit; font-size: 16.0px; line-height: inherit; vertical-align: baseline;\"><span style=\"margin: 0.0px; padding: 0.0px; border: 0.0px; font-style: inherit; font-weight: inherit; font-size: inherit; line-height: inherit; vertical-align: baseline;\">En<\/span><\/span><span style=\"margin: 0.0px; padding: 0.0px; border: 0.0px; font-style: inherit; font-weight: inherit; font-size: 16.0px; line-height: inherit; vertical-align: baseline;\"><span style=\"margin: 0.0px; padding: 0.0px; border: 0.0px; font-style: inherit; font-weight: inherit; font-size: inherit; line-height: inherit; vertical-align: baseline;\">Guantes<\/span><\/span> <span style=\"margin: 0.0px; padding: 0.0px; border: 0.0px; font-style: inherit; font-weight: inherit; font-size: 16.0px; line-height: inherit; vertical-align: baseline;\"><span style=\"margin: 0.0px; padding: 0.0px; border: 0.0px; font-style: inherit; font-weight: inherit; font-size: inherit; line-height: inherit; vertical-align: baseline;\">Jard\u00edn<\/span><\/span><span style=\"margin: 0.0px; padding: 0.0px; border: 0.0px; font-style: inherit; font-weight: inherit; font-size: 16.0px; line-height: inherit; vertical-align: baseline;\"><span style=\"margin: 0.0px; padding: 0.0px; border: 0.0px; font-style: inherit; font-weight: inherit; font-size: inherit; line-height: inherit; vertical-align: baseline;\">Guantes<\/span><\/span> <span style=\"margin: 0.0px; padding: 0.0px; border: 0.0px; font-style: inherit; font-weight: inherit; font-size: 16.0px; line-height: inherit; vertical-align: baseline;\"><span style=\"margin: 0.0px; padding: 0.0px; border: 0.0px; font-style: inherit; font-weight: inherit; font-size: inherit; line-height: inherit; vertical-align: baseline;\">Ropa de protecci\u00f3n, etc.<\/span><\/span><\/span><\/div>\n<div style=\"margin: 0.0px; padding: 0.0px; border: 0.0px; font-size: 13.0px; line-height: inherit; font-family: arial , helvetica , sans-serif; vertical-align: baseline; color: #000000;\"><\/div>\n<div style=\"margin: 0.0px; padding: 0.0px; border: 0.0px; font-size: 13.0px; line-height: inherit; font-family: arial , helvetica , sans-serif; vertical-align: baseline; color: #000000;\"><\/div>\n<div style=\"margin: 0.0px; padding: 0.0px; border: 0.0px; font-size: 13.0px; line-height: inherit; font-family: arial , helvetica , sans-serif; vertical-align: baseline; color: #000000;\"><span style=\"font-family: times new roman , times , serif;\"><span style=\"margin: 0.0px; padding: 0.0px; border: 0.0px; font-style: inherit; font-weight: inherit; font-size: 16.0px; line-height: inherit; vertical-align: baseline;\"><span style=\"margin: 0.0px; padding: 0.0px; border: 0.0px; font-style: inherit; font-weight: inherit; font-size: inherit; line-height: inherit; vertical-align: baseline;\">Detalles del producto:<\/span><\/span><\/span><\/div>\n<div style=\"margin: 0.0px; padding: 0.0px; border: 0.0px; font-size: 13.0px; line-height: inherit; font-family: arial , helvetica , sans-serif; vertical-align: baseline; color: #000000;\"><span style=\"font-family: times new roman , times , serif;\"><span style=\"margin: 0.0px; padding: 0.0px; border: 0.0px; font-style: inherit; font-weight: inherit; font-size: 16.0px; line-height: inherit; vertical-align: baseline;\"><span style=\"margin: 0.0px; padding: 0.0px; border: 0.0px; font-style: inherit; font-weight: inherit; font-size: inherit; line-height: inherit; vertical-align: baseline;\">Material: microfibra, Nylon, nudillo de goma<\/span><\/span><\/span><\/div>\n<div style=\"margin: 0.0px; padding: 0.0px; border: 0.0px; font-size: 13.0px; line-height: inherit; font-family: arial , helvetica , sans-serif; vertical-align: baseline; color: #000000;\"><span style=\"font-family: times new roman , times , serif;\"><span style=\"margin: 0.0px; padding: 0.0px; border: 0.0px; font-style: inherit; font-weight: inherit; font-size: 16.0px; line-height: inherit; vertical-align: baseline;\"><span style=\"margin: 0.0px; padding: 0.0px; border: 0.0px; font-style: inherit; font-weight: inherit; font-size: inherit; line-height: inherit; vertical-align: baseline;\">Color: negro, verde, marr\u00f3n<\/span><\/span><\/span><\/div>\n<div style=\"margin: 0.0px; padding: 0.0px; border: 0.0px; font-size: 13.0px; line-height: inherit; font-family: arial , helvetica , sans-serif; vertical-align: baseline; color: #000000;\"><span style=\"font-family: times new roman , times , serif;\"><span style=\"margin: 0.0px; padding: 0.0px; border: 0.0px; font-style: inherit; font-weight: inherit; font-size: 16.0px; line-height: inherit; vertical-align: baseline;\"><span style=\"margin: 0.0px; padding: 0.0px; border: 0.0px; font-style: inherit; font-weight: inherit; font-size: inherit; line-height: inherit; vertical-align: baseline;\">Talla: M\/L\/XL<\/span><\/span><\/span><\/div>\n<div style=\"margin: 0.0px; padding: 0.0px; border: 0.0px; font-size: 13.0px; line-height: inherit; font-family: arial , helvetica , sans-serif; vertical-align: baseline; color: #000000;\"><\/div>\n<div style=\"margin: 0.0px; padding: 0.0px; border: 0.0px; font-size: 13.0px; line-height: inherit; font-family: arial , helvetica , sans-serif; vertical-align: baseline; color: #000000;\"><span style=\"font-family: times new roman , times , serif;\"><span style=\"margin: 0.0px; padding: 0.0px; border: 0.0px; font-style: inherit; font-weight: inherit; font-size: 16.0px; line-height: inherit; vertical-align: baseline;\"><span style=\"margin: 0.0px; padding: 0.0px; border: 0.0px; font-style: inherit; font-weight: inherit; font-size: inherit; line-height: inherit; vertical-align: baseline;\">Debido a la medici\u00f3n manual, permite una discrepancia de 0,12 pulgadas<\/span><\/span><\/span><\/div>\n<div style=\"margin: 0.0px; padding: 0.0px; border: 0.0px; font-size: 13.0px; line-height: inherit; font-family: arial , helvetica , sans-serif; vertical-align: baseline; color: #000000;\"><\/div>\n<div style=\"margin: 0.0px; padding: 0.0px; border: 0.0px; font-size: 13.0px; line-height: inherit; font-family: arial , helvetica , sans-serif; vertical-align: baseline; color: #000000;\"><span style=\"font-family: times new roman , times , serif;\"><span style=\"margin: 0.0px; padding: 0.0px; border: 0.0px; font-style: inherit; font-weight: inherit; font-size: 16.0px; line-height: inherit; vertical-align: baseline;\"><span style=\"margin: 0.0px; padding: 0.0px; border: 0.0px; font-style: inherit; font-weight: inherit; font-size: inherit; line-height: inherit; vertical-align: baseline;\">El paquete incluye: 1 par de guantes<\/span><\/span><\/span><\/div>\n<div style=\"margin: 0.0px; padding: 0.0px; border: 0.0px; font-size: 13.0px; line-height: inherit; font-family: arial , helvetica , sans-serif; vertical-align: baseline; color: #000000;\"><img decoding=\"async\" title=\"Guantes t\u00e1cticos duros para nudillos, combate militar, Airsoft, Lucha, Escalada, tiro, guantes de dedo completo para Paintball\" src=\"https:\/\/bodegaoutdoor.cl\/store\/wp-content\/uploads\/2020\/08\/11349-0zeamw.jpg\" alt=\"Guantes t\u00e1cticos duros para nudillos, combate militar, Airsoft, Lucha, Escalada, tiro, guantes de dedo completo para Paintball\" \/><img decoding=\"async\" title=\"Guantes t\u00e1cticos duros para nudillos, combate militar, Airsoft, Lucha, Escalada, tiro, guantes de dedo completo para Paintball\" src=\"https:\/\/bodegaoutdoor.cl\/store\/wp-content\/uploads\/2020\/08\/11349-pujhft.jpg\" alt=\"Guantes t\u00e1cticos duros para nudillos, combate militar, Airsoft, Lucha, Escalada, tiro, guantes de dedo completo para Paintball\" \/><img decoding=\"async\" title=\"Guantes t\u00e1cticos duros para nudillos, combate militar, Airsoft, Lucha, Escalada, tiro, guantes de dedo completo para Paintball\" src=\"https:\/\/bodegaoutdoor.cl\/store\/wp-content\/uploads\/2020\/08\/11349-frrhnz.jpg\" alt=\"Guantes t\u00e1cticos duros para nudillos, combate militar, Airsoft, Lucha, Escalada, tiro, guantes de dedo completo para Paintball\" \/><img decoding=\"async\" title=\"Guantes t\u00e1cticos duros para nudillos, combate militar, Airsoft, Lucha, Escalada, tiro, guantes de dedo completo para Paintball\" src=\"https:\/\/bodegaoutdoor.cl\/store\/wp-content\/uploads\/2020\/08\/11349-nvhvtt.jpg\" alt=\"Guantes t\u00e1cticos duros para nudillos, combate militar, Airsoft, Lucha, Escalada, tiro, guantes de dedo completo para Paintball\" \/><img decoding=\"async\" title=\"Guantes t\u00e1cticos duros para nudillos, combate militar, Airsoft, Lucha, Escalada, tiro, guantes de dedo completo para Paintball\" src=\"https:\/\/bodegaoutdoor.cl\/store\/wp-content\/uploads\/2020\/08\/11349-m2ybmf.jpg\" alt=\"Guantes t\u00e1cticos duros para nudillos, combate militar, Airsoft, Lucha, Escalada, tiro, guantes de dedo completo para Paintball\" \/><img decoding=\"async\" title=\"Guantes t\u00e1cticos duros para nudillos, combate militar, Airsoft, Lucha, Escalada, tiro, guantes de dedo completo para Paintball\" src=\"https:\/\/bodegaoutdoor.cl\/store\/wp-content\/uploads\/2020\/08\/11349-jcop1l.jpg\" alt=\"Guantes t\u00e1cticos duros para nudillos, combate militar, Airsoft, Lucha, Escalada, tiro, guantes de dedo completo para Paintball\" \/><img decoding=\"async\" title=\"Guantes t\u00e1cticos duros para nudillos, combate militar, Airsoft, Lucha, Escalada, tiro, guantes de dedo completo para Paintball\" src=\"https:\/\/bodegaoutdoor.cl\/store\/wp-content\/uploads\/2020\/08\/11349-a7ocjq.jpg\" alt=\"Guantes t\u00e1cticos duros para nudillos, combate militar, Airsoft, Lucha, Escalada, tiro, guantes de dedo completo para Paintball\" \/><img decoding=\"async\" title=\"Guantes t\u00e1cticos duros para nudillos, combate militar, Airsoft, Lucha, Escalada, tiro, guantes de dedo completo para Paintball\" src=\"https:\/\/bodegaoutdoor.cl\/store\/wp-content\/uploads\/2020\/08\/11349-tucslb.jpg\" alt=\"Guantes t\u00e1cticos duros para nudillos, combate militar, Airsoft, Lucha, Escalada, tiro, guantes de dedo completo para Paintball\" \/><img decoding=\"async\" title=\"Guantes t\u00e1cticos duros para nudillos, combate militar, Airsoft, Lucha, Escalada, tiro, guantes de dedo completo para Paintball\" src=\"https:\/\/bodegaoutdoor.cl\/store\/wp-content\/uploads\/2020\/08\/11349-rowwhu.jpg\" alt=\"Guantes t\u00e1cticos duros para nudillos, combate militar, Airsoft, Lucha, Escalada, tiro, guantes de dedo completo para Paintball\" \/><img decoding=\"async\" title=\"Guantes t\u00e1cticos duros para nudillos, combate militar, Airsoft, Lucha, Escalada, tiro, guantes de dedo completo para Paintball\" src=\"https:\/\/bodegaoutdoor.cl\/store\/wp-content\/uploads\/2020\/08\/11349-l1kbk4.jpg\" alt=\"Guantes t\u00e1cticos duros para nudillos, combate militar, Airsoft, Lucha, Escalada, tiro, guantes de dedo completo para Paintball\" \/><img decoding=\"async\" title=\"Guantes t\u00e1cticos duros para nudillos, combate militar, Airsoft, Lucha, Escalada, tiro, guantes de dedo completo para Paintball\" src=\"https:\/\/bodegaoutdoor.cl\/store\/wp-content\/uploads\/2020\/08\/11349-1lfehp.jpg\" alt=\"Guantes t\u00e1cticos duros para nudillos, combate militar, Airsoft, Lucha, Escalada, tiro, guantes de dedo completo para Paintball\" \/><img decoding=\"async\" title=\"Guantes t\u00e1cticos duros para nudillos, combate militar, Airsoft, Lucha, Escalada, tiro, guantes de dedo completo para Paintball\" src=\"https:\/\/bodegaoutdoor.cl\/store\/wp-content\/uploads\/2020\/08\/11349-e18hkx.jpg\" alt=\"Guantes t\u00e1cticos duros para nudillos, combate militar, Airsoft, Lucha, Escalada, tiro, guantes de dedo completo para Paintball\" \/><\/div>\n\n    <div class=\"xs_social_share_widget xs_share_url after_content \t\tmain_content  wslu-style-1 wslu-share-box-shaped wslu-fill-colored wslu-none wslu-share-horizontal wslu-theme-font-no wslu-main_content\">\n\n\t\t\n        <ul>\n\t\t\t        <\/ul>\n    <\/div> \n","protected":false},"excerpt":{"rendered":"<p>Dise\u00f1o profesional t\u00e1ctico guantes Caracter\u00edsticas: utiliza tela de microfibra de alta calidad, puede pulir los nudillos de goma. Panel de refuerzo una palma proporciona mayor durabilidad. Proporciona una protecci\u00f3n completa adecuada para cualquier ocasi\u00f3n, como guantes t\u00e1cticos, guantes militares, guantes de caza, guantes protectores de moto, guantes de conducci\u00f3n, senderismoGuantes, Trabajo Guantes de pescaGuantes CorriendoGuantes [&hellip;]<\/p>\n","protected":false},"featured_media":11359,"comment_status":"open","ping_status":"closed","template":"","meta":{"jetpack_publicize_message":"","jetpack_publicize_feature_enabled":true,"jetpack_social_post_already_shared":true,"jetpack_social_options":{"image_generator_settings":{"template":"highway","enabled":false},"version":2}},"product_brand":[],"product_cat":[490],"product_tag":[],"class_list":{"0":"post-11349","1":"product","2":"type-product","3":"status-publish","4":"has-post-thumbnail","6":"product_cat-guantes","8":"first","9":"instock","10":"sale","11":"taxable","12":"shipping-taxable","13":"purchasable","14":"product-type-variable"},"jetpack_publicize_connections":[],"jetpack_sharing_enabled":true,"_links":{"self":[{"href":"https:\/\/bodegaoutdoor.cl\/store\/wp-json\/wp\/v2\/product\/11349","targetHints":{"allow":["GET"]}}],"collection":[{"href":"https:\/\/bodegaoutdoor.cl\/store\/wp-json\/wp\/v2\/product"}],"about":[{"href":"https:\/\/bodegaoutdoor.cl\/store\/wp-json\/wp\/v2\/types\/product"}],"replies":[{"embeddable":true,"href":"https:\/\/bodegaoutdoor.cl\/store\/wp-json\/wp\/v2\/comments?post=11349"}],"version-history":[{"count":1,"href":"https:\/\/bodegaoutdoor.cl\/store\/wp-json\/wp\/v2\/product\/11349\/revisions"}],"predecessor-version":[{"id":71276,"href":"https:\/\/bodegaoutdoor.cl\/store\/wp-json\/wp\/v2\/product\/11349\/revisions\/71276"}],"wp:featuredmedia":[{"embeddable":true,"href":"https:\/\/bodegaoutdoor.cl\/store\/wp-json\/wp\/v2\/media\/11359"}],"wp:attachment":[{"href":"https:\/\/bodegaoutdoor.cl\/store\/wp-json\/wp\/v2\/media?parent=11349"}],"wp:term":[{"taxonomy":"product_brand","embeddable":true,"href":"https:\/\/bodegaoutdoor.cl\/store\/wp-json\/wp\/v2\/product_brand?post=11349"},{"taxonomy":"product_cat","embeddable":true,"href":"https:\/\/bodegaoutdoor.cl\/store\/wp-json\/wp\/v2\/product_cat?post=11349"},{"taxonomy":"product_tag","embeddable":true,"href":"https:\/\/bodegaoutdoor.cl\/store\/wp-json\/wp\/v2\/product_tag?post=11349"}],"curies":[{"name":"wp","href":"https:\/\/api.w.org\/{rel}","templated":true}]}}