{"id":11382,"date":"2020-08-23T04:26:10","date_gmt":"2020-08-23T04:26:10","guid":{"rendered":"https:\/\/bodegaoutdoor.cl\/store\/product\/patinete-electrico-plegable-de-un-solo-paso-para-adultos-de-velocidad-maxima-motor-de-monopatin-para-desplazamientos-y-viajes\/"},"modified":"2023-05-04T19:19:28","modified_gmt":"2023-05-04T23:19:28","slug":"patinete-electrico-plegable-de-un-solo-paso-para-adultos-de-velocidad-maxima-motor-de-monopatin-para-desplazamientos-y-viajes","status":"publish","type":"product","link":"https:\/\/bodegaoutdoor.cl\/store\/product\/patinete-electrico-plegable-de-un-solo-paso-para-adultos-de-velocidad-maxima-motor-de-monopatin-para-desplazamientos-y-viajes\/","title":{"rendered":"Patinete el\u00e9ctrico plegable Motor monopat\u00edn Hombre y Mujer"},"content":{"rendered":"<p align=\"center\"><span style=\"font-size: 24px;\">Scooter El\u00e9ctrico para adultos plegable de un solo paso para desplazamientos y viajes<\/span><\/p>\n<p align=\"center\"><span style=\"font-size: 24px;\">\u00a0<\/span><\/p>\n<p style=\"text-align: left;\" align=\"center\">Rendimiento SUPERIOR: el scooter el\u00e9ctrico tiene un motor de 250 vatios, con una velocidad m\u00e1xima de 20 por hora y un rango de 13-16 millas, que cubre empinadas 15% colinas con facilidad.<\/p>\n<p style=\"text-align: left;\" align=\"center\">Dise\u00f1o de plegado en un solo paso-con plegado de pie de 1 segundo, el patinete el\u00e9ctrico se puede desmontar r\u00e1pidamente. Despu\u00e9s de plegarse, el scooter se puede llevar solo, por lo que es un compa\u00f1ero de viaje perfecto.<\/p>\n<p style=\"text-align: left;\" align=\"center\">Seguridad y comodidad: el frenado es suave y seguro. El excelente sistema de frenado hace que el freno responda m\u00e1s r\u00e1pidamente y mejora la seguridad al usarlo. La vibraci\u00f3n frontal reduce la m\u00e1xima comodidad del usuario.<\/p>\n<p style=\"text-align: left;\" align=\"center\">\u00danico y humanizado: La Vespa el\u00e9ctrica para adultos est\u00e1 equipada con correas de pie m\u00e1s anchas: pedal deslizante para soporte de pies m\u00e1s grandes, faros dobles para montar de noche segura, montar con alivio.<\/p>\n<p style=\"text-align: left;\" align=\"center\">Dise\u00f1o de moda: El hombre encantador de tu vida.<\/p>\n<p align=\"center\"><img decoding=\"async\" title=\"Patinete el\u00e9ctrico plegable de un solo paso para adultos de velocidad m\u00e1xima, Motor de monopat\u00edn para desplazamientos y viajes\" src=\"https:\/\/bodegaoutdoor.cl\/store\/wp-content\/uploads\/2020\/08\/11382-pjgynq.jpg\" alt=\"Patinete el\u00e9ctrico plegable de un solo paso para adultos de velocidad m\u00e1xima, Motor de monopat\u00edn para desplazamientos y viajes\" \/><\/p>\n<p align=\"center\"><img decoding=\"async\" title=\"Patinete el\u00e9ctrico plegable de un solo paso para adultos de velocidad m\u00e1xima, Motor de monopat\u00edn para desplazamientos y viajes\" src=\"https:\/\/bodegaoutdoor.cl\/store\/wp-content\/uploads\/2020\/08\/11382-wybnd0.jpg\" alt=\"Patinete el\u00e9ctrico plegable de un solo paso para adultos de velocidad m\u00e1xima, Motor de monopat\u00edn para desplazamientos y viajes\" \/><\/p>\n<p align=\"center\"><img decoding=\"async\" title=\"Patinete el\u00e9ctrico plegable de un solo paso para adultos de velocidad m\u00e1xima, Motor de monopat\u00edn para desplazamientos y viajes\" src=\"https:\/\/bodegaoutdoor.cl\/store\/wp-content\/uploads\/2020\/08\/11382-uyrets.jpg\" alt=\"Patinete el\u00e9ctrico plegable de un solo paso para adultos de velocidad m\u00e1xima, Motor de monopat\u00edn para desplazamientos y viajes\" \/><\/p>\n<p align=\"center\"><img decoding=\"async\" title=\"Patinete el\u00e9ctrico plegable de un solo paso para adultos de velocidad m\u00e1xima, Motor de monopat\u00edn para desplazamientos y viajes\" src=\"https:\/\/bodegaoutdoor.cl\/store\/wp-content\/uploads\/2020\/08\/11382-903ify.jpg\" alt=\"Patinete el\u00e9ctrico plegable de un solo paso para adultos de velocidad m\u00e1xima, Motor de monopat\u00edn para desplazamientos y viajes\" \/><\/p>\n<p align=\"center\"><img decoding=\"async\" title=\"Patinete el\u00e9ctrico plegable de un solo paso para adultos de velocidad m\u00e1xima, Motor de monopat\u00edn para desplazamientos y viajes\" src=\"https:\/\/bodegaoutdoor.cl\/store\/wp-content\/uploads\/2020\/08\/11382-bk0obj.jpg\" alt=\"Patinete el\u00e9ctrico plegable de un solo paso para adultos de velocidad m\u00e1xima, Motor de monopat\u00edn para desplazamientos y viajes\" \/><\/p>\n<p align=\"center\"><img decoding=\"async\" title=\"Patinete el\u00e9ctrico plegable de un solo paso para adultos de velocidad m\u00e1xima, Motor de monopat\u00edn para desplazamientos y viajes\" src=\"https:\/\/bodegaoutdoor.cl\/store\/wp-content\/uploads\/2020\/08\/11382-kxxspk.jpg\" alt=\"Patinete el\u00e9ctrico plegable de un solo paso para adultos de velocidad m\u00e1xima, Motor de monopat\u00edn para desplazamientos y viajes\" \/><\/p>\n<p align=\"center\"><img decoding=\"async\" title=\"Patinete el\u00e9ctrico plegable de un solo paso para adultos de velocidad m\u00e1xima, Motor de monopat\u00edn para desplazamientos y viajes\" src=\"https:\/\/bodegaoutdoor.cl\/store\/wp-content\/uploads\/2020\/08\/11382-3qsquv.jpg\" alt=\"Patinete el\u00e9ctrico plegable de un solo paso para adultos de velocidad m\u00e1xima, Motor de monopat\u00edn para desplazamientos y viajes\" \/><\/p>\n<p align=\"center\"><img decoding=\"async\" title=\"Patinete el\u00e9ctrico plegable de un solo paso para adultos de velocidad m\u00e1xima, Motor de monopat\u00edn para desplazamientos y viajes\" src=\"https:\/\/bodegaoutdoor.cl\/store\/wp-content\/uploads\/2020\/08\/11382-qojoap.jpg\" alt=\"Patinete el\u00e9ctrico plegable de un solo paso para adultos de velocidad m\u00e1xima, Motor de monopat\u00edn para desplazamientos y viajes\" \/><\/p>\n<p style=\"text-align: left;\" align=\"center\">\n<p>&nbsp;<\/p>\n<div><\/div>\n<div><\/div>\n\n    <div class=\"xs_social_share_widget xs_share_url after_content \t\tmain_content  wslu-style-1 wslu-share-box-shaped wslu-fill-colored wslu-none wslu-share-horizontal wslu-theme-font-no wslu-main_content\">\n\n\t\t\n        <ul>\n\t\t\t        <\/ul>\n    <\/div> \n","protected":false},"excerpt":{"rendered":"<p>Scooter El\u00e9ctrico para adultos plegable de un solo paso para desplazamientos y viajes \u00a0 Rendimiento SUPERIOR: el scooter el\u00e9ctrico tiene un motor de 250 vatios, con una velocidad m\u00e1xima de 20 por hora y un rango de 13-16 millas, que cubre empinadas 15% colinas con facilidad. Dise\u00f1o de plegado en un solo paso-con plegado de [&hellip;]<\/p>\n","protected":false},"featured_media":11387,"comment_status":"open","ping_status":"closed","template":"","meta":{"jetpack_publicize_message":"","jetpack_publicize_feature_enabled":true,"jetpack_social_post_already_shared":true,"jetpack_social_options":{"image_generator_settings":{"template":"highway","enabled":false},"version":2}},"product_brand":[],"product_cat":[15,851],"product_tag":[],"class_list":{"0":"post-11382","1":"product","2":"type-product","3":"status-publish","4":"has-post-thumbnail","6":"product_cat-otros","7":"product_cat-patin-electrico","9":"first","10":"instock","11":"sale","12":"taxable","13":"shipping-taxable","14":"purchasable","15":"product-type-variable"},"jetpack_publicize_connections":[],"jetpack_sharing_enabled":true,"_links":{"self":[{"href":"https:\/\/bodegaoutdoor.cl\/store\/wp-json\/wp\/v2\/product\/11382","targetHints":{"allow":["GET"]}}],"collection":[{"href":"https:\/\/bodegaoutdoor.cl\/store\/wp-json\/wp\/v2\/product"}],"about":[{"href":"https:\/\/bodegaoutdoor.cl\/store\/wp-json\/wp\/v2\/types\/product"}],"replies":[{"embeddable":true,"href":"https:\/\/bodegaoutdoor.cl\/store\/wp-json\/wp\/v2\/comments?post=11382"}],"version-history":[{"count":2,"href":"https:\/\/bodegaoutdoor.cl\/store\/wp-json\/wp\/v2\/product\/11382\/revisions"}],"predecessor-version":[{"id":71275,"href":"https:\/\/bodegaoutdoor.cl\/store\/wp-json\/wp\/v2\/product\/11382\/revisions\/71275"}],"wp:featuredmedia":[{"embeddable":true,"href":"https:\/\/bodegaoutdoor.cl\/store\/wp-json\/wp\/v2\/media\/11387"}],"wp:attachment":[{"href":"https:\/\/bodegaoutdoor.cl\/store\/wp-json\/wp\/v2\/media?parent=11382"}],"wp:term":[{"taxonomy":"product_brand","embeddable":true,"href":"https:\/\/bodegaoutdoor.cl\/store\/wp-json\/wp\/v2\/product_brand?post=11382"},{"taxonomy":"product_cat","embeddable":true,"href":"https:\/\/bodegaoutdoor.cl\/store\/wp-json\/wp\/v2\/product_cat?post=11382"},{"taxonomy":"product_tag","embeddable":true,"href":"https:\/\/bodegaoutdoor.cl\/store\/wp-json\/wp\/v2\/product_tag?post=11382"}],"curies":[{"name":"wp","href":"https:\/\/api.w.org\/{rel}","templated":true}]}}