{"id":11500,"date":"2020-08-24T03:28:48","date_gmt":"2020-08-24T03:28:48","guid":{"rendered":"https:\/\/bodegaoutdoor.cl\/store\/product\/venta-al-por-mayor-300-unids-lote-deporte-al-aire-libre-turbantes-ciclismo-bufanda-scarvescycling-correr-magia-diadema\/"},"modified":"2025-05-20T18:59:55","modified_gmt":"2025-05-20T22:59:55","slug":"pack-10-unidades-lote-bufanda-scarvescycling-scarf-bandana-cuello-outdoor","status":"publish","type":"product","link":"https:\/\/bodegaoutdoor.cl\/store\/product\/pack-10-unidades-lote-bufanda-scarvescycling-scarf-bandana-cuello-outdoor\/","title":{"rendered":"Pack 10 unidades\/lote bufanda ScarvesCycling Scarf Bandana Cuello Outdoor"},"content":{"rendered":"<p><span style=\"font-size: 18.0px;\">Venta al por mayor, 300 unids\/lote, para ciclismo, Running, senderismo, magia, moda, diadema, turbantes deportivos, bufanda para ciclismo, bufandas literarias<\/span><\/p>\n<p><span style=\"font-size: 18.0px;\">Tama\u00f1o: 24x49cm<\/span><\/p>\n<p><span style=\"font-size: 18.0px;\">M\u00e1s de 200 colores como en el siguiente Cat\u00e1logo. Cuando realices un pedido, cont\u00e1ctanos para confirmar los colores que necesitas. Gracias<\/span><\/p>\n<p><span style=\"font-size: 18.0px;\"><img fetchpriority=\"high\" decoding=\"async\" title=\"Venta al por mayor 300 unids\/lote deporte al aire libre turbantes ciclismo bufanda ScarvesCycling correr magia diadema\" src=\"https:\/\/bodegaoutdoor.cl\/store\/wp-content\/uploads\/2020\/08\/11500-epixmx.jpg\" alt=\"Venta al por mayor 300 unids\/lote deporte al aire libre turbantes ciclismo bufanda ScarvesCycling correr magia diadema\" width=\"800\" height=\"850\" \/><img decoding=\"async\" title=\"Venta al por mayor 300 unids\/lote deporte al aire libre turbantes ciclismo bufanda ScarvesCycling correr magia diadema\" src=\"https:\/\/bodegaoutdoor.cl\/store\/wp-content\/uploads\/2020\/08\/11500-kcducx.jpg\" alt=\"Venta al por mayor 300 unids\/lote deporte al aire libre turbantes ciclismo bufanda ScarvesCycling correr magia diadema\" width=\"800\" height=\"600\" \/><img decoding=\"async\" title=\"Venta al por mayor 300 unids\/lote deporte al aire libre turbantes ciclismo bufanda ScarvesCycling correr magia diadema\" src=\"https:\/\/bodegaoutdoor.cl\/store\/wp-content\/uploads\/2020\/08\/11500-iz19ex.jpg\" alt=\"Venta al por mayor 300 unids\/lote deporte al aire libre turbantes ciclismo bufanda ScarvesCycling correr magia diadema\" width=\"800\" height=\"600\" \/><img decoding=\"async\" title=\"Venta al por mayor 300 unids\/lote deporte al aire libre turbantes ciclismo bufanda ScarvesCycling correr magia diadema\" src=\"https:\/\/bodegaoutdoor.cl\/store\/wp-content\/uploads\/2020\/08\/11500-eoje9q.jpg\" alt=\"Venta al por mayor 300 unids\/lote deporte al aire libre turbantes ciclismo bufanda ScarvesCycling correr magia diadema\" \/><img decoding=\"async\" title=\"Venta al por mayor 300 unids\/lote deporte al aire libre turbantes ciclismo bufanda ScarvesCycling correr magia diadema\" src=\"https:\/\/bodegaoutdoor.cl\/store\/wp-content\/uploads\/2020\/08\/11500-ka0fsz.jpg\" alt=\"Venta al por mayor 300 unids\/lote deporte al aire libre turbantes ciclismo bufanda ScarvesCycling correr magia diadema\" \/><img decoding=\"async\" title=\"Venta al por mayor 300 unids\/lote deporte al aire libre turbantes ciclismo bufanda ScarvesCycling correr magia diadema\" src=\"https:\/\/bodegaoutdoor.cl\/store\/wp-content\/uploads\/2020\/08\/11500-tww1c1.jpg\" alt=\"Venta al por mayor 300 unids\/lote deporte al aire libre turbantes ciclismo bufanda ScarvesCycling correr magia diadema\" \/><img decoding=\"async\" title=\"Venta al por mayor 300 unids\/lote deporte al aire libre turbantes ciclismo bufanda ScarvesCycling correr magia diadema\" src=\"https:\/\/bodegaoutdoor.cl\/store\/wp-content\/uploads\/2020\/08\/11500-ehgrrd.jpg\" alt=\"Venta al por mayor 300 unids\/lote deporte al aire libre turbantes ciclismo bufanda ScarvesCycling correr magia diadema\" \/><img decoding=\"async\" title=\"Venta al por mayor 300 unids\/lote deporte al aire libre turbantes ciclismo bufanda ScarvesCycling correr magia diadema\" src=\"https:\/\/bodegaoutdoor.cl\/store\/wp-content\/uploads\/2020\/08\/11500-yyoqrn.jpg\" alt=\"Venta al por mayor 300 unids\/lote deporte al aire libre turbantes ciclismo bufanda ScarvesCycling correr magia diadema\" \/><img decoding=\"async\" title=\"Venta al por mayor 300 unids\/lote deporte al aire libre turbantes ciclismo bufanda ScarvesCycling correr magia diadema\" src=\"https:\/\/bodegaoutdoor.cl\/store\/wp-content\/uploads\/2020\/08\/11500-oxqjrm.jpg\" alt=\"Venta al por mayor 300 unids\/lote deporte al aire libre turbantes ciclismo bufanda ScarvesCycling correr magia diadema\" \/><img decoding=\"async\" title=\"Venta al por mayor 300 unids\/lote deporte al aire libre turbantes ciclismo bufanda ScarvesCycling correr magia diadema\" src=\"https:\/\/bodegaoutdoor.cl\/store\/wp-content\/uploads\/2020\/08\/11500-tf6xvb.jpg\" alt=\"Venta al por mayor 300 unids\/lote deporte al aire libre turbantes ciclismo bufanda ScarvesCycling correr magia diadema\" \/><img decoding=\"async\" title=\"Venta al por mayor 300 unids\/lote deporte al aire libre turbantes ciclismo bufanda ScarvesCycling correr magia diadema\" src=\"https:\/\/bodegaoutdoor.cl\/store\/wp-content\/uploads\/2020\/08\/11500-n0cl11.jpg\" alt=\"Venta al por mayor 300 unids\/lote deporte al aire libre turbantes ciclismo bufanda ScarvesCycling correr magia diadema\" \/><img decoding=\"async\" title=\"Venta al por mayor 300 unids\/lote deporte al aire libre turbantes ciclismo bufanda ScarvesCycling correr magia diadema\" src=\"https:\/\/bodegaoutdoor.cl\/store\/wp-content\/uploads\/2020\/08\/11500-avsdwv.jpg\" alt=\"Venta al por mayor 300 unids\/lote deporte al aire libre turbantes ciclismo bufanda ScarvesCycling correr magia diadema\" \/><img decoding=\"async\" title=\"Venta al por mayor 300 unids\/lote deporte al aire libre turbantes ciclismo bufanda ScarvesCycling correr magia diadema\" src=\"https:\/\/bodegaoutdoor.cl\/store\/wp-content\/uploads\/2020\/08\/11500-qajp6o.jpg\" alt=\"Venta al por mayor 300 unids\/lote deporte al aire libre turbantes ciclismo bufanda ScarvesCycling correr magia diadema\" \/><img decoding=\"async\" title=\"Venta al por mayor 300 unids\/lote deporte al aire libre turbantes ciclismo bufanda ScarvesCycling correr magia diadema\" src=\"https:\/\/bodegaoutdoor.cl\/store\/wp-content\/uploads\/2020\/08\/11500-as4fwl.jpg\" alt=\"Venta al por mayor 300 unids\/lote deporte al aire libre turbantes ciclismo bufanda ScarvesCycling correr magia diadema\" \/><img decoding=\"async\" title=\"Venta al por mayor 300 unids\/lote deporte al aire libre turbantes ciclismo bufanda ScarvesCycling correr magia diadema\" src=\"https:\/\/bodegaoutdoor.cl\/store\/wp-content\/uploads\/2020\/08\/11500-pbyqop.jpg\" alt=\"Venta al por mayor 300 unids\/lote deporte al aire libre turbantes ciclismo bufanda ScarvesCycling correr magia diadema\" \/><img decoding=\"async\" title=\"Venta al por mayor 300 unids\/lote deporte al aire libre turbantes ciclismo bufanda ScarvesCycling correr magia diadema\" src=\"https:\/\/bodegaoutdoor.cl\/store\/wp-content\/uploads\/2020\/08\/11500-gteceu.jpg\" alt=\"Venta al por mayor 300 unids\/lote deporte al aire libre turbantes ciclismo bufanda ScarvesCycling correr magia diadema\" \/><img decoding=\"async\" title=\"Venta al por mayor 300 unids\/lote deporte al aire libre turbantes ciclismo bufanda ScarvesCycling correr magia diadema\" src=\"https:\/\/bodegaoutdoor.cl\/store\/wp-content\/uploads\/2020\/08\/11500-r96sxd.jpg\" alt=\"Venta al por mayor 300 unids\/lote deporte al aire libre turbantes ciclismo bufanda ScarvesCycling correr magia diadema\" \/><img decoding=\"async\" title=\"Venta al por mayor 300 unids\/lote deporte al aire libre turbantes ciclismo bufanda ScarvesCycling correr magia diadema\" src=\"https:\/\/bodegaoutdoor.cl\/store\/wp-content\/uploads\/2020\/08\/11500-yspxhq.jpg\" alt=\"Venta al por mayor 300 unids\/lote deporte al aire libre turbantes ciclismo bufanda ScarvesCycling correr magia diadema\" \/><img decoding=\"async\" title=\"Venta al por mayor 300 unids\/lote deporte al aire libre turbantes ciclismo bufanda ScarvesCycling correr magia diadema\" src=\"https:\/\/bodegaoutdoor.cl\/store\/wp-content\/uploads\/2020\/08\/11500-fjgzqd.jpg\" alt=\"Venta al por mayor 300 unids\/lote deporte al aire libre turbantes ciclismo bufanda ScarvesCycling correr magia diadema\" \/><img decoding=\"async\" title=\"Venta al por mayor 300 unids\/lote deporte al aire libre turbantes ciclismo bufanda ScarvesCycling correr magia diadema\" src=\"https:\/\/bodegaoutdoor.cl\/store\/wp-content\/uploads\/2020\/08\/11500-lphs7l.jpg\" alt=\"Venta al por mayor 300 unids\/lote deporte al aire libre turbantes ciclismo bufanda ScarvesCycling correr magia diadema\" \/><img decoding=\"async\" title=\"Venta al por mayor 300 unids\/lote deporte al aire libre turbantes ciclismo bufanda ScarvesCycling correr magia diadema\" src=\"https:\/\/bodegaoutdoor.cl\/store\/wp-content\/uploads\/2020\/08\/11500-7flnhg.jpg\" alt=\"Venta al por mayor 300 unids\/lote deporte al aire libre turbantes ciclismo bufanda ScarvesCycling correr magia diadema\" \/><img decoding=\"async\" title=\"Venta al por mayor 300 unids\/lote deporte al aire libre turbantes ciclismo bufanda ScarvesCycling correr magia diadema\" src=\"https:\/\/bodegaoutdoor.cl\/store\/wp-content\/uploads\/2020\/08\/11500-tfddo6.jpg\" alt=\"Venta al por mayor 300 unids\/lote deporte al aire libre turbantes ciclismo bufanda ScarvesCycling correr magia diadema\" \/><img decoding=\"async\" title=\"Venta al por mayor 300 unids\/lote deporte al aire libre turbantes ciclismo bufanda ScarvesCycling correr magia diadema\" src=\"https:\/\/bodegaoutdoor.cl\/store\/wp-content\/uploads\/2020\/08\/11500-mqmjy1.jpg\" alt=\"Venta al por mayor 300 unids\/lote deporte al aire libre turbantes ciclismo bufanda ScarvesCycling correr magia diadema\" \/><img decoding=\"async\" title=\"Venta al por mayor 300 unids\/lote deporte al aire libre turbantes ciclismo bufanda ScarvesCycling correr magia diadema\" src=\"https:\/\/bodegaoutdoor.cl\/store\/wp-content\/uploads\/2020\/08\/11500-iqdvpt.jpg\" alt=\"Venta al por mayor 300 unids\/lote deporte al aire libre turbantes ciclismo bufanda ScarvesCycling correr magia diadema\" \/><img decoding=\"async\" title=\"Venta al por mayor 300 unids\/lote deporte al aire libre turbantes ciclismo bufanda ScarvesCycling correr magia diadema\" src=\"https:\/\/bodegaoutdoor.cl\/store\/wp-content\/uploads\/2020\/08\/11500-cl92fw.jpg\" alt=\"Venta al por mayor 300 unids\/lote deporte al aire libre turbantes ciclismo bufanda ScarvesCycling correr magia diadema\" \/><img decoding=\"async\" title=\"Venta al por mayor 300 unids\/lote deporte al aire libre turbantes ciclismo bufanda ScarvesCycling correr magia diadema\" src=\"https:\/\/bodegaoutdoor.cl\/store\/wp-content\/uploads\/2020\/08\/11500-8iksah.jpg\" alt=\"Venta al por mayor 300 unids\/lote deporte al aire libre turbantes ciclismo bufanda ScarvesCycling correr magia diadema\" \/><img decoding=\"async\" title=\"Venta al por mayor 300 unids\/lote deporte al aire libre turbantes ciclismo bufanda ScarvesCycling correr magia diadema\" src=\"https:\/\/bodegaoutdoor.cl\/store\/wp-content\/uploads\/2020\/08\/11500-smj3xp.jpg\" alt=\"Venta al por mayor 300 unids\/lote deporte al aire libre turbantes ciclismo bufanda ScarvesCycling correr magia diadema\" \/><img decoding=\"async\" title=\"Venta al por mayor 300 unids\/lote deporte al aire libre turbantes ciclismo bufanda ScarvesCycling correr magia diadema\" src=\"https:\/\/bodegaoutdoor.cl\/store\/wp-content\/uploads\/2020\/08\/11500-m1j7kw.jpg\" alt=\"Venta al por mayor 300 unids\/lote deporte al aire libre turbantes ciclismo bufanda ScarvesCycling correr magia diadema\" \/><img decoding=\"async\" title=\"Venta al por mayor 300 unids\/lote deporte al aire libre turbantes ciclismo bufanda ScarvesCycling correr magia diadema\" src=\"https:\/\/bodegaoutdoor.cl\/store\/wp-content\/uploads\/2020\/08\/11500-9qeaym.jpg\" alt=\"Venta al por mayor 300 unids\/lote deporte al aire libre turbantes ciclismo bufanda ScarvesCycling correr magia diadema\" \/><img decoding=\"async\" title=\"Venta al por mayor 300 unids\/lote deporte al aire libre turbantes ciclismo bufanda ScarvesCycling correr magia diadema\" src=\"https:\/\/bodegaoutdoor.cl\/store\/wp-content\/uploads\/2020\/08\/11500-0o5vyb.jpg\" alt=\"Venta al por mayor 300 unids\/lote deporte al aire libre turbantes ciclismo bufanda ScarvesCycling correr magia diadema\" \/><img decoding=\"async\" title=\"Venta al por mayor 300 unids\/lote deporte al aire libre turbantes ciclismo bufanda ScarvesCycling correr magia diadema\" src=\"https:\/\/bodegaoutdoor.cl\/store\/wp-content\/uploads\/2020\/08\/11500-fpgtp0.jpg\" alt=\"Venta al por mayor 300 unids\/lote deporte al aire libre turbantes ciclismo bufanda ScarvesCycling correr magia diadema\" \/><img decoding=\"async\" title=\"Venta al por mayor 300 unids\/lote deporte al aire libre turbantes ciclismo bufanda ScarvesCycling correr magia diadema\" src=\"https:\/\/bodegaoutdoor.cl\/store\/wp-content\/uploads\/2020\/08\/11500-9cmm3g.jpg\" alt=\"Venta al por mayor 300 unids\/lote deporte al aire libre turbantes ciclismo bufanda ScarvesCycling correr magia diadema\" \/><img decoding=\"async\" title=\"Venta al por mayor 300 unids\/lote deporte al aire libre turbantes ciclismo bufanda ScarvesCycling correr magia diadema\" src=\"https:\/\/bodegaoutdoor.cl\/store\/wp-content\/uploads\/2020\/08\/11500-9c3e6b.jpg\" alt=\"Venta al por mayor 300 unids\/lote deporte al aire libre turbantes ciclismo bufanda ScarvesCycling correr magia diadema\" \/><img decoding=\"async\" title=\"Venta al por mayor 300 unids\/lote deporte al aire libre turbantes ciclismo bufanda ScarvesCycling correr magia diadema\" src=\"https:\/\/bodegaoutdoor.cl\/store\/wp-content\/uploads\/2020\/08\/11500-gcwxk3.jpg\" alt=\"Venta al por mayor 300 unids\/lote deporte al aire libre turbantes ciclismo bufanda ScarvesCycling correr magia diadema\" \/><img decoding=\"async\" title=\"Venta al por mayor 300 unids\/lote deporte al aire libre turbantes ciclismo bufanda ScarvesCycling correr magia diadema\" src=\"https:\/\/bodegaoutdoor.cl\/store\/wp-content\/uploads\/2020\/08\/11500-0fgtdv.jpg\" alt=\"Venta al por mayor 300 unids\/lote deporte al aire libre turbantes ciclismo bufanda ScarvesCycling correr magia diadema\" \/><img decoding=\"async\" title=\"Venta al por mayor 300 unids\/lote deporte al aire libre turbantes ciclismo bufanda ScarvesCycling correr magia diadema\" src=\"https:\/\/bodegaoutdoor.cl\/store\/wp-content\/uploads\/2020\/08\/11500-eqvvwn.jpg\" alt=\"Venta al por mayor 300 unids\/lote deporte al aire libre turbantes ciclismo bufanda ScarvesCycling correr magia diadema\" \/><img decoding=\"async\" title=\"Venta al por mayor 300 unids\/lote deporte al aire libre turbantes ciclismo bufanda ScarvesCycling correr magia diadema\" src=\"https:\/\/bodegaoutdoor.cl\/store\/wp-content\/uploads\/2020\/08\/11500-zsg8i9.jpg\" alt=\"Venta al por mayor 300 unids\/lote deporte al aire libre turbantes ciclismo bufanda ScarvesCycling correr magia diadema\" \/><img decoding=\"async\" title=\"Venta al por mayor 300 unids\/lote deporte al aire libre turbantes ciclismo bufanda ScarvesCycling correr magia diadema\" src=\"https:\/\/bodegaoutdoor.cl\/store\/wp-content\/uploads\/2020\/08\/11500-8edesz.jpg\" alt=\"Venta al por mayor 300 unids\/lote deporte al aire libre turbantes ciclismo bufanda ScarvesCycling correr magia diadema\" \/><img decoding=\"async\" title=\"Venta al por mayor 300 unids\/lote deporte al aire libre turbantes ciclismo bufanda ScarvesCycling correr magia diadema\" src=\"https:\/\/bodegaoutdoor.cl\/store\/wp-content\/uploads\/2020\/08\/11500-tsoosk.jpg\" alt=\"Venta al por mayor 300 unids\/lote deporte al aire libre turbantes ciclismo bufanda ScarvesCycling correr magia diadema\" \/><img decoding=\"async\" title=\"Venta al por mayor 300 unids\/lote deporte al aire libre turbantes ciclismo bufanda ScarvesCycling correr magia diadema\" src=\"https:\/\/bodegaoutdoor.cl\/store\/wp-content\/uploads\/2020\/08\/11500-lsvbhn.jpg\" alt=\"Venta al por mayor 300 unids\/lote deporte al aire libre turbantes ciclismo bufanda ScarvesCycling correr magia diadema\" \/><img decoding=\"async\" title=\"Venta al por mayor 300 unids\/lote deporte al aire libre turbantes ciclismo bufanda ScarvesCycling correr magia diadema\" src=\"https:\/\/bodegaoutdoor.cl\/store\/wp-content\/uploads\/2020\/08\/11500-catgbf.jpg\" alt=\"Venta al por mayor 300 unids\/lote deporte al aire libre turbantes ciclismo bufanda ScarvesCycling correr magia diadema\" \/><img decoding=\"async\" title=\"Venta al por mayor 300 unids\/lote deporte al aire libre turbantes ciclismo bufanda ScarvesCycling correr magia diadema\" src=\"https:\/\/bodegaoutdoor.cl\/store\/wp-content\/uploads\/2020\/08\/11500-2hfsng.jpg\" alt=\"Venta al por mayor 300 unids\/lote deporte al aire libre turbantes ciclismo bufanda ScarvesCycling correr magia diadema\" \/><\/span><\/p>\n<p><span style=\"font-size: 18.0px;\"><img decoding=\"async\" title=\"Venta al por mayor 300 unids\/lote deporte al aire libre turbantes ciclismo bufanda ScarvesCycling correr magia diadema\" src=\"https:\/\/bodegaoutdoor.cl\/store\/wp-content\/uploads\/2020\/08\/11500-3qe0g7.jpg\" alt=\"Venta al por mayor 300 unids\/lote deporte al aire libre turbantes ciclismo bufanda ScarvesCycling correr magia diadema\" \/><img decoding=\"async\" title=\"Venta al por mayor 300 unids\/lote deporte al aire libre turbantes ciclismo bufanda ScarvesCycling correr magia diadema\" src=\"https:\/\/bodegaoutdoor.cl\/store\/wp-content\/uploads\/2020\/08\/11500-9l3xqa.jpg\" alt=\"Venta al por mayor 300 unids\/lote deporte al aire libre turbantes ciclismo bufanda ScarvesCycling correr magia diadema\" \/><img decoding=\"async\" title=\"Venta al por mayor 300 unids\/lote deporte al aire libre turbantes ciclismo bufanda ScarvesCycling correr magia diadema\" src=\"https:\/\/bodegaoutdoor.cl\/store\/wp-content\/uploads\/2020\/08\/11500-y8dldd.jpg\" alt=\"Venta al por mayor 300 unids\/lote deporte al aire libre turbantes ciclismo bufanda ScarvesCycling correr magia diadema\" \/><img decoding=\"async\" title=\"Venta al por mayor 300 unids\/lote deporte al aire libre turbantes ciclismo bufanda ScarvesCycling correr magia diadema\" src=\"https:\/\/bodegaoutdoor.cl\/store\/wp-content\/uploads\/2020\/08\/11500-fndjut.jpg\" alt=\"Venta al por mayor 300 unids\/lote deporte al aire libre turbantes ciclismo bufanda ScarvesCycling correr magia diadema\" \/><img decoding=\"async\" title=\"Venta al por mayor 300 unids\/lote deporte al aire libre turbantes ciclismo bufanda ScarvesCycling correr magia diadema\" src=\"https:\/\/bodegaoutdoor.cl\/store\/wp-content\/uploads\/2020\/08\/11500-hlyehk.jpg\" alt=\"Venta al por mayor 300 unids\/lote deporte al aire libre turbantes ciclismo bufanda ScarvesCycling correr magia diadema\" \/><img decoding=\"async\" title=\"Venta al por mayor 300 unids\/lote deporte al aire libre turbantes ciclismo bufanda ScarvesCycling correr magia diadema\" src=\"https:\/\/bodegaoutdoor.cl\/store\/wp-content\/uploads\/2020\/08\/11500-xg2fny.jpg\" alt=\"Venta al por mayor 300 unids\/lote deporte al aire libre turbantes ciclismo bufanda ScarvesCycling correr magia diadema\" \/><\/span><\/p>\n\n    <div class=\"xs_social_share_widget xs_share_url after_content \t\tmain_content  wslu-style-1 wslu-share-box-shaped wslu-fill-colored wslu-none wslu-share-horizontal wslu-theme-font-no wslu-main_content\">\n\n\t\t\n        <ul>\n\t\t\t        <\/ul>\n    <\/div> \n","protected":false},"excerpt":{"rendered":"<p>Venta al por mayor, 300 unids\/lote, para ciclismo, Running, senderismo, magia, moda, diadema, turbantes deportivos, bufanda para ciclismo, bufandas literarias Tama\u00f1o: 24x49cm M\u00e1s de 200 colores como en el siguiente Cat\u00e1logo. Cuando realices un pedido, cont\u00e1ctanos para confirmar los colores que necesitas. Gracias<\/p>\n","protected":false},"featured_media":11614,"comment_status":"open","ping_status":"closed","template":"","meta":{"jetpack_publicize_message":"","jetpack_publicize_feature_enabled":true,"jetpack_social_post_already_shared":true,"jetpack_social_options":{"image_generator_settings":{"template":"highway","enabled":false},"version":2}},"product_brand":[],"product_cat":[64,331],"product_tag":[],"class_list":{"0":"post-11500","1":"product","2":"type-product","3":"status-publish","4":"has-post-thumbnail","6":"product_cat-accessories","7":"product_cat-lotes-x-mayor","9":"first","10":"instock","11":"sale","12":"taxable","13":"shipping-taxable","14":"purchasable","15":"product-type-variable"},"jetpack_publicize_connections":[],"jetpack_sharing_enabled":true,"_links":{"self":[{"href":"https:\/\/bodegaoutdoor.cl\/store\/wp-json\/wp\/v2\/product\/11500","targetHints":{"allow":["GET"]}}],"collection":[{"href":"https:\/\/bodegaoutdoor.cl\/store\/wp-json\/wp\/v2\/product"}],"about":[{"href":"https:\/\/bodegaoutdoor.cl\/store\/wp-json\/wp\/v2\/types\/product"}],"replies":[{"embeddable":true,"href":"https:\/\/bodegaoutdoor.cl\/store\/wp-json\/wp\/v2\/comments?post=11500"}],"version-history":[{"count":4,"href":"https:\/\/bodegaoutdoor.cl\/store\/wp-json\/wp\/v2\/product\/11500\/revisions"}],"predecessor-version":[{"id":87284,"href":"https:\/\/bodegaoutdoor.cl\/store\/wp-json\/wp\/v2\/product\/11500\/revisions\/87284"}],"wp:featuredmedia":[{"embeddable":true,"href":"https:\/\/bodegaoutdoor.cl\/store\/wp-json\/wp\/v2\/media\/11614"}],"wp:attachment":[{"href":"https:\/\/bodegaoutdoor.cl\/store\/wp-json\/wp\/v2\/media?parent=11500"}],"wp:term":[{"taxonomy":"product_brand","embeddable":true,"href":"https:\/\/bodegaoutdoor.cl\/store\/wp-json\/wp\/v2\/product_brand?post=11500"},{"taxonomy":"product_cat","embeddable":true,"href":"https:\/\/bodegaoutdoor.cl\/store\/wp-json\/wp\/v2\/product_cat?post=11500"},{"taxonomy":"product_tag","embeddable":true,"href":"https:\/\/bodegaoutdoor.cl\/store\/wp-json\/wp\/v2\/product_tag?post=11500"}],"curies":[{"name":"wp","href":"https:\/\/api.w.org\/{rel}","templated":true}]}}