{"id":11773,"date":"2020-08-24T04:05:30","date_gmt":"2020-08-24T04:05:30","guid":{"rendered":"https:\/\/bodegaoutdoor.cl\/store\/?post_type=product&#038;p=11773"},"modified":"2024-05-23T11:28:40","modified_gmt":"2024-05-23T15:28:40","slug":"pantalon-termico-softshell-polar-waterproof-hombre","status":"publish","type":"product","link":"https:\/\/bodegaoutdoor.cl\/store\/product\/pantalon-termico-softshell-polar-waterproof-hombre\/","title":{"rendered":"Pantal\u00f3n T\u00e9rmico Softshell +  Polar  Waterproof Hombre"},"content":{"rendered":"<div id=\"tab-description\" class=\"woocommerce-Tabs-panel woocommerce-Tabs-panel--description panel entry-content active\" role=\"tabpanel\" aria-labelledby=\"tab-title-description\">\n<p>T\u00e9rmico y repelente al agua, lo cual lo hace ideal para uso en la Nieve o zonas de temperatura baja, dise\u00f1o moderno y c\u00f3modo con tiro alto.<\/p>\n<p>Caracteristicas:<\/p>\n<ul>\n<li>Tejido Especial cortaviento<\/li>\n<li>Evita la condensaci\u00f3n de la humedad<\/li>\n<li>80% capacidad de repeler al agua<\/li>\n<li>Proteccion termica: hasta -5 \u2103 .<\/li>\n<li>Bolsillos: 2 frontales con cierre, 2 frontales con cierre<\/li>\n<li>Pretina ajustable con correa de cinta<\/li>\n<li>Composici\u00f3n exterior: Membrana SoftShell<\/li>\n<li>Composici\u00f3n interior: Micropolar<\/li>\n<li>Pais de Fabricacion: China<\/li>\n<\/ul>\n<p>&nbsp;<\/p>\n<p>Ventajas:<\/p>\n<ul>\n<li><em>Protecci\u00f3n Solar<\/em><\/li>\n<li><em>Repelente al Agua<\/em><\/li>\n<li><em>Cortaviento<\/em><\/li>\n<li><em>T\u00e9rmico<\/em><\/li>\n<\/ul>\n<p><img fetchpriority=\"high\" decoding=\"async\" class=\"alignnone size-full wp-image-20282\" src=\"https:\/\/bodegaoutdoor.cl\/store\/wp-content\/uploads\/2020\/08\/hombre-PANTALON-SOFTSHELL-2-510x510-1.jpg\" alt=\"\" width=\"510\" height=\"510\" srcset=\"https:\/\/bodegaoutdoor.cl\/store\/wp-content\/uploads\/2020\/08\/hombre-PANTALON-SOFTSHELL-2-510x510-1.jpg 510w, https:\/\/bodegaoutdoor.cl\/store\/wp-content\/uploads\/2020\/08\/hombre-PANTALON-SOFTSHELL-2-510x510-1-300x300.jpg 300w, https:\/\/bodegaoutdoor.cl\/store\/wp-content\/uploads\/2020\/08\/hombre-PANTALON-SOFTSHELL-2-510x510-1-100x100.jpg 100w, https:\/\/bodegaoutdoor.cl\/store\/wp-content\/uploads\/2020\/08\/hombre-PANTALON-SOFTSHELL-2-510x510-1-150x150.jpg 150w\" sizes=\"(max-width: 510px) 100vw, 510px\" \/> <img decoding=\"async\" class=\"alignnone size-full wp-image-20283\" src=\"https:\/\/bodegaoutdoor.cl\/store\/wp-content\/uploads\/2020\/08\/negro-1.jpg\" alt=\"\" width=\"510\" height=\"510\" srcset=\"https:\/\/bodegaoutdoor.cl\/store\/wp-content\/uploads\/2020\/08\/negro-1.jpg 510w, https:\/\/bodegaoutdoor.cl\/store\/wp-content\/uploads\/2020\/08\/negro-1-300x300.jpg 300w, https:\/\/bodegaoutdoor.cl\/store\/wp-content\/uploads\/2020\/08\/negro-1-100x100.jpg 100w, https:\/\/bodegaoutdoor.cl\/store\/wp-content\/uploads\/2020\/08\/negro-1-150x150.jpg 150w\" sizes=\"(max-width: 510px) 100vw, 510px\" \/> <img decoding=\"async\" class=\"alignnone size-full wp-image-20284\" src=\"https:\/\/bodegaoutdoor.cl\/store\/wp-content\/uploads\/2020\/08\/NEGRO1-2-1.jpg\" alt=\"\" width=\"622\" height=\"622\" srcset=\"https:\/\/bodegaoutdoor.cl\/store\/wp-content\/uploads\/2020\/08\/NEGRO1-2-1.jpg 622w, https:\/\/bodegaoutdoor.cl\/store\/wp-content\/uploads\/2020\/08\/NEGRO1-2-1-300x300.jpg 300w, https:\/\/bodegaoutdoor.cl\/store\/wp-content\/uploads\/2020\/08\/NEGRO1-2-1-100x100.jpg 100w, https:\/\/bodegaoutdoor.cl\/store\/wp-content\/uploads\/2020\/08\/NEGRO1-2-1-600x600.jpg 600w, https:\/\/bodegaoutdoor.cl\/store\/wp-content\/uploads\/2020\/08\/NEGRO1-2-1-150x150.jpg 150w\" sizes=\"(max-width: 622px) 100vw, 622px\" \/> <img loading=\"lazy\" decoding=\"async\" class=\"alignnone size-full wp-image-20285\" src=\"https:\/\/bodegaoutdoor.cl\/store\/wp-content\/uploads\/2020\/08\/NEGRO2-2-510x510-2.jpg\" alt=\"\" width=\"510\" height=\"510\" srcset=\"https:\/\/bodegaoutdoor.cl\/store\/wp-content\/uploads\/2020\/08\/NEGRO2-2-510x510-2.jpg 510w, https:\/\/bodegaoutdoor.cl\/store\/wp-content\/uploads\/2020\/08\/NEGRO2-2-510x510-2-300x300.jpg 300w, https:\/\/bodegaoutdoor.cl\/store\/wp-content\/uploads\/2020\/08\/NEGRO2-2-510x510-2-100x100.jpg 100w, https:\/\/bodegaoutdoor.cl\/store\/wp-content\/uploads\/2020\/08\/NEGRO2-2-510x510-2-150x150.jpg 150w\" sizes=\"(max-width: 510px) 100vw, 510px\" \/><\/p>\n<\/div>\n\n    <div class=\"xs_social_share_widget xs_share_url after_content \t\tmain_content  wslu-style-1 wslu-share-box-shaped wslu-fill-colored wslu-none wslu-share-horizontal wslu-theme-font-no wslu-main_content\">\n\n\t\t\n        <ul>\n\t\t\t        <\/ul>\n    <\/div> \n","protected":false},"excerpt":{"rendered":"<p>T\u00e9rmico y repelente al agua, lo cual lo hace ideal para uso en la Nieve o zonas de temperatura baja, dise\u00f1o moderno y c\u00f3modo con tiro alto. Caracteristicas: Tejido Especial cortaviento Evita la condensaci\u00f3n de la humedad 80% capacidad de repeler al agua Proteccion termica: hasta -5 \u2103 . Bolsillos: 2 frontales con cierre, 2 [&hellip;]<\/p>\n","protected":false},"featured_media":11806,"comment_status":"open","ping_status":"closed","template":"","meta":{"jetpack_publicize_message":"","jetpack_publicize_feature_enabled":true,"jetpack_social_post_already_shared":true,"jetpack_social_options":{"image_generator_settings":{"template":"highway","enabled":false},"version":2}},"product_brand":[],"product_cat":[190,62],"product_tag":[830,832,833,481,826,827,828,831,829],"class_list":{"0":"post-11773","1":"product","2":"type-product","3":"status-publish","4":"has-post-thumbnail","6":"product_cat-pantalones-hombre","7":"product_cat-vestuario-hombre","8":"product_tag-frio","9":"product_tag-lluvia","10":"product_tag-nieve","11":"product_tag-outdoor","12":"product_tag-polar","13":"product_tag-softshell","14":"product_tag-termico","15":"product_tag-viento","16":"product_tag-waterproof","18":"first","19":"instock","20":"sale","21":"taxable","22":"shipping-taxable","23":"purchasable","24":"product-type-variable","25":"has-default-attributes"},"jetpack_publicize_connections":[],"jetpack_sharing_enabled":true,"_links":{"self":[{"href":"https:\/\/bodegaoutdoor.cl\/store\/wp-json\/wp\/v2\/product\/11773","targetHints":{"allow":["GET"]}}],"collection":[{"href":"https:\/\/bodegaoutdoor.cl\/store\/wp-json\/wp\/v2\/product"}],"about":[{"href":"https:\/\/bodegaoutdoor.cl\/store\/wp-json\/wp\/v2\/types\/product"}],"replies":[{"embeddable":true,"href":"https:\/\/bodegaoutdoor.cl\/store\/wp-json\/wp\/v2\/comments?post=11773"}],"version-history":[{"count":4,"href":"https:\/\/bodegaoutdoor.cl\/store\/wp-json\/wp\/v2\/product\/11773\/revisions"}],"predecessor-version":[{"id":11797,"href":"https:\/\/bodegaoutdoor.cl\/store\/wp-json\/wp\/v2\/product\/11773\/revisions\/11797"}],"wp:featuredmedia":[{"embeddable":true,"href":"https:\/\/bodegaoutdoor.cl\/store\/wp-json\/wp\/v2\/media\/11806"}],"wp:attachment":[{"href":"https:\/\/bodegaoutdoor.cl\/store\/wp-json\/wp\/v2\/media?parent=11773"}],"wp:term":[{"taxonomy":"product_brand","embeddable":true,"href":"https:\/\/bodegaoutdoor.cl\/store\/wp-json\/wp\/v2\/product_brand?post=11773"},{"taxonomy":"product_cat","embeddable":true,"href":"https:\/\/bodegaoutdoor.cl\/store\/wp-json\/wp\/v2\/product_cat?post=11773"},{"taxonomy":"product_tag","embeddable":true,"href":"https:\/\/bodegaoutdoor.cl\/store\/wp-json\/wp\/v2\/product_tag?post=11773"}],"curies":[{"name":"wp","href":"https:\/\/api.w.org\/{rel}","templated":true}]}}