{"id":12449,"date":"2020-08-25T01:23:16","date_gmt":"2020-08-25T01:23:16","guid":{"rendered":"https:\/\/bodegaoutdoor.cl\/store\/product\/juego-de-anzuelos-y-carretes-de-pesca-telescopicos-de-carbono-nuevo-18-m-30-m-anzuelo-rigido-bolsa-de-pesca-equipo-de-pesca-de-viaje\/"},"modified":"2023-05-04T19:19:27","modified_gmt":"2023-05-04T23:19:27","slug":"juego-de-anzuelos-y-carretes-de-pesca-telescopicos-de-carbono-nuevo-18-m-30-m-anzuelo-rigido-bolsa-de-pesca-equipo-de-pesca-de-viaje","status":"publish","type":"product","link":"https:\/\/bodegaoutdoor.cl\/store\/product\/juego-de-anzuelos-y-carretes-de-pesca-telescopicos-de-carbono-nuevo-18-m-30-m-anzuelo-rigido-bolsa-de-pesca-equipo-de-pesca-de-viaje\/","title":{"rendered":"Juego de anzuelos y carretes de pesca telesc\u00f3picos de carbono, nuevo 1,8 M-3,0 M, anzuelo r\u00edgido, bolsa de pesca, equipo de pesca de viaje"},"content":{"rendered":"<p style=\"text-align: center;\"><video style=\"max-width: 100%;\" src=\"\/\/cloud.video.taobao.com\/play\/u\/3041968233\/p\/1\/e\/6\/t\/10301\/237232733809.mp4\" poster=\"https:\/\/ae01.alicdn.com\/kf\/Hc67b643efd6140e5a086f7a6dd4ecf4an\/Juego-de-anzuelos-y-carretes-de-pesca-telesc-picos-de-carbono-nuevo-1-8-M-3.jpg,https:\/\/ae01.alicdn.com\/kf\/HTB1c6I6Kb5YBuNjSspoq6zeNFXai\/Juego-de-anzuelos-y-carretes-de-pesca-telesc-picos-de-carbono-nuevo-1-8-M-3.jpg,https:\/\/ae01.alicdn.com\/kf\/HTB1BpymvOMnBKNjSZFoq6zOSFXal\/Juego-de-anzuelos-y-carretes-de-pesca-telesc-picos-de-carbono-nuevo-1-8-M-3.jpg,https:\/\/ae01.alicdn.com\/kf\/HTB1qzh4KrSYBuNjSspfq6AZCpXaT\/Juego-de-anzuelos-y-carretes-de-pesca-telesc-picos-de-carbono-nuevo-1-8-M-3.jpg,https:\/\/ae01.alicdn.com\/kf\/HTB1SqbsKXmWBuNjSspdq6zugXXaM\/Juego-de-anzuelos-y-carretes-de-pesca-telesc-picos-de-carbono-nuevo-1-8-M-3.jpg,https:\/\/ae01.alicdn.com\/kf\/HTB1KTU6Kk9WBuNjSspeq6yz5VXaV\/Juego-de-anzuelos-y-carretes-de-pesca-telesc-picos-de-carbono-nuevo-1-8-M-3.jpg\" preload=\"auto\" controls=\"controls\" width=\"100%\" height=\"100%\"><\/video><\/p>\n<p><img decoding=\"async\" title=\"Juego de anzuelos y carretes de pesca telesc\u00f3picos de carbono, nuevo 1,8 M-3,0 M, anzuelo r\u00edgido, bolsa de pesca, equipo de pesca de viaje\" src=\"https:\/\/bodegaoutdoor.cl\/store\/wp-content\/uploads\/2020\/08\/12449-xqhhu3.jpg\" alt=\"Juego de anzuelos y carretes de pesca telesc\u00f3picos de carbono, nuevo 1,8 M-3,0 M, anzuelo r\u00edgido, bolsa de pesca, equipo de pesca de viaje\" \/><\/p>\n<div><\/div>\n<div><\/div>\n<div><span style=\"font-size: 22.0px;\">Lista articulos en el pack:<\/span><\/div>\n<div><span style=\"font-size: 22.0px;\">Ca\u00f1a de pescar 1 Uds<\/span><\/div>\n<div><span style=\"font-size: 22.0px;\">Carrete DE PESCA 1 Uds<\/span><\/div>\n<div><span style=\"font-size: 22.0px;\">L\u00ednea de pesca 100m 1 Uds<\/span><\/div>\n<div><span style=\"font-size: 22.0px;\">Topwater Rana 2 uds<\/span><\/div>\n<div><span style=\"font-size: 22.0px;\">Minnow 2 uds<\/span><\/div>\n<div><span style=\"font-size: 22.0px;\">Suave se\u00f1uelo 5 uds<\/span><\/div>\n<div><span style=\"font-size: 22.0px;\">Spinner L\u00ednea 10 Uds<\/span><\/div>\n<div><span style=\"font-size: 22.0px;\">Gancho 15 Uds<\/span><\/div>\n<div><span style=\"font-size: 22.0px;\">De 4 Uds<\/span><\/div>\n<div><span style=\"font-size: 22.0px;\"><img decoding=\"async\" title=\"Juego de anzuelos y carretes de pesca telesc\u00f3picos de carbono, nuevo 1,8 M-3,0 M, anzuelo r\u00edgido, bolsa de pesca, equipo de pesca de viaje\" src=\"https:\/\/bodegaoutdoor.cl\/store\/wp-content\/uploads\/2020\/08\/12449-vu0to7.jpg\" alt=\"Juego de anzuelos y carretes de pesca telesc\u00f3picos de carbono, nuevo 1,8 M-3,0 M, anzuelo r\u00edgido, bolsa de pesca, equipo de pesca de viaje\" \/><img decoding=\"async\" title=\"Juego de anzuelos y carretes de pesca telesc\u00f3picos de carbono, nuevo 1,8 M-3,0 M, anzuelo r\u00edgido, bolsa de pesca, equipo de pesca de viaje\" src=\"https:\/\/bodegaoutdoor.cl\/store\/wp-content\/uploads\/2020\/08\/12449-vqmhvv.jpg\" alt=\"Juego de anzuelos y carretes de pesca telesc\u00f3picos de carbono, nuevo 1,8 M-3,0 M, anzuelo r\u00edgido, bolsa de pesca, equipo de pesca de viaje\" \/><img decoding=\"async\" title=\"Juego de anzuelos y carretes de pesca telesc\u00f3picos de carbono, nuevo 1,8 M-3,0 M, anzuelo r\u00edgido, bolsa de pesca, equipo de pesca de viaje\" src=\"https:\/\/bodegaoutdoor.cl\/store\/wp-content\/uploads\/2020\/08\/12449-n9dbpl.jpg\" alt=\"Juego de anzuelos y carretes de pesca telesc\u00f3picos de carbono, nuevo 1,8 M-3,0 M, anzuelo r\u00edgido, bolsa de pesca, equipo de pesca de viaje\" \/><img decoding=\"async\" title=\"Juego de anzuelos y carretes de pesca telesc\u00f3picos de carbono, nuevo 1,8 M-3,0 M, anzuelo r\u00edgido, bolsa de pesca, equipo de pesca de viaje\" src=\"https:\/\/bodegaoutdoor.cl\/store\/wp-content\/uploads\/2020\/08\/12449-2zvwzv.jpg\" alt=\"Juego de anzuelos y carretes de pesca telesc\u00f3picos de carbono, nuevo 1,8 M-3,0 M, anzuelo r\u00edgido, bolsa de pesca, equipo de pesca de viaje\" \/><img decoding=\"async\" title=\"Juego de anzuelos y carretes de pesca telesc\u00f3picos de carbono, nuevo 1,8 M-3,0 M, anzuelo r\u00edgido, bolsa de pesca, equipo de pesca de viaje\" src=\"https:\/\/bodegaoutdoor.cl\/store\/wp-content\/uploads\/2020\/08\/12449-nqncj2.jpg\" alt=\"Juego de anzuelos y carretes de pesca telesc\u00f3picos de carbono, nuevo 1,8 M-3,0 M, anzuelo r\u00edgido, bolsa de pesca, equipo de pesca de viaje\" \/><img decoding=\"async\" title=\"Juego de anzuelos y carretes de pesca telesc\u00f3picos de carbono, nuevo 1,8 M-3,0 M, anzuelo r\u00edgido, bolsa de pesca, equipo de pesca de viaje\" src=\"https:\/\/bodegaoutdoor.cl\/store\/wp-content\/uploads\/2020\/08\/12449-vllblq.jpg\" alt=\"Juego de anzuelos y carretes de pesca telesc\u00f3picos de carbono, nuevo 1,8 M-3,0 M, anzuelo r\u00edgido, bolsa de pesca, equipo de pesca de viaje\" \/><img decoding=\"async\" title=\"Juego de anzuelos y carretes de pesca telesc\u00f3picos de carbono, nuevo 1,8 M-3,0 M, anzuelo r\u00edgido, bolsa de pesca, equipo de pesca de viaje\" src=\"https:\/\/bodegaoutdoor.cl\/store\/wp-content\/uploads\/2020\/08\/12449-gmjtfu.jpg\" alt=\"Juego de anzuelos y carretes de pesca telesc\u00f3picos de carbono, nuevo 1,8 M-3,0 M, anzuelo r\u00edgido, bolsa de pesca, equipo de pesca de viaje\" \/><img decoding=\"async\" title=\"Juego de anzuelos y carretes de pesca telesc\u00f3picos de carbono, nuevo 1,8 M-3,0 M, anzuelo r\u00edgido, bolsa de pesca, equipo de pesca de viaje\" src=\"https:\/\/bodegaoutdoor.cl\/store\/wp-content\/uploads\/2020\/08\/12449-l6befd.jpg\" alt=\"Juego de anzuelos y carretes de pesca telesc\u00f3picos de carbono, nuevo 1,8 M-3,0 M, anzuelo r\u00edgido, bolsa de pesca, equipo de pesca de viaje\" \/><img decoding=\"async\" title=\"Juego de anzuelos y carretes de pesca telesc\u00f3picos de carbono, nuevo 1,8 M-3,0 M, anzuelo r\u00edgido, bolsa de pesca, equipo de pesca de viaje\" src=\"https:\/\/bodegaoutdoor.cl\/store\/wp-content\/uploads\/2020\/08\/12449-vw9gip.jpg\" alt=\"Juego de anzuelos y carretes de pesca telesc\u00f3picos de carbono, nuevo 1,8 M-3,0 M, anzuelo r\u00edgido, bolsa de pesca, equipo de pesca de viaje\" \/><img decoding=\"async\" title=\"Juego de anzuelos y carretes de pesca telesc\u00f3picos de carbono, nuevo 1,8 M-3,0 M, anzuelo r\u00edgido, bolsa de pesca, equipo de pesca de viaje\" src=\"https:\/\/bodegaoutdoor.cl\/store\/wp-content\/uploads\/2020\/08\/12449-nggzqd.jpg\" alt=\"Juego de anzuelos y carretes de pesca telesc\u00f3picos de carbono, nuevo 1,8 M-3,0 M, anzuelo r\u00edgido, bolsa de pesca, equipo de pesca de viaje\" \/><img decoding=\"async\" title=\"Juego de anzuelos y carretes de pesca telesc\u00f3picos de carbono, nuevo 1,8 M-3,0 M, anzuelo r\u00edgido, bolsa de pesca, equipo de pesca de viaje\" src=\"https:\/\/bodegaoutdoor.cl\/store\/wp-content\/uploads\/2020\/08\/12449-brbztt.jpg\" alt=\"Juego de anzuelos y carretes de pesca telesc\u00f3picos de carbono, nuevo 1,8 M-3,0 M, anzuelo r\u00edgido, bolsa de pesca, equipo de pesca de viaje\" \/><img decoding=\"async\" title=\"Juego de anzuelos y carretes de pesca telesc\u00f3picos de carbono, nuevo 1,8 M-3,0 M, anzuelo r\u00edgido, bolsa de pesca, equipo de pesca de viaje\" src=\"https:\/\/bodegaoutdoor.cl\/store\/wp-content\/uploads\/2020\/08\/12449-jbmrxe.jpg\" alt=\"Juego de anzuelos y carretes de pesca telesc\u00f3picos de carbono, nuevo 1,8 M-3,0 M, anzuelo r\u00edgido, bolsa de pesca, equipo de pesca de viaje\" \/><img decoding=\"async\" title=\"Juego de anzuelos y carretes de pesca telesc\u00f3picos de carbono, nuevo 1,8 M-3,0 M, anzuelo r\u00edgido, bolsa de pesca, equipo de pesca de viaje\" src=\"https:\/\/bodegaoutdoor.cl\/store\/wp-content\/uploads\/2020\/08\/12449-ykawdi.jpg\" alt=\"Juego de anzuelos y carretes de pesca telesc\u00f3picos de carbono, nuevo 1,8 M-3,0 M, anzuelo r\u00edgido, bolsa de pesca, equipo de pesca de viaje\" \/><img decoding=\"async\" title=\"Juego de anzuelos y carretes de pesca telesc\u00f3picos de carbono, nuevo 1,8 M-3,0 M, anzuelo r\u00edgido, bolsa de pesca, equipo de pesca de viaje\" src=\"https:\/\/bodegaoutdoor.cl\/store\/wp-content\/uploads\/2020\/08\/12449-8wjtnw.jpg\" alt=\"Juego de anzuelos y carretes de pesca telesc\u00f3picos de carbono, nuevo 1,8 M-3,0 M, anzuelo r\u00edgido, bolsa de pesca, equipo de pesca de viaje\" \/><\/span><\/div>\n<div><img decoding=\"async\" title=\"Juego de anzuelos y carretes de pesca telesc\u00f3picos de carbono, nuevo 1,8 M-3,0 M, anzuelo r\u00edgido, bolsa de pesca, equipo de pesca de viaje\" src=\"https:\/\/bodegaoutdoor.cl\/store\/wp-content\/uploads\/2020\/08\/12449-e065zg.jpg\" alt=\"Juego de anzuelos y carretes de pesca telesc\u00f3picos de carbono, nuevo 1,8 M-3,0 M, anzuelo r\u00edgido, bolsa de pesca, equipo de pesca de viaje\" \/><\/div>\n<div><img decoding=\"async\" title=\"Juego de anzuelos y carretes de pesca telesc\u00f3picos de carbono, nuevo 1,8 M-3,0 M, anzuelo r\u00edgido, bolsa de pesca, equipo de pesca de viaje\" src=\"https:\/\/bodegaoutdoor.cl\/store\/wp-content\/uploads\/2020\/08\/12449-02unfx.jpg\" alt=\"Juego de anzuelos y carretes de pesca telesc\u00f3picos de carbono, nuevo 1,8 M-3,0 M, anzuelo r\u00edgido, bolsa de pesca, equipo de pesca de viaje\" \/><\/div>\n<div><img decoding=\"async\" title=\"Juego de anzuelos y carretes de pesca telesc\u00f3picos de carbono, nuevo 1,8 M-3,0 M, anzuelo r\u00edgido, bolsa de pesca, equipo de pesca de viaje\" src=\"https:\/\/bodegaoutdoor.cl\/store\/wp-content\/uploads\/2020\/08\/12449-dshitp.jpg\" alt=\"Juego de anzuelos y carretes de pesca telesc\u00f3picos de carbono, nuevo 1,8 M-3,0 M, anzuelo r\u00edgido, bolsa de pesca, equipo de pesca de viaje\" \/><br \/>\n<img decoding=\"async\" title=\"Juego de anzuelos y carretes de pesca telesc\u00f3picos de carbono, nuevo 1,8 M-3,0 M, anzuelo r\u00edgido, bolsa de pesca, equipo de pesca de viaje\" src=\"https:\/\/bodegaoutdoor.cl\/store\/wp-content\/uploads\/2020\/08\/12449-qx6o3z.jpg\" alt=\"Juego de anzuelos y carretes de pesca telesc\u00f3picos de carbono, nuevo 1,8 M-3,0 M, anzuelo r\u00edgido, bolsa de pesca, equipo de pesca de viaje\" \/><br \/>\n<img decoding=\"async\" title=\"Juego de anzuelos y carretes de pesca telesc\u00f3picos de carbono, nuevo 1,8 M-3,0 M, anzuelo r\u00edgido, bolsa de pesca, equipo de pesca de viaje\" src=\"https:\/\/bodegaoutdoor.cl\/store\/wp-content\/uploads\/2020\/08\/12449-8r9hyj.jpg\" alt=\"Juego de anzuelos y carretes de pesca telesc\u00f3picos de carbono, nuevo 1,8 M-3,0 M, anzuelo r\u00edgido, bolsa de pesca, equipo de pesca de viaje\" \/><br \/>\n<img decoding=\"async\" title=\"Juego de anzuelos y carretes de pesca telesc\u00f3picos de carbono, nuevo 1,8 M-3,0 M, anzuelo r\u00edgido, bolsa de pesca, equipo de pesca de viaje\" src=\"https:\/\/bodegaoutdoor.cl\/store\/wp-content\/uploads\/2020\/08\/12449-u5e02t.jpg\" alt=\"Juego de anzuelos y carretes de pesca telesc\u00f3picos de carbono, nuevo 1,8 M-3,0 M, anzuelo r\u00edgido, bolsa de pesca, equipo de pesca de viaje\" \/><br \/>\n<img decoding=\"async\" title=\"Juego de anzuelos y carretes de pesca telesc\u00f3picos de carbono, nuevo 1,8 M-3,0 M, anzuelo r\u00edgido, bolsa de pesca, equipo de pesca de viaje\" src=\"https:\/\/bodegaoutdoor.cl\/store\/wp-content\/uploads\/2020\/08\/12449-t1qda7.jpg\" alt=\"Juego de anzuelos y carretes de pesca telesc\u00f3picos de carbono, nuevo 1,8 M-3,0 M, anzuelo r\u00edgido, bolsa de pesca, equipo de pesca de viaje\" \/><br \/>\n<img decoding=\"async\" title=\"Juego de anzuelos y carretes de pesca telesc\u00f3picos de carbono, nuevo 1,8 M-3,0 M, anzuelo r\u00edgido, bolsa de pesca, equipo de pesca de viaje\" src=\"https:\/\/bodegaoutdoor.cl\/store\/wp-content\/uploads\/2020\/08\/12449-3q6vkj.jpg\" alt=\"Juego de anzuelos y carretes de pesca telesc\u00f3picos de carbono, nuevo 1,8 M-3,0 M, anzuelo r\u00edgido, bolsa de pesca, equipo de pesca de viaje\" \/><\/div>\n\n    <div class=\"xs_social_share_widget xs_share_url after_content \t\tmain_content  wslu-style-1 wslu-share-box-shaped wslu-fill-colored wslu-none wslu-share-horizontal wslu-theme-font-no wslu-main_content\">\n\n\t\t\n        <ul>\n\t\t\t        <\/ul>\n    <\/div> \n","protected":false},"excerpt":{"rendered":"<p>Lista articulos en el pack: Ca\u00f1a de pescar 1 Uds Carrete DE PESCA 1 Uds L\u00ednea de pesca 100m 1 Uds Topwater Rana 2 uds Minnow 2 uds Suave se\u00f1uelo 5 uds Spinner L\u00ednea 10 Uds Gancho 15 Uds De 4 Uds<\/p>\n","protected":false},"featured_media":12455,"comment_status":"open","ping_status":"closed","template":"","meta":{"jetpack_publicize_message":"","jetpack_publicize_feature_enabled":true,"jetpack_social_post_already_shared":true,"jetpack_social_options":{"image_generator_settings":{"template":"highway","enabled":false},"version":2}},"product_brand":[],"product_cat":[64,957],"product_tag":[],"class_list":{"0":"post-12449","1":"product","2":"type-product","3":"status-publish","4":"has-post-thumbnail","6":"product_cat-accessories","7":"product_cat-pesca","9":"first","10":"instock","11":"sale","12":"taxable","13":"shipping-taxable","14":"purchasable","15":"product-type-variable"},"jetpack_publicize_connections":[],"jetpack_sharing_enabled":true,"_links":{"self":[{"href":"https:\/\/bodegaoutdoor.cl\/store\/wp-json\/wp\/v2\/product\/12449","targetHints":{"allow":["GET"]}}],"collection":[{"href":"https:\/\/bodegaoutdoor.cl\/store\/wp-json\/wp\/v2\/product"}],"about":[{"href":"https:\/\/bodegaoutdoor.cl\/store\/wp-json\/wp\/v2\/types\/product"}],"replies":[{"embeddable":true,"href":"https:\/\/bodegaoutdoor.cl\/store\/wp-json\/wp\/v2\/comments?post=12449"}],"version-history":[{"count":1,"href":"https:\/\/bodegaoutdoor.cl\/store\/wp-json\/wp\/v2\/product\/12449\/revisions"}],"predecessor-version":[{"id":71264,"href":"https:\/\/bodegaoutdoor.cl\/store\/wp-json\/wp\/v2\/product\/12449\/revisions\/71264"}],"wp:featuredmedia":[{"embeddable":true,"href":"https:\/\/bodegaoutdoor.cl\/store\/wp-json\/wp\/v2\/media\/12455"}],"wp:attachment":[{"href":"https:\/\/bodegaoutdoor.cl\/store\/wp-json\/wp\/v2\/media?parent=12449"}],"wp:term":[{"taxonomy":"product_brand","embeddable":true,"href":"https:\/\/bodegaoutdoor.cl\/store\/wp-json\/wp\/v2\/product_brand?post=12449"},{"taxonomy":"product_cat","embeddable":true,"href":"https:\/\/bodegaoutdoor.cl\/store\/wp-json\/wp\/v2\/product_cat?post=12449"},{"taxonomy":"product_tag","embeddable":true,"href":"https:\/\/bodegaoutdoor.cl\/store\/wp-json\/wp\/v2\/product_tag?post=12449"}],"curies":[{"name":"wp","href":"https:\/\/api.w.org\/{rel}","templated":true}]}}