{"id":12657,"date":"2020-09-04T18:17:37","date_gmt":"2020-09-04T18:17:37","guid":{"rendered":"https:\/\/bodegaoutdoor.cl\/store\/product\/gafas-para-deportes-al-aire-libre-ciclismo-senderismo-gafas-anti-uv-polarizadas-tacticas-militares-gafas-de-sol-ligeras-para-acampar-y-disparar\/"},"modified":"2023-05-04T19:19:26","modified_gmt":"2023-05-04T23:19:26","slug":"gafas-para-deportes-outdoor-ciclismo-senderismo-gafas-anti-uv-policarbonato-tacticas-militares","status":"publish","type":"product","link":"https:\/\/bodegaoutdoor.cl\/store\/product\/gafas-para-deportes-outdoor-ciclismo-senderismo-gafas-anti-uv-policarbonato-tacticas-militares\/","title":{"rendered":"Gafas para deportes Outdoor, ciclismo, senderismo, gafas Anti-UV Policarbonato t\u00e1cticas militares"},"content":{"rendered":"<div style=\"margin: 10px auto 0; max-width: 100%;\">\n<p>&nbsp;<\/p>\n<div style=\"margin-top: -66.52%;\">\n<div style=\"margin-left: 0.0%; margin-top: 0.0%; width: 25.0%;\"><strong style=\"font-size: 18px;\">Gafas para deportes al aire libre, ciclismo, senderismo, gafas Anti-UV polarizadas t\u00e1cticas militares, gafas de sol ligeras para acampar y disparar<\/strong><\/div>\n<\/div>\n<\/div>\n<div>\n<div>\n<div>\n<div>\n<div>\n<div>\n<div>\n<div>\n<div>\n<div>\n<p><span style=\"font-size: 16px;\"><strong>Detalles del producto:<\/strong><\/span><\/p>\n<p>Material: PC<\/p>\n<p>Color del marco: negro<\/p>\n<p>Color de la lente: 3 pares de lentes &#8212; negro\/amarillo\/transparente<\/p>\n<p>Aplicable: ciclismo, pesca, carrera, esqu\u00ed, escalada, etc.<\/p>\n<p><span style=\"color: #c0392b;\">Conjunto completo:<\/span><\/p>\n<p>1 gafas caso<\/p>\n<p>1 bolsa para gafas, 1 cuerda para gafas<\/p>\n<p>3 pares de lente<\/p>\n<p>1 Marco miop\u00eda<\/p>\n<p style=\"text-align: left; margin: 0;\"><img decoding=\"async\" style=\"width: 800px;\" src=\"\/\/ae01.alicdn.com\/kf\/HTB1hGoUauL2gK0jSZFmq6A7iXXax.jpg?width=750&amp;height=618&amp;hash=1368\" \/><img decoding=\"async\" style=\"width: 800px;\" src=\"\/\/ae01.alicdn.com\/kf\/HTB17UgUarr1gK0jSZR0q6zP8XXa5.jpg?width=750&amp;height=709&amp;hash=1459\" \/><img decoding=\"async\" style=\"width: 800px;\" src=\"\/\/ae01.alicdn.com\/kf\/HTB1yHIVaBr0gK0jSZFnq6zRRXXaO.jpg?width=750&amp;height=674&amp;hash=1424\" \/><img decoding=\"async\" style=\"width: 800px;\" src=\"\/\/ae01.alicdn.com\/kf\/HTB1F1wQaqL7gK0jSZFBq6xZZpXam.jpg?width=750&amp;height=774&amp;hash=1524\" \/><img decoding=\"async\" style=\"width: 800px;\" src=\"\/\/ae01.alicdn.com\/kf\/HTB1dlZTaET1gK0jSZFrq6ANCXXa7.jpg?width=750&amp;height=674&amp;hash=1424\" \/><img decoding=\"async\" style=\"width: 800px;\" src=\"\/\/ae01.alicdn.com\/kf\/HTB1ffcVarY1gK0jSZTEq6xDQVXaf.jpg?width=750&amp;height=1127&amp;hash=1877\" \/><img decoding=\"async\" style=\"width: 800px;\" src=\"\/\/ae01.alicdn.com\/kf\/HTB14bUVaBr0gK0jSZFnq6zRRXXau.jpg?width=750&amp;height=963&amp;hash=1713\" \/><img decoding=\"async\" style=\"width: 800px;\" src=\"\/\/ae01.alicdn.com\/kf\/HTB1gSITaxD1gK0jSZFsq6zldVXaC.jpg?width=750&amp;height=969&amp;hash=1719\" \/><img decoding=\"async\" style=\"width: 800px;\" src=\"\/\/ae01.alicdn.com\/kf\/HTB1rG.VaxD1gK0jSZFyq6AiOVXa4.jpg?width=750&amp;height=2523&amp;hash=3273\" \/><img decoding=\"async\" style=\"width: 800px;\" src=\"\/\/ae01.alicdn.com\/kf\/HTB1dZgUaxn1gK0jSZKPq6xvUXXal.jpg?width=750&amp;height=1310&amp;hash=2060\" \/><img decoding=\"async\" style=\"width: 800px;\" src=\"\/\/ae01.alicdn.com\/kf\/HTB1dcURaq67gK0jSZFHq6y9jVXa8.jpg?width=750&amp;height=860&amp;hash=1610\" \/><img decoding=\"async\" style=\"width: 800px;\" src=\"\/\/ae01.alicdn.com\/kf\/HTB11NgRapP7gK0jSZFjq6A5aXXa8.jpg?width=749&amp;height=704&amp;hash=1453\" \/><img decoding=\"async\" style=\"width: 800px;\" src=\"\/\/ae01.alicdn.com\/kf\/HTB108.UaAL0gK0jSZFAq6AA9pXax.jpg?width=750&amp;height=826&amp;hash=1576\" \/><img decoding=\"async\" style=\"width: 800px;\" src=\"\/\/ae01.alicdn.com\/kf\/HTB1yHsUaAT2gK0jSZFkq6AIQFXaV.jpg?width=748&amp;height=473&amp;hash=1221\" \/><img decoding=\"async\" style=\"width: 800px;\" src=\"\/\/ae01.alicdn.com\/kf\/HTB1gWUUaxz1gK0jSZSgq6yvwpXaW.jpg?width=737&amp;height=513&amp;hash=1250\" \/><img decoding=\"async\" style=\"width: 800px;\" src=\"\/\/ae01.alicdn.com\/kf\/HTB1DLcTavb2gK0jSZK9q6yEgFXag.jpg?width=739&amp;height=513&amp;hash=1252\" \/><\/p>\n<p>&nbsp;<\/p>\n<p style=\"text-align: left; margin: 0;\"><img decoding=\"async\" style=\"font-family: Arial, Verdana, sans-serif; font-size: 12px; font-style: normal; font-weight: 400;\" src=\"\/\/ae01.alicdn.com\/kf\/HTB1oli8aLjsK1Rjy1Xaq6zispXay.jpg?width=710height=24&amp;hash=734\" \/><\/p>\n<\/div>\n<div><\/div>\n<\/div>\n<div><\/div>\n<\/div>\n<div><\/div>\n<\/div>\n<div><\/div>\n<\/div>\n<div><\/div>\n<\/div>\n<div><\/div>\n<\/div>\n<div><\/div>\n<\/div>\n<div><\/div>\n<\/div>\n<div>\n<div>\n<div>\n<div>\n<div>\n<div>\n<div>\n<div><\/div>\n<\/div>\n<\/div>\n<\/div>\n<\/div>\n<\/div>\n<\/div>\n<\/div>\n<div>\n<div><\/div>\n<div>\n<div><\/div>\n<div>\n<div><\/div>\n<div>\n<div><\/div>\n<div>\n<div><\/div>\n<div>\n<div><\/div>\n<div>\n<div><\/div>\n<div>\n<div><\/div>\n<div>\n<p style=\"font-family: Arial, Verdana, sans-serif; font-size: 12px; font-style: normal; font-weight: 400; margin: 0px;\"><span style=\"font-size: 16px;\"><span style=\"font-family: arial, helvetica, sans-serif;\"><img decoding=\"async\" src=\"\/\/ae01.alicdn.com\/kf\/HTB1V6OYaOYrK1Rjy0Fdq6ACvVXaO.jpg?width=710height=24&amp;hash=734\" \/><\/span><\/span><\/p>\n<p style=\"font-family: Arial, Verdana, sans-serif; font-size: 12px; font-style: normal; font-weight: 400; margin: 0px;\"><span style=\"font-size: 16px;\"><span style=\"font-family: arial, helvetica, sans-serif;\">\u00a1Nuestra Promesa!<br \/>\n1. Prometemos que recibir\u00e1s el pedido una vez que termines el pago.<\/span><\/span><\/p>\n<p>2. Una vez confirmado el paquete perdido, te volveremos a enviar o Te reembolsaremos el dinero, no te preocupes. Si recibiste el art\u00edculo incorrecto, por favor, toma una foto del paquete y del art\u00edculo que recibiste, luego Cont\u00e1ctanos directamente. Le daremos una buena soluci\u00f3n.<\/p>\n<p><span style=\"font-size: 16px;\"><span style=\"font-family: arial, helvetica, sans-serif;\"><img decoding=\"async\" src=\"\/\/ae01.alicdn.com\/kf\/HTB19gCZaInrK1RjSspkq6yuvXXab.jpg?width=710height=24&amp;hash=734\" \/><\/span><\/span><\/p>\n<p style=\"font-family: Arial, Verdana, sans-serif; font-size: 12px; font-style: normal; font-weight: 400;\"><span style=\"font-size: 16px;\"><span style=\"font-family: arial, helvetica, sans-serif;\"><img decoding=\"async\" src=\"\/\/ae01.alicdn.com\/kf\/HTB1afR4aOfrK1RjSspbq6A4pFXa4.jpg?width=710height=140&amp;hash=850\" \/><\/span><\/span><\/p>\n<div style=\"font-family: Arial, Verdana, sans-serif; font-size: 12px; font-style: normal; font-weight: 400;\"><span style=\"font-size: 16px;\"><span style=\"font-family: arial, helvetica, sans-serif;\">\u00a11 aceptamos el fideicomiso-Maestro tarjeta visa Boleto&#8230; TEF Maestro&#8230; webMoney,QIWI Yandex dinero; Transferencia bancaria Western Union!<\/span><\/span><\/div>\n<div style=\"font-family: Arial, Verdana, sans-serif; font-size: 12px; font-style: normal; font-weight: 400;\"><\/div>\n<div style=\"font-family: Arial, Verdana, sans-serif; font-size: 12px; font-style: normal; font-weight: 400;\"><span style=\"font-size: 16px;\"><span style=\"font-family: arial, helvetica, sans-serif;\">2. Los pedidos se procesan a tiempo despu\u00e9s de la verificaci\u00f3n de pago.<\/span><\/span><\/div>\n<p><span style=\"font-size: 16px;\"><span style=\"font-family: arial, helvetica, sans-serif;\"><img decoding=\"async\" src=\"\/\/ae01.alicdn.com\/kf\/HTB17SaUaULrK1Rjy1zbq6AenFXaS.jpg?width=710height=24&amp;hash=734\" \/><\/span><\/span><\/p>\n<p style=\"font-family: Arial, Verdana, sans-serif; font-size: 12px; font-style: normal; font-weight: 400;\"><span style=\"font-size: 16px;\"><span style=\"font-family: arial, helvetica, sans-serif;\">1. Ofrecemos diferentes servicios de env\u00edo para diferentes solicitudes como sigue: China post air mail, Alirepress Shipping, Epacket, EMS, F EDEX \/ DHL \/ UPS \/ TNT \/ TOLL,<\/span><\/span><\/p>\n<p style=\"font-family: Arial, Verdana, sans-serif; font-size: 12px; font-style: normal; font-weight: 400;\"><span style=\"font-size: 16px;\"><span style=\"font-family: arial, helvetica, sans-serif;\">2. La informaci\u00f3n de seguimiento se actualiza normalmente alrededor de 3-5 d\u00edas, si no has recibido tu env\u00edo dentro de los 30 d\u00edas desde el pago, cont\u00e1ctanos. Realizaremos un seguimiento del env\u00edo y nos pondremos en contacto con usted lo antes posible con una respuesta. \u00a1Nuestro objetivo es la satisfacci\u00f3n del cliente!<\/span><\/span><\/p>\n<div style=\"font-family: Arial, Verdana, sans-serif; font-size: 12px; font-style: normal; font-weight: 400;\"><span style=\"font-size: 16px;\"><span style=\"font-family: arial, helvetica, sans-serif;\">3 <strong style=\"text-align: center;\">No es responsable del despacho de aduanas<\/strong> \u00a1! Tenga en cuenta que los compradores son responsables de todos los aranceles aduaneros, comisiones de intermediaci\u00f3n, aranceles e impuestos adicionales para la importaci\u00f3n a su pa\u00eds.<\/span><\/span><\/div>\n<p style=\"font-family: Arial, Verdana, sans-serif; font-size: 12px; font-style: normal; font-weight: 400; margin: 0px;\"><span style=\"font-size: 16px;\"><span style=\"font-family: arial, helvetica, sans-serif;\"><img decoding=\"async\" src=\"\/\/ae01.alicdn.com\/kf\/HTB1P0iWaN_rK1RkHFqDq6yJAFXaZ.jpg?width=710height=24&amp;hash=734\" \/><\/span><\/span><\/p>\n<p style=\"font-family: Arial, Verdana, sans-serif; font-size: 12px; font-style: normal; font-weight: 400;\"><span style=\"font-size: 16px;\"><span style=\"font-family: arial, helvetica, sans-serif;\">1. Tiene 7 d\u00edas para contactarnos y 30 d\u00edas para devolverlo a partir de la fecha de recepci\u00f3n. Si este art\u00edculo est\u00e1 en tu poder <strong>M\u00e1s de 7 d\u00edas, se considera usado y no aceptaremos un reembolso o reemplazo<\/strong>\u00a1! \u00a1NO hay excepciones! Los gastos de env\u00edo corren por cuenta del vendedor y del comprador a la mitad.<\/span><\/span><\/p>\n<p style=\"font-family: Arial, Verdana, sans-serif; font-size: 12px; font-style: normal; font-weight: 400;\"><span style=\"font-size: 16px;\"><span style=\"font-family: arial, helvetica, sans-serif;\">2 <strong>Todos los art\u00edculos devueltos deben estar en el embalaje original<\/strong> Y debe proporcionarnos el n\u00famero de seguimiento del env\u00edo, el motivo espec\u00edfico de la devoluci\u00f3n.<\/span><\/span><\/p>\n<p style=\"font-family: Arial, Verdana, sans-serif; font-size: 12px; font-style: normal; font-weight: 400; margin: 0px;\"><span style=\"font-size: 16px;\"><span style=\"font-family: arial, helvetica, sans-serif;\"><img decoding=\"async\" src=\"\/\/ae01.alicdn.com\/kf\/HTB1OPmVaIrrK1RjSspaq6AREXXam.jpg?width=710height=24&amp;hash=734\" \/><\/span><\/span><\/p>\n<div style=\"font-family: Arial, Verdana, sans-serif; font-size: 12px; font-style: normal; font-weight: 400;\"><span style=\"font-size: 16px;\"><span style=\"font-family: arial, helvetica, sans-serif;\">100% la satisfacci\u00f3n del cliente es nuestro objetivo.<\/span><\/span><\/div>\n<p style=\"font-family: Arial, Verdana, sans-serif; font-size: 12px; font-style: normal; font-weight: 400;\"><span style=\"font-size: 16px;\"><span style=\"font-family: arial, helvetica, sans-serif;\">1. Si est\u00e1s satisfecho con nuestros productos y servicios, agradeceremos mucho tus comentarios positivos y tus elogios de 5 estrellas.<\/span><\/span><\/p>\n<p style=\"font-family: Arial, Verdana, sans-serif; font-size: 12px; font-style: normal; font-weight: 400;\"><span style=\"font-size: 16px;\"><span style=\"font-family: arial, helvetica, sans-serif;\">2. Si no, esperamos sinceramente que <strong>P\u00f3ngase en contacto con nosotros inmediatamente antes de darnos una valoraci\u00f3n neutral o negativa, haremos todo lo posible por resolver los problemas positivamente. Muchas gracias.<\/strong><\/span><\/span><\/p>\n<p style=\"font-family: Arial, Verdana, sans-serif; font-size: 12px; font-style: normal; font-weight: 400;\"><span style=\"font-size: 16px;\"><span style=\"font-family: arial, helvetica, sans-serif;\"><strong>3. \u00a1es imposible resolver tu problema si no sabemos el problema! \u00a1Muchas gracias!<\/strong><\/span><\/span><\/p>\n<p>&nbsp;<\/p>\n<\/div>\n<\/div>\n<\/div>\n<\/div>\n<\/div>\n<\/div>\n<\/div>\n<\/div>\n<\/div>\n<\/div>\n\n    <div class=\"xs_social_share_widget xs_share_url after_content \t\tmain_content  wslu-style-1 wslu-share-box-shaped wslu-fill-colored wslu-none wslu-share-horizontal wslu-theme-font-no wslu-main_content\">\n\n\t\t\n        <ul>\n\t\t\t        <\/ul>\n    <\/div> \n","protected":false},"excerpt":{"rendered":"<p>&nbsp; Gafas para deportes al aire libre, ciclismo, senderismo, gafas Anti-UV polarizadas t\u00e1cticas militares, gafas de sol ligeras para acampar y disparar Detalles del producto: Material: PC Color del marco: negro Color de la lente: 3 pares de lentes &#8212; negro\/amarillo\/transparente Aplicable: ciclismo, pesca, carrera, esqu\u00ed, escalada, etc. Conjunto completo: 1 gafas caso 1 bolsa [&hellip;]<\/p>\n","protected":false},"featured_media":12666,"comment_status":"open","ping_status":"closed","template":"","meta":{"jetpack_publicize_message":"","jetpack_publicize_feature_enabled":true,"jetpack_social_post_already_shared":true,"jetpack_social_options":{"image_generator_settings":{"template":"highway","enabled":false},"version":2}},"product_brand":[],"product_cat":[38],"product_tag":[],"class_list":{"0":"post-12657","1":"product","2":"type-product","3":"status-publish","4":"has-post-thumbnail","6":"product_cat-lentes","8":"first","9":"instock","10":"sale","11":"taxable","12":"shipping-taxable","13":"purchasable","14":"product-type-variable"},"jetpack_publicize_connections":[],"jetpack_sharing_enabled":true,"_links":{"self":[{"href":"https:\/\/bodegaoutdoor.cl\/store\/wp-json\/wp\/v2\/product\/12657","targetHints":{"allow":["GET"]}}],"collection":[{"href":"https:\/\/bodegaoutdoor.cl\/store\/wp-json\/wp\/v2\/product"}],"about":[{"href":"https:\/\/bodegaoutdoor.cl\/store\/wp-json\/wp\/v2\/types\/product"}],"replies":[{"embeddable":true,"href":"https:\/\/bodegaoutdoor.cl\/store\/wp-json\/wp\/v2\/comments?post=12657"}],"version-history":[{"count":2,"href":"https:\/\/bodegaoutdoor.cl\/store\/wp-json\/wp\/v2\/product\/12657\/revisions"}],"predecessor-version":[{"id":71259,"href":"https:\/\/bodegaoutdoor.cl\/store\/wp-json\/wp\/v2\/product\/12657\/revisions\/71259"}],"wp:featuredmedia":[{"embeddable":true,"href":"https:\/\/bodegaoutdoor.cl\/store\/wp-json\/wp\/v2\/media\/12666"}],"wp:attachment":[{"href":"https:\/\/bodegaoutdoor.cl\/store\/wp-json\/wp\/v2\/media?parent=12657"}],"wp:term":[{"taxonomy":"product_brand","embeddable":true,"href":"https:\/\/bodegaoutdoor.cl\/store\/wp-json\/wp\/v2\/product_brand?post=12657"},{"taxonomy":"product_cat","embeddable":true,"href":"https:\/\/bodegaoutdoor.cl\/store\/wp-json\/wp\/v2\/product_cat?post=12657"},{"taxonomy":"product_tag","embeddable":true,"href":"https:\/\/bodegaoutdoor.cl\/store\/wp-json\/wp\/v2\/product_tag?post=12657"}],"curies":[{"name":"wp","href":"https:\/\/api.w.org\/{rel}","templated":true}]}}