{"id":12847,"date":"2020-09-04T23:16:07","date_gmt":"2020-09-04T23:16:07","guid":{"rendered":"https:\/\/bodegaoutdoor.cl\/store\/product\/bolsa-de-camuflaje-para-exterior-militar-tactico-soporte-para-funda-de-telefono-cinturon-deportivo-a-prueba-de-agua-de-nylon-edc-caza-camuflaje-molle-mochila-chaleco\/"},"modified":"2023-05-04T19:19:26","modified_gmt":"2023-05-04T23:19:26","slug":"bolsa-de-camuflaje-para-exterior-militar-tactico-soporte-para-funda-de-telefono-cinturon-deportivo-a-prueba-de-agua-de-nylon-edc-caza-camuflaje-molle-mochila-chaleco","status":"publish","type":"product","link":"https:\/\/bodegaoutdoor.cl\/store\/product\/bolsa-de-camuflaje-para-exterior-militar-tactico-soporte-para-funda-de-telefono-cinturon-deportivo-a-prueba-de-agua-de-nylon-edc-caza-camuflaje-molle-mochila-chaleco\/","title":{"rendered":"Bolsa militar t\u00e1ctico soporte para funda de tel\u00e9fono,a prueba de agua de Nylon EDC"},"content":{"rendered":"<div><span style=\"font-family: arial , helvetica , sans-serif;\">100% nuevo y de alta calidad.<\/span><\/div>\n<div><span style=\"font-family: arial, helvetica, sans-serif;\">Perfecto para amantes de la actividad al aire libre, se puede colgar en el cintur\u00f3n.<\/span><\/div>\n<div><span style=\"font-family: arial , helvetica , sans-serif;\">Bolsa de utilidad vers\u00e1til con cierre.<\/span><\/div>\n<div><span style=\"font-family: arial , helvetica , sans-serif;\">Se puede colocar en cualquier chaleco de cincha molle, bolsa, cintur\u00f3n de servicio o mochila.<\/span><\/div>\n<div><span style=\"font-family: arial , helvetica , sans-serif;\">Material de nailon duradero, fuerte, de alta resistencia<\/span><\/div>\n<div><span style=\"font-family: arial , helvetica , sans-serif;\">Adecuado para tel\u00e9fonos m\u00f3viles: se ajusta a la mayor\u00eda de tel\u00e9fonos, llaves, carteras y otros accesorios.<\/span><\/div>\n<div><span style=\"font-family: arial , helvetica , sans-serif;\">Perfecto para acampar al aire libre, viajar, escalar, etc.<\/span><\/div>\n<div><strong><span style=\"font-family: arial , helvetica , sans-serif;\">Especificaciones:<\/span><\/strong><\/div>\n<div><span style=\"font-family: arial , helvetica , sans-serif;\">Material:500D de Nylon<\/span><\/div>\n<div><span style=\"font-family: arial , helvetica , sans-serif;\">Color: ACU \u00a1CP sobredosis BK CB el ATFG&#8230; TYP&#8230; Sr. HLD<\/span><\/div>\n<div><span style=\"font-family: arial , helvetica , sans-serif;\">Peso: 80g aproximadamente<\/span><\/div>\n<div><strong><span style=\"font-family: arial , helvetica , sans-serif;\">Lista de paquetes:<\/span><\/strong><\/div>\n<div><span style=\"font-family: arial , helvetica , sans-serif;\">1 * Tel\u00e9fono militar bolsa<\/span><\/div>\n<p>&nbsp;<\/p>\n<div><\/div>\n<p>&nbsp;<\/p>\n<h1 style=\"font-size: 32px; font-weight: bold; padding: 0px 4px 0px 0px; text-align: left; margin: 0px 0px 10px;\">Las mediciones de W80 * H150 * T20mm<\/h1>\n<p><img decoding=\"async\" title=\"Bolsa de camuflaje para exterior, militar t\u00e1ctico soporte para funda de tel\u00e9fono, cintur\u00f3n deportivo a prueba de agua de Nylon EDC caza camuflaje Molle mochila chaleco\" src=\"https:\/\/bodegaoutdoor.cl\/store\/wp-content\/uploads\/2020\/09\/12847-4padkn.jpg\" alt=\"Bolsa de camuflaje para exterior, militar t\u00e1ctico soporte para funda de tel\u00e9fono, cintur\u00f3n deportivo a prueba de agua de Nylon EDC caza camuflaje Molle mochila chaleco\" \/><\/p>\n<h1 style=\"font-size: 32px; font-weight: bold; padding: 0px 4px 0px 0px; text-align: left; margin: 0px 0px 10px;\">Ajustable gancho y bucle<\/h1>\n<p><img decoding=\"async\" title=\"Bolsa de camuflaje para exterior, militar t\u00e1ctico soporte para funda de tel\u00e9fono, cintur\u00f3n deportivo a prueba de agua de Nylon EDC caza camuflaje Molle mochila chaleco\" src=\"https:\/\/bodegaoutdoor.cl\/store\/wp-content\/uploads\/2020\/09\/12847-feettm.jpg\" alt=\"Bolsa de camuflaje para exterior, militar t\u00e1ctico soporte para funda de tel\u00e9fono, cintur\u00f3n deportivo a prueba de agua de Nylon EDC caza camuflaje Molle mochila chaleco\" \/><\/p>\n<h1 style=\"font-size: 32px; font-weight: bold; padding: 0px 4px 0px 0px; text-align: left; margin: 0px 0px 10px;\"><strong style=\"font-family: arial, helvetica, sans-serif;\">Protecci\u00f3n interior<\/strong><span style=\"font-family: arial, helvetica, sans-serif;\">, Suave, c\u00f3modo, antiara\u00f1azos para tel\u00e9fono<\/span><\/h1>\n<p><img decoding=\"async\" title=\"Bolsa de camuflaje para exterior, militar t\u00e1ctico soporte para funda de tel\u00e9fono, cintur\u00f3n deportivo a prueba de agua de Nylon EDC caza camuflaje Molle mochila chaleco\" src=\"https:\/\/bodegaoutdoor.cl\/store\/wp-content\/uploads\/2020\/09\/12847-cmtzj9.jpg\" alt=\"Bolsa de camuflaje para exterior, militar t\u00e1ctico soporte para funda de tel\u00e9fono, cintur\u00f3n deportivo a prueba de agua de Nylon EDC caza camuflaje Molle mochila chaleco\" \/><img decoding=\"async\" title=\"Bolsa de camuflaje para exterior, militar t\u00e1ctico soporte para funda de tel\u00e9fono, cintur\u00f3n deportivo a prueba de agua de Nylon EDC caza camuflaje Molle mochila chaleco\" src=\"https:\/\/bodegaoutdoor.cl\/store\/wp-content\/uploads\/2020\/09\/12847-pbt3tw.jpg\" alt=\"Bolsa de camuflaje para exterior, militar t\u00e1ctico soporte para funda de tel\u00e9fono, cintur\u00f3n deportivo a prueba de agua de Nylon EDC caza camuflaje Molle mochila chaleco\" \/><\/p>\n<p>&nbsp;<\/p>\n<h1 style=\"font-size: 32px; font-weight: bold; padding: 0px 4px 0px 0px; text-align: left; margin: 0px 0px 10px;\"><strong style=\"font-family: arial , helvetica , sans-serif;\">Durable bot\u00f3n<\/strong><span style=\"font-family: arial , helvetica , sans-serif;\">, Compacto, firme y sin fiingerprint izquierda<\/span><\/h1>\n<p><img decoding=\"async\" title=\"Bolsa de camuflaje para exterior, militar t\u00e1ctico soporte para funda de tel\u00e9fono, cintur\u00f3n deportivo a prueba de agua de Nylon EDC caza camuflaje Molle mochila chaleco\" src=\"https:\/\/bodegaoutdoor.cl\/store\/wp-content\/uploads\/2020\/09\/12847-qrsv2p.jpg\" alt=\"Bolsa de camuflaje para exterior, militar t\u00e1ctico soporte para funda de tel\u00e9fono, cintur\u00f3n deportivo a prueba de agua de Nylon EDC caza camuflaje Molle mochila chaleco\" \/><img decoding=\"async\" title=\"Bolsa de camuflaje para exterior, militar t\u00e1ctico soporte para funda de tel\u00e9fono, cintur\u00f3n deportivo a prueba de agua de Nylon EDC caza camuflaje Molle mochila chaleco\" src=\"https:\/\/bodegaoutdoor.cl\/store\/wp-content\/uploads\/2020\/09\/12847-260fgp.jpg\" alt=\"Bolsa de camuflaje para exterior, militar t\u00e1ctico soporte para funda de tel\u00e9fono, cintur\u00f3n deportivo a prueba de agua de Nylon EDC caza camuflaje Molle mochila chaleco\" \/><img decoding=\"async\" title=\"Bolsa de camuflaje para exterior, militar t\u00e1ctico soporte para funda de tel\u00e9fono, cintur\u00f3n deportivo a prueba de agua de Nylon EDC caza camuflaje Molle mochila chaleco\" src=\"https:\/\/bodegaoutdoor.cl\/store\/wp-content\/uploads\/2020\/09\/12847-vhb97g.jpg\" alt=\"Bolsa de camuflaje para exterior, militar t\u00e1ctico soporte para funda de tel\u00e9fono, cintur\u00f3n deportivo a prueba de agua de Nylon EDC caza camuflaje Molle mochila chaleco\" \/><\/p>\n<p>&nbsp;<\/p>\n<h1 style=\"font-size: 32px; font-weight: bold; padding: 0px 4px 0px 0px; text-align: left; margin: 0px 0px 10px;\"><strong style=\"font-family: arial , helvetica , sans-serif;\">Cintur\u00f3n ajustable<\/strong><span style=\"font-family: arial , helvetica , sans-serif;\">, Adecuado para el sistema Molle<\/span><\/h1>\n<p><img decoding=\"async\" title=\"Bolsa de camuflaje para exterior, militar t\u00e1ctico soporte para funda de tel\u00e9fono, cintur\u00f3n deportivo a prueba de agua de Nylon EDC caza camuflaje Molle mochila chaleco\" src=\"https:\/\/bodegaoutdoor.cl\/store\/wp-content\/uploads\/2020\/09\/12847-8usqmn.jpg\" alt=\"Bolsa de camuflaje para exterior, militar t\u00e1ctico soporte para funda de tel\u00e9fono, cintur\u00f3n deportivo a prueba de agua de Nylon EDC caza camuflaje Molle mochila chaleco\" \/><img decoding=\"async\" title=\"Bolsa de camuflaje para exterior, militar t\u00e1ctico soporte para funda de tel\u00e9fono, cintur\u00f3n deportivo a prueba de agua de Nylon EDC caza camuflaje Molle mochila chaleco\" src=\"https:\/\/bodegaoutdoor.cl\/store\/wp-content\/uploads\/2020\/09\/12847-4jwswt.jpg\" alt=\"Bolsa de camuflaje para exterior, militar t\u00e1ctico soporte para funda de tel\u00e9fono, cintur\u00f3n deportivo a prueba de agua de Nylon EDC caza camuflaje Molle mochila chaleco\" \/><\/p>\n<p>&nbsp;<\/p>\n<p>&nbsp;<\/p>\n\n    <div class=\"xs_social_share_widget xs_share_url after_content \t\tmain_content  wslu-style-1 wslu-share-box-shaped wslu-fill-colored wslu-none wslu-share-horizontal wslu-theme-font-no wslu-main_content\">\n\n\t\t\n        <ul>\n\t\t\t        <\/ul>\n    <\/div> \n","protected":false},"excerpt":{"rendered":"<p>100% nuevo y de alta calidad. Perfecto para amantes de la actividad al aire libre, se puede colgar en el cintur\u00f3n. Bolsa de utilidad vers\u00e1til con cierre. Se puede colocar en cualquier chaleco de cincha molle, bolsa, cintur\u00f3n de servicio o mochila. Material de nailon duradero, fuerte, de alta resistencia Adecuado para tel\u00e9fonos m\u00f3viles: se [&hellip;]<\/p>\n","protected":false},"featured_media":13409,"comment_status":"open","ping_status":"closed","template":"","meta":{"jetpack_publicize_message":"","jetpack_publicize_feature_enabled":true,"jetpack_social_post_already_shared":true,"jetpack_social_options":{"image_generator_settings":{"template":"highway","enabled":false},"version":2}},"product_brand":[],"product_cat":[64,487,274,195],"product_tag":[],"class_list":{"0":"post-12847","1":"product","2":"type-product","3":"status-publish","4":"has-post-thumbnail","6":"product_cat-accessories","7":"product_cat-airsoft","8":"product_cat-bananos-otros","9":"product_cat-mochilas","11":"first","12":"instock","13":"taxable","14":"shipping-taxable","15":"purchasable","16":"product-type-variable"},"jetpack_publicize_connections":[],"jetpack_sharing_enabled":true,"_links":{"self":[{"href":"https:\/\/bodegaoutdoor.cl\/store\/wp-json\/wp\/v2\/product\/12847","targetHints":{"allow":["GET"]}}],"collection":[{"href":"https:\/\/bodegaoutdoor.cl\/store\/wp-json\/wp\/v2\/product"}],"about":[{"href":"https:\/\/bodegaoutdoor.cl\/store\/wp-json\/wp\/v2\/types\/product"}],"replies":[{"embeddable":true,"href":"https:\/\/bodegaoutdoor.cl\/store\/wp-json\/wp\/v2\/comments?post=12847"}],"version-history":[{"count":2,"href":"https:\/\/bodegaoutdoor.cl\/store\/wp-json\/wp\/v2\/product\/12847\/revisions"}],"predecessor-version":[{"id":71257,"href":"https:\/\/bodegaoutdoor.cl\/store\/wp-json\/wp\/v2\/product\/12847\/revisions\/71257"}],"wp:featuredmedia":[{"embeddable":true,"href":"https:\/\/bodegaoutdoor.cl\/store\/wp-json\/wp\/v2\/media\/13409"}],"wp:attachment":[{"href":"https:\/\/bodegaoutdoor.cl\/store\/wp-json\/wp\/v2\/media?parent=12847"}],"wp:term":[{"taxonomy":"product_brand","embeddable":true,"href":"https:\/\/bodegaoutdoor.cl\/store\/wp-json\/wp\/v2\/product_brand?post=12847"},{"taxonomy":"product_cat","embeddable":true,"href":"https:\/\/bodegaoutdoor.cl\/store\/wp-json\/wp\/v2\/product_cat?post=12847"},{"taxonomy":"product_tag","embeddable":true,"href":"https:\/\/bodegaoutdoor.cl\/store\/wp-json\/wp\/v2\/product_tag?post=12847"}],"curies":[{"name":"wp","href":"https:\/\/api.w.org\/{rel}","templated":true}]}}