{"id":13103,"date":"2020-09-04T23:18:09","date_gmt":"2020-09-04T23:18:09","guid":{"rendered":"https:\/\/bodegaoutdoor.cl\/store\/product\/rinonera-tactica-impermeable-rinonera-senderismo-deportes-de-pesca-fundas-de-caza-camping-deporte-molle-ejercito-bolsa-cinturon-mochila-militar\/"},"modified":"2023-05-04T19:19:25","modified_gmt":"2023-05-04T23:19:25","slug":"banano-tactico-impermeable-rinonera-deportes-outdoor-molle","status":"publish","type":"product","link":"https:\/\/bodegaoutdoor.cl\/store\/product\/banano-tactico-impermeable-rinonera-deportes-outdoor-molle\/","title":{"rendered":"Banano tactico impermeable ri\u00f1onera deportes Outdoor  Molle"},"content":{"rendered":"<p><span style=\"font-size: 14.0px;\"><span style=\"color: #ff0000;\"><strong>Caracter\u00edsticas:<\/strong><\/span><br \/>\n-3 &#8211; 5L gran capacidad, ser capaz de poner el iPad mini, botella de agua de 550ml, cartera, tel\u00e9fonos, etc.<br \/>\n-Hecho de nailon y material de tela, resistente al agua, resistente al desgaste y antiara\u00f1azos<br \/>\n-Dise\u00f1o del sistema Molle, se puede colocar en una bolsa peque\u00f1a, accesorios de bolsa, hervidor, etc. Puede ampliar la capacidad para acomodar m\u00e1s art\u00edculos<br \/>\n-Dise\u00f1o de varios bolsillos con un bolsillo frontal con cremallera, dos bolsillos laterales con cremallera, un bolsillo trasero con cremallera, un bolsillo principal, un bolsillo tipo s\u00e1ndwich<br \/>\n-El bolsillo frontal con cremallera se puede colocar en un tel\u00e9fono m\u00f3vil de 4,5 pulgadas<br \/>\n-Los bolsillos laterales con cremallera se pueden colocar en cigarrillos, gafas y otros art\u00edculos<br \/>\n-El bolsillo trasero con cremallera se puede colocar en un tel\u00e9fono m\u00f3vil de 5,5 pulgadas, tarjeta de autob\u00fas, llave, etc.<br \/>\n-Bolsa multifuncional: se puede utilizar como ri\u00f1onera, bandolera o ri\u00f1onera<br \/>\n-Forro: algod\u00f3n mercerizado y tela recubierta resistente al agua<br \/>\n-Perfecto para la mayor\u00eda de las actividades deportivas como trotar, correr, escalar, senderismo, ciclismo de monta\u00f1a, gimnasio, equitaci\u00f3n, etc.<\/span><\/p>\n<p><span style=\"color: #ff0000;\"><strong>Par\u00e1metros:<\/strong><\/span><br \/>\n-Capacidad: 3 &#8211; 5L<br \/>\n-El peso m\u00e1ximo de carga: 5kg<br \/>\n-Longitud de la cintura ajustable: 70 &#8211; 130cm\/27,56-51,18 pulgadas<br \/>\nLa aplicaci\u00f3n de la posici\u00f3n: cintura<br \/>\nG\u00e9nero: hombres, mujeres<br \/>\nPeso del paquete: 0,45 kg<br \/>\nTama\u00f1o del paquete (largo x ancho x alto): 25,00&#215;15,00&#215;15,00 cm\/9,84&#215;5,90&#215;5,90 pulgadas<br \/>\nContenido del paquete: 1 ri\u00f1onera t\u00e1ctica<\/p>\n<div style=\"text-align: center;\">\n<p><img decoding=\"async\" title=\"Ri\u00f1onera t\u00e1ctica impermeable ri\u00f1onera senderismo deportes de pesca fundas de caza Camping deporte Molle ej\u00e9rcito bolsa cintur\u00f3n mochila militar\" src=\"https:\/\/bodegaoutdoor.cl\/store\/wp-content\/uploads\/2020\/09\/13103-iufnpu.jpg\" alt=\"Ri\u00f1onera t\u00e1ctica impermeable ri\u00f1onera senderismo deportes de pesca fundas de caza Camping deporte Molle ej\u00e9rcito bolsa cintur\u00f3n mochila militar\" \/> <img decoding=\"async\" title=\"Ri\u00f1onera t\u00e1ctica impermeable ri\u00f1onera senderismo deportes de pesca fundas de caza Camping deporte Molle ej\u00e9rcito bolsa cintur\u00f3n mochila militar\" src=\"https:\/\/bodegaoutdoor.cl\/store\/wp-content\/uploads\/2020\/09\/13103-tmpmjp.jpg\" alt=\"Ri\u00f1onera t\u00e1ctica impermeable ri\u00f1onera senderismo deportes de pesca fundas de caza Camping deporte Molle ej\u00e9rcito bolsa cintur\u00f3n mochila militar\" \/> <img decoding=\"async\" title=\"Ri\u00f1onera t\u00e1ctica impermeable ri\u00f1onera senderismo deportes de pesca fundas de caza Camping deporte Molle ej\u00e9rcito bolsa cintur\u00f3n mochila militar\" src=\"https:\/\/bodegaoutdoor.cl\/store\/wp-content\/uploads\/2020\/09\/13103-zw3bdv.jpg\" alt=\"Ri\u00f1onera t\u00e1ctica impermeable ri\u00f1onera senderismo deportes de pesca fundas de caza Camping deporte Molle ej\u00e9rcito bolsa cintur\u00f3n mochila militar\" \/> <img decoding=\"async\" title=\"Ri\u00f1onera t\u00e1ctica impermeable ri\u00f1onera senderismo deportes de pesca fundas de caza Camping deporte Molle ej\u00e9rcito bolsa cintur\u00f3n mochila militar\" src=\"https:\/\/bodegaoutdoor.cl\/store\/wp-content\/uploads\/2020\/09\/13103-p2npvv.jpg\" alt=\"Ri\u00f1onera t\u00e1ctica impermeable ri\u00f1onera senderismo deportes de pesca fundas de caza Camping deporte Molle ej\u00e9rcito bolsa cintur\u00f3n mochila militar\" \/> <img decoding=\"async\" title=\"Ri\u00f1onera t\u00e1ctica impermeable ri\u00f1onera senderismo deportes de pesca fundas de caza Camping deporte Molle ej\u00e9rcito bolsa cintur\u00f3n mochila militar\" src=\"https:\/\/bodegaoutdoor.cl\/store\/wp-content\/uploads\/2020\/09\/13103-38kkx4.jpg\" alt=\"Ri\u00f1onera t\u00e1ctica impermeable ri\u00f1onera senderismo deportes de pesca fundas de caza Camping deporte Molle ej\u00e9rcito bolsa cintur\u00f3n mochila militar\" \/> <img decoding=\"async\" title=\"Ri\u00f1onera t\u00e1ctica impermeable ri\u00f1onera senderismo deportes de pesca fundas de caza Camping deporte Molle ej\u00e9rcito bolsa cintur\u00f3n mochila militar\" src=\"https:\/\/bodegaoutdoor.cl\/store\/wp-content\/uploads\/2020\/09\/13103-3c4wys.jpg\" alt=\"Ri\u00f1onera t\u00e1ctica impermeable ri\u00f1onera senderismo deportes de pesca fundas de caza Camping deporte Molle ej\u00e9rcito bolsa cintur\u00f3n mochila militar\" \/> <img decoding=\"async\" title=\"Ri\u00f1onera t\u00e1ctica impermeable ri\u00f1onera senderismo deportes de pesca fundas de caza Camping deporte Molle ej\u00e9rcito bolsa cintur\u00f3n mochila militar\" src=\"https:\/\/bodegaoutdoor.cl\/store\/wp-content\/uploads\/2020\/09\/13103-ekkksw.jpg\" alt=\"Ri\u00f1onera t\u00e1ctica impermeable ri\u00f1onera senderismo deportes de pesca fundas de caza Camping deporte Molle ej\u00e9rcito bolsa cintur\u00f3n mochila militar\" \/> <img decoding=\"async\" title=\"Ri\u00f1onera t\u00e1ctica impermeable ri\u00f1onera senderismo deportes de pesca fundas de caza Camping deporte Molle ej\u00e9rcito bolsa cintur\u00f3n mochila militar\" src=\"https:\/\/bodegaoutdoor.cl\/store\/wp-content\/uploads\/2020\/09\/13103-jndvy0.jpg\" alt=\"Ri\u00f1onera t\u00e1ctica impermeable ri\u00f1onera senderismo deportes de pesca fundas de caza Camping deporte Molle ej\u00e9rcito bolsa cintur\u00f3n mochila militar\" \/> <img decoding=\"async\" title=\"Ri\u00f1onera t\u00e1ctica impermeable ri\u00f1onera senderismo deportes de pesca fundas de caza Camping deporte Molle ej\u00e9rcito bolsa cintur\u00f3n mochila militar\" src=\"https:\/\/bodegaoutdoor.cl\/store\/wp-content\/uploads\/2020\/09\/13103-rjuzvs.jpg\" alt=\"Ri\u00f1onera t\u00e1ctica impermeable ri\u00f1onera senderismo deportes de pesca fundas de caza Camping deporte Molle ej\u00e9rcito bolsa cintur\u00f3n mochila militar\" \/> <img decoding=\"async\" title=\"Ri\u00f1onera t\u00e1ctica impermeable ri\u00f1onera senderismo deportes de pesca fundas de caza Camping deporte Molle ej\u00e9rcito bolsa cintur\u00f3n mochila militar\" src=\"https:\/\/bodegaoutdoor.cl\/store\/wp-content\/uploads\/2020\/09\/13103-isalgt.jpg\" alt=\"Ri\u00f1onera t\u00e1ctica impermeable ri\u00f1onera senderismo deportes de pesca fundas de caza Camping deporte Molle ej\u00e9rcito bolsa cintur\u00f3n mochila militar\" \/> <img decoding=\"async\" title=\"Ri\u00f1onera t\u00e1ctica impermeable ri\u00f1onera senderismo deportes de pesca fundas de caza Camping deporte Molle ej\u00e9rcito bolsa cintur\u00f3n mochila militar\" src=\"https:\/\/bodegaoutdoor.cl\/store\/wp-content\/uploads\/2020\/09\/13103-rwjtly.jpg\" alt=\"Ri\u00f1onera t\u00e1ctica impermeable ri\u00f1onera senderismo deportes de pesca fundas de caza Camping deporte Molle ej\u00e9rcito bolsa cintur\u00f3n mochila militar\" \/> <img decoding=\"async\" title=\"Ri\u00f1onera t\u00e1ctica impermeable ri\u00f1onera senderismo deportes de pesca fundas de caza Camping deporte Molle ej\u00e9rcito bolsa cintur\u00f3n mochila militar\" src=\"https:\/\/bodegaoutdoor.cl\/store\/wp-content\/uploads\/2020\/09\/13103-jtlbpv.jpg\" alt=\"Ri\u00f1onera t\u00e1ctica impermeable ri\u00f1onera senderismo deportes de pesca fundas de caza Camping deporte Molle ej\u00e9rcito bolsa cintur\u00f3n mochila militar\" \/> <img decoding=\"async\" title=\"Ri\u00f1onera t\u00e1ctica impermeable ri\u00f1onera senderismo deportes de pesca fundas de caza Camping deporte Molle ej\u00e9rcito bolsa cintur\u00f3n mochila militar\" src=\"https:\/\/bodegaoutdoor.cl\/store\/wp-content\/uploads\/2020\/09\/13103-seeoow.jpg\" alt=\"Ri\u00f1onera t\u00e1ctica impermeable ri\u00f1onera senderismo deportes de pesca fundas de caza Camping deporte Molle ej\u00e9rcito bolsa cintur\u00f3n mochila militar\" \/> <img decoding=\"async\" title=\"Ri\u00f1onera t\u00e1ctica impermeable ri\u00f1onera senderismo deportes de pesca fundas de caza Camping deporte Molle ej\u00e9rcito bolsa cintur\u00f3n mochila militar\" src=\"https:\/\/bodegaoutdoor.cl\/store\/wp-content\/uploads\/2020\/09\/13103-vqlzbv.jpg\" alt=\"Ri\u00f1onera t\u00e1ctica impermeable ri\u00f1onera senderismo deportes de pesca fundas de caza Camping deporte Molle ej\u00e9rcito bolsa cintur\u00f3n mochila militar\" \/> <img decoding=\"async\" title=\"Ri\u00f1onera t\u00e1ctica impermeable ri\u00f1onera senderismo deportes de pesca fundas de caza Camping deporte Molle ej\u00e9rcito bolsa cintur\u00f3n mochila militar\" src=\"https:\/\/bodegaoutdoor.cl\/store\/wp-content\/uploads\/2020\/09\/13103-nwxcyo.jpg\" alt=\"Ri\u00f1onera t\u00e1ctica impermeable ri\u00f1onera senderismo deportes de pesca fundas de caza Camping deporte Molle ej\u00e9rcito bolsa cintur\u00f3n mochila militar\" \/> <img decoding=\"async\" title=\"Ri\u00f1onera t\u00e1ctica impermeable ri\u00f1onera senderismo deportes de pesca fundas de caza Camping deporte Molle ej\u00e9rcito bolsa cintur\u00f3n mochila militar\" src=\"https:\/\/bodegaoutdoor.cl\/store\/wp-content\/uploads\/2020\/09\/13103-4x0jvw.jpg\" alt=\"Ri\u00f1onera t\u00e1ctica impermeable ri\u00f1onera senderismo deportes de pesca fundas de caza Camping deporte Molle ej\u00e9rcito bolsa cintur\u00f3n mochila militar\" \/> <img decoding=\"async\" title=\"Ri\u00f1onera t\u00e1ctica impermeable ri\u00f1onera senderismo deportes de pesca fundas de caza Camping deporte Molle ej\u00e9rcito bolsa cintur\u00f3n mochila militar\" src=\"https:\/\/bodegaoutdoor.cl\/store\/wp-content\/uploads\/2020\/09\/13103-v7m7le.jpg\" alt=\"Ri\u00f1onera t\u00e1ctica impermeable ri\u00f1onera senderismo deportes de pesca fundas de caza Camping deporte Molle ej\u00e9rcito bolsa cintur\u00f3n mochila militar\" \/> <img decoding=\"async\" title=\"Ri\u00f1onera t\u00e1ctica impermeable ri\u00f1onera senderismo deportes de pesca fundas de caza Camping deporte Molle ej\u00e9rcito bolsa cintur\u00f3n mochila militar\" src=\"https:\/\/bodegaoutdoor.cl\/store\/wp-content\/uploads\/2020\/09\/13103-ffr8ra.jpg\" alt=\"Ri\u00f1onera t\u00e1ctica impermeable ri\u00f1onera senderismo deportes de pesca fundas de caza Camping deporte Molle ej\u00e9rcito bolsa cintur\u00f3n mochila militar\" \/> <img decoding=\"async\" title=\"Ri\u00f1onera t\u00e1ctica impermeable ri\u00f1onera senderismo deportes de pesca fundas de caza Camping deporte Molle ej\u00e9rcito bolsa cintur\u00f3n mochila militar\" src=\"https:\/\/bodegaoutdoor.cl\/store\/wp-content\/uploads\/2020\/09\/13103-tczgcs.jpg\" alt=\"Ri\u00f1onera t\u00e1ctica impermeable ri\u00f1onera senderismo deportes de pesca fundas de caza Camping deporte Molle ej\u00e9rcito bolsa cintur\u00f3n mochila militar\" \/><\/p>\n<div style=\"margin: 0.0px; padding: 0.0px; border: 0.0px; font-size: 13.0px; line-height: inherit; background-color: #ffffff; text-align: center;\">\n<p>&nbsp;<\/p>\n<p style=\"text-align: left;\">\n<\/div>\n<\/div>\n\n    <div class=\"xs_social_share_widget xs_share_url after_content \t\tmain_content  wslu-style-1 wslu-share-box-shaped wslu-fill-colored wslu-none wslu-share-horizontal wslu-theme-font-no wslu-main_content\">\n\n\t\t\n        <ul>\n\t\t\t        <\/ul>\n    <\/div> \n","protected":false},"excerpt":{"rendered":"<p>Caracter\u00edsticas: -3 &#8211; 5L gran capacidad, ser capaz de poner el iPad mini, botella de agua de 550ml, cartera, tel\u00e9fonos, etc. -Hecho de nailon y material de tela, resistente al agua, resistente al desgaste y antiara\u00f1azos -Dise\u00f1o del sistema Molle, se puede colocar en una bolsa peque\u00f1a, accesorios de bolsa, hervidor, etc. Puede ampliar la [&hellip;]<\/p>\n","protected":false},"featured_media":14016,"comment_status":"open","ping_status":"closed","template":"","meta":{"jetpack_publicize_message":"","jetpack_publicize_feature_enabled":true,"jetpack_social_post_already_shared":true,"jetpack_social_options":{"image_generator_settings":{"template":"highway","enabled":false},"version":2}},"product_brand":[],"product_cat":[274,195],"product_tag":[2042,2241],"class_list":{"0":"post-13103","1":"product","2":"type-product","3":"status-publish","4":"has-post-thumbnail","6":"product_cat-bananos-otros","7":"product_cat-mochilas","8":"product_tag-banano","9":"product_tag-rinonera","11":"first","12":"instock","13":"sale","14":"taxable","15":"shipping-taxable","16":"purchasable","17":"product-type-variable"},"jetpack_publicize_connections":[],"jetpack_sharing_enabled":true,"_links":{"self":[{"href":"https:\/\/bodegaoutdoor.cl\/store\/wp-json\/wp\/v2\/product\/13103","targetHints":{"allow":["GET"]}}],"collection":[{"href":"https:\/\/bodegaoutdoor.cl\/store\/wp-json\/wp\/v2\/product"}],"about":[{"href":"https:\/\/bodegaoutdoor.cl\/store\/wp-json\/wp\/v2\/types\/product"}],"replies":[{"embeddable":true,"href":"https:\/\/bodegaoutdoor.cl\/store\/wp-json\/wp\/v2\/comments?post=13103"}],"version-history":[{"count":2,"href":"https:\/\/bodegaoutdoor.cl\/store\/wp-json\/wp\/v2\/product\/13103\/revisions"}],"predecessor-version":[{"id":71254,"href":"https:\/\/bodegaoutdoor.cl\/store\/wp-json\/wp\/v2\/product\/13103\/revisions\/71254"}],"wp:featuredmedia":[{"embeddable":true,"href":"https:\/\/bodegaoutdoor.cl\/store\/wp-json\/wp\/v2\/media\/14016"}],"wp:attachment":[{"href":"https:\/\/bodegaoutdoor.cl\/store\/wp-json\/wp\/v2\/media?parent=13103"}],"wp:term":[{"taxonomy":"product_brand","embeddable":true,"href":"https:\/\/bodegaoutdoor.cl\/store\/wp-json\/wp\/v2\/product_brand?post=13103"},{"taxonomy":"product_cat","embeddable":true,"href":"https:\/\/bodegaoutdoor.cl\/store\/wp-json\/wp\/v2\/product_cat?post=13103"},{"taxonomy":"product_tag","embeddable":true,"href":"https:\/\/bodegaoutdoor.cl\/store\/wp-json\/wp\/v2\/product_tag?post=13103"}],"curies":[{"name":"wp","href":"https:\/\/api.w.org\/{rel}","templated":true}]}}