{"id":14150,"date":"2020-09-05T18:09:15","date_gmt":"2020-09-05T18:09:15","guid":{"rendered":"https:\/\/bodegaoutdoor.cl\/store\/product\/mayitr-100x100cm-al-aire-libre-senderismo-bufandas-militar-tactico-arabe-bufanda-con-diseno-desertico-ejercito-shemagh-con-borla-para-hombres-y-mujeres\/"},"modified":"2023-05-04T19:19:25","modified_gmt":"2023-05-04T23:19:25","slug":"100x100cm-shemagh-bufandas-militar-tactico-arabe-bufanda-con-diseno","status":"publish","type":"product","link":"https:\/\/bodegaoutdoor.cl\/store\/product\/100x100cm-shemagh-bufandas-militar-tactico-arabe-bufanda-con-diseno\/","title":{"rendered":"100x100cm Shemagh  bufandas militar t\u00e1ctico \u00e1rabe bufanda con Dise\u00f1o"},"content":{"rendered":"<div>\n<div>\n<div>\n<div>\n<p><strong>Especificaci\u00f3n:<\/strong><\/p>\n<ul>\n<li>Nuevo y de alta calidad<\/li>\n<li>Material: Material de poli\u00e9ster<\/li>\n<li>Color: rojo, gris, verde militar, caf\u00e9, bronceado, negro y blanco<\/li>\n<li>Tama\u00f1o: aproximadamente 100x100cm<\/li>\n<\/ul>\n<p><strong>Caracter\u00edsticas:<\/strong><\/p>\n<ul>\n<li>Tiene extremos de borla anudados y un Tacto suave<\/li>\n<li>La impresi\u00f3n n\u00edtida se ve afilada contra las camisetas y tira de lo b\u00e1sico casual para un simple<\/li>\n<li>Hermosa forma y color, ser\u00e1 la mejor Decoraci\u00f3n<\/li>\n<li>Se puede utilizar como scarf y Pashmina<\/li>\n<li>Ideal para mantener el calor en el fr\u00edo, evitar la arena y todas las actividades al aire libre<\/li>\n<\/ul>\n<p><strong>Crisol de grafito mini horno de oro de la antorcha de fusi\u00f3n del metal:<\/strong><\/p>\n<ul>\n<li>1 X bufanda t\u00e1ctica Unisex<\/li>\n<\/ul>\n<p><span style=\"color: #ff0000;\"><strong>Nota:<\/strong><\/span><\/p>\n<ul>\n<li><span style=\"color: #ff0000;\">Puede haber errores de 1-3cm debido a la medici\u00f3n manual<\/span><\/li>\n<li><span style=\"color: #ff0000;\">El color del art\u00edculo que se muestra en las fotos puede verse algo diferente en el monitor de tu ordenador, ya que los monitores no est\u00e1n calibrados del mismo modo<\/span><\/li>\n<\/ul>\n<div>\n<p><img decoding=\"async\" src=\"\/\/ae01.alicdn.com\/kf\/H4d55ccf257594207b4e59fe9cea17098K.jpg?width=800&amp;height=800&amp;hash=1600\" \/><\/p>\n<p><img decoding=\"async\" src=\"\/\/ae01.alicdn.com\/kf\/H0e9b9c1d0db54746a7104ec1f8c2a1483.jpg?width=800&amp;height=800&amp;hash=1600\" \/><\/p>\n<p><img decoding=\"async\" src=\"\/\/ae01.alicdn.com\/kf\/Hc6d48aa8b7b54f949c05c6bdba11c8a4x.jpg?width=800&amp;height=800&amp;hash=1600\" \/><\/p>\n<p><img decoding=\"async\" src=\"\/\/ae01.alicdn.com\/kf\/H1f8e132e36254807827a572457300602O.jpg?width=800&amp;height=800&amp;hash=1600\" \/><\/p>\n<p><img decoding=\"async\" src=\"\/\/ae01.alicdn.com\/kf\/Hf140b3aff1684429b245339e41363516k.jpg?width=800&amp;height=800&amp;hash=1600\" \/><\/p>\n<p><img decoding=\"async\" src=\"\/\/ae01.alicdn.com\/kf\/H35ae3171648048a0868101fc68002f51l.jpg?width=800&amp;height=800&amp;hash=1600\" \/><\/p>\n<p><img decoding=\"async\" src=\"\/\/ae01.alicdn.com\/kf\/Ha25af61b9a164455b77c964944bcd209W.jpg?width=800&amp;height=800&amp;hash=1600\" \/><\/p>\n<p><img decoding=\"async\" src=\"\/\/ae01.alicdn.com\/kf\/H29aaa060c6ab4ad992c15012fa080472Q.jpg?width=800&amp;height=800&amp;hash=1600\" \/><\/p>\n<p><img decoding=\"async\" src=\"\/\/ae01.alicdn.com\/kf\/Hc6608232c9104474a57511bd2df6d389E.jpg?width=800&amp;height=800&amp;hash=1600\" \/><\/p>\n<p><img decoding=\"async\" src=\"\/\/ae01.alicdn.com\/kf\/H10952fa336a9476b8ca6501db88ba92eu.jpg?width=1080&amp;height=1080&amp;hash=2160\" \/><\/p>\n<p><img decoding=\"async\" src=\"\/\/ae01.alicdn.com\/kf\/H70712331c7c848d7bad2db797bc848cbJ.jpg?width=1080&amp;height=1080&amp;hash=2160\" \/><\/p>\n<p><img decoding=\"async\" src=\"\/\/ae01.alicdn.com\/kf\/H2cbc3d2ee15b47b39408a7d6d63cfef6X.jpg?width=1080&amp;height=1080&amp;hash=2160\" \/><\/p>\n<p><img decoding=\"async\" src=\"\/\/ae01.alicdn.com\/kf\/Hca72c2f7b4264108a8f9a46536793c2fL.jpg?width=1080&amp;height=1080&amp;hash=2160\" \/><\/p>\n<\/div>\n<\/div>\n<\/div>\n<div><\/div>\n<\/div>\n<\/div>\n\n    <div class=\"xs_social_share_widget xs_share_url after_content \t\tmain_content  wslu-style-1 wslu-share-box-shaped wslu-fill-colored wslu-none wslu-share-horizontal wslu-theme-font-no wslu-main_content\">\n\n\t\t\n        <ul>\n\t\t\t        <\/ul>\n    <\/div> \n","protected":false},"excerpt":{"rendered":"<p>Especificaci\u00f3n: Nuevo y de alta calidad Material: Material de poli\u00e9ster Color: rojo, gris, verde militar, caf\u00e9, bronceado, negro y blanco Tama\u00f1o: aproximadamente 100x100cm Caracter\u00edsticas: Tiene extremos de borla anudados y un Tacto suave La impresi\u00f3n n\u00edtida se ve afilada contra las camisetas y tira de lo b\u00e1sico casual para un simple Hermosa forma y color, [&hellip;]<\/p>\n","protected":false},"featured_media":14157,"comment_status":"open","ping_status":"closed","template":"","meta":{"jetpack_publicize_message":"","jetpack_publicize_feature_enabled":true,"jetpack_social_post_already_shared":true,"jetpack_social_options":{"image_generator_settings":{"template":"highway","enabled":false},"version":2}},"product_brand":[],"product_cat":[15,64,487,62],"product_tag":[],"class_list":{"0":"post-14150","1":"product","2":"type-product","3":"status-publish","4":"has-post-thumbnail","6":"product_cat-otros","7":"product_cat-accessories","8":"product_cat-airsoft","9":"product_cat-vestuario-hombre","11":"first","12":"instock","13":"sale","14":"taxable","15":"shipping-taxable","16":"purchasable","17":"product-type-variable"},"jetpack_publicize_connections":[],"jetpack_sharing_enabled":true,"_links":{"self":[{"href":"https:\/\/bodegaoutdoor.cl\/store\/wp-json\/wp\/v2\/product\/14150","targetHints":{"allow":["GET"]}}],"collection":[{"href":"https:\/\/bodegaoutdoor.cl\/store\/wp-json\/wp\/v2\/product"}],"about":[{"href":"https:\/\/bodegaoutdoor.cl\/store\/wp-json\/wp\/v2\/types\/product"}],"replies":[{"embeddable":true,"href":"https:\/\/bodegaoutdoor.cl\/store\/wp-json\/wp\/v2\/comments?post=14150"}],"version-history":[{"count":2,"href":"https:\/\/bodegaoutdoor.cl\/store\/wp-json\/wp\/v2\/product\/14150\/revisions"}],"predecessor-version":[{"id":71252,"href":"https:\/\/bodegaoutdoor.cl\/store\/wp-json\/wp\/v2\/product\/14150\/revisions\/71252"}],"wp:featuredmedia":[{"embeddable":true,"href":"https:\/\/bodegaoutdoor.cl\/store\/wp-json\/wp\/v2\/media\/14157"}],"wp:attachment":[{"href":"https:\/\/bodegaoutdoor.cl\/store\/wp-json\/wp\/v2\/media?parent=14150"}],"wp:term":[{"taxonomy":"product_brand","embeddable":true,"href":"https:\/\/bodegaoutdoor.cl\/store\/wp-json\/wp\/v2\/product_brand?post=14150"},{"taxonomy":"product_cat","embeddable":true,"href":"https:\/\/bodegaoutdoor.cl\/store\/wp-json\/wp\/v2\/product_cat?post=14150"},{"taxonomy":"product_tag","embeddable":true,"href":"https:\/\/bodegaoutdoor.cl\/store\/wp-json\/wp\/v2\/product_tag?post=14150"}],"curies":[{"name":"wp","href":"https:\/\/api.w.org\/{rel}","templated":true}]}}