{"id":15083,"date":"2020-09-05T22:01:25","date_gmt":"2020-09-05T22:01:25","guid":{"rendered":"https:\/\/bodegaoutdoor.cl\/store\/product\/totrait-cinturon-ancho-cinturones-tacticos-cinturon-militar-de-ejercito-hebilla-de-metal-para-exteriores-cinturon-de-caza-de-entrenamiento-resistente\/"},"modified":"2023-05-04T19:19:25","modified_gmt":"2023-05-04T23:19:25","slug":"cinturon-tactico-militar-ejercito-hebilla-de-metal-de-entrenamiento-resistente","status":"publish","type":"product","link":"https:\/\/bodegaoutdoor.cl\/store\/product\/cinturon-tactico-militar-ejercito-hebilla-de-metal-de-entrenamiento-resistente\/","title":{"rendered":"Cintur\u00f3n t\u00e1ctico, militar ej\u00e9rcito, hebilla de Metal de entrenamiento resistente"},"content":{"rendered":"<div>\n<div>\n<p><img decoding=\"async\" title=\"TOtrait, cintur\u00f3n ancho, cinturones t\u00e1cticos, cintur\u00f3n militar de ej\u00e9rcito, hebilla de Metal para exteriores, cintur\u00f3n de caza de entrenamiento resistente\" src=\"https:\/\/bodegaoutdoor.cl\/store\/wp-content\/uploads\/2020\/09\/15083-sorfva.jpg\" alt=\"TOtrait, cintur\u00f3n ancho, cinturones t\u00e1cticos, cintur\u00f3n militar de ej\u00e9rcito, hebilla de Metal para exteriores, cintur\u00f3n de caza de entrenamiento resistente\" \/><img decoding=\"async\" style=\"font-size: 12px;\" title=\"TOtrait, cintur\u00f3n ancho, cinturones t\u00e1cticos, cintur\u00f3n militar de ej\u00e9rcito, hebilla de Metal para exteriores, cintur\u00f3n de caza de entrenamiento resistente\" src=\"https:\/\/bodegaoutdoor.cl\/store\/wp-content\/uploads\/2020\/09\/15083-zmwtqb.png\" alt=\"TOtrait, cintur\u00f3n ancho, cinturones t\u00e1cticos, cintur\u00f3n militar de ej\u00e9rcito, hebilla de Metal para exteriores, cintur\u00f3n de caza de entrenamiento resistente\" \/><\/p>\n<div><span style=\"max-width: 100%; font-size: 16px;\"><span data-spm-anchor-id=\"a2g0o.detail.1000023.i0.4efb51baAOsGZk\">Nombre: nos t\u00e1ctico s correa exterior<\/span><\/span><\/div>\n<div><span style=\"max-width: 100%; font-size: 16px;\">Color: Negro militar verde caqui<\/span><\/div>\n<div><span style=\"max-width: 100%; font-size: 16px;\">Tela: nylon reforzado 800D<\/span><\/div>\n<div><span style=\"max-width: 100%; font-size: 16px;\">Cabeza de hebilla: Hebilla autom\u00e1tica<\/span><\/div>\n<div><span style=\"max-width: 100%; font-size: 16px;\">Especificaci\u00f3n: largo 110cm ancho 5,5 cm<\/span><\/div>\n<div><span style=\"max-width: 100%; font-size: 16px;\">Peso: 250g<\/span><\/div>\n<div><span style=\"max-width: 100%; font-size: 16px;\">Usos: turismo al aire libre, exploraci\u00f3n de campo, etc.<\/span><\/div>\n<div><span style=\"max-width: 100%; font-size: 16px;\">La correa exterior, tambi\u00e9n conocida como el cintur\u00f3n S, se origin\u00f3 a partir de la hebilla en forma de S de la correa exterior durante la Segunda Guerra Mundial, hasta ahora se ha cambiado a &#8220;crujida hebilla&#8221;.<\/span><\/div>\n<div><span style=\"max-width: 100%; font-size: 16px;\">Mantiene el nombre, el orificio de hierro en el cintur\u00f3n es para Y belt or H<\/span><\/div>\n<div><span style=\"max-width: 100%; font-size: 16px;\"><img decoding=\"async\" title=\"TOtrait, cintur\u00f3n ancho, cinturones t\u00e1cticos, cintur\u00f3n militar de ej\u00e9rcito, hebilla de Metal para exteriores, cintur\u00f3n de caza de entrenamiento resistente\" src=\"https:\/\/bodegaoutdoor.cl\/store\/wp-content\/uploads\/2020\/09\/15083-v8oum5.jpg\" alt=\"TOtrait, cintur\u00f3n ancho, cinturones t\u00e1cticos, cintur\u00f3n militar de ej\u00e9rcito, hebilla de Metal para exteriores, cintur\u00f3n de caza de entrenamiento resistente\" \/><img decoding=\"async\" title=\"TOtrait, cintur\u00f3n ancho, cinturones t\u00e1cticos, cintur\u00f3n militar de ej\u00e9rcito, hebilla de Metal para exteriores, cintur\u00f3n de caza de entrenamiento resistente\" src=\"https:\/\/bodegaoutdoor.cl\/store\/wp-content\/uploads\/2020\/09\/15083-jwmhlz.jpg\" alt=\"TOtrait, cintur\u00f3n ancho, cinturones t\u00e1cticos, cintur\u00f3n militar de ej\u00e9rcito, hebilla de Metal para exteriores, cintur\u00f3n de caza de entrenamiento resistente\" \/><img decoding=\"async\" title=\"TOtrait, cintur\u00f3n ancho, cinturones t\u00e1cticos, cintur\u00f3n militar de ej\u00e9rcito, hebilla de Metal para exteriores, cintur\u00f3n de caza de entrenamiento resistente\" src=\"https:\/\/bodegaoutdoor.cl\/store\/wp-content\/uploads\/2020\/09\/15083-hhooeq.jpg\" alt=\"TOtrait, cintur\u00f3n ancho, cinturones t\u00e1cticos, cintur\u00f3n militar de ej\u00e9rcito, hebilla de Metal para exteriores, cintur\u00f3n de caza de entrenamiento resistente\" \/><img decoding=\"async\" title=\"TOtrait, cintur\u00f3n ancho, cinturones t\u00e1cticos, cintur\u00f3n militar de ej\u00e9rcito, hebilla de Metal para exteriores, cintur\u00f3n de caza de entrenamiento resistente\" src=\"https:\/\/bodegaoutdoor.cl\/store\/wp-content\/uploads\/2020\/09\/15083-qb8cin.jpg\" alt=\"TOtrait, cintur\u00f3n ancho, cinturones t\u00e1cticos, cintur\u00f3n militar de ej\u00e9rcito, hebilla de Metal para exteriores, cintur\u00f3n de caza de entrenamiento resistente\" \/><img decoding=\"async\" title=\"TOtrait, cintur\u00f3n ancho, cinturones t\u00e1cticos, cintur\u00f3n militar de ej\u00e9rcito, hebilla de Metal para exteriores, cintur\u00f3n de caza de entrenamiento resistente\" src=\"https:\/\/bodegaoutdoor.cl\/store\/wp-content\/uploads\/2020\/09\/15083-eufmos.jpg\" alt=\"TOtrait, cintur\u00f3n ancho, cinturones t\u00e1cticos, cintur\u00f3n militar de ej\u00e9rcito, hebilla de Metal para exteriores, cintur\u00f3n de caza de entrenamiento resistente\" \/><\/span><\/div>\n<div><span style=\"max-width: 100%; font-size: 16px;\"><img decoding=\"async\" title=\"TOtrait, cintur\u00f3n ancho, cinturones t\u00e1cticos, cintur\u00f3n militar de ej\u00e9rcito, hebilla de Metal para exteriores, cintur\u00f3n de caza de entrenamiento resistente\" src=\"https:\/\/bodegaoutdoor.cl\/store\/wp-content\/uploads\/2020\/09\/15083-ih4cnr.jpg\" alt=\"TOtrait, cintur\u00f3n ancho, cinturones t\u00e1cticos, cintur\u00f3n militar de ej\u00e9rcito, hebilla de Metal para exteriores, cintur\u00f3n de caza de entrenamiento resistente\" \/><img decoding=\"async\" title=\"TOtrait, cintur\u00f3n ancho, cinturones t\u00e1cticos, cintur\u00f3n militar de ej\u00e9rcito, hebilla de Metal para exteriores, cintur\u00f3n de caza de entrenamiento resistente\" src=\"https:\/\/bodegaoutdoor.cl\/store\/wp-content\/uploads\/2020\/09\/15083-acha1y.jpg\" alt=\"TOtrait, cintur\u00f3n ancho, cinturones t\u00e1cticos, cintur\u00f3n militar de ej\u00e9rcito, hebilla de Metal para exteriores, cintur\u00f3n de caza de entrenamiento resistente\" \/><img decoding=\"async\" title=\"TOtrait, cintur\u00f3n ancho, cinturones t\u00e1cticos, cintur\u00f3n militar de ej\u00e9rcito, hebilla de Metal para exteriores, cintur\u00f3n de caza de entrenamiento resistente\" src=\"https:\/\/bodegaoutdoor.cl\/store\/wp-content\/uploads\/2020\/09\/15083-is9sa6.jpg\" alt=\"TOtrait, cintur\u00f3n ancho, cinturones t\u00e1cticos, cintur\u00f3n militar de ej\u00e9rcito, hebilla de Metal para exteriores, cintur\u00f3n de caza de entrenamiento resistente\" \/><img decoding=\"async\" title=\"TOtrait, cintur\u00f3n ancho, cinturones t\u00e1cticos, cintur\u00f3n militar de ej\u00e9rcito, hebilla de Metal para exteriores, cintur\u00f3n de caza de entrenamiento resistente\" src=\"https:\/\/bodegaoutdoor.cl\/store\/wp-content\/uploads\/2020\/09\/15083-y2rnyw.jpg\" alt=\"TOtrait, cintur\u00f3n ancho, cinturones t\u00e1cticos, cintur\u00f3n militar de ej\u00e9rcito, hebilla de Metal para exteriores, cintur\u00f3n de caza de entrenamiento resistente\" \/><img decoding=\"async\" title=\"TOtrait, cintur\u00f3n ancho, cinturones t\u00e1cticos, cintur\u00f3n militar de ej\u00e9rcito, hebilla de Metal para exteriores, cintur\u00f3n de caza de entrenamiento resistente\" src=\"https:\/\/bodegaoutdoor.cl\/store\/wp-content\/uploads\/2020\/09\/15083-usno6s.jpg\" alt=\"TOtrait, cintur\u00f3n ancho, cinturones t\u00e1cticos, cintur\u00f3n militar de ej\u00e9rcito, hebilla de Metal para exteriores, cintur\u00f3n de caza de entrenamiento resistente\" \/><img decoding=\"async\" title=\"TOtrait, cintur\u00f3n ancho, cinturones t\u00e1cticos, cintur\u00f3n militar de ej\u00e9rcito, hebilla de Metal para exteriores, cintur\u00f3n de caza de entrenamiento resistente\" src=\"https:\/\/bodegaoutdoor.cl\/store\/wp-content\/uploads\/2020\/09\/15083-wxzphb.jpg\" alt=\"TOtrait, cintur\u00f3n ancho, cinturones t\u00e1cticos, cintur\u00f3n militar de ej\u00e9rcito, hebilla de Metal para exteriores, cintur\u00f3n de caza de entrenamiento resistente\" \/><img decoding=\"async\" title=\"TOtrait, cintur\u00f3n ancho, cinturones t\u00e1cticos, cintur\u00f3n militar de ej\u00e9rcito, hebilla de Metal para exteriores, cintur\u00f3n de caza de entrenamiento resistente\" src=\"https:\/\/bodegaoutdoor.cl\/store\/wp-content\/uploads\/2020\/09\/15083-z4etvt.jpg\" alt=\"TOtrait, cintur\u00f3n ancho, cinturones t\u00e1cticos, cintur\u00f3n militar de ej\u00e9rcito, hebilla de Metal para exteriores, cintur\u00f3n de caza de entrenamiento resistente\" \/><\/span><\/div>\n<div><span style=\"max-width: 100%; font-size: 16px;\"><img decoding=\"async\" title=\"TOtrait, cintur\u00f3n ancho, cinturones t\u00e1cticos, cintur\u00f3n militar de ej\u00e9rcito, hebilla de Metal para exteriores, cintur\u00f3n de caza de entrenamiento resistente\" src=\"https:\/\/bodegaoutdoor.cl\/store\/wp-content\/uploads\/2020\/09\/15083-3g7s7b.jpg\" alt=\"TOtrait, cintur\u00f3n ancho, cinturones t\u00e1cticos, cintur\u00f3n militar de ej\u00e9rcito, hebilla de Metal para exteriores, cintur\u00f3n de caza de entrenamiento resistente\" \/><img decoding=\"async\" title=\"TOtrait, cintur\u00f3n ancho, cinturones t\u00e1cticos, cintur\u00f3n militar de ej\u00e9rcito, hebilla de Metal para exteriores, cintur\u00f3n de caza de entrenamiento resistente\" src=\"https:\/\/bodegaoutdoor.cl\/store\/wp-content\/uploads\/2020\/09\/15083-zbrbox.jpg\" alt=\"TOtrait, cintur\u00f3n ancho, cinturones t\u00e1cticos, cintur\u00f3n militar de ej\u00e9rcito, hebilla de Metal para exteriores, cintur\u00f3n de caza de entrenamiento resistente\" \/><img decoding=\"async\" title=\"TOtrait, cintur\u00f3n ancho, cinturones t\u00e1cticos, cintur\u00f3n militar de ej\u00e9rcito, hebilla de Metal para exteriores, cintur\u00f3n de caza de entrenamiento resistente\" src=\"https:\/\/bodegaoutdoor.cl\/store\/wp-content\/uploads\/2020\/09\/15083-we91bu.jpg\" alt=\"TOtrait, cintur\u00f3n ancho, cinturones t\u00e1cticos, cintur\u00f3n militar de ej\u00e9rcito, hebilla de Metal para exteriores, cintur\u00f3n de caza de entrenamiento resistente\" \/><img decoding=\"async\" title=\"TOtrait, cintur\u00f3n ancho, cinturones t\u00e1cticos, cintur\u00f3n militar de ej\u00e9rcito, hebilla de Metal para exteriores, cintur\u00f3n de caza de entrenamiento resistente\" src=\"https:\/\/bodegaoutdoor.cl\/store\/wp-content\/uploads\/2020\/09\/15083-gyuupk.jpg\" alt=\"TOtrait, cintur\u00f3n ancho, cinturones t\u00e1cticos, cintur\u00f3n militar de ej\u00e9rcito, hebilla de Metal para exteriores, cintur\u00f3n de caza de entrenamiento resistente\" \/><\/span><\/div>\n<\/div>\n<\/div>\n<div><\/div>\n<div><\/div>\n\n    <div class=\"xs_social_share_widget xs_share_url after_content \t\tmain_content  wslu-style-1 wslu-share-box-shaped wslu-fill-colored wslu-none wslu-share-horizontal wslu-theme-font-no wslu-main_content\">\n\n\t\t\n        <ul>\n\t\t\t        <\/ul>\n    <\/div> \n","protected":false},"excerpt":{"rendered":"<p>Nombre: nos t\u00e1ctico s correa exterior Color: Negro militar verde caqui Tela: nylon reforzado 800D Cabeza de hebilla: Hebilla autom\u00e1tica Especificaci\u00f3n: largo 110cm ancho 5,5 cm Peso: 250g Usos: turismo al aire libre, exploraci\u00f3n de campo, etc. La correa exterior, tambi\u00e9n conocida como el cintur\u00f3n S, se origin\u00f3 a partir de la hebilla en forma [&hellip;]<\/p>\n","protected":false},"featured_media":15087,"comment_status":"open","ping_status":"closed","template":"","meta":{"jetpack_publicize_message":"","jetpack_publicize_feature_enabled":true,"jetpack_social_post_already_shared":true,"jetpack_social_options":{"image_generator_settings":{"template":"highway","enabled":false},"version":2}},"product_brand":[],"product_cat":[489],"product_tag":[],"class_list":{"0":"post-15083","1":"product","2":"type-product","3":"status-publish","4":"has-post-thumbnail","6":"product_cat-cinturones","8":"first","9":"instock","10":"sale","11":"taxable","12":"shipping-taxable","13":"purchasable","14":"product-type-variable"},"jetpack_publicize_connections":[],"jetpack_sharing_enabled":true,"_links":{"self":[{"href":"https:\/\/bodegaoutdoor.cl\/store\/wp-json\/wp\/v2\/product\/15083","targetHints":{"allow":["GET"]}}],"collection":[{"href":"https:\/\/bodegaoutdoor.cl\/store\/wp-json\/wp\/v2\/product"}],"about":[{"href":"https:\/\/bodegaoutdoor.cl\/store\/wp-json\/wp\/v2\/types\/product"}],"replies":[{"embeddable":true,"href":"https:\/\/bodegaoutdoor.cl\/store\/wp-json\/wp\/v2\/comments?post=15083"}],"version-history":[{"count":2,"href":"https:\/\/bodegaoutdoor.cl\/store\/wp-json\/wp\/v2\/product\/15083\/revisions"}],"predecessor-version":[{"id":71251,"href":"https:\/\/bodegaoutdoor.cl\/store\/wp-json\/wp\/v2\/product\/15083\/revisions\/71251"}],"wp:featuredmedia":[{"embeddable":true,"href":"https:\/\/bodegaoutdoor.cl\/store\/wp-json\/wp\/v2\/media\/15087"}],"wp:attachment":[{"href":"https:\/\/bodegaoutdoor.cl\/store\/wp-json\/wp\/v2\/media?parent=15083"}],"wp:term":[{"taxonomy":"product_brand","embeddable":true,"href":"https:\/\/bodegaoutdoor.cl\/store\/wp-json\/wp\/v2\/product_brand?post=15083"},{"taxonomy":"product_cat","embeddable":true,"href":"https:\/\/bodegaoutdoor.cl\/store\/wp-json\/wp\/v2\/product_cat?post=15083"},{"taxonomy":"product_tag","embeddable":true,"href":"https:\/\/bodegaoutdoor.cl\/store\/wp-json\/wp\/v2\/product_tag?post=15083"}],"curies":[{"name":"wp","href":"https:\/\/api.w.org\/{rel}","templated":true}]}}