{"id":15124,"date":"2020-09-05T22:09:38","date_gmt":"2020-09-05T22:09:38","guid":{"rendered":"https:\/\/bodegaoutdoor.cl\/store\/product\/novedad-cinturon-tactico-para-hombre-cinturon-de-nailon-para-exterior-de-secado-rapido-con-cabeza-de-bala-cinturon-para-hombre-cinturon-triangular-con-hebilla-para-estudiantes-de-montanismo\/"},"modified":"2023-05-04T19:19:25","modified_gmt":"2023-05-04T23:19:25","slug":"novedad-cinturon-tactico-para-hombre-cinturon-de-nailon-para-exterior-de-secado-rapido-con-cabeza-de-bala-cinturon-para-hombre-cinturon-triangular-con-hebilla-para-estudiantes-de-montanismo","status":"publish","type":"product","link":"https:\/\/bodegaoutdoor.cl\/store\/product\/novedad-cinturon-tactico-para-hombre-cinturon-de-nailon-para-exterior-de-secado-rapido-con-cabeza-de-bala-cinturon-para-hombre-cinturon-triangular-con-hebilla-para-estudiantes-de-montanismo\/","title":{"rendered":"Cintur\u00f3n t\u00e1ctico Outdoor secado r\u00e1pido triangular con hebilla para monta\u00f1ismo."},"content":{"rendered":"<div><\/div>\n<div>\n<p style=\"font-family: 'OpenSans'; color: #000; font-weight: 900; font-size: 20px; line-height: 28px; margin-bottom: 12px;\">Informaci\u00f3n de producto:<\/p>\n<p style=\"font-family: 'OpenSans'; color: #000; font-weight: 300; font-size: 14px; line-height: 20px; margin-bottom: 12px;\">Los nuevos hombres cintur\u00f3n t\u00e1ctico nylon para exterior secado r\u00e1pido cabeza de bala hombre cintur\u00f3n tri\u00e1ngulo de hebilla monta\u00f1ismo cintur\u00f3n para estudiante<br \/>\nCategor\u00eda de producto: cintur\u00f3n<br \/>\nColor: caqui, negro, marr\u00f3n, verde militar, gris plateado, azul oscuro, hebilla plateada-negro, hebilla plateada-caqui, hebilla plateada-verde militar<br \/>\nPeso: 150g<br \/>\nMaterial: Material de Nylon<br \/>\nForma de la hebilla del cintur\u00f3n: rectangular<br \/>\nM\u00e9todo de sujeci\u00f3n: Hebilla lisa<br \/>\nMaterial de la hebilla del cintur\u00f3n: aleaci\u00f3n<br \/>\nG\u00e9nero aplicable: Unisex\/hombres y mujeres<br \/>\nEspecificaciones: 120cm * 3,8 cm<\/p>\n<\/div>\n<div>\n<p style=\"font-family: 'OpenSans'; color: #000; font-weight: 900; font-size: 20px; line-height: 28px; margin-bottom: 12px;\">Notas:<\/p>\n<p style=\"font-family: 'OpenSans'; color: #000; font-weight: 300; font-size: 14px; line-height: 20px; margin-bottom: 12px;\">1. Debido a los diferentes monitores y efectos de la luz, el color real del art\u00edculo puede ser ligeramente diferente al color mostrado en las im\u00e1genes. \u00a1Gracias!<br \/>\n2. Permita una desviaci\u00f3n de 1-3cm debido a la medici\u00f3n manual.<\/p>\n<\/div>\n<div>\n<p style=\"font-family: 'OpenSans'; color: #000; font-weight: 900; font-size: 20px; line-height: 28px; margin-bottom: 12px;\">Muestra el modelo y el producto<\/p>\n<p><img decoding=\"async\" style=\"margin-bottom: 10px;\" title=\"\u00a1Novedad! Cintur\u00f3n t\u00e1ctico para hombre, cintur\u00f3n de nailon para exterior de secado r\u00e1pido con cabeza de bala, cintur\u00f3n para hombre, cintur\u00f3n triangular con hebilla para estudiantes de monta\u00f1ismo.\" src=\"https:\/\/bodegaoutdoor.cl\/store\/wp-content\/uploads\/2020\/09\/15124-mmydr0.jpg\" alt=\"\u00a1Novedad! Cintur\u00f3n t\u00e1ctico para hombre, cintur\u00f3n de nailon para exterior de secado r\u00e1pido con cabeza de bala, cintur\u00f3n para hombre, cintur\u00f3n triangular con hebilla para estudiantes de monta\u00f1ismo.\" \/><img decoding=\"async\" style=\"margin-bottom: 10px;\" title=\"\u00a1Novedad! Cintur\u00f3n t\u00e1ctico para hombre, cintur\u00f3n de nailon para exterior de secado r\u00e1pido con cabeza de bala, cintur\u00f3n para hombre, cintur\u00f3n triangular con hebilla para estudiantes de monta\u00f1ismo.\" src=\"https:\/\/bodegaoutdoor.cl\/store\/wp-content\/uploads\/2020\/09\/15124-sbibto.jpg\" alt=\"\u00a1Novedad! Cintur\u00f3n t\u00e1ctico para hombre, cintur\u00f3n de nailon para exterior de secado r\u00e1pido con cabeza de bala, cintur\u00f3n para hombre, cintur\u00f3n triangular con hebilla para estudiantes de monta\u00f1ismo.\" \/><img decoding=\"async\" style=\"margin-bottom: 10px;\" title=\"\u00a1Novedad! Cintur\u00f3n t\u00e1ctico para hombre, cintur\u00f3n de nailon para exterior de secado r\u00e1pido con cabeza de bala, cintur\u00f3n para hombre, cintur\u00f3n triangular con hebilla para estudiantes de monta\u00f1ismo.\" src=\"https:\/\/bodegaoutdoor.cl\/store\/wp-content\/uploads\/2020\/09\/15124-iuftvs.jpg\" alt=\"\u00a1Novedad! Cintur\u00f3n t\u00e1ctico para hombre, cintur\u00f3n de nailon para exterior de secado r\u00e1pido con cabeza de bala, cintur\u00f3n para hombre, cintur\u00f3n triangular con hebilla para estudiantes de monta\u00f1ismo.\" \/><img decoding=\"async\" style=\"margin-bottom: 10px;\" title=\"\u00a1Novedad! Cintur\u00f3n t\u00e1ctico para hombre, cintur\u00f3n de nailon para exterior de secado r\u00e1pido con cabeza de bala, cintur\u00f3n para hombre, cintur\u00f3n triangular con hebilla para estudiantes de monta\u00f1ismo.\" src=\"https:\/\/bodegaoutdoor.cl\/store\/wp-content\/uploads\/2020\/09\/15124-ri6iwb.jpg\" alt=\"\u00a1Novedad! Cintur\u00f3n t\u00e1ctico para hombre, cintur\u00f3n de nailon para exterior de secado r\u00e1pido con cabeza de bala, cintur\u00f3n para hombre, cintur\u00f3n triangular con hebilla para estudiantes de monta\u00f1ismo.\" \/><img decoding=\"async\" style=\"margin-bottom: 10px;\" title=\"\u00a1Novedad! Cintur\u00f3n t\u00e1ctico para hombre, cintur\u00f3n de nailon para exterior de secado r\u00e1pido con cabeza de bala, cintur\u00f3n para hombre, cintur\u00f3n triangular con hebilla para estudiantes de monta\u00f1ismo.\" src=\"https:\/\/bodegaoutdoor.cl\/store\/wp-content\/uploads\/2020\/09\/15124-olu4eo.jpg\" alt=\"\u00a1Novedad! Cintur\u00f3n t\u00e1ctico para hombre, cintur\u00f3n de nailon para exterior de secado r\u00e1pido con cabeza de bala, cintur\u00f3n para hombre, cintur\u00f3n triangular con hebilla para estudiantes de monta\u00f1ismo.\" \/><img decoding=\"async\" style=\"margin-bottom: 10px;\" title=\"\u00a1Novedad! Cintur\u00f3n t\u00e1ctico para hombre, cintur\u00f3n de nailon para exterior de secado r\u00e1pido con cabeza de bala, cintur\u00f3n para hombre, cintur\u00f3n triangular con hebilla para estudiantes de monta\u00f1ismo.\" src=\"https:\/\/bodegaoutdoor.cl\/store\/wp-content\/uploads\/2020\/09\/15124-2s1gyg.jpg\" alt=\"\u00a1Novedad! Cintur\u00f3n t\u00e1ctico para hombre, cintur\u00f3n de nailon para exterior de secado r\u00e1pido con cabeza de bala, cintur\u00f3n para hombre, cintur\u00f3n triangular con hebilla para estudiantes de monta\u00f1ismo.\" \/><img decoding=\"async\" style=\"margin-bottom: 10px;\" title=\"\u00a1Novedad! Cintur\u00f3n t\u00e1ctico para hombre, cintur\u00f3n de nailon para exterior de secado r\u00e1pido con cabeza de bala, cintur\u00f3n para hombre, cintur\u00f3n triangular con hebilla para estudiantes de monta\u00f1ismo.\" src=\"https:\/\/bodegaoutdoor.cl\/store\/wp-content\/uploads\/2020\/09\/15124-y5f1do.jpg\" alt=\"\u00a1Novedad! Cintur\u00f3n t\u00e1ctico para hombre, cintur\u00f3n de nailon para exterior de secado r\u00e1pido con cabeza de bala, cintur\u00f3n para hombre, cintur\u00f3n triangular con hebilla para estudiantes de monta\u00f1ismo.\" \/><img decoding=\"async\" style=\"margin-bottom: 10px;\" title=\"\u00a1Novedad! Cintur\u00f3n t\u00e1ctico para hombre, cintur\u00f3n de nailon para exterior de secado r\u00e1pido con cabeza de bala, cintur\u00f3n para hombre, cintur\u00f3n triangular con hebilla para estudiantes de monta\u00f1ismo.\" src=\"https:\/\/bodegaoutdoor.cl\/store\/wp-content\/uploads\/2020\/09\/15124-kyxd1s.jpg\" alt=\"\u00a1Novedad! Cintur\u00f3n t\u00e1ctico para hombre, cintur\u00f3n de nailon para exterior de secado r\u00e1pido con cabeza de bala, cintur\u00f3n para hombre, cintur\u00f3n triangular con hebilla para estudiantes de monta\u00f1ismo.\" \/><img decoding=\"async\" style=\"margin-bottom: 10px;\" title=\"\u00a1Novedad! Cintur\u00f3n t\u00e1ctico para hombre, cintur\u00f3n de nailon para exterior de secado r\u00e1pido con cabeza de bala, cintur\u00f3n para hombre, cintur\u00f3n triangular con hebilla para estudiantes de monta\u00f1ismo.\" src=\"https:\/\/bodegaoutdoor.cl\/store\/wp-content\/uploads\/2020\/09\/15124-xwffyq.jpg\" alt=\"\u00a1Novedad! Cintur\u00f3n t\u00e1ctico para hombre, cintur\u00f3n de nailon para exterior de secado r\u00e1pido con cabeza de bala, cintur\u00f3n para hombre, cintur\u00f3n triangular con hebilla para estudiantes de monta\u00f1ismo.\" \/><img decoding=\"async\" style=\"margin-bottom: 10px;\" title=\"\u00a1Novedad! Cintur\u00f3n t\u00e1ctico para hombre, cintur\u00f3n de nailon para exterior de secado r\u00e1pido con cabeza de bala, cintur\u00f3n para hombre, cintur\u00f3n triangular con hebilla para estudiantes de monta\u00f1ismo.\" src=\"https:\/\/bodegaoutdoor.cl\/store\/wp-content\/uploads\/2020\/09\/15124-e3rlbh.jpg\" alt=\"\u00a1Novedad! Cintur\u00f3n t\u00e1ctico para hombre, cintur\u00f3n de nailon para exterior de secado r\u00e1pido con cabeza de bala, cintur\u00f3n para hombre, cintur\u00f3n triangular con hebilla para estudiantes de monta\u00f1ismo.\" \/><\/p>\n<\/div>\n\n    <div class=\"xs_social_share_widget xs_share_url after_content \t\tmain_content  wslu-style-1 wslu-share-box-shaped wslu-fill-colored wslu-none wslu-share-horizontal wslu-theme-font-no wslu-main_content\">\n\n\t\t\n        <ul>\n\t\t\t        <\/ul>\n    <\/div> \n","protected":false},"excerpt":{"rendered":"<p>Informaci\u00f3n de producto: Los nuevos hombres cintur\u00f3n t\u00e1ctico nylon para exterior secado r\u00e1pido cabeza de bala hombre cintur\u00f3n tri\u00e1ngulo de hebilla monta\u00f1ismo cintur\u00f3n para estudiante Categor\u00eda de producto: cintur\u00f3n Color: caqui, negro, marr\u00f3n, verde militar, gris plateado, azul oscuro, hebilla plateada-negro, hebilla plateada-caqui, hebilla plateada-verde militar Peso: 150g Material: Material de Nylon Forma de la [&hellip;]<\/p>\n","protected":false},"featured_media":15134,"comment_status":"open","ping_status":"closed","template":"","meta":{"jetpack_publicize_message":"","jetpack_publicize_feature_enabled":true,"jetpack_social_post_already_shared":true,"jetpack_social_options":{"image_generator_settings":{"template":"highway","enabled":false},"version":2}},"product_brand":[],"product_cat":[487,489],"product_tag":[],"class_list":{"0":"post-15124","1":"product","2":"type-product","3":"status-publish","4":"has-post-thumbnail","6":"product_cat-airsoft","7":"product_cat-cinturones","9":"first","10":"instock","11":"sale","12":"taxable","13":"shipping-taxable","14":"purchasable","15":"product-type-variable"},"jetpack_publicize_connections":[],"jetpack_sharing_enabled":true,"_links":{"self":[{"href":"https:\/\/bodegaoutdoor.cl\/store\/wp-json\/wp\/v2\/product\/15124","targetHints":{"allow":["GET"]}}],"collection":[{"href":"https:\/\/bodegaoutdoor.cl\/store\/wp-json\/wp\/v2\/product"}],"about":[{"href":"https:\/\/bodegaoutdoor.cl\/store\/wp-json\/wp\/v2\/types\/product"}],"replies":[{"embeddable":true,"href":"https:\/\/bodegaoutdoor.cl\/store\/wp-json\/wp\/v2\/comments?post=15124"}],"version-history":[{"count":1,"href":"https:\/\/bodegaoutdoor.cl\/store\/wp-json\/wp\/v2\/product\/15124\/revisions"}],"predecessor-version":[{"id":71250,"href":"https:\/\/bodegaoutdoor.cl\/store\/wp-json\/wp\/v2\/product\/15124\/revisions\/71250"}],"wp:featuredmedia":[{"embeddable":true,"href":"https:\/\/bodegaoutdoor.cl\/store\/wp-json\/wp\/v2\/media\/15134"}],"wp:attachment":[{"href":"https:\/\/bodegaoutdoor.cl\/store\/wp-json\/wp\/v2\/media?parent=15124"}],"wp:term":[{"taxonomy":"product_brand","embeddable":true,"href":"https:\/\/bodegaoutdoor.cl\/store\/wp-json\/wp\/v2\/product_brand?post=15124"},{"taxonomy":"product_cat","embeddable":true,"href":"https:\/\/bodegaoutdoor.cl\/store\/wp-json\/wp\/v2\/product_cat?post=15124"},{"taxonomy":"product_tag","embeddable":true,"href":"https:\/\/bodegaoutdoor.cl\/store\/wp-json\/wp\/v2\/product_tag?post=15124"}],"curies":[{"name":"wp","href":"https:\/\/api.w.org\/{rel}","templated":true}]}}