{"id":15171,"date":"2020-09-05T22:29:50","date_gmt":"2020-09-05T22:29:50","guid":{"rendered":"https:\/\/bodegaoutdoor.cl\/store\/product\/rodillera-de-acero-inoxidable-para-motocicleta-4-unids-set-rodilleras-de-codo-para-moto-protector-de-competicion-para-motocross-protector-de-engranajes-calidad-fina\/"},"modified":"2023-05-04T19:19:25","modified_gmt":"2023-05-04T23:19:25","slug":"rodillera-de-acero-inoxidable-para-motocicleta-4-unids-set-rodilleras-de-codo-para-moto","status":"publish","type":"product","link":"https:\/\/bodegaoutdoor.cl\/store\/product\/rodillera-de-acero-inoxidable-para-motocicleta-4-unids-set-rodilleras-de-codo-para-moto\/","title":{"rendered":"Rodillera de acero inoxidable para motocicleta, 4 unids\/set, rodilleras de codo para Moto"},"content":{"rendered":"<p><img decoding=\"async\" title=\"Rodillera de acero inoxidable para motocicleta, 4 unids\/set, rodilleras de codo para Moto, Protector de competici\u00f3n para Motocross, Protector de engranajes, calidad fina\" src=\"https:\/\/bodegaoutdoor.cl\/store\/wp-content\/uploads\/2020\/09\/15171-omfw3l.jpg\" alt=\"Rodillera de acero inoxidable para motocicleta, 4 unids\/set, rodilleras de codo para Moto, Protector de competici\u00f3n para Motocross, Protector de engranajes, calidad fina\" width=\"790\" \/><\/p>\n<p><img decoding=\"async\" title=\"Rodillera de acero inoxidable para motocicleta, 4 unids\/set, rodilleras de codo para Moto, Protector de competici\u00f3n para Motocross, Protector de engranajes, calidad fina\" src=\"https:\/\/bodegaoutdoor.cl\/store\/wp-content\/uploads\/2020\/09\/15171-ozsjix.jpg\" alt=\"Rodillera de acero inoxidable para motocicleta, 4 unids\/set, rodilleras de codo para Moto, Protector de competici\u00f3n para Motocross, Protector de engranajes, calidad fina\" width=\"790\" \/><\/p>\n<p><img decoding=\"async\" title=\"Rodillera de acero inoxidable para motocicleta, 4 unids\/set, rodilleras de codo para Moto, Protector de competici\u00f3n para Motocross, Protector de engranajes, calidad fina\" src=\"https:\/\/bodegaoutdoor.cl\/store\/wp-content\/uploads\/2020\/09\/15171-8e5tgo.jpg\" alt=\"Rodillera de acero inoxidable para motocicleta, 4 unids\/set, rodilleras de codo para Moto, Protector de competici\u00f3n para Motocross, Protector de engranajes, calidad fina\" width=\"790\" \/><\/p>\n<p><img decoding=\"async\" title=\"Rodillera de acero inoxidable para motocicleta, 4 unids\/set, rodilleras de codo para Moto, Protector de competici\u00f3n para Motocross, Protector de engranajes, calidad fina\" src=\"https:\/\/bodegaoutdoor.cl\/store\/wp-content\/uploads\/2020\/09\/15171-465l4r.jpg\" alt=\"Rodillera de acero inoxidable para motocicleta, 4 unids\/set, rodilleras de codo para Moto, Protector de competici\u00f3n para Motocross, Protector de engranajes, calidad fina\" width=\"790\" \/><\/p>\n<p style=\"text-align: center;\"><span style=\"color: #000000;\"><span style=\"font-size: 26.0px;\"><span style=\"font-family: arial , helvetica , sans-serif;\"><strong><img decoding=\"async\" title=\"Rodillera de acero inoxidable para motocicleta, 4 unids\/set, rodilleras de codo para Moto, Protector de competici\u00f3n para Motocross, Protector de engranajes, calidad fina\" src=\"https:\/\/bodegaoutdoor.cl\/store\/wp-content\/uploads\/2020\/09\/15171-trdxee.jpg\" alt=\"Rodillera de acero inoxidable para motocicleta, 4 unids\/set, rodilleras de codo para Moto, Protector de competici\u00f3n para Motocross, Protector de engranajes, calidad fina\" \/><\/strong><\/span><\/span><\/span><\/p>\n<p><span style=\"font-size: 24.0px;\"><span style=\"color: #000000;\"><span style=\"font-family: arial , helvetica , sans-serif;\"><strong>Caracter\u00edsticas:<\/strong><\/span><\/span><\/span><\/p>\n<ul>\n<li><span style=\"font-family: arial , helvetica , sans-serif;\"><span style=\"font-size: 20.0px;\">Forro grueso transpirable con carcasa de PP firme, absorbe f\u00e1cilmente el sudor y reduce eficazmente el impacto, duradero para un uso a largo plazo.<\/span><\/span><\/li>\n<li><span style=\"font-family: arial , helvetica , sans-serif;\"><span style=\"font-size: 20.0px;\">Correas de velcro de liberaci\u00f3n r\u00e1pida con alta elasticidad, f\u00e1cil de llevar y quitar, libre de ajustar y ajuste perfecto con comodidad ergon\u00f3mica.<\/span><\/span><\/li>\n<li><span style=\"font-family: arial , helvetica , sans-serif;\"><span style=\"font-size: 20.0px;\">Placa de acero de aleaci\u00f3n resistente con agujeros, antideslizante, ligero y resistente a las ca\u00eddas, mejora la protecci\u00f3n de las rodillas y los codos.<\/span><\/span><\/li>\n<li><span style=\"font-family: arial , helvetica , sans-serif;\"><span style=\"font-size: 20.0px;\">Dise\u00f1o moderno y a la moda, universal apto para diferentes usuarios, mejora tu seguridad durante la conducci\u00f3n de motocicletas, bicicletas, etc.<\/span><\/span><\/li>\n<\/ul>\n<div><\/div>\n<div><span style=\"color: #000000;\"><span style=\"font-size: 24.0px;\"><span style=\"font-family: arial , helvetica , sans-serif;\"><strong>Especificaciones:<\/strong><\/span><\/span><\/span><\/div>\n<ul>\n<li><span style=\"font-size: 20.0px;\"><span style=\"font-family: arial , helvetica , sans-serif;\">Material: aleaci\u00f3n de acero + correa el\u00e1stica + EVA + TELA DE BUCEO<\/span><\/span><\/li>\n<li><span style=\"font-size: 20.0px;\"><span style=\"font-family: arial , helvetica , sans-serif;\">Color: Negro<\/span><\/span><\/li>\n<li><span style=\"font-size: 20.0px;\"><span style=\"font-family: arial , helvetica , sans-serif;\">La rodilla TAMA\u00d1O DE alfombrilla: appr.42 * 15cm<\/span><\/span><\/li>\n<li><span style=\"font-size: 20.0px;\"><span style=\"font-family: arial , helvetica , sans-serif;\">Codo TAMA\u00d1O DE alfombrilla: appr.32 * 13cm<\/span><\/span><\/li>\n<li><span style=\"font-size: 20.0px;\"><span style=\"font-family: arial , helvetica , sans-serif;\">Peso del paquete: appr.800g<\/span><\/span><\/li>\n<\/ul>\n<div><\/div>\n<div><\/div>\n<div><span style=\"font-family: trebuchet ms , helvetica , sans-serif;\"><span style=\"font-size: 22.0px;\"><img decoding=\"async\" title=\"Rodillera de acero inoxidable para motocicleta, 4 unids\/set, rodilleras de codo para Moto, Protector de competici\u00f3n para Motocross, Protector de engranajes, calidad fina\" src=\"https:\/\/bodegaoutdoor.cl\/store\/wp-content\/uploads\/2020\/09\/15171-ysrcbj.jpg\" alt=\"Rodillera de acero inoxidable para motocicleta, 4 unids\/set, rodilleras de codo para Moto, Protector de competici\u00f3n para Motocross, Protector de engranajes, calidad fina\" \/><\/span><\/span><\/div>\n<div><\/div>\n<div><span style=\"font-family: trebuchet ms , helvetica , sans-serif;\"><span style=\"font-size: 22.0px;\"><img decoding=\"async\" title=\"Rodillera de acero inoxidable para motocicleta, 4 unids\/set, rodilleras de codo para Moto, Protector de competici\u00f3n para Motocross, Protector de engranajes, calidad fina\" src=\"https:\/\/bodegaoutdoor.cl\/store\/wp-content\/uploads\/2020\/09\/15171-xr6xd8.jpg\" alt=\"Rodillera de acero inoxidable para motocicleta, 4 unids\/set, rodilleras de codo para Moto, Protector de competici\u00f3n para Motocross, Protector de engranajes, calidad fina\" \/><\/span><\/span><\/div>\n<div><span style=\"font-family: trebuchet ms , helvetica , sans-serif;\"><span style=\"font-size: 22.0px;\"><img decoding=\"async\" title=\"Rodillera de acero inoxidable para motocicleta, 4 unids\/set, rodilleras de codo para Moto, Protector de competici\u00f3n para Motocross, Protector de engranajes, calidad fina\" src=\"https:\/\/bodegaoutdoor.cl\/store\/wp-content\/uploads\/2020\/09\/15171-sfefff.jpg\" alt=\"Rodillera de acero inoxidable para motocicleta, 4 unids\/set, rodilleras de codo para Moto, Protector de competici\u00f3n para Motocross, Protector de engranajes, calidad fina\" \/><\/span><\/span><\/div>\n<div><span style=\"font-family: trebuchet ms , helvetica , sans-serif;\"><span style=\"font-size: 22.0px;\"><img decoding=\"async\" title=\"Rodillera de acero inoxidable para motocicleta, 4 unids\/set, rodilleras de codo para Moto, Protector de competici\u00f3n para Motocross, Protector de engranajes, calidad fina\" src=\"https:\/\/bodegaoutdoor.cl\/store\/wp-content\/uploads\/2020\/09\/15171-m53cll.jpg\" alt=\"Rodillera de acero inoxidable para motocicleta, 4 unids\/set, rodilleras de codo para Moto, Protector de competici\u00f3n para Motocross, Protector de engranajes, calidad fina\" \/><\/span><\/span><\/div>\n<div><span style=\"font-family: trebuchet ms , helvetica , sans-serif;\"><span style=\"font-size: 22.0px;\"><img decoding=\"async\" title=\"Rodillera de acero inoxidable para motocicleta, 4 unids\/set, rodilleras de codo para Moto, Protector de competici\u00f3n para Motocross, Protector de engranajes, calidad fina\" src=\"https:\/\/bodegaoutdoor.cl\/store\/wp-content\/uploads\/2020\/09\/15171-xn76to.jpg\" alt=\"Rodillera de acero inoxidable para motocicleta, 4 unids\/set, rodilleras de codo para Moto, Protector de competici\u00f3n para Motocross, Protector de engranajes, calidad fina\" \/><\/span><\/span><\/div>\n<div><span style=\"font-family: trebuchet ms , helvetica , sans-serif;\"><span style=\"font-size: 22.0px;\"><img decoding=\"async\" title=\"Rodillera de acero inoxidable para motocicleta, 4 unids\/set, rodilleras de codo para Moto, Protector de competici\u00f3n para Motocross, Protector de engranajes, calidad fina\" src=\"https:\/\/bodegaoutdoor.cl\/store\/wp-content\/uploads\/2020\/09\/15171-lfive1.jpg\" alt=\"Rodillera de acero inoxidable para motocicleta, 4 unids\/set, rodilleras de codo para Moto, Protector de competici\u00f3n para Motocross, Protector de engranajes, calidad fina\" \/><\/span><\/span><\/div>\n<div><span style=\"font-family: trebuchet ms , helvetica , sans-serif;\"><span style=\"font-size: 22.0px;\"><img decoding=\"async\" title=\"Rodillera de acero inoxidable para motocicleta, 4 unids\/set, rodilleras de codo para Moto, Protector de competici\u00f3n para Motocross, Protector de engranajes, calidad fina\" src=\"https:\/\/bodegaoutdoor.cl\/store\/wp-content\/uploads\/2020\/09\/15171-qwlniv.jpg\" alt=\"Rodillera de acero inoxidable para motocicleta, 4 unids\/set, rodilleras de codo para Moto, Protector de competici\u00f3n para Motocross, Protector de engranajes, calidad fina\" \/><\/span><\/span><\/div>\n<div><img decoding=\"async\" title=\"Rodillera de acero inoxidable para motocicleta, 4 unids\/set, rodilleras de codo para Moto, Protector de competici\u00f3n para Motocross, Protector de engranajes, calidad fina\" src=\"https:\/\/bodegaoutdoor.cl\/store\/wp-content\/uploads\/2020\/09\/15171-j0hrmc.jpg\" alt=\"Rodillera de acero inoxidable para motocicleta, 4 unids\/set, rodilleras de codo para Moto, Protector de competici\u00f3n para Motocross, Protector de engranajes, calidad fina\" \/><img decoding=\"async\" title=\"Rodillera de acero inoxidable para motocicleta, 4 unids\/set, rodilleras de codo para Moto, Protector de competici\u00f3n para Motocross, Protector de engranajes, calidad fina\" src=\"https:\/\/bodegaoutdoor.cl\/store\/wp-content\/uploads\/2020\/09\/15171-skrpzc.jpg\" alt=\"Rodillera de acero inoxidable para motocicleta, 4 unids\/set, rodilleras de codo para Moto, Protector de competici\u00f3n para Motocross, Protector de engranajes, calidad fina\" \/><img decoding=\"async\" title=\"Rodillera de acero inoxidable para motocicleta, 4 unids\/set, rodilleras de codo para Moto, Protector de competici\u00f3n para Motocross, Protector de engranajes, calidad fina\" src=\"https:\/\/bodegaoutdoor.cl\/store\/wp-content\/uploads\/2020\/09\/15171-knepnv.jpg\" alt=\"Rodillera de acero inoxidable para motocicleta, 4 unids\/set, rodilleras de codo para Moto, Protector de competici\u00f3n para Motocross, Protector de engranajes, calidad fina\" \/><img decoding=\"async\" title=\"Rodillera de acero inoxidable para motocicleta, 4 unids\/set, rodilleras de codo para Moto, Protector de competici\u00f3n para Motocross, Protector de engranajes, calidad fina\" src=\"https:\/\/bodegaoutdoor.cl\/store\/wp-content\/uploads\/2020\/09\/15171-mf8ki0.jpg\" alt=\"Rodillera de acero inoxidable para motocicleta, 4 unids\/set, rodilleras de codo para Moto, Protector de competici\u00f3n para Motocross, Protector de engranajes, calidad fina\" \/><\/div>\n<div><\/div>\n<p>&#8216;<\/p>\n\n    <div class=\"xs_social_share_widget xs_share_url after_content \t\tmain_content  wslu-style-1 wslu-share-box-shaped wslu-fill-colored wslu-none wslu-share-horizontal wslu-theme-font-no wslu-main_content\">\n\n\t\t\n        <ul>\n\t\t\t        <\/ul>\n    <\/div> \n","protected":false},"excerpt":{"rendered":"<p>Caracter\u00edsticas: Forro grueso transpirable con carcasa de PP firme, absorbe f\u00e1cilmente el sudor y reduce eficazmente el impacto, duradero para un uso a largo plazo. Correas de velcro de liberaci\u00f3n r\u00e1pida con alta elasticidad, f\u00e1cil de llevar y quitar, libre de ajustar y ajuste perfecto con comodidad ergon\u00f3mica. Placa de acero de aleaci\u00f3n resistente con [&hellip;]<\/p>\n","protected":false},"featured_media":15174,"comment_status":"open","ping_status":"closed","template":"","meta":{"jetpack_publicize_message":"","jetpack_publicize_feature_enabled":true,"jetpack_social_post_already_shared":true,"jetpack_social_options":{"image_generator_settings":{"template":"highway","enabled":false},"version":2}},"product_brand":[],"product_cat":[487,1159],"product_tag":[2808,1606,481,2864,2865,2807],"class_list":{"0":"post-15171","1":"product","2":"type-product","3":"status-publish","4":"has-post-thumbnail","6":"product_cat-airsoft","7":"product_cat-protecciones","8":"product_tag-coderas","9":"product_tag-moto","10":"product_tag-outdoor","11":"product_tag-protecciones","12":"product_tag-prox","13":"product_tag-rodilleras","15":"first","16":"instock","17":"sale","18":"taxable","19":"shipping-taxable","20":"purchasable","21":"product-type-variable"},"jetpack_publicize_connections":[],"jetpack_sharing_enabled":true,"_links":{"self":[{"href":"https:\/\/bodegaoutdoor.cl\/store\/wp-json\/wp\/v2\/product\/15171","targetHints":{"allow":["GET"]}}],"collection":[{"href":"https:\/\/bodegaoutdoor.cl\/store\/wp-json\/wp\/v2\/product"}],"about":[{"href":"https:\/\/bodegaoutdoor.cl\/store\/wp-json\/wp\/v2\/types\/product"}],"replies":[{"embeddable":true,"href":"https:\/\/bodegaoutdoor.cl\/store\/wp-json\/wp\/v2\/comments?post=15171"}],"version-history":[{"count":2,"href":"https:\/\/bodegaoutdoor.cl\/store\/wp-json\/wp\/v2\/product\/15171\/revisions"}],"predecessor-version":[{"id":60869,"href":"https:\/\/bodegaoutdoor.cl\/store\/wp-json\/wp\/v2\/product\/15171\/revisions\/60869"}],"wp:featuredmedia":[{"embeddable":true,"href":"https:\/\/bodegaoutdoor.cl\/store\/wp-json\/wp\/v2\/media\/15174"}],"wp:attachment":[{"href":"https:\/\/bodegaoutdoor.cl\/store\/wp-json\/wp\/v2\/media?parent=15171"}],"wp:term":[{"taxonomy":"product_brand","embeddable":true,"href":"https:\/\/bodegaoutdoor.cl\/store\/wp-json\/wp\/v2\/product_brand?post=15171"},{"taxonomy":"product_cat","embeddable":true,"href":"https:\/\/bodegaoutdoor.cl\/store\/wp-json\/wp\/v2\/product_cat?post=15171"},{"taxonomy":"product_tag","embeddable":true,"href":"https:\/\/bodegaoutdoor.cl\/store\/wp-json\/wp\/v2\/product_tag?post=15171"}],"curies":[{"name":"wp","href":"https:\/\/api.w.org\/{rel}","templated":true}]}}