{"id":15201,"date":"2020-09-06T02:34:34","date_gmt":"2020-09-06T02:34:34","guid":{"rendered":"https:\/\/bodegaoutdoor.cl\/store\/product\/4-unids-set-rodilleras-de-motocicleta-rodilleras-de-motocross-rodilleras-de-proteccion-de-motocicleta-protector-de-rodilla-protectores-de-carreras-rodilleras-de-seguridad-rodilleras-de-carrera\/"},"modified":"2023-05-04T19:19:25","modified_gmt":"2023-05-04T23:19:25","slug":"4-unids-set-rodilleras-de-motocicleta-rodilleras-de-motocross-patines","status":"publish","type":"product","link":"https:\/\/bodegaoutdoor.cl\/store\/product\/4-unids-set-rodilleras-de-motocicleta-rodilleras-de-motocross-patines\/","title":{"rendered":"Protecciones rodilleras de motocicleta, rodilleras de Motocross, patines 4 unids\/kit"},"content":{"rendered":"<div><\/div>\n<div>\n<div>\n<p style=\"text-align: center;\"><span style=\"font-size: 20px;\"><strong>4 Uds protectores motocicleta de codo y rodilleras\u00a0<\/strong><\/span><\/p>\n<p>Caracter\u00edsticas:<\/p>\n<p>-El sistema de correa de apertura r\u00e1pida de ajuste \u00fanico permite una aplicaci\u00f3n y extracci\u00f3n r\u00e1pida y f\u00e1cil.<br \/>\n-Permite un mayor grado de comodidad y protecci\u00f3n para las rodillas y el codo, con resistencia al desgaste superior, juega una mejor amortiguaci\u00f3n en la colisi\u00f3n.<br \/>\n-El dise\u00f1o precurvado se ajusta al cuerpo mientras est\u00e1 en posici\u00f3n de montar, especialmente dise\u00f1ado para diversos deportes, como moto, ciclismo, patinaje, etc.<\/p>\n<p>Especificaciones:<br \/>\nMaterial: PE + EVA + TELA DE BUCEO<\/p>\n<p>Crisol de grafito mini horno de oro de la antorcha de fusi\u00f3n del metal:<br \/>\n2 x rodilleras<br \/>\n2 x coderas<\/p>\n<p>Notas:<br \/>\n1. Medici\u00f3n Manual, por favor permita un error de 1 ~ 3mm, gracias.<br \/>\n2. Debido a la diferencia entre diversos monitores, la imagen puede no reflejar el color real del art\u00edculo. Garantizamos que el estilo es el mismo que se muestra en la imagen.<\/p>\n<p><img decoding=\"async\" style=\"font-size: 13.3333px;\" title=\"4 unids\/set rodilleras de motocicleta, rodilleras de Motocross, rodilleras de protecci\u00f3n de motocicleta, Protector de rodilla, protectores de carreras, rodilleras de seguridad, rodilleras de carrera\" src=\"https:\/\/bodegaoutdoor.cl\/store\/wp-content\/uploads\/2020\/09\/15201-vaftg1.jpg\" alt=\"4 unids\/set rodilleras de motocicleta, rodilleras de Motocross, rodilleras de protecci\u00f3n de motocicleta, Protector de rodilla, protectores de carreras, rodilleras de seguridad, rodilleras de carrera\" \/><\/p>\n<p><img decoding=\"async\" style=\"font-size: 13.3333px;\" title=\"4 unids\/set rodilleras de motocicleta, rodilleras de Motocross, rodilleras de protecci\u00f3n de motocicleta, Protector de rodilla, protectores de carreras, rodilleras de seguridad, rodilleras de carrera\" src=\"https:\/\/bodegaoutdoor.cl\/store\/wp-content\/uploads\/2020\/09\/15201-ug2zgb.jpg\" alt=\"4 unids\/set rodilleras de motocicleta, rodilleras de Motocross, rodilleras de protecci\u00f3n de motocicleta, Protector de rodilla, protectores de carreras, rodilleras de seguridad, rodilleras de carrera\" \/><br \/>\n<img decoding=\"async\" style=\"font-size: 13.3333px;\" title=\"4 unids\/set rodilleras de motocicleta, rodilleras de Motocross, rodilleras de protecci\u00f3n de motocicleta, Protector de rodilla, protectores de carreras, rodilleras de seguridad, rodilleras de carrera\" src=\"https:\/\/bodegaoutdoor.cl\/store\/wp-content\/uploads\/2020\/09\/15201-mehpaz.jpg\" alt=\"4 unids\/set rodilleras de motocicleta, rodilleras de Motocross, rodilleras de protecci\u00f3n de motocicleta, Protector de rodilla, protectores de carreras, rodilleras de seguridad, rodilleras de carrera\" \/><\/p>\n<p>&nbsp;<\/p>\n<p><img decoding=\"async\" title=\"4 unids\/set rodilleras de motocicleta, rodilleras de Motocross, rodilleras de protecci\u00f3n de motocicleta, Protector de rodilla, protectores de carreras, rodilleras de seguridad, rodilleras de carrera\" src=\"https:\/\/bodegaoutdoor.cl\/store\/wp-content\/uploads\/2020\/09\/15201-jzagyv.jpg\" alt=\"4 unids\/set rodilleras de motocicleta, rodilleras de Motocross, rodilleras de protecci\u00f3n de motocicleta, Protector de rodilla, protectores de carreras, rodilleras de seguridad, rodilleras de carrera\" \/><img decoding=\"async\" title=\"4 unids\/set rodilleras de motocicleta, rodilleras de Motocross, rodilleras de protecci\u00f3n de motocicleta, Protector de rodilla, protectores de carreras, rodilleras de seguridad, rodilleras de carrera\" src=\"https:\/\/bodegaoutdoor.cl\/store\/wp-content\/uploads\/2020\/09\/15201-oujiya.jpg\" alt=\"4 unids\/set rodilleras de motocicleta, rodilleras de Motocross, rodilleras de protecci\u00f3n de motocicleta, Protector de rodilla, protectores de carreras, rodilleras de seguridad, rodilleras de carrera\" \/><img decoding=\"async\" title=\"4 unids\/set rodilleras de motocicleta, rodilleras de Motocross, rodilleras de protecci\u00f3n de motocicleta, Protector de rodilla, protectores de carreras, rodilleras de seguridad, rodilleras de carrera\" src=\"https:\/\/bodegaoutdoor.cl\/store\/wp-content\/uploads\/2020\/09\/15201-qxl3hy.jpg\" alt=\"4 unids\/set rodilleras de motocicleta, rodilleras de Motocross, rodilleras de protecci\u00f3n de motocicleta, Protector de rodilla, protectores de carreras, rodilleras de seguridad, rodilleras de carrera\" \/><img decoding=\"async\" title=\"4 unids\/set rodilleras de motocicleta, rodilleras de Motocross, rodilleras de protecci\u00f3n de motocicleta, Protector de rodilla, protectores de carreras, rodilleras de seguridad, rodilleras de carrera\" src=\"https:\/\/bodegaoutdoor.cl\/store\/wp-content\/uploads\/2020\/09\/15201-ktupmu.jpg\" alt=\"4 unids\/set rodilleras de motocicleta, rodilleras de Motocross, rodilleras de protecci\u00f3n de motocicleta, Protector de rodilla, protectores de carreras, rodilleras de seguridad, rodilleras de carrera\" \/><img decoding=\"async\" title=\"4 unids\/set rodilleras de motocicleta, rodilleras de Motocross, rodilleras de protecci\u00f3n de motocicleta, Protector de rodilla, protectores de carreras, rodilleras de seguridad, rodilleras de carrera\" src=\"https:\/\/bodegaoutdoor.cl\/store\/wp-content\/uploads\/2020\/09\/15201-gowchg.jpg\" alt=\"4 unids\/set rodilleras de motocicleta, rodilleras de Motocross, rodilleras de protecci\u00f3n de motocicleta, Protector de rodilla, protectores de carreras, rodilleras de seguridad, rodilleras de carrera\" \/><img decoding=\"async\" style=\"font-size: 13.3333px;\" title=\"4 unids\/set rodilleras de motocicleta, rodilleras de Motocross, rodilleras de protecci\u00f3n de motocicleta, Protector de rodilla, protectores de carreras, rodilleras de seguridad, rodilleras de carrera\" src=\"https:\/\/bodegaoutdoor.cl\/store\/wp-content\/uploads\/2020\/09\/15201-pu432e.jpg\" alt=\"4 unids\/set rodilleras de motocicleta, rodilleras de Motocross, rodilleras de protecci\u00f3n de motocicleta, Protector de rodilla, protectores de carreras, rodilleras de seguridad, rodilleras de carrera\" \/><\/p>\n<\/div>\n<\/div>\n\n    <div class=\"xs_social_share_widget xs_share_url after_content \t\tmain_content  wslu-style-1 wslu-share-box-shaped wslu-fill-colored wslu-none wslu-share-horizontal wslu-theme-font-no wslu-main_content\">\n\n\t\t\n        <ul>\n\t\t\t        <\/ul>\n    <\/div> \n","protected":false},"excerpt":{"rendered":"<p>4 Uds protectores motocicleta de codo y rodilleras\u00a0 Caracter\u00edsticas: -El sistema de correa de apertura r\u00e1pida de ajuste \u00fanico permite una aplicaci\u00f3n y extracci\u00f3n r\u00e1pida y f\u00e1cil. -Permite un mayor grado de comodidad y protecci\u00f3n para las rodillas y el codo, con resistencia al desgaste superior, juega una mejor amortiguaci\u00f3n en la colisi\u00f3n. -El dise\u00f1o [&hellip;]<\/p>\n","protected":false},"featured_media":15202,"comment_status":"open","ping_status":"closed","template":"","meta":{"jetpack_publicize_message":"","jetpack_publicize_feature_enabled":true,"jetpack_social_post_already_shared":true,"jetpack_social_options":{"image_generator_settings":{"template":"highway","enabled":false},"version":2}},"product_brand":[],"product_cat":[487,1159],"product_tag":[],"class_list":{"0":"post-15201","1":"product","2":"type-product","3":"status-publish","4":"has-post-thumbnail","6":"product_cat-airsoft","7":"product_cat-protecciones","9":"first","10":"instock","11":"taxable","12":"shipping-taxable","13":"purchasable","14":"product-type-simple"},"jetpack_publicize_connections":[],"jetpack_sharing_enabled":true,"_links":{"self":[{"href":"https:\/\/bodegaoutdoor.cl\/store\/wp-json\/wp\/v2\/product\/15201","targetHints":{"allow":["GET"]}}],"collection":[{"href":"https:\/\/bodegaoutdoor.cl\/store\/wp-json\/wp\/v2\/product"}],"about":[{"href":"https:\/\/bodegaoutdoor.cl\/store\/wp-json\/wp\/v2\/types\/product"}],"replies":[{"embeddable":true,"href":"https:\/\/bodegaoutdoor.cl\/store\/wp-json\/wp\/v2\/comments?post=15201"}],"version-history":[{"count":1,"href":"https:\/\/bodegaoutdoor.cl\/store\/wp-json\/wp\/v2\/product\/15201\/revisions"}],"predecessor-version":[{"id":71249,"href":"https:\/\/bodegaoutdoor.cl\/store\/wp-json\/wp\/v2\/product\/15201\/revisions\/71249"}],"wp:featuredmedia":[{"embeddable":true,"href":"https:\/\/bodegaoutdoor.cl\/store\/wp-json\/wp\/v2\/media\/15202"}],"wp:attachment":[{"href":"https:\/\/bodegaoutdoor.cl\/store\/wp-json\/wp\/v2\/media?parent=15201"}],"wp:term":[{"taxonomy":"product_brand","embeddable":true,"href":"https:\/\/bodegaoutdoor.cl\/store\/wp-json\/wp\/v2\/product_brand?post=15201"},{"taxonomy":"product_cat","embeddable":true,"href":"https:\/\/bodegaoutdoor.cl\/store\/wp-json\/wp\/v2\/product_cat?post=15201"},{"taxonomy":"product_tag","embeddable":true,"href":"https:\/\/bodegaoutdoor.cl\/store\/wp-json\/wp\/v2\/product_tag?post=15201"}],"curies":[{"name":"wp","href":"https:\/\/api.w.org\/{rel}","templated":true}]}}