{"id":15718,"date":"2020-09-06T04:33:32","date_gmt":"2020-09-06T04:33:32","guid":{"rendered":"https:\/\/bodegaoutdoor.cl\/store\/product\/puntero-laser-violit-rojo-y-verde-sdlaser-303-de-20000m-puntero-laser-de-alta-potencia-para-quemar-laser-puntero-laser-visible-con-teclas-seguras\/"},"modified":"2023-05-04T19:19:24","modified_gmt":"2023-05-04T23:19:24","slug":"puntero-laser-de-alta-potencia","status":"publish","type":"product","link":"https:\/\/bodegaoutdoor.cl\/store\/product\/puntero-laser-de-alta-potencia\/","title":{"rendered":"Puntero l\u00e1ser de alta potencia"},"content":{"rendered":"<p style=\"margin: 0.0px; padding: 0.0px; border: 0.0px; font-size: 13.0px; line-height: 20.0px; font-family: arial , helvetica , sans-serif; vertical-align: baseline; color: #000000;\"><span style=\"margin: 0.0px; padding: 0.0px; border: 0.0px; font-style: inherit; font-weight: bold; font-size: medium; line-height: inherit; vertical-align: baseline;\">Foto real que se muestra, Simple y f\u00e1cil de usar.<br \/>\nUsa el puntero l\u00e1ser para apuntar a cualquier objetivo deseado en la pantalla de proyecci\u00f3n, v\u00eddeo.<br \/>\nA trav\u00e9s del cielo, que le permite encontrar las estrellas en los d\u00edas del ventilador que desea las estrellas, es el l\u00edder en el vasto cielo.<\/span><\/p>\n<p style=\"margin: 0.0px; padding: 0.0px; border: 0.0px; font-size: 13.0px; line-height: 20.0px; font-family: arial , helvetica , sans-serif; vertical-align: baseline; color: #000000;\"><span style=\"margin: 0.0px; padding: 0.0px; border: 0.0px; font-style: inherit; font-weight: bold; font-size: medium; line-height: inherit; vertical-align: baseline;\">Puede encender un cigarrillo cuando ajuste el foco en \u00e9l.<br \/>\nAhorro de Energ\u00eda, ligero, adecuado para colocar en el bolsillo o los bolsos.<br \/>\nEste puntero l\u00e1ser se puede utilizar para presentaciones, indicadores de ense\u00f1anza, entretenimiento para ni\u00f1os y m\u00e1s.<br \/>\nEste puntero l\u00e1ser de alta calidad adopta la \u00faltima tecnolog\u00eda \u00f3ptica y microelectr\u00f3nica.<\/span><\/p>\n<p style=\"margin: 0.0px; padding: 0.0px; border: 0.0px; font-size: 13.0px; line-height: 20.0px; font-family: arial , helvetica , sans-serif; vertical-align: baseline; color: #000000;\"><span style=\"margin: 0.0px; padding: 0.0px; border: 0.0px; font-style: inherit; font-weight: bold; font-size: medium; line-height: inherit; vertical-align: baseline;\">Presione el interruptor del bot\u00f3n en la parte inferior, no es necesario mantener la sujeci\u00f3n cuando lo use.<\/span><\/p>\n<p style=\"margin: 0.0px; padding: 0.0px; border: 0.0px; font-size: 13.0px; line-height: 20.0px; font-family: arial , helvetica , sans-serif; vertical-align: baseline; color: #000000;\"><span style=\"margin: 0.0px; padding: 0.0px; border: 0.0px; font-style: inherit; font-weight: bold; font-size: medium; line-height: inherit; vertical-align: baseline;\">La cabeza t\u00e1ctica puede ayudarte a romper las gafas o a golpear a los amigos en circunstancias de emergencia.<\/span><\/p>\n<p style=\"margin: 0.0px; padding: 0.0px; border: 0.0px; font-size: 13.0px; line-height: 20.0px; font-family: arial , helvetica , sans-serif; vertical-align: baseline; color: #000000;\"><span style=\"margin: 0.0px; padding: 0.0px; border: 0.0px; font-style: inherit; font-weight: bold; font-size: medium; line-height: inherit; vertical-align: baseline;\">Notificaci\u00f3n:<\/span><\/p>\n<p style=\"margin: 0.0px; padding: 0.0px; border: 0.0px; font-size: 13.0px; line-height: 20.0px; font-family: arial , helvetica , sans-serif; vertical-align: baseline; color: #000000;\"><span style=\"margin: 0.0px; padding: 0.0px; border: 0.0px; font-style: inherit; font-weight: bold; font-size: medium; line-height: inherit; vertical-align: baseline;\">\u00a1Nunca apuntes a los ojos!<\/span><\/p>\n<p style=\"margin: 0.0px; padding: 0.0px; border: 0.0px; font-size: 13.0px; line-height: 20.0px; font-family: arial , helvetica , sans-serif; vertical-align: baseline; color: #000000;\"><span style=\"margin: 0.0px; padding: 0.0px; border: 0.0px; font-style: inherit; font-weight: bold; font-size: medium; line-height: inherit; vertical-align: baseline;\">\u00a1Mant\u00e9ngalo alejado de los ni\u00f1os!<\/span><\/p>\n<p style=\"margin: 0.0px; padding: 0.0px; border: 0.0px; font-size: 13.0px; line-height: 20.0px; font-family: arial , helvetica , sans-serif; vertical-align: baseline; color: #000000;\"><span style=\"margin: 0.0px; padding: 0.0px; border: 0.0px; font-style: inherit; font-weight: bold; font-size: medium; line-height: inherit; vertical-align: baseline;\"><span style=\"margin: 0.0px; padding: 0.0px; border: 0.0px; font-style: inherit; font-weight: inherit; font-size: inherit; line-height: inherit; vertical-align: baseline; border-collapse: separate;\"><span style=\"margin: 0.0px; padding: 0.0px; border: 0.0px; font-style: inherit; font-weight: inherit; font-size: 24.0px; line-height: inherit; vertical-align: baseline; color: #ff0000;\">El paquete incluye<\/span><span style=\"margin: 0.0px; padding: 0.0px; border: 0.0px; font-style: inherit; font-weight: inherit; font-size: inherit; line-height: inherit; vertical-align: baseline; border-collapse: separate;\"> :<\/span><\/span><\/span><\/p>\n<p style=\"margin: 0.0px; padding: 0.0px; border: 0.0px; font-size: 13.0px; line-height: 20.0px; font-family: arial , helvetica , sans-serif; vertical-align: baseline; color: #000000;\"><span style=\"margin: 0.0px; padding: 0.0px; border: 0.0px; font-style: inherit; font-weight: bold; font-size: medium; line-height: inherit; vertical-align: baseline;\">1 x puntero l\u00e1ser verde + 2 modos<\/span><span style=\"line-height: inherit; margin: 0.0px; padding: 0.0px; border: 0.0px; font-style: inherit; font-weight: bold; font-size: medium; vertical-align: baseline;\">(<\/span><span style=\"font-size: inherit; line-height: inherit; margin: 0.0px; padding: 0.0px; border: 0.0px; font-style: inherit; font-weight: inherit; vertical-align: baseline; color: #ff0000;\"><span style=\"margin: 0.0px; padding: 0.0px; border: 0.0px; font-style: inherit; font-weight: inherit; font-size: inherit; line-height: inherit; vertical-align: baseline; text-decoration: underline;\"><span style=\"margin: 0.0px; padding: 0.0px; border: 0.0px; font-style: inherit; font-weight: inherit; font-size: 16.0px; line-height: inherit; vertical-align: baseline;\"><span style=\"font-weight: bold;\">No incluye la bater\u00eda<\/span><\/span> <\/span><\/span><span style=\"line-height: inherit; margin: 0.0px; padding: 0.0px; border: 0.0px; font-style: inherit; font-weight: bold; font-size: medium; vertical-align: baseline;\">)<\/span><\/p>\n<p style=\"margin: 0.0px; padding: 0.0px; border: 0.0px; font-size: 13.0px; line-height: 20.0px; font-family: arial , helvetica , sans-serif; vertical-align: baseline; color: #000000;\"><span style=\"line-height: inherit; margin: 0.0px; padding: 0.0px; border: 0.0px; font-style: inherit; font-weight: bold; font-size: medium; vertical-align: baseline;\">Aviso: Este art\u00edculo no incluye bater\u00eda, porque la aduana no acepta Bater\u00eda. Este puntero l\u00e1ser utiliza 1 pieza de bater\u00eda 18650, Por favor compre la bater\u00eda de su pa\u00eds, gracias<\/span><\/p>\n<p><img fetchpriority=\"high\" decoding=\"async\" title=\"Puntero l\u00e1ser violit rojo y verde SDLaser-303 de 20000m Puntero l\u00e1ser de alta potencia para quemar l\u00e1ser Puntero l\u00e1ser Visible con teclas seguras\" src=\"https:\/\/bodegaoutdoor.cl\/store\/wp-content\/uploads\/2020\/09\/15718-9syic6.jpg\" alt=\"Puntero l\u00e1ser violit rojo y verde SDLaser-303 de 20000m Puntero l\u00e1ser de alta potencia para quemar l\u00e1ser Puntero l\u00e1ser Visible con teclas seguras\" width=\"1000\" height=\"667\" \/><img decoding=\"async\" title=\"Puntero l\u00e1ser violit rojo y verde SDLaser-303 de 20000m Puntero l\u00e1ser de alta potencia para quemar l\u00e1ser Puntero l\u00e1ser Visible con teclas seguras\" src=\"https:\/\/bodegaoutdoor.cl\/store\/wp-content\/uploads\/2020\/09\/15718-gfmraz.jpg\" alt=\"Puntero l\u00e1ser violit rojo y verde SDLaser-303 de 20000m Puntero l\u00e1ser de alta potencia para quemar l\u00e1ser Puntero l\u00e1ser Visible con teclas seguras\" width=\"1000\" height=\"671\" \/><img decoding=\"async\" title=\"Puntero l\u00e1ser violit rojo y verde SDLaser-303 de 20000m Puntero l\u00e1ser de alta potencia para quemar l\u00e1ser Puntero l\u00e1ser Visible con teclas seguras\" src=\"https:\/\/bodegaoutdoor.cl\/store\/wp-content\/uploads\/2020\/09\/15718-f2gvb9.jpg\" alt=\"Puntero l\u00e1ser violit rojo y verde SDLaser-303 de 20000m Puntero l\u00e1ser de alta potencia para quemar l\u00e1ser Puntero l\u00e1ser Visible con teclas seguras\" width=\"0\" height=\"0\" \/><img loading=\"lazy\" decoding=\"async\" title=\"Puntero l\u00e1ser violit rojo y verde SDLaser-303 de 20000m Puntero l\u00e1ser de alta potencia para quemar l\u00e1ser Puntero l\u00e1ser Visible con teclas seguras\" src=\"https:\/\/bodegaoutdoor.cl\/store\/wp-content\/uploads\/2020\/09\/15718-ahn9rk.jpg\" alt=\"Puntero l\u00e1ser violit rojo y verde SDLaser-303 de 20000m Puntero l\u00e1ser de alta potencia para quemar l\u00e1ser Puntero l\u00e1ser Visible con teclas seguras\" width=\"750\" height=\"515\" \/><img loading=\"lazy\" decoding=\"async\" title=\"Puntero l\u00e1ser violit rojo y verde SDLaser-303 de 20000m Puntero l\u00e1ser de alta potencia para quemar l\u00e1ser Puntero l\u00e1ser Visible con teclas seguras\" src=\"https:\/\/bodegaoutdoor.cl\/store\/wp-content\/uploads\/2020\/09\/15718-iqnih2.jpg\" alt=\"Puntero l\u00e1ser violit rojo y verde SDLaser-303 de 20000m Puntero l\u00e1ser de alta potencia para quemar l\u00e1ser Puntero l\u00e1ser Visible con teclas seguras\" width=\"751\" height=\"504\" \/><img loading=\"lazy\" decoding=\"async\" title=\"Puntero l\u00e1ser violit rojo y verde SDLaser-303 de 20000m Puntero l\u00e1ser de alta potencia para quemar l\u00e1ser Puntero l\u00e1ser Visible con teclas seguras\" src=\"https:\/\/bodegaoutdoor.cl\/store\/wp-content\/uploads\/2020\/09\/15718-lilzfu.jpg\" alt=\"Puntero l\u00e1ser violit rojo y verde SDLaser-303 de 20000m Puntero l\u00e1ser de alta potencia para quemar l\u00e1ser Puntero l\u00e1ser Visible con teclas seguras\" width=\"750\" height=\"528\" \/><img loading=\"lazy\" decoding=\"async\" title=\"Puntero l\u00e1ser violit rojo y verde SDLaser-303 de 20000m Puntero l\u00e1ser de alta potencia para quemar l\u00e1ser Puntero l\u00e1ser Visible con teclas seguras\" src=\"https:\/\/bodegaoutdoor.cl\/store\/wp-content\/uploads\/2020\/09\/15718-mkiqsj.jpg\" alt=\"Puntero l\u00e1ser violit rojo y verde SDLaser-303 de 20000m Puntero l\u00e1ser de alta potencia para quemar l\u00e1ser Puntero l\u00e1ser Visible con teclas seguras\" width=\"0\" height=\"0\" \/><img loading=\"lazy\" decoding=\"async\" title=\"Puntero l\u00e1ser violit rojo y verde SDLaser-303 de 20000m Puntero l\u00e1ser de alta potencia para quemar l\u00e1ser Puntero l\u00e1ser Visible con teclas seguras\" src=\"https:\/\/bodegaoutdoor.cl\/store\/wp-content\/uploads\/2020\/09\/15718-mkiqsj.jpg\" alt=\"Puntero l\u00e1ser violit rojo y verde SDLaser-303 de 20000m Puntero l\u00e1ser de alta potencia para quemar l\u00e1ser Puntero l\u00e1ser Visible con teclas seguras\" width=\"0\" height=\"0\" \/><img decoding=\"async\" title=\"Puntero l\u00e1ser violit rojo y verde SDLaser-303 de 20000m Puntero l\u00e1ser de alta potencia para quemar l\u00e1ser Puntero l\u00e1ser Visible con teclas seguras\" src=\"https:\/\/bodegaoutdoor.cl\/store\/wp-content\/uploads\/2020\/09\/15718-f2gvb9.jpg\" alt=\"Puntero l\u00e1ser violit rojo y verde SDLaser-303 de 20000m Puntero l\u00e1ser de alta potencia para quemar l\u00e1ser Puntero l\u00e1ser Visible con teclas seguras\" width=\"0\" height=\"0\" \/><img loading=\"lazy\" decoding=\"async\" title=\"Puntero l\u00e1ser violit rojo y verde SDLaser-303 de 20000m Puntero l\u00e1ser de alta potencia para quemar l\u00e1ser Puntero l\u00e1ser Visible con teclas seguras\" src=\"https:\/\/bodegaoutdoor.cl\/store\/wp-content\/uploads\/2020\/09\/15718-g4xunb.jpg\" alt=\"Puntero l\u00e1ser violit rojo y verde SDLaser-303 de 20000m Puntero l\u00e1ser de alta potencia para quemar l\u00e1ser Puntero l\u00e1ser Visible con teclas seguras\" width=\"752\" height=\"502\" \/><img loading=\"lazy\" decoding=\"async\" title=\"Puntero l\u00e1ser violit rojo y verde SDLaser-303 de 20000m Puntero l\u00e1ser de alta potencia para quemar l\u00e1ser Puntero l\u00e1ser Visible con teclas seguras\" src=\"https:\/\/bodegaoutdoor.cl\/store\/wp-content\/uploads\/2020\/09\/15718-k9rohe.jpg\" alt=\"Puntero l\u00e1ser violit rojo y verde SDLaser-303 de 20000m Puntero l\u00e1ser de alta potencia para quemar l\u00e1ser Puntero l\u00e1ser Visible con teclas seguras\" width=\"0\" height=\"0\" \/> <img loading=\"lazy\" decoding=\"async\" title=\"Puntero l\u00e1ser violit rojo y verde SDLaser-303 de 20000m Puntero l\u00e1ser de alta potencia para quemar l\u00e1ser Puntero l\u00e1ser Visible con teclas seguras\" src=\"https:\/\/bodegaoutdoor.cl\/store\/wp-content\/uploads\/2020\/09\/15718-sgyigb.jpg\" alt=\"Puntero l\u00e1ser violit rojo y verde SDLaser-303 de 20000m Puntero l\u00e1ser de alta potencia para quemar l\u00e1ser Puntero l\u00e1ser Visible con teclas seguras\" width=\"725\" height=\"493\" \/> <img loading=\"lazy\" decoding=\"async\" title=\"Puntero l\u00e1ser violit rojo y verde SDLaser-303 de 20000m Puntero l\u00e1ser de alta potencia para quemar l\u00e1ser Puntero l\u00e1ser Visible con teclas seguras\" src=\"https:\/\/bodegaoutdoor.cl\/store\/wp-content\/uploads\/2020\/09\/15718-jtnvk5.jpg\" alt=\"Puntero l\u00e1ser violit rojo y verde SDLaser-303 de 20000m Puntero l\u00e1ser de alta potencia para quemar l\u00e1ser Puntero l\u00e1ser Visible con teclas seguras\" width=\"0\" height=\"0\" \/><img loading=\"lazy\" decoding=\"async\" title=\"Puntero l\u00e1ser violit rojo y verde SDLaser-303 de 20000m Puntero l\u00e1ser de alta potencia para quemar l\u00e1ser Puntero l\u00e1ser Visible con teclas seguras\" src=\"https:\/\/bodegaoutdoor.cl\/store\/wp-content\/uploads\/2020\/09\/15718-67cdwc.jpg\" alt=\"Puntero l\u00e1ser violit rojo y verde SDLaser-303 de 20000m Puntero l\u00e1ser de alta potencia para quemar l\u00e1ser Puntero l\u00e1ser Visible con teclas seguras\" width=\"0\" height=\"0\" \/><\/p>\n\n    <div class=\"xs_social_share_widget xs_share_url after_content \t\tmain_content  wslu-style-1 wslu-share-box-shaped wslu-fill-colored wslu-none wslu-share-horizontal wslu-theme-font-no wslu-main_content\">\n\n\t\t\n        <ul>\n\t\t\t        <\/ul>\n    <\/div> \n","protected":false},"excerpt":{"rendered":"<p>Foto real que se muestra, Simple y f\u00e1cil de usar. Usa el puntero l\u00e1ser para apuntar a cualquier objetivo deseado en la pantalla de proyecci\u00f3n, v\u00eddeo. A trav\u00e9s del cielo, que le permite encontrar las estrellas en los d\u00edas del ventilador que desea las estrellas, es el l\u00edder en el vasto cielo. Puede encender un [&hellip;]<\/p>\n","protected":false},"featured_media":15722,"comment_status":"open","ping_status":"closed","template":"","meta":{"jetpack_publicize_message":"","jetpack_publicize_feature_enabled":true,"jetpack_social_post_already_shared":true,"jetpack_social_options":{"image_generator_settings":{"template":"highway","enabled":false},"version":2}},"product_brand":[],"product_cat":[15,64,35],"product_tag":[],"class_list":{"0":"post-15718","1":"product","2":"type-product","3":"status-publish","4":"has-post-thumbnail","6":"product_cat-otros","7":"product_cat-accessories","8":"product_cat-iliminacion","10":"first","11":"instock","12":"sale","13":"taxable","14":"shipping-taxable","15":"purchasable","16":"product-type-variable"},"jetpack_publicize_connections":[],"jetpack_sharing_enabled":true,"_links":{"self":[{"href":"https:\/\/bodegaoutdoor.cl\/store\/wp-json\/wp\/v2\/product\/15718","targetHints":{"allow":["GET"]}}],"collection":[{"href":"https:\/\/bodegaoutdoor.cl\/store\/wp-json\/wp\/v2\/product"}],"about":[{"href":"https:\/\/bodegaoutdoor.cl\/store\/wp-json\/wp\/v2\/types\/product"}],"replies":[{"embeddable":true,"href":"https:\/\/bodegaoutdoor.cl\/store\/wp-json\/wp\/v2\/comments?post=15718"}],"version-history":[{"count":2,"href":"https:\/\/bodegaoutdoor.cl\/store\/wp-json\/wp\/v2\/product\/15718\/revisions"}],"predecessor-version":[{"id":71245,"href":"https:\/\/bodegaoutdoor.cl\/store\/wp-json\/wp\/v2\/product\/15718\/revisions\/71245"}],"wp:featuredmedia":[{"embeddable":true,"href":"https:\/\/bodegaoutdoor.cl\/store\/wp-json\/wp\/v2\/media\/15722"}],"wp:attachment":[{"href":"https:\/\/bodegaoutdoor.cl\/store\/wp-json\/wp\/v2\/media?parent=15718"}],"wp:term":[{"taxonomy":"product_brand","embeddable":true,"href":"https:\/\/bodegaoutdoor.cl\/store\/wp-json\/wp\/v2\/product_brand?post=15718"},{"taxonomy":"product_cat","embeddable":true,"href":"https:\/\/bodegaoutdoor.cl\/store\/wp-json\/wp\/v2\/product_cat?post=15718"},{"taxonomy":"product_tag","embeddable":true,"href":"https:\/\/bodegaoutdoor.cl\/store\/wp-json\/wp\/v2\/product_tag?post=15718"}],"curies":[{"name":"wp","href":"https:\/\/api.w.org\/{rel}","templated":true}]}}