{"id":16010,"date":"2020-09-06T04:52:49","date_gmt":"2020-09-06T04:52:49","guid":{"rendered":"https:\/\/bodegaoutdoor.cl\/store\/product\/tactico-de-un-solo-punto-rifle-sling-correa-de-hombro-nylon-ajustable-airsoft-paintball-militar-pistola-correa-ejercito-caza-accesorios\/"},"modified":"2023-05-04T19:19:24","modified_gmt":"2023-05-04T23:19:24","slug":"sling-correa-de-hombro-nylon-ajustable-airsoft-paintball-militar-pistola","status":"publish","type":"product","link":"https:\/\/bodegaoutdoor.cl\/store\/product\/sling-correa-de-hombro-nylon-ajustable-airsoft-paintball-militar-pistola\/","title":{"rendered":"Sling correa de hombro Nylon ajustable Airsoft Paintball militar pistola"},"content":{"rendered":"<div>\n<div>\n<p><strong><span style=\"font-size: 26px;\">T\u00e1ctico de un solo punto Rifle Sling correa de hombro Nylon ajustable Airsoft Paintball militar pistola Correa ej\u00e9rcito caza Accesorios<\/span><\/strong><br \/>\n<strong><span style=\"max-width: 100%; font-size: 22px;\"><span style=\"max-width: 100%;\">Tipo de art\u00edculo<\/span><\/span><\/strong> <span style=\"max-width: 100%; font-size: 22px;\">: Eslinga de pistola de un solo punto<\/span> <strong><span style=\"max-width: 100%; font-size: 22px;\"><br \/>\n<span style=\"max-width: 100%;\">Uso<\/span><\/span><\/strong> <span style=\"max-width: 100%;\">: Caza, tiro, entrenamiento militar, exterior, arma<\/span> <strong><span style=\"max-width: 100%; font-size: 22px;\"><br \/>\n<span style=\"max-width: 100%;\">G\u00e9nero<\/span><\/span><\/strong> <span style=\"max-width: 100%; font-size: 22px;\">: Unisex<\/span> <strong><span style=\"max-width: 100%; font-size: 22px;\"><br \/>\n<span style=\"max-width: 100%;\">Color<\/span><\/span><\/strong> <span style=\"max-width: 100%; font-size: 22px;\">: Negro, verde militar, caqui<\/span> <strong><span style=\"max-width: 100%; font-size: 22px;\"><br \/>\n<span style=\"max-width: 100%;\">Material<\/span><\/span><\/strong> <span style=\"max-width: 100%; font-size: 22px;\">: Nylon<\/span> <strong><span style=\"max-width: 100%; font-size: 22px;\"><br \/>\n<span style=\"max-width: 100%;\">Palabra clave<\/span>:<\/span><\/strong> <span style=\"max-width: 100%;\">Arma de caza Accesorios<\/span><br \/>\n<strong>Contenido del paquete<\/strong> <span style=\"color: #000000;\">:<\/span><span style=\"max-width: 100%;\"> <span style=\"color: #e74c3c;\">1 *<\/span><\/span> <span style=\"max-width: 100%; font-size: 22px;\">Punto \u00fanico arma Honda<\/span> , Otros accesorios no est\u00e1n incluidos<br \/>\n<strong>Nota<\/strong> : La luz de la fotograf\u00eda y las diferentes pantallas pueden hacer que el color del art\u00edculo en la imagen sea un poco diferente al real. El error de medici\u00f3n permitido es +\/- 1-3cm.<\/p>\n<p style=\"text-align: left; margin: 0;\"><img decoding=\"async\" style=\"width: 930px;\" title=\"T\u00e1ctico de un solo punto Rifle Sling correa de hombro Nylon ajustable Airsoft Paintball militar pistola Correa ej\u00e9rcito caza Accesorios\" src=\"https:\/\/bodegaoutdoor.cl\/store\/wp-content\/uploads\/2020\/09\/16010-gsaudi.jpg\" alt=\"T\u00e1ctico de un solo punto Rifle Sling correa de hombro Nylon ajustable Airsoft Paintball militar pistola Correa ej\u00e9rcito caza Accesorios\" \/><img decoding=\"async\" style=\"width: 930px;\" title=\"T\u00e1ctico de un solo punto Rifle Sling correa de hombro Nylon ajustable Airsoft Paintball militar pistola Correa ej\u00e9rcito caza Accesorios\" src=\"https:\/\/bodegaoutdoor.cl\/store\/wp-content\/uploads\/2020\/09\/16010-ozmoih.jpg\" alt=\"T\u00e1ctico de un solo punto Rifle Sling correa de hombro Nylon ajustable Airsoft Paintball militar pistola Correa ej\u00e9rcito caza Accesorios\" \/><img decoding=\"async\" style=\"width: 930px;\" title=\"T\u00e1ctico de un solo punto Rifle Sling correa de hombro Nylon ajustable Airsoft Paintball militar pistola Correa ej\u00e9rcito caza Accesorios\" src=\"https:\/\/bodegaoutdoor.cl\/store\/wp-content\/uploads\/2020\/09\/16010-imuqdo.jpg\" alt=\"T\u00e1ctico de un solo punto Rifle Sling correa de hombro Nylon ajustable Airsoft Paintball militar pistola Correa ej\u00e9rcito caza Accesorios\" \/><img decoding=\"async\" style=\"width: 930px;\" title=\"T\u00e1ctico de un solo punto Rifle Sling correa de hombro Nylon ajustable Airsoft Paintball militar pistola Correa ej\u00e9rcito caza Accesorios\" src=\"https:\/\/bodegaoutdoor.cl\/store\/wp-content\/uploads\/2020\/09\/16010-k0yt4y.jpg\" alt=\"T\u00e1ctico de un solo punto Rifle Sling correa de hombro Nylon ajustable Airsoft Paintball militar pistola Correa ej\u00e9rcito caza Accesorios\" \/><img decoding=\"async\" style=\"width: 930px;\" title=\"T\u00e1ctico de un solo punto Rifle Sling correa de hombro Nylon ajustable Airsoft Paintball militar pistola Correa ej\u00e9rcito caza Accesorios\" src=\"https:\/\/bodegaoutdoor.cl\/store\/wp-content\/uploads\/2020\/09\/16010-gcd1gy.jpg\" alt=\"T\u00e1ctico de un solo punto Rifle Sling correa de hombro Nylon ajustable Airsoft Paintball militar pistola Correa ej\u00e9rcito caza Accesorios\" \/><img decoding=\"async\" style=\"width: 930px;\" title=\"T\u00e1ctico de un solo punto Rifle Sling correa de hombro Nylon ajustable Airsoft Paintball militar pistola Correa ej\u00e9rcito caza Accesorios\" src=\"https:\/\/bodegaoutdoor.cl\/store\/wp-content\/uploads\/2020\/09\/16010-gbacy6.jpg\" alt=\"T\u00e1ctico de un solo punto Rifle Sling correa de hombro Nylon ajustable Airsoft Paintball militar pistola Correa ej\u00e9rcito caza Accesorios\" \/><img decoding=\"async\" style=\"width: 930px;\" title=\"T\u00e1ctico de un solo punto Rifle Sling correa de hombro Nylon ajustable Airsoft Paintball militar pistola Correa ej\u00e9rcito caza Accesorios\" src=\"https:\/\/bodegaoutdoor.cl\/store\/wp-content\/uploads\/2020\/09\/16010-g6vmbj.jpg\" alt=\"T\u00e1ctico de un solo punto Rifle Sling correa de hombro Nylon ajustable Airsoft Paintball militar pistola Correa ej\u00e9rcito caza Accesorios\" \/><img decoding=\"async\" style=\"width: 930px;\" title=\"T\u00e1ctico de un solo punto Rifle Sling correa de hombro Nylon ajustable Airsoft Paintball militar pistola Correa ej\u00e9rcito caza Accesorios\" src=\"https:\/\/bodegaoutdoor.cl\/store\/wp-content\/uploads\/2020\/09\/16010-fchbvv.jpg\" alt=\"T\u00e1ctico de un solo punto Rifle Sling correa de hombro Nylon ajustable Airsoft Paintball militar pistola Correa ej\u00e9rcito caza Accesorios\" \/><img decoding=\"async\" style=\"width: 930px;\" title=\"T\u00e1ctico de un solo punto Rifle Sling correa de hombro Nylon ajustable Airsoft Paintball militar pistola Correa ej\u00e9rcito caza Accesorios\" src=\"https:\/\/bodegaoutdoor.cl\/store\/wp-content\/uploads\/2020\/09\/16010-j8236s.jpg\" alt=\"T\u00e1ctico de un solo punto Rifle Sling correa de hombro Nylon ajustable Airsoft Paintball militar pistola Correa ej\u00e9rcito caza Accesorios\" \/><img decoding=\"async\" style=\"width: 930px;\" title=\"T\u00e1ctico de un solo punto Rifle Sling correa de hombro Nylon ajustable Airsoft Paintball militar pistola Correa ej\u00e9rcito caza Accesorios\" src=\"https:\/\/bodegaoutdoor.cl\/store\/wp-content\/uploads\/2020\/09\/16010-3bqs9n.jpg\" alt=\"T\u00e1ctico de un solo punto Rifle Sling correa de hombro Nylon ajustable Airsoft Paintball militar pistola Correa ej\u00e9rcito caza Accesorios\" \/><img decoding=\"async\" style=\"width: 930px;\" title=\"T\u00e1ctico de un solo punto Rifle Sling correa de hombro Nylon ajustable Airsoft Paintball militar pistola Correa ej\u00e9rcito caza Accesorios\" src=\"https:\/\/bodegaoutdoor.cl\/store\/wp-content\/uploads\/2020\/09\/16010-kmsnb7.jpg\" alt=\"T\u00e1ctico de un solo punto Rifle Sling correa de hombro Nylon ajustable Airsoft Paintball militar pistola Correa ej\u00e9rcito caza Accesorios\" \/><img decoding=\"async\" style=\"width: 930px;\" title=\"T\u00e1ctico de un solo punto Rifle Sling correa de hombro Nylon ajustable Airsoft Paintball militar pistola Correa ej\u00e9rcito caza Accesorios\" src=\"https:\/\/bodegaoutdoor.cl\/store\/wp-content\/uploads\/2020\/09\/16010-hhotlg.jpg\" alt=\"T\u00e1ctico de un solo punto Rifle Sling correa de hombro Nylon ajustable Airsoft Paintball militar pistola Correa ej\u00e9rcito caza Accesorios\" \/><img decoding=\"async\" style=\"width: 930px;\" title=\"T\u00e1ctico de un solo punto Rifle Sling correa de hombro Nylon ajustable Airsoft Paintball militar pistola Correa ej\u00e9rcito caza Accesorios\" src=\"https:\/\/bodegaoutdoor.cl\/store\/wp-content\/uploads\/2020\/09\/16010-gcd1gy.jpg\" alt=\"T\u00e1ctico de un solo punto Rifle Sling correa de hombro Nylon ajustable Airsoft Paintball militar pistola Correa ej\u00e9rcito caza Accesorios\" \/><img decoding=\"async\" style=\"width: 930px;\" title=\"T\u00e1ctico de un solo punto Rifle Sling correa de hombro Nylon ajustable Airsoft Paintball militar pistola Correa ej\u00e9rcito caza Accesorios\" src=\"https:\/\/bodegaoutdoor.cl\/store\/wp-content\/uploads\/2020\/09\/16010-r2cvkl.jpg\" alt=\"T\u00e1ctico de un solo punto Rifle Sling correa de hombro Nylon ajustable Airsoft Paintball militar pistola Correa ej\u00e9rcito caza Accesorios\" \/><\/p>\n<\/div>\n<\/div>\n\n    <div class=\"xs_social_share_widget xs_share_url after_content \t\tmain_content  wslu-style-1 wslu-share-box-shaped wslu-fill-colored wslu-none wslu-share-horizontal wslu-theme-font-no wslu-main_content\">\n\n\t\t\n        <ul>\n\t\t\t        <\/ul>\n    <\/div> \n","protected":false},"excerpt":{"rendered":"<p>T\u00e1ctico de un solo punto Rifle Sling correa de hombro Nylon ajustable Airsoft Paintball militar pistola Correa ej\u00e9rcito caza Accesorios Tipo de art\u00edculo : Eslinga de pistola de un solo punto Uso : Caza, tiro, entrenamiento militar, exterior, arma G\u00e9nero : Unisex Color : Negro, verde militar, caqui Material : Nylon Palabra clave: Arma de [&hellip;]<\/p>\n","protected":false},"featured_media":16014,"comment_status":"open","ping_status":"closed","template":"","meta":{"jetpack_publicize_message":"","jetpack_publicize_feature_enabled":true,"jetpack_social_post_already_shared":true,"jetpack_social_options":{"image_generator_settings":{"template":"highway","enabled":false},"version":2}},"product_brand":[],"product_cat":[64,487],"product_tag":[],"class_list":{"0":"post-16010","1":"product","2":"type-product","3":"status-publish","4":"has-post-thumbnail","6":"product_cat-accessories","7":"product_cat-airsoft","9":"first","10":"instock","11":"sale","12":"taxable","13":"shipping-taxable","14":"purchasable","15":"product-type-variable"},"jetpack_publicize_connections":[],"jetpack_sharing_enabled":true,"_links":{"self":[{"href":"https:\/\/bodegaoutdoor.cl\/store\/wp-json\/wp\/v2\/product\/16010","targetHints":{"allow":["GET"]}}],"collection":[{"href":"https:\/\/bodegaoutdoor.cl\/store\/wp-json\/wp\/v2\/product"}],"about":[{"href":"https:\/\/bodegaoutdoor.cl\/store\/wp-json\/wp\/v2\/types\/product"}],"replies":[{"embeddable":true,"href":"https:\/\/bodegaoutdoor.cl\/store\/wp-json\/wp\/v2\/comments?post=16010"}],"version-history":[{"count":1,"href":"https:\/\/bodegaoutdoor.cl\/store\/wp-json\/wp\/v2\/product\/16010\/revisions"}],"predecessor-version":[{"id":71238,"href":"https:\/\/bodegaoutdoor.cl\/store\/wp-json\/wp\/v2\/product\/16010\/revisions\/71238"}],"wp:featuredmedia":[{"embeddable":true,"href":"https:\/\/bodegaoutdoor.cl\/store\/wp-json\/wp\/v2\/media\/16014"}],"wp:attachment":[{"href":"https:\/\/bodegaoutdoor.cl\/store\/wp-json\/wp\/v2\/media?parent=16010"}],"wp:term":[{"taxonomy":"product_brand","embeddable":true,"href":"https:\/\/bodegaoutdoor.cl\/store\/wp-json\/wp\/v2\/product_brand?post=16010"},{"taxonomy":"product_cat","embeddable":true,"href":"https:\/\/bodegaoutdoor.cl\/store\/wp-json\/wp\/v2\/product_cat?post=16010"},{"taxonomy":"product_tag","embeddable":true,"href":"https:\/\/bodegaoutdoor.cl\/store\/wp-json\/wp\/v2\/product_tag?post=16010"}],"curies":[{"name":"wp","href":"https:\/\/api.w.org\/{rel}","templated":true}]}}