{"id":16037,"date":"2020-09-06T04:59:55","date_gmt":"2020-09-06T04:59:55","guid":{"rendered":"https:\/\/bodegaoutdoor.cl\/store\/product\/cinturon-militar-molle-tactico-ejercito-airsoft-cinturon-hombres-multiuso-caza-cs-acolchado-camuflaje-cinturones-anchos-accesorios-equipo\/"},"modified":"2023-05-04T19:19:24","modified_gmt":"2023-05-04T23:19:24","slug":"cinturon-militar-molle-tactico-ejercito-airsoft-cinturon-hombres-multiuso-caza-cs-acolchado-camuflaje-cinturones-anchos-accesorios-equipo","status":"publish","type":"product","link":"https:\/\/bodegaoutdoor.cl\/store\/product\/cinturon-militar-molle-tactico-ejercito-airsoft-cinturon-hombres-multiuso-caza-cs-acolchado-camuflaje-cinturones-anchos-accesorios-equipo\/","title":{"rendered":"Cintur\u00f3n militar Molle t\u00e1ctico ej\u00e9rcito Airsoft cintur\u00f3n acolchado"},"content":{"rendered":"<div>\n<div>\n<div>\n<div>\n<div><\/div>\n<div><img decoding=\"async\" title=\"Cintur\u00f3n militar Molle t\u00e1ctico ej\u00e9rcito Airsoft cintur\u00f3n hombres multiuso caza CS acolchado camuflaje cinturones anchos accesorios equipo\" src=\"https:\/\/bodegaoutdoor.cl\/store\/wp-content\/uploads\/2020\/09\/16037-iwnre1.jpg\" alt=\"Cintur\u00f3n militar Molle t\u00e1ctico ej\u00e9rcito Airsoft cintur\u00f3n hombres multiuso caza CS acolchado camuflaje cinturones anchos accesorios equipo\" \/><\/div>\n<div><\/div>\n<div><\/div>\n<div><img decoding=\"async\" title=\"Cintur\u00f3n militar Molle t\u00e1ctico ej\u00e9rcito Airsoft cintur\u00f3n hombres multiuso caza CS acolchado camuflaje cinturones anchos accesorios equipo\" src=\"https:\/\/bodegaoutdoor.cl\/store\/wp-content\/uploads\/2020\/09\/16037-ro5ugw.jpg\" alt=\"Cintur\u00f3n militar Molle t\u00e1ctico ej\u00e9rcito Airsoft cintur\u00f3n hombres multiuso caza CS acolchado camuflaje cinturones anchos accesorios equipo\" \/> <img decoding=\"async\" title=\"Cintur\u00f3n militar Molle t\u00e1ctico ej\u00e9rcito Airsoft cintur\u00f3n hombres multiuso caza CS acolchado camuflaje cinturones anchos accesorios equipo\" src=\"https:\/\/bodegaoutdoor.cl\/store\/wp-content\/uploads\/2020\/09\/16037-ksgpqx.jpg\" alt=\"Cintur\u00f3n militar Molle t\u00e1ctico ej\u00e9rcito Airsoft cintur\u00f3n hombres multiuso caza CS acolchado camuflaje cinturones anchos accesorios equipo\" \/> <img decoding=\"async\" title=\"Cintur\u00f3n militar Molle t\u00e1ctico ej\u00e9rcito Airsoft cintur\u00f3n hombres multiuso caza CS acolchado camuflaje cinturones anchos accesorios equipo\" src=\"https:\/\/bodegaoutdoor.cl\/store\/wp-content\/uploads\/2020\/09\/16037-tg1nvz.jpg\" alt=\"Cintur\u00f3n militar Molle t\u00e1ctico ej\u00e9rcito Airsoft cintur\u00f3n hombres multiuso caza CS acolchado camuflaje cinturones anchos accesorios equipo\" \/> <img decoding=\"async\" title=\"Cintur\u00f3n militar Molle t\u00e1ctico ej\u00e9rcito Airsoft cintur\u00f3n hombres multiuso caza CS acolchado camuflaje cinturones anchos accesorios equipo\" src=\"https:\/\/bodegaoutdoor.cl\/store\/wp-content\/uploads\/2020\/09\/16037-4usao6.jpg\" alt=\"Cintur\u00f3n militar Molle t\u00e1ctico ej\u00e9rcito Airsoft cintur\u00f3n hombres multiuso caza CS acolchado camuflaje cinturones anchos accesorios equipo\" \/> <img decoding=\"async\" title=\"Cintur\u00f3n militar Molle t\u00e1ctico ej\u00e9rcito Airsoft cintur\u00f3n hombres multiuso caza CS acolchado camuflaje cinturones anchos accesorios equipo\" src=\"https:\/\/bodegaoutdoor.cl\/store\/wp-content\/uploads\/2020\/09\/16037-x6lycs.jpg\" alt=\"Cintur\u00f3n militar Molle t\u00e1ctico ej\u00e9rcito Airsoft cintur\u00f3n hombres multiuso caza CS acolchado camuflaje cinturones anchos accesorios equipo\" \/> <img decoding=\"async\" title=\"Cintur\u00f3n militar Molle t\u00e1ctico ej\u00e9rcito Airsoft cintur\u00f3n hombres multiuso caza CS acolchado camuflaje cinturones anchos accesorios equipo\" src=\"https:\/\/bodegaoutdoor.cl\/store\/wp-content\/uploads\/2020\/09\/16037-jumaew.jpg\" alt=\"Cintur\u00f3n militar Molle t\u00e1ctico ej\u00e9rcito Airsoft cintur\u00f3n hombres multiuso caza CS acolchado camuflaje cinturones anchos accesorios equipo\" \/> <img decoding=\"async\" title=\"Cintur\u00f3n militar Molle t\u00e1ctico ej\u00e9rcito Airsoft cintur\u00f3n hombres multiuso caza CS acolchado camuflaje cinturones anchos accesorios equipo\" src=\"https:\/\/bodegaoutdoor.cl\/store\/wp-content\/uploads\/2020\/09\/16037-cymv2m.jpg\" alt=\"Cintur\u00f3n militar Molle t\u00e1ctico ej\u00e9rcito Airsoft cintur\u00f3n hombres multiuso caza CS acolchado camuflaje cinturones anchos accesorios equipo\" \/> <img decoding=\"async\" title=\"Cintur\u00f3n militar Molle t\u00e1ctico ej\u00e9rcito Airsoft cintur\u00f3n hombres multiuso caza CS acolchado camuflaje cinturones anchos accesorios equipo\" src=\"https:\/\/bodegaoutdoor.cl\/store\/wp-content\/uploads\/2020\/09\/16037-g3ipeb.jpg\" alt=\"Cintur\u00f3n militar Molle t\u00e1ctico ej\u00e9rcito Airsoft cintur\u00f3n hombres multiuso caza CS acolchado camuflaje cinturones anchos accesorios equipo\" \/><\/div>\n<div><img decoding=\"async\" title=\"Cintur\u00f3n militar Molle t\u00e1ctico ej\u00e9rcito Airsoft cintur\u00f3n hombres multiuso caza CS acolchado camuflaje cinturones anchos accesorios equipo\" src=\"https:\/\/bodegaoutdoor.cl\/store\/wp-content\/uploads\/2020\/09\/16037-6zt7ec.jpg\" alt=\"Cintur\u00f3n militar Molle t\u00e1ctico ej\u00e9rcito Airsoft cintur\u00f3n hombres multiuso caza CS acolchado camuflaje cinturones anchos accesorios equipo\" \/> <img decoding=\"async\" title=\"Cintur\u00f3n militar Molle t\u00e1ctico ej\u00e9rcito Airsoft cintur\u00f3n hombres multiuso caza CS acolchado camuflaje cinturones anchos accesorios equipo\" src=\"https:\/\/bodegaoutdoor.cl\/store\/wp-content\/uploads\/2020\/09\/16037-h32air.jpg\" alt=\"Cintur\u00f3n militar Molle t\u00e1ctico ej\u00e9rcito Airsoft cintur\u00f3n hombres multiuso caza CS acolchado camuflaje cinturones anchos accesorios equipo\" \/><\/div>\n<div><img decoding=\"async\" title=\"Cintur\u00f3n militar Molle t\u00e1ctico ej\u00e9rcito Airsoft cintur\u00f3n hombres multiuso caza CS acolchado camuflaje cinturones anchos accesorios equipo\" src=\"https:\/\/bodegaoutdoor.cl\/store\/wp-content\/uploads\/2020\/09\/16037-3mtbyl.jpg\" alt=\"Cintur\u00f3n militar Molle t\u00e1ctico ej\u00e9rcito Airsoft cintur\u00f3n hombres multiuso caza CS acolchado camuflaje cinturones anchos accesorios equipo\" \/> <img decoding=\"async\" title=\"Cintur\u00f3n militar Molle t\u00e1ctico ej\u00e9rcito Airsoft cintur\u00f3n hombres multiuso caza CS acolchado camuflaje cinturones anchos accesorios equipo\" src=\"https:\/\/bodegaoutdoor.cl\/store\/wp-content\/uploads\/2020\/09\/16037-izpzjk.jpg\" alt=\"Cintur\u00f3n militar Molle t\u00e1ctico ej\u00e9rcito Airsoft cintur\u00f3n hombres multiuso caza CS acolchado camuflaje cinturones anchos accesorios equipo\" \/><\/div>\n<div><\/div>\n<\/div>\n<\/div>\n<\/div>\n<\/div>\n\n    <div class=\"xs_social_share_widget xs_share_url after_content \t\tmain_content  wslu-style-1 wslu-share-box-shaped wslu-fill-colored wslu-none wslu-share-horizontal wslu-theme-font-no wslu-main_content\">\n\n\t\t\n        <ul>\n\t\t\t        <\/ul>\n    <\/div> \n","protected":false},"excerpt":{"rendered":"","protected":false},"featured_media":16054,"comment_status":"open","ping_status":"closed","template":"","meta":{"jetpack_publicize_message":"","jetpack_publicize_feature_enabled":true,"jetpack_social_post_already_shared":true,"jetpack_social_options":{"image_generator_settings":{"template":"highway","enabled":false},"version":2}},"product_brand":[],"product_cat":[487,489],"product_tag":[],"class_list":{"0":"post-16037","1":"product","2":"type-product","3":"status-publish","4":"has-post-thumbnail","6":"product_cat-airsoft","7":"product_cat-cinturones","9":"first","10":"instock","11":"sale","12":"taxable","13":"shipping-taxable","14":"purchasable","15":"product-type-variable"},"jetpack_publicize_connections":[],"jetpack_sharing_enabled":true,"_links":{"self":[{"href":"https:\/\/bodegaoutdoor.cl\/store\/wp-json\/wp\/v2\/product\/16037","targetHints":{"allow":["GET"]}}],"collection":[{"href":"https:\/\/bodegaoutdoor.cl\/store\/wp-json\/wp\/v2\/product"}],"about":[{"href":"https:\/\/bodegaoutdoor.cl\/store\/wp-json\/wp\/v2\/types\/product"}],"replies":[{"embeddable":true,"href":"https:\/\/bodegaoutdoor.cl\/store\/wp-json\/wp\/v2\/comments?post=16037"}],"version-history":[{"count":2,"href":"https:\/\/bodegaoutdoor.cl\/store\/wp-json\/wp\/v2\/product\/16037\/revisions"}],"predecessor-version":[{"id":71237,"href":"https:\/\/bodegaoutdoor.cl\/store\/wp-json\/wp\/v2\/product\/16037\/revisions\/71237"}],"wp:featuredmedia":[{"embeddable":true,"href":"https:\/\/bodegaoutdoor.cl\/store\/wp-json\/wp\/v2\/media\/16054"}],"wp:attachment":[{"href":"https:\/\/bodegaoutdoor.cl\/store\/wp-json\/wp\/v2\/media?parent=16037"}],"wp:term":[{"taxonomy":"product_brand","embeddable":true,"href":"https:\/\/bodegaoutdoor.cl\/store\/wp-json\/wp\/v2\/product_brand?post=16037"},{"taxonomy":"product_cat","embeddable":true,"href":"https:\/\/bodegaoutdoor.cl\/store\/wp-json\/wp\/v2\/product_cat?post=16037"},{"taxonomy":"product_tag","embeddable":true,"href":"https:\/\/bodegaoutdoor.cl\/store\/wp-json\/wp\/v2\/product_tag?post=16037"}],"curies":[{"name":"wp","href":"https:\/\/api.w.org\/{rel}","templated":true}]}}