{"id":16103,"date":"2020-09-06T05:04:23","date_gmt":"2020-09-06T05:04:23","guid":{"rendered":"https:\/\/bodegaoutdoor.cl\/store\/product\/promocion-de-cierre-de-bolsa-de-revista-pistolera-de-pistola-de-hombro-airsoft-tactica-militar-ajustable\/"},"modified":"2023-05-04T19:19:23","modified_gmt":"2023-05-04T23:19:23","slug":"funda-sobaquera-de-pistola-airsoft-tactica-militar-ajustable","status":"publish","type":"product","link":"https:\/\/bodegaoutdoor.cl\/store\/product\/funda-sobaquera-de-pistola-airsoft-tactica-militar-ajustable\/","title":{"rendered":"Funda sobaquera de pistola Airsoft t\u00e1ctica militar ajustable"},"content":{"rendered":"<p><span style=\"font-family: arial, helvetica, sans-serif; font-size: 20px;\">Caracter\u00edsticas:<\/span><\/p>\n<div><span style=\"font-size: 20px;\"><span style=\"font-family: arial, helvetica, sans-serif;\">100% nuevo y de alta calidad.<\/span><\/span><\/div>\n<div><span style=\"font-size: 20px;\"><span style=\"font-family: arial, helvetica, sans-serif;\">Pistolera de pistola de hombro t\u00e1ctico.<\/span><\/span><\/div>\n<div><span style=\"font-size: 20px;\"><span style=\"font-family: arial, helvetica, sans-serif;\">Adecuado para pistola, pistola y rev\u00f3lver.<\/span><\/span><\/div>\n<div><span style=\"font-size: 20px;\"><span style=\"font-family: arial, helvetica, sans-serif;\">Puede albergar una pistola y 3 revistas.<\/span><\/span><\/div>\n<div><span style=\"font-size: 20px;\"><span style=\"font-family: arial, helvetica, sans-serif;\">La bolsa de doble revista puede contener dos revistas grandes.<\/span><\/span><\/div>\n<div><span style=\"font-size: 20px;\"><span style=\"font-family: arial, helvetica, sans-serif;\">Bolsa de una sola revista junto a la pistolera puede sostener una peque\u00f1a revista o linterna.<\/span><\/span><\/div>\n<div><span style=\"font-size: 20px;\"><span style=\"font-family: arial, helvetica, sans-serif;\">Dise\u00f1o Universal apto para varios tama\u00f1os de marco de pistola.<\/span><\/span><\/div>\n<div><span style=\"font-size: 20px;\"><span style=\"font-family: arial, helvetica, sans-serif;\">Nailon duradero fabricado y resistente al agua.<\/span><\/span><\/div>\n<div><span style=\"font-size: 20px;\"><span style=\"font-family: arial, helvetica, sans-serif;\">Correas ajustables en ambos lados para sujetar la funda de forma segura en su lugar.<\/span><\/span><\/div>\n<div><span style=\"font-size: 20px;\"><span style=\"font-family: arial, helvetica, sans-serif;\">El cierre de Velcro garantiza la m\u00e1xima seguridad.<\/span><\/span><\/div>\n<div><span style=\"font-size: 20px;\"><span style=\"font-family: arial, helvetica, sans-serif;\">La funda y la Bolsa de la revista se pueden intercambiar.<\/span><\/span><\/div>\n<div><span style=\"font-size: 20px;\"><span style=\"font-family: arial, helvetica, sans-serif;\">Ideal para militares, fuerzas del orden p\u00fablico, cazadores, defensa personal\/personal y m\u00e1s.<\/span><\/span><\/div>\n<div><span style=\"font-size: 20px;\"><span style=\"font-family: arial, helvetica, sans-serif;\">Material: Material de Nylon<\/span><\/span><\/div>\n<div><span style=\"font-size: 20px;\"><span style=\"font-family: arial, helvetica, sans-serif;\">Peso: 0,3 KG<\/span><\/span><\/div>\n<div><span style=\"font-size: 20px;\"><span style=\"font-family: arial, helvetica, sans-serif;\">Tama\u00f1o de la funda: 190x110x50mm<\/span><\/span><\/div>\n<div><span style=\"font-size: 20px;\"><span style=\"font-family: arial, helvetica, sans-serif;\">Tama\u00f1o de la Bolsa de la revista Dual: 130x110mm<\/span><\/span><\/div>\n<div><\/div>\n<div><img decoding=\"async\" title=\"Promoci\u00f3n de cierre de bolsa de revista pistolera de pistola de hombro Airsoft t\u00e1ctica militar ajustable\" src=\"https:\/\/bodegaoutdoor.cl\/store\/wp-content\/uploads\/2020\/09\/16103-ntmtpn.jpg\" alt=\"Promoci\u00f3n de cierre de bolsa de revista pistolera de pistola de hombro Airsoft t\u00e1ctica militar ajustable\" \/><img decoding=\"async\" title=\"Promoci\u00f3n de cierre de bolsa de revista pistolera de pistola de hombro Airsoft t\u00e1ctica militar ajustable\" src=\"https:\/\/bodegaoutdoor.cl\/store\/wp-content\/uploads\/2020\/09\/16103-mmkt8u.jpg\" alt=\"Promoci\u00f3n de cierre de bolsa de revista pistolera de pistola de hombro Airsoft t\u00e1ctica militar ajustable\" \/><img decoding=\"async\" title=\"Promoci\u00f3n de cierre de bolsa de revista pistolera de pistola de hombro Airsoft t\u00e1ctica militar ajustable\" src=\"https:\/\/bodegaoutdoor.cl\/store\/wp-content\/uploads\/2020\/09\/16103-sxcqff.jpg\" alt=\"Promoci\u00f3n de cierre de bolsa de revista pistolera de pistola de hombro Airsoft t\u00e1ctica militar ajustable\" \/><img decoding=\"async\" title=\"Promoci\u00f3n de cierre de bolsa de revista pistolera de pistola de hombro Airsoft t\u00e1ctica militar ajustable\" src=\"https:\/\/bodegaoutdoor.cl\/store\/wp-content\/uploads\/2020\/09\/16103-0ukiwd.jpg\" alt=\"Promoci\u00f3n de cierre de bolsa de revista pistolera de pistola de hombro Airsoft t\u00e1ctica militar ajustable\" \/><img decoding=\"async\" title=\"Promoci\u00f3n de cierre de bolsa de revista pistolera de pistola de hombro Airsoft t\u00e1ctica militar ajustable\" src=\"https:\/\/bodegaoutdoor.cl\/store\/wp-content\/uploads\/2020\/09\/16103-jubauc.jpg\" alt=\"Promoci\u00f3n de cierre de bolsa de revista pistolera de pistola de hombro Airsoft t\u00e1ctica militar ajustable\" \/><img decoding=\"async\" title=\"Promoci\u00f3n de cierre de bolsa de revista pistolera de pistola de hombro Airsoft t\u00e1ctica militar ajustable\" src=\"https:\/\/bodegaoutdoor.cl\/store\/wp-content\/uploads\/2020\/09\/16103-jzgqge.jpg\" alt=\"Promoci\u00f3n de cierre de bolsa de revista pistolera de pistola de hombro Airsoft t\u00e1ctica militar ajustable\" \/><img decoding=\"async\" title=\"Promoci\u00f3n de cierre de bolsa de revista pistolera de pistola de hombro Airsoft t\u00e1ctica militar ajustable\" src=\"https:\/\/bodegaoutdoor.cl\/store\/wp-content\/uploads\/2020\/09\/16103-lsnv9m.jpg\" alt=\"Promoci\u00f3n de cierre de bolsa de revista pistolera de pistola de hombro Airsoft t\u00e1ctica militar ajustable\" \/><img decoding=\"async\" title=\"Promoci\u00f3n de cierre de bolsa de revista pistolera de pistola de hombro Airsoft t\u00e1ctica militar ajustable\" src=\"https:\/\/bodegaoutdoor.cl\/store\/wp-content\/uploads\/2020\/09\/16103-go3ewu.jpg\" alt=\"Promoci\u00f3n de cierre de bolsa de revista pistolera de pistola de hombro Airsoft t\u00e1ctica militar ajustable\" \/><img decoding=\"async\" title=\"Promoci\u00f3n de cierre de bolsa de revista pistolera de pistola de hombro Airsoft t\u00e1ctica militar ajustable\" src=\"https:\/\/bodegaoutdoor.cl\/store\/wp-content\/uploads\/2020\/09\/16103-xotvdi.jpg\" alt=\"Promoci\u00f3n de cierre de bolsa de revista pistolera de pistola de hombro Airsoft t\u00e1ctica militar ajustable\" \/><\/div>\n<div><\/div>\n<div><\/div>\n\n    <div class=\"xs_social_share_widget xs_share_url after_content \t\tmain_content  wslu-style-1 wslu-share-box-shaped wslu-fill-colored wslu-none wslu-share-horizontal wslu-theme-font-no wslu-main_content\">\n\n\t\t\n        <ul>\n\t\t\t        <\/ul>\n    <\/div> \n","protected":false},"excerpt":{"rendered":"<p>Caracter\u00edsticas: 100% nuevo y de alta calidad. Pistolera de pistola de hombro t\u00e1ctico. Adecuado para pistola, pistola y rev\u00f3lver. Puede albergar una pistola y 3 revistas. La bolsa de doble revista puede contener dos revistas grandes. Bolsa de una sola revista junto a la pistolera puede sostener una peque\u00f1a revista o linterna. Dise\u00f1o Universal apto [&hellip;]<\/p>\n","protected":false},"featured_media":16107,"comment_status":"open","ping_status":"closed","template":"","meta":{"jetpack_publicize_message":"","jetpack_publicize_feature_enabled":true,"jetpack_social_post_already_shared":true,"jetpack_social_options":{"image_generator_settings":{"template":"highway","enabled":false},"version":2}},"product_brand":[],"product_cat":[487],"product_tag":[],"class_list":{"0":"post-16103","1":"product","2":"type-product","3":"status-publish","4":"has-post-thumbnail","6":"product_cat-airsoft","8":"first","9":"instock","10":"sale","11":"taxable","12":"shipping-taxable","13":"purchasable","14":"product-type-variable"},"jetpack_publicize_connections":[],"jetpack_sharing_enabled":true,"_links":{"self":[{"href":"https:\/\/bodegaoutdoor.cl\/store\/wp-json\/wp\/v2\/product\/16103","targetHints":{"allow":["GET"]}}],"collection":[{"href":"https:\/\/bodegaoutdoor.cl\/store\/wp-json\/wp\/v2\/product"}],"about":[{"href":"https:\/\/bodegaoutdoor.cl\/store\/wp-json\/wp\/v2\/types\/product"}],"replies":[{"embeddable":true,"href":"https:\/\/bodegaoutdoor.cl\/store\/wp-json\/wp\/v2\/comments?post=16103"}],"version-history":[{"count":2,"href":"https:\/\/bodegaoutdoor.cl\/store\/wp-json\/wp\/v2\/product\/16103\/revisions"}],"predecessor-version":[{"id":71235,"href":"https:\/\/bodegaoutdoor.cl\/store\/wp-json\/wp\/v2\/product\/16103\/revisions\/71235"}],"wp:featuredmedia":[{"embeddable":true,"href":"https:\/\/bodegaoutdoor.cl\/store\/wp-json\/wp\/v2\/media\/16107"}],"wp:attachment":[{"href":"https:\/\/bodegaoutdoor.cl\/store\/wp-json\/wp\/v2\/media?parent=16103"}],"wp:term":[{"taxonomy":"product_brand","embeddable":true,"href":"https:\/\/bodegaoutdoor.cl\/store\/wp-json\/wp\/v2\/product_brand?post=16103"},{"taxonomy":"product_cat","embeddable":true,"href":"https:\/\/bodegaoutdoor.cl\/store\/wp-json\/wp\/v2\/product_cat?post=16103"},{"taxonomy":"product_tag","embeddable":true,"href":"https:\/\/bodegaoutdoor.cl\/store\/wp-json\/wp\/v2\/product_tag?post=16103"}],"curies":[{"name":"wp","href":"https:\/\/api.w.org\/{rel}","templated":true}]}}