{"id":16123,"date":"2020-09-06T05:06:32","date_gmt":"2020-09-06T05:06:32","guid":{"rendered":"https:\/\/bodegaoutdoor.cl\/store\/product\/funda-tactica-para-pistola-de-pierna-bolsa-de-camuflaje-multifuncion-para-exteriores-del-ejercito-funda-protectora-de-pierna-atada-para-pistola-funda-protectora-de-bolsillo-para-telefono-equipo-de\/"},"modified":"2023-05-08T13:37:18","modified_gmt":"2023-05-08T17:37:18","slug":"funda-tactica-para-pistola-de-pierna-bolsa-de-camuflaje-multifuncion-para-exteriores-del-ejercito-funda-protectora-de-pierna-atada-para-pistola-funda-protectora-de-bolsillo-para-telefono-equipo-de","status":"publish","type":"product","link":"https:\/\/bodegaoutdoor.cl\/store\/product\/funda-tactica-para-pistola-de-pierna-bolsa-de-camuflaje-multifuncion-para-exteriores-del-ejercito-funda-protectora-de-pierna-atada-para-pistola-funda-protectora-de-bolsillo-para-telefono-equipo-de\/","title":{"rendered":"Funda t\u00e1ctica para pistola de pierna, bolsa de camuflaje multifunci\u00f3n para exteriores del ej\u00e9rcito, funda protectora de pierna atada para pistola, funda protectora de bolsillo para tel\u00e9fono, equipo de caza"},"content":{"rendered":"<p style=\"text-align: center;\"><video style=\"max-width: 100%;\" src=\"\/\/cloud.video.taobao.com\/play\/u\/2206446930031\/p\/1\/e\/6\/t\/10301\/240483544414.mp4\" poster=\"https:\/\/ae01.alicdn.com\/kf\/Ha453c648d8504981b575eaec4d996873J\/Funda-t-ctica-para-pistola-de-pierna-bolsa-de-camuflaje-multifunci-n-para-exteriores-del-ej.jpg,https:\/\/ae01.alicdn.com\/kf\/H50bdfd322b0c429186cadd930458bf40R\/Funda-t-ctica-para-pistola-de-pierna-bolsa-de-camuflaje-multifunci-n-para-exteriores-del-ej.jpg,https:\/\/ae01.alicdn.com\/kf\/H0cdd5cc15bfa4fee8e80091bd3eb72b9R\/Funda-t-ctica-para-pistola-de-pierna-bolsa-de-camuflaje-multifunci-n-para-exteriores-del-ej.jpg,https:\/\/ae01.alicdn.com\/kf\/H3f83ff2900f34e4cac9ba6f6733ad96fO\/Funda-t-ctica-para-pistola-de-pierna-bolsa-de-camuflaje-multifunci-n-para-exteriores-del-ej.jpg,https:\/\/ae01.alicdn.com\/kf\/H35ce4b2028d34d0fbc5abc8af4225718t\/Funda-t-ctica-para-pistola-de-pierna-bolsa-de-camuflaje-multifunci-n-para-exteriores-del-ej.jpg,https:\/\/ae01.alicdn.com\/kf\/Hd3787f8528c54f308154d57c61607bc3c\/Funda-t-ctica-para-pistola-de-pierna-bolsa-de-camuflaje-multifunci-n-para-exteriores-del-ej.jpg\" preload=\"auto\" controls=\"controls\" width=\"100%\" height=\"100%\"><\/video><\/p>\n<div>\n<div>\n<p><span style=\"font-size: 20px;\"><strong><br \/>\nCaracter\u00edstica<\/strong>:<br \/>\n-Pistolera t\u00e1ctica de la pistola del muslo, bolso del tel\u00e9fono, bolso accesorio<br \/>\n-Se puede colocar en el cintur\u00f3n de mu\u00f1eca y sujetarlo a la pierna<br \/>\n-Dise\u00f1o envolvente totalmente ajustable para un ajuste adicional y seguridad<br \/>\n-Las correas antideslizantes ajustables para las piernas minimizan el movimiento y proporcionan la m\u00e1xima comodidad<br \/>\n-La hebilla de liberaci\u00f3n r\u00e1pida y la correa de Velcro hacen que esta funda sea totalmente ajustable<br \/>\n-Ideal para militares, fuerzas del orden p\u00fablico, cazadores<br \/>\n-Extra\u00edble cuando no est\u00e1 en uso<br \/>\n-Impermeable<br \/>\n<strong>Material<\/strong>: 900D Oxford<br \/>\n<strong>Color<\/strong>: Negro, caqui, CP, ACU<br \/>\n<strong>Opci\u00f3n<\/strong>:<br \/>\n-Opci\u00f3n 1:<span style=\"font-size: 20px;\">T\u00e1ctica de la pierna<span style=\"font-size: 20px;\">Funda<br \/>\n<span style=\"font-size: 20px;\"> &#8211; <span style=\"font-size: 20px;\">Opci\u00f3n 2:<\/span><span style=\"font-size: 20px;\">T\u00e1ctica de la pierna<span style=\"font-size: 20px;\">Funda + 125cm<span style=\"font-size: 20px;\"><span style=\"font-size: 20px;\"><span style=\"font-size: 20px;\"><span style=\"font-size: 20px;\"><span style=\"font-size: 20px;\">Cintur\u00f3n t\u00e1ctico<\/span><\/span><\/span><\/span><\/span><\/span><\/span><\/span><\/span><\/span><\/span><\/p>\n<p style=\"text-align: left; margin: 0;\"><img decoding=\"async\" style=\"width: 930px;\" title=\"Funda t\u00e1ctica para pistola de pierna, bolsa de camuflaje multifunci\u00f3n para exteriores del ej\u00e9rcito, funda protectora de pierna atada para pistola, funda protectora de bolsillo para tel\u00e9fono, equipo de caza\" src=\"https:\/\/bodegaoutdoor.cl\/store\/wp-content\/uploads\/2020\/09\/16123-1dlpmj.jpg\" alt=\"Funda t\u00e1ctica para pistola de pierna, bolsa de camuflaje multifunci\u00f3n para exteriores del ej\u00e9rcito, funda protectora de pierna atada para pistola, funda protectora de bolsillo para tel\u00e9fono, equipo de caza\" \/><img decoding=\"async\" style=\"width: 930px;\" title=\"Funda t\u00e1ctica para pistola de pierna, bolsa de camuflaje multifunci\u00f3n para exteriores del ej\u00e9rcito, funda protectora de pierna atada para pistola, funda protectora de bolsillo para tel\u00e9fono, equipo de caza\" src=\"https:\/\/bodegaoutdoor.cl\/store\/wp-content\/uploads\/2020\/09\/16123-lj7u4v.jpg\" alt=\"Funda t\u00e1ctica para pistola de pierna, bolsa de camuflaje multifunci\u00f3n para exteriores del ej\u00e9rcito, funda protectora de pierna atada para pistola, funda protectora de bolsillo para tel\u00e9fono, equipo de caza\" \/><img decoding=\"async\" style=\"width: 930px;\" title=\"Funda t\u00e1ctica para pistola de pierna, bolsa de camuflaje multifunci\u00f3n para exteriores del ej\u00e9rcito, funda protectora de pierna atada para pistola, funda protectora de bolsillo para tel\u00e9fono, equipo de caza\" src=\"https:\/\/bodegaoutdoor.cl\/store\/wp-content\/uploads\/2020\/09\/16123-rle3ph.jpg\" alt=\"Funda t\u00e1ctica para pistola de pierna, bolsa de camuflaje multifunci\u00f3n para exteriores del ej\u00e9rcito, funda protectora de pierna atada para pistola, funda protectora de bolsillo para tel\u00e9fono, equipo de caza\" \/><img decoding=\"async\" style=\"width: 930px;\" title=\"Funda t\u00e1ctica para pistola de pierna, bolsa de camuflaje multifunci\u00f3n para exteriores del ej\u00e9rcito, funda protectora de pierna atada para pistola, funda protectora de bolsillo para tel\u00e9fono, equipo de caza\" src=\"https:\/\/bodegaoutdoor.cl\/store\/wp-content\/uploads\/2020\/09\/16123-b5fegk.jpg\" alt=\"Funda t\u00e1ctica para pistola de pierna, bolsa de camuflaje multifunci\u00f3n para exteriores del ej\u00e9rcito, funda protectora de pierna atada para pistola, funda protectora de bolsillo para tel\u00e9fono, equipo de caza\" \/><img decoding=\"async\" style=\"width: 930px;\" title=\"Funda t\u00e1ctica para pistola de pierna, bolsa de camuflaje multifunci\u00f3n para exteriores del ej\u00e9rcito, funda protectora de pierna atada para pistola, funda protectora de bolsillo para tel\u00e9fono, equipo de caza\" src=\"https:\/\/bodegaoutdoor.cl\/store\/wp-content\/uploads\/2020\/09\/16123-irgfdh.jpg\" alt=\"Funda t\u00e1ctica para pistola de pierna, bolsa de camuflaje multifunci\u00f3n para exteriores del ej\u00e9rcito, funda protectora de pierna atada para pistola, funda protectora de bolsillo para tel\u00e9fono, equipo de caza\" \/><img decoding=\"async\" style=\"width: 930px;\" title=\"Funda t\u00e1ctica para pistola de pierna, bolsa de camuflaje multifunci\u00f3n para exteriores del ej\u00e9rcito, funda protectora de pierna atada para pistola, funda protectora de bolsillo para tel\u00e9fono, equipo de caza\" src=\"https:\/\/bodegaoutdoor.cl\/store\/wp-content\/uploads\/2020\/09\/16123-bqsqbh.jpg\" alt=\"Funda t\u00e1ctica para pistola de pierna, bolsa de camuflaje multifunci\u00f3n para exteriores del ej\u00e9rcito, funda protectora de pierna atada para pistola, funda protectora de bolsillo para tel\u00e9fono, equipo de caza\" \/><img decoding=\"async\" style=\"width: 930px;\" title=\"Funda t\u00e1ctica para pistola de pierna, bolsa de camuflaje multifunci\u00f3n para exteriores del ej\u00e9rcito, funda protectora de pierna atada para pistola, funda protectora de bolsillo para tel\u00e9fono, equipo de caza\" src=\"https:\/\/bodegaoutdoor.cl\/store\/wp-content\/uploads\/2020\/09\/16123-pvvxd2.jpg\" alt=\"Funda t\u00e1ctica para pistola de pierna, bolsa de camuflaje multifunci\u00f3n para exteriores del ej\u00e9rcito, funda protectora de pierna atada para pistola, funda protectora de bolsillo para tel\u00e9fono, equipo de caza\" \/><img decoding=\"async\" style=\"width: 930px;\" title=\"Funda t\u00e1ctica para pistola de pierna, bolsa de camuflaje multifunci\u00f3n para exteriores del ej\u00e9rcito, funda protectora de pierna atada para pistola, funda protectora de bolsillo para tel\u00e9fono, equipo de caza\" src=\"https:\/\/bodegaoutdoor.cl\/store\/wp-content\/uploads\/2020\/09\/16123-a91ze1.jpg\" alt=\"Funda t\u00e1ctica para pistola de pierna, bolsa de camuflaje multifunci\u00f3n para exteriores del ej\u00e9rcito, funda protectora de pierna atada para pistola, funda protectora de bolsillo para tel\u00e9fono, equipo de caza\" \/><img decoding=\"async\" style=\"width: 930px;\" title=\"Funda t\u00e1ctica para pistola de pierna, bolsa de camuflaje multifunci\u00f3n para exteriores del ej\u00e9rcito, funda protectora de pierna atada para pistola, funda protectora de bolsillo para tel\u00e9fono, equipo de caza\" src=\"https:\/\/bodegaoutdoor.cl\/store\/wp-content\/uploads\/2020\/09\/16123-vfpstb.jpg\" alt=\"Funda t\u00e1ctica para pistola de pierna, bolsa de camuflaje multifunci\u00f3n para exteriores del ej\u00e9rcito, funda protectora de pierna atada para pistola, funda protectora de bolsillo para tel\u00e9fono, equipo de caza\" \/><img decoding=\"async\" style=\"width: 930px;\" title=\"Funda t\u00e1ctica para pistola de pierna, bolsa de camuflaje multifunci\u00f3n para exteriores del ej\u00e9rcito, funda protectora de pierna atada para pistola, funda protectora de bolsillo para tel\u00e9fono, equipo de caza\" src=\"https:\/\/bodegaoutdoor.cl\/store\/wp-content\/uploads\/2020\/09\/16123-fjhdh1.jpg\" alt=\"Funda t\u00e1ctica para pistola de pierna, bolsa de camuflaje multifunci\u00f3n para exteriores del ej\u00e9rcito, funda protectora de pierna atada para pistola, funda protectora de bolsillo para tel\u00e9fono, equipo de caza\" \/><img decoding=\"async\" style=\"width: 930px;\" title=\"Funda t\u00e1ctica para pistola de pierna, bolsa de camuflaje multifunci\u00f3n para exteriores del ej\u00e9rcito, funda protectora de pierna atada para pistola, funda protectora de bolsillo para tel\u00e9fono, equipo de caza\" src=\"https:\/\/bodegaoutdoor.cl\/store\/wp-content\/uploads\/2020\/09\/16123-tjevti.jpg\" alt=\"Funda t\u00e1ctica para pistola de pierna, bolsa de camuflaje multifunci\u00f3n para exteriores del ej\u00e9rcito, funda protectora de pierna atada para pistola, funda protectora de bolsillo para tel\u00e9fono, equipo de caza\" \/><img decoding=\"async\" style=\"width: 930px;\" title=\"Funda t\u00e1ctica para pistola de pierna, bolsa de camuflaje multifunci\u00f3n para exteriores del ej\u00e9rcito, funda protectora de pierna atada para pistola, funda protectora de bolsillo para tel\u00e9fono, equipo de caza\" src=\"https:\/\/bodegaoutdoor.cl\/store\/wp-content\/uploads\/2020\/09\/16123-xgjufp.jpg\" alt=\"Funda t\u00e1ctica para pistola de pierna, bolsa de camuflaje multifunci\u00f3n para exteriores del ej\u00e9rcito, funda protectora de pierna atada para pistola, funda protectora de bolsillo para tel\u00e9fono, equipo de caza\" \/><img decoding=\"async\" style=\"width: 930px;\" title=\"Funda t\u00e1ctica para pistola de pierna, bolsa de camuflaje multifunci\u00f3n para exteriores del ej\u00e9rcito, funda protectora de pierna atada para pistola, funda protectora de bolsillo para tel\u00e9fono, equipo de caza\" src=\"https:\/\/bodegaoutdoor.cl\/store\/wp-content\/uploads\/2020\/09\/16123-4bpfza.jpg\" alt=\"Funda t\u00e1ctica para pistola de pierna, bolsa de camuflaje multifunci\u00f3n para exteriores del ej\u00e9rcito, funda protectora de pierna atada para pistola, funda protectora de bolsillo para tel\u00e9fono, equipo de caza\" \/><img decoding=\"async\" style=\"width: 930px;\" title=\"Funda t\u00e1ctica para pistola de pierna, bolsa de camuflaje multifunci\u00f3n para exteriores del ej\u00e9rcito, funda protectora de pierna atada para pistola, funda protectora de bolsillo para tel\u00e9fono, equipo de caza\" src=\"https:\/\/bodegaoutdoor.cl\/store\/wp-content\/uploads\/2020\/09\/16123-7nopsj.jpg\" alt=\"Funda t\u00e1ctica para pistola de pierna, bolsa de camuflaje multifunci\u00f3n para exteriores del ej\u00e9rcito, funda protectora de pierna atada para pistola, funda protectora de bolsillo para tel\u00e9fono, equipo de caza\" \/><img decoding=\"async\" style=\"width: 930px;\" title=\"Funda t\u00e1ctica para pistola de pierna, bolsa de camuflaje multifunci\u00f3n para exteriores del ej\u00e9rcito, funda protectora de pierna atada para pistola, funda protectora de bolsillo para tel\u00e9fono, equipo de caza\" src=\"https:\/\/bodegaoutdoor.cl\/store\/wp-content\/uploads\/2020\/09\/16123-dg2hl2.jpg\" alt=\"Funda t\u00e1ctica para pistola de pierna, bolsa de camuflaje multifunci\u00f3n para exteriores del ej\u00e9rcito, funda protectora de pierna atada para pistola, funda protectora de bolsillo para tel\u00e9fono, equipo de caza\" \/><img decoding=\"async\" style=\"width: 930px;\" title=\"Funda t\u00e1ctica para pistola de pierna, bolsa de camuflaje multifunci\u00f3n para exteriores del ej\u00e9rcito, funda protectora de pierna atada para pistola, funda protectora de bolsillo para tel\u00e9fono, equipo de caza\" src=\"https:\/\/bodegaoutdoor.cl\/store\/wp-content\/uploads\/2020\/09\/16123-kytozu.jpg\" alt=\"Funda t\u00e1ctica para pistola de pierna, bolsa de camuflaje multifunci\u00f3n para exteriores del ej\u00e9rcito, funda protectora de pierna atada para pistola, funda protectora de bolsillo para tel\u00e9fono, equipo de caza\" \/><img decoding=\"async\" style=\"width: 930px;\" title=\"Funda t\u00e1ctica para pistola de pierna, bolsa de camuflaje multifunci\u00f3n para exteriores del ej\u00e9rcito, funda protectora de pierna atada para pistola, funda protectora de bolsillo para tel\u00e9fono, equipo de caza\" src=\"https:\/\/bodegaoutdoor.cl\/store\/wp-content\/uploads\/2020\/09\/16123-7jh33v.jpg\" alt=\"Funda t\u00e1ctica para pistola de pierna, bolsa de camuflaje multifunci\u00f3n para exteriores del ej\u00e9rcito, funda protectora de pierna atada para pistola, funda protectora de bolsillo para tel\u00e9fono, equipo de caza\" \/><\/p>\n<\/div>\n<\/div>\n\n    <div class=\"xs_social_share_widget xs_share_url after_content \t\tmain_content  wslu-style-1 wslu-share-box-shaped wslu-fill-colored wslu-none wslu-share-horizontal wslu-theme-font-no wslu-main_content\">\n\n\t\t\n        <ul>\n\t\t\t        <\/ul>\n    <\/div> \n","protected":false},"excerpt":{"rendered":"<p>Caracter\u00edstica: -Pistolera t\u00e1ctica de la pistola del muslo, bolso del tel\u00e9fono, bolso accesorio -Se puede colocar en el cintur\u00f3n de mu\u00f1eca y sujetarlo a la pierna -Dise\u00f1o envolvente totalmente ajustable para un ajuste adicional y seguridad -Las correas antideslizantes ajustables para las piernas minimizan el movimiento y proporcionan la m\u00e1xima comodidad -La hebilla de liberaci\u00f3n [&hellip;]<\/p>\n","protected":false},"featured_media":16132,"comment_status":"open","ping_status":"closed","template":"","meta":{"jetpack_publicize_message":"","jetpack_publicize_feature_enabled":true,"jetpack_social_post_already_shared":true,"jetpack_social_options":{"image_generator_settings":{"template":"highway","enabled":false},"version":2}},"product_brand":[],"product_cat":[15,64,487,489,488],"product_tag":[1435,1431,1315,1434,1287,1430,1433,1432,1404],"class_list":{"0":"post-16123","1":"product","2":"type-product","3":"status-publish","4":"has-post-thumbnail","6":"product_cat-otros","7":"product_cat-accessories","8":"product_cat-airsoft","9":"product_cat-cinturones","10":"product_cat-kits","11":"product_tag-bolsa","12":"product_tag-cinturon","13":"product_tag-cinturones","14":"product_tag-funda","15":"product_tag-militar","16":"product_tag-oferta","17":"product_tag-pistola","18":"product_tag-porta-pistola","19":"product_tag-tactica","21":"first","22":"instock","23":"sale","24":"taxable","25":"shipping-taxable","26":"purchasable","27":"product-type-variable"},"jetpack_publicize_connections":[],"jetpack_sharing_enabled":true,"_links":{"self":[{"href":"https:\/\/bodegaoutdoor.cl\/store\/wp-json\/wp\/v2\/product\/16123","targetHints":{"allow":["GET"]}}],"collection":[{"href":"https:\/\/bodegaoutdoor.cl\/store\/wp-json\/wp\/v2\/product"}],"about":[{"href":"https:\/\/bodegaoutdoor.cl\/store\/wp-json\/wp\/v2\/types\/product"}],"replies":[{"embeddable":true,"href":"https:\/\/bodegaoutdoor.cl\/store\/wp-json\/wp\/v2\/comments?post=16123"}],"version-history":[{"count":2,"href":"https:\/\/bodegaoutdoor.cl\/store\/wp-json\/wp\/v2\/product\/16123\/revisions"}],"predecessor-version":[{"id":71234,"href":"https:\/\/bodegaoutdoor.cl\/store\/wp-json\/wp\/v2\/product\/16123\/revisions\/71234"}],"wp:featuredmedia":[{"embeddable":true,"href":"https:\/\/bodegaoutdoor.cl\/store\/wp-json\/wp\/v2\/media\/16132"}],"wp:attachment":[{"href":"https:\/\/bodegaoutdoor.cl\/store\/wp-json\/wp\/v2\/media?parent=16123"}],"wp:term":[{"taxonomy":"product_brand","embeddable":true,"href":"https:\/\/bodegaoutdoor.cl\/store\/wp-json\/wp\/v2\/product_brand?post=16123"},{"taxonomy":"product_cat","embeddable":true,"href":"https:\/\/bodegaoutdoor.cl\/store\/wp-json\/wp\/v2\/product_cat?post=16123"},{"taxonomy":"product_tag","embeddable":true,"href":"https:\/\/bodegaoutdoor.cl\/store\/wp-json\/wp\/v2\/product_tag?post=16123"}],"curies":[{"name":"wp","href":"https:\/\/api.w.org\/{rel}","templated":true}]}}