{"id":16209,"date":"2020-09-06T14:08:36","date_gmt":"2020-09-06T14:08:36","guid":{"rendered":"https:\/\/bodegaoutdoor.cl\/store\/product\/reflector-led-de-50w-reflectores-de-luz-led-para-exteriores-proyector-reflector-led-lampara-de-construccion-recargable-18650-baterias\/"},"modified":"2023-05-04T19:19:23","modified_gmt":"2023-05-04T23:19:23","slug":"foco-led-outdoor-reflector-led-de-50w-recargable-18650-baterias-x-4","status":"publish","type":"product","link":"https:\/\/bodegaoutdoor.cl\/store\/product\/foco-led-outdoor-reflector-led-de-50w-recargable-18650-baterias-x-4\/","title":{"rendered":"Foco Led Outdoor Reflector LED de 50W, recargable, 18650 Bater\u00edas x 4"},"content":{"rendered":"<p style=\"text-align: center;\"><video style=\"max-width: 100%;\" src=\"\/\/cloud.video.taobao.com\/play\/u\/2201272870151\/p\/1\/e\/6\/t\/10301\/241094656123.mp4\" poster=\"https:\/\/ae01.alicdn.com\/kf\/Hcdb0c81ce64a4f92be3e4e7be75ff45df\/Reflector-LED-de-50W-reflectores-de-luz-LED-para-exteriores-proyector-Reflector-LED-l-mpara-de.jpg,https:\/\/ae01.alicdn.com\/kf\/H9ae9a0db01d148d08d8e40a47e9b3a4cp\/Reflector-LED-de-50W-reflectores-de-luz-LED-para-exteriores-proyector-Reflector-LED-l-mpara-de.jpg,https:\/\/ae01.alicdn.com\/kf\/H91a7bd6c86314169aacb67c0156fafc5O\/Reflector-LED-de-50W-reflectores-de-luz-LED-para-exteriores-proyector-Reflector-LED-l-mpara-de.jpg,https:\/\/ae01.alicdn.com\/kf\/Hafb02079cf1b4a05ace08f903e1a4fd8k\/Reflector-LED-de-50W-reflectores-de-luz-LED-para-exteriores-proyector-Reflector-LED-l-mpara-de.jpg,https:\/\/ae01.alicdn.com\/kf\/Hb528776c0b8a4342b6387b4157667408W\/Reflector-LED-de-50W-reflectores-de-luz-LED-para-exteriores-proyector-Reflector-LED-l-mpara-de.jpg,https:\/\/ae01.alicdn.com\/kf\/H276ddddf690f40459f938563241e6e51g\/Reflector-LED-de-50W-reflectores-de-luz-LED-para-exteriores-proyector-Reflector-LED-l-mpara-de.jpg\" preload=\"auto\" controls=\"controls\" width=\"100%\" height=\"100%\"><\/video><\/p>\n<div>\n<p style=\"font-family: 'OpenSans'; color: #000; font-weight: 900; font-size: 20px; line-height: 28px; margin-bottom: 12px;\">Reflector LED de 50W, reflectores de luz LED recargable &#8211; 4 bater\u00edas 18650<\/p>\n<p><img decoding=\"async\" title=\"Reflector LED de 50W, reflectores de luz LED para exteriores, proyector Reflector LED, l\u00e1mpara de construcci\u00f3n recargable, 18650 bater\u00edas\" src=\"https:\/\/bodegaoutdoor.cl\/store\/wp-content\/uploads\/2020\/09\/16209-rtchbz.jpg\" alt=\"Reflector LED de 50W, reflectores de luz LED para exteriores, proyector Reflector LED, l\u00e1mpara de construcci\u00f3n recargable, 18650 bater\u00edas\" \/><\/p>\n<\/div>\n<div>\n<p style=\"font-family: 'OpenSans'; color: #000; font-weight: 900; font-size: 20px; line-height: 28px; margin-bottom: 12px;\">Especificaciones:<\/p>\n<p style=\"font-family: 'OpenSans'; color: #000; font-weight: 300; font-size: 14px; line-height: 20px; margin-bottom: 12px;\">Material de la carcasa: vidrio templado de aleaci\u00f3n de aluminio<br \/>\nPotencia: 50W<br \/>\nTemperatura de Color<br \/>\nCantidad de LED: 36 Uds.<br \/>\n\u00c1ngulo de Beaming: 120 \u00b0<br \/>\nBater\u00eda: 4&#215;18650 bater\u00edas cada bater\u00eda 3,7 V 2400mhA (bater\u00eda opcional en el enlace del producto)<br \/>\nTipo de enchufe: Enchufe europeo\/enchufe estadounidense<br \/>\nResistente al agua: IP64, nivel a prueba de salpicaduras<br \/>\nLumen: 2400LM<br \/>\nVida \u00fatil: 50000 horas<br \/>\nVoltaje del adaptador de fuente de alimentaci\u00f3n: ca 110 ~ 240V<br \/>\nTensi\u00f3n de alimentaci\u00f3n de la luz: DC4.2V<br \/>\nCorriente de la fuente de alimentaci\u00f3n: 800MA<br \/>\nTipo de cargador de bater\u00eda: DC hole docking Charger<\/p>\n<\/div>\n<div>\n<p style=\"font-family: 'OpenSans'; color: #000; font-weight: 900; font-size: 20px; line-height: 28px; margin-bottom: 12px;\">Notas:<\/p>\n<p style=\"font-family: 'OpenSans'; color: #000; font-weight: 300; font-size: 14px; line-height: 20px; margin-bottom: 12px;\">Esta luz de inundaci\u00f3n necesita funcionar con bater\u00edas, NO conecte la fuente de alimentaci\u00f3n para la iluminaci\u00f3n, la fuente de alimentaci\u00f3n solo se usa para recargar la bater\u00eda. Si conecta la fuente de alimentaci\u00f3n para la iluminaci\u00f3n, la luz parpadear\u00e1. \u00a1Por favor nota! \u00a1Muchas Gracias!<\/p>\n<\/div>\n<div><img decoding=\"async\" style=\"margin-bottom: 10px;\" title=\"Reflector LED de 50W, reflectores de luz LED para exteriores, proyector Reflector LED, l\u00e1mpara de construcci\u00f3n recargable, 18650 bater\u00edas\" src=\"https:\/\/bodegaoutdoor.cl\/store\/wp-content\/uploads\/2020\/09\/16209-zmcmal.jpg\" alt=\"Reflector LED de 50W, reflectores de luz LED para exteriores, proyector Reflector LED, l\u00e1mpara de construcci\u00f3n recargable, 18650 bater\u00edas\" \/><img decoding=\"async\" style=\"margin-bottom: 10px;\" title=\"Reflector LED de 50W, reflectores de luz LED para exteriores, proyector Reflector LED, l\u00e1mpara de construcci\u00f3n recargable, 18650 bater\u00edas\" src=\"https:\/\/bodegaoutdoor.cl\/store\/wp-content\/uploads\/2020\/09\/16209-dpiwoe.jpg\" alt=\"Reflector LED de 50W, reflectores de luz LED para exteriores, proyector Reflector LED, l\u00e1mpara de construcci\u00f3n recargable, 18650 bater\u00edas\" \/><img decoding=\"async\" style=\"margin-bottom: 10px;\" title=\"Reflector LED de 50W, reflectores de luz LED para exteriores, proyector Reflector LED, l\u00e1mpara de construcci\u00f3n recargable, 18650 bater\u00edas\" src=\"https:\/\/bodegaoutdoor.cl\/store\/wp-content\/uploads\/2020\/09\/16209-cr5ic1.jpg\" alt=\"Reflector LED de 50W, reflectores de luz LED para exteriores, proyector Reflector LED, l\u00e1mpara de construcci\u00f3n recargable, 18650 bater\u00edas\" \/><img decoding=\"async\" style=\"margin-bottom: 10px;\" title=\"Reflector LED de 50W, reflectores de luz LED para exteriores, proyector Reflector LED, l\u00e1mpara de construcci\u00f3n recargable, 18650 bater\u00edas\" src=\"https:\/\/bodegaoutdoor.cl\/store\/wp-content\/uploads\/2020\/09\/16209-2kk9ww.jpg\" alt=\"Reflector LED de 50W, reflectores de luz LED para exteriores, proyector Reflector LED, l\u00e1mpara de construcci\u00f3n recargable, 18650 bater\u00edas\" \/><img decoding=\"async\" style=\"margin-bottom: 10px;\" title=\"Reflector LED de 50W, reflectores de luz LED para exteriores, proyector Reflector LED, l\u00e1mpara de construcci\u00f3n recargable, 18650 bater\u00edas\" src=\"https:\/\/bodegaoutdoor.cl\/store\/wp-content\/uploads\/2020\/09\/16209-sx3rx5.jpg\" alt=\"Reflector LED de 50W, reflectores de luz LED para exteriores, proyector Reflector LED, l\u00e1mpara de construcci\u00f3n recargable, 18650 bater\u00edas\" \/><img decoding=\"async\" style=\"margin-bottom: 10px;\" title=\"Reflector LED de 50W, reflectores de luz LED para exteriores, proyector Reflector LED, l\u00e1mpara de construcci\u00f3n recargable, 18650 bater\u00edas\" src=\"https:\/\/bodegaoutdoor.cl\/store\/wp-content\/uploads\/2020\/09\/16209-iuucy2.jpg\" alt=\"Reflector LED de 50W, reflectores de luz LED para exteriores, proyector Reflector LED, l\u00e1mpara de construcci\u00f3n recargable, 18650 bater\u00edas\" \/><\/div>\n<div><img decoding=\"async\" title=\"Reflector LED de 50W, reflectores de luz LED para exteriores, proyector Reflector LED, l\u00e1mpara de construcci\u00f3n recargable, 18650 bater\u00edas\" src=\"https:\/\/bodegaoutdoor.cl\/store\/wp-content\/uploads\/2020\/09\/16209-qomdbq.jpg\" alt=\"Reflector LED de 50W, reflectores de luz LED para exteriores, proyector Reflector LED, l\u00e1mpara de construcci\u00f3n recargable, 18650 bater\u00edas\" \/><img decoding=\"async\" title=\"Reflector LED de 50W, reflectores de luz LED para exteriores, proyector Reflector LED, l\u00e1mpara de construcci\u00f3n recargable, 18650 bater\u00edas\" src=\"https:\/\/bodegaoutdoor.cl\/store\/wp-content\/uploads\/2020\/09\/16209-yvbj1c.jpg\" alt=\"Reflector LED de 50W, reflectores de luz LED para exteriores, proyector Reflector LED, l\u00e1mpara de construcci\u00f3n recargable, 18650 bater\u00edas\" \/><\/div>\n<div>\n<p style=\"font-family: 'OpenSans'; color: #000; font-weight: 900; font-size: 20px; line-height: 28px; margin-bottom: 12px;\">Especificaci\u00f3n:<\/p>\n<p style=\"font-family: 'OpenSans'; color: #000; font-weight: 300; font-size: 14px; line-height: 20px; margin-bottom: 12px;\">Potencia: 20W<br \/>\nFlujo luminoso: 1500LM<br \/>\n\u00c1ngulo de emisi\u00f3n de luz: 120 grados<br \/>\nTipo de bater\u00eda: 2&#215;3,7 V 18650 bater\u00eda de iones de litio o 4 x pilas AA (sin bater\u00eda)<br \/>\nTiempo de iluminaci\u00f3n: 8-12 horas<br \/>\nTiempo de carga: 4-5 horas<br \/>\nEntrada\/Salida potencia: 3,7 V<br \/>\nModos de operaci\u00f3n: alto, bajo, estrobosc\u00f3pico<br \/>\nDimensiones del producto: 162*112*46mm<br \/>\nPeso del art\u00edculo: 267g<br \/>\nClasificaci\u00f3n impermeable: IP44<br \/>\nMaterial: ABS<br \/>\nTemperatura de Color 6.500 K (blanco fr\u00edo)<\/p>\n<\/div>\n<div><\/div>\n<div><\/div>\n<div><\/div>\n<div>\n<p style=\"font-family: 'OpenSans'; color: #000; font-weight: 300; font-size: 14px; line-height: 20px; margin-bottom: 12px;\"><span style=\"font-size: 20px; font-weight: 900;\">Comentarios y valoraci\u00f3n:<\/span><\/p>\n<\/div>\n<div>\n<p style=\"font-family: 'OpenSans'; color: #000; font-weight: 300; font-size: 14px; line-height: 20px; margin-bottom: 12px;\">Tus comentarios son muy importantes para el desarrollo de nuestro negocio. Si tiene alg\u00fan problema con nuestros art\u00edculos o servicio, no dude en ponerse en contacto con nosotros antes de dejar un comentario neutral o negativo, haremos todo lo posible para garantizar su satisfacci\u00f3n.<\/p>\n<\/div>\n\n    <div class=\"xs_social_share_widget xs_share_url after_content \t\tmain_content  wslu-style-1 wslu-share-box-shaped wslu-fill-colored wslu-none wslu-share-horizontal wslu-theme-font-no wslu-main_content\">\n\n\t\t\n        <ul>\n\t\t\t        <\/ul>\n    <\/div> \n","protected":false},"excerpt":{"rendered":"<p>Reflector LED de 50W, reflectores de luz LED recargable &#8211; 4 bater\u00edas 18650 Especificaciones: Material de la carcasa: vidrio templado de aleaci\u00f3n de aluminio Potencia: 50W Temperatura de Color Cantidad de LED: 36 Uds. \u00c1ngulo de Beaming: 120 \u00b0 Bater\u00eda: 4&#215;18650 bater\u00edas cada bater\u00eda 3,7 V 2400mhA (bater\u00eda opcional en el enlace del producto) Tipo [&hellip;]<\/p>\n","protected":false},"featured_media":16234,"comment_status":"open","ping_status":"closed","template":"","meta":{"jetpack_publicize_message":"","jetpack_publicize_feature_enabled":true,"jetpack_social_post_already_shared":true,"jetpack_social_options":{"image_generator_settings":{"template":"highway","enabled":false},"version":2}},"product_brand":[],"product_cat":[15,35],"product_tag":[],"class_list":{"0":"post-16209","1":"product","2":"type-product","3":"status-publish","4":"has-post-thumbnail","6":"product_cat-otros","7":"product_cat-iliminacion","9":"first","10":"instock","11":"sale","12":"taxable","13":"shipping-taxable","14":"purchasable","15":"product-type-simple"},"jetpack_publicize_connections":[],"jetpack_sharing_enabled":true,"_links":{"self":[{"href":"https:\/\/bodegaoutdoor.cl\/store\/wp-json\/wp\/v2\/product\/16209","targetHints":{"allow":["GET"]}}],"collection":[{"href":"https:\/\/bodegaoutdoor.cl\/store\/wp-json\/wp\/v2\/product"}],"about":[{"href":"https:\/\/bodegaoutdoor.cl\/store\/wp-json\/wp\/v2\/types\/product"}],"replies":[{"embeddable":true,"href":"https:\/\/bodegaoutdoor.cl\/store\/wp-json\/wp\/v2\/comments?post=16209"}],"version-history":[{"count":2,"href":"https:\/\/bodegaoutdoor.cl\/store\/wp-json\/wp\/v2\/product\/16209\/revisions"}],"predecessor-version":[{"id":71232,"href":"https:\/\/bodegaoutdoor.cl\/store\/wp-json\/wp\/v2\/product\/16209\/revisions\/71232"}],"wp:featuredmedia":[{"embeddable":true,"href":"https:\/\/bodegaoutdoor.cl\/store\/wp-json\/wp\/v2\/media\/16234"}],"wp:attachment":[{"href":"https:\/\/bodegaoutdoor.cl\/store\/wp-json\/wp\/v2\/media?parent=16209"}],"wp:term":[{"taxonomy":"product_brand","embeddable":true,"href":"https:\/\/bodegaoutdoor.cl\/store\/wp-json\/wp\/v2\/product_brand?post=16209"},{"taxonomy":"product_cat","embeddable":true,"href":"https:\/\/bodegaoutdoor.cl\/store\/wp-json\/wp\/v2\/product_cat?post=16209"},{"taxonomy":"product_tag","embeddable":true,"href":"https:\/\/bodegaoutdoor.cl\/store\/wp-json\/wp\/v2\/product_tag?post=16209"}],"curies":[{"name":"wp","href":"https:\/\/api.w.org\/{rel}","templated":true}]}}