{"id":16280,"date":"2020-09-06T14:28:47","date_gmt":"2020-09-06T14:28:47","guid":{"rendered":"https:\/\/bodegaoutdoor.cl\/store\/product\/foco-de-luz-de-emergencia-recargable-portatil-ip65-30w-para-camping-pesca-al-aire-libre-foco-led\/"},"modified":"2023-05-08T11:25:16","modified_gmt":"2023-05-08T15:25:16","slug":"foco-de-luz-de-emergencia-recargable-portatil-ip65-30w-deportes-outdoor-led","status":"publish","type":"product","link":"https:\/\/bodegaoutdoor.cl\/store\/product\/foco-de-luz-de-emergencia-recargable-portatil-ip65-30w-deportes-outdoor-led\/","title":{"rendered":"Foco de luz de emergencia recargable port\u00e1til IP65 30W Deportes Outdoor LED"},"content":{"rendered":"<p><img decoding=\"async\" title=\"Foco de luz de emergencia recargable port\u00e1til IP65 30W para Camping pesca al aire libre foco LED\" src=\"https:\/\/bodegaoutdoor.cl\/store\/wp-content\/uploads\/2020\/09\/16280-tvr8zu.jpg\" alt=\"Foco de luz de emergencia recargable port\u00e1til IP65 30W para Camping pesca al aire libre foco LED\" \/><\/p>\n<p><img decoding=\"async\" title=\"Foco de luz de emergencia recargable port\u00e1til IP65 30W para Camping pesca al aire libre foco LED\" src=\"https:\/\/bodegaoutdoor.cl\/store\/wp-content\/uploads\/2020\/09\/16280-tqwvuq.jpg\" alt=\"Foco de luz de emergencia recargable port\u00e1til IP65 30W para Camping pesca al aire libre foco LED\" \/><\/p>\n<p><img decoding=\"async\" title=\"Foco de luz de emergencia recargable port\u00e1til IP65 30W para Camping pesca al aire libre foco LED\" src=\"https:\/\/bodegaoutdoor.cl\/store\/wp-content\/uploads\/2020\/09\/16280-3uiobv.jpg\" alt=\"Foco de luz de emergencia recargable port\u00e1til IP65 30W para Camping pesca al aire libre foco LED\" \/><\/p>\n<p><img decoding=\"async\" title=\"Foco de luz de emergencia recargable port\u00e1til IP65 30W para Camping pesca al aire libre foco LED\" src=\"https:\/\/bodegaoutdoor.cl\/store\/wp-content\/uploads\/2020\/09\/16280-goifpf.jpg\" alt=\"Foco de luz de emergencia recargable port\u00e1til IP65 30W para Camping pesca al aire libre foco LED\" \/><\/p>\n<p><img decoding=\"async\" title=\"Foco de luz de emergencia recargable port\u00e1til IP65 30W para Camping pesca al aire libre foco LED\" src=\"https:\/\/bodegaoutdoor.cl\/store\/wp-content\/uploads\/2020\/09\/16280-yibftg.jpg\" alt=\"Foco de luz de emergencia recargable port\u00e1til IP65 30W para Camping pesca al aire libre foco LED\" \/><\/p>\n<p><img decoding=\"async\" title=\"Foco de luz de emergencia recargable port\u00e1til IP65 30W para Camping pesca al aire libre foco LED\" src=\"https:\/\/bodegaoutdoor.cl\/store\/wp-content\/uploads\/2020\/09\/16280-wsod5v.jpg\" alt=\"Foco de luz de emergencia recargable port\u00e1til IP65 30W para Camping pesca al aire libre foco LED\" \/><\/p>\n<p><img decoding=\"async\" title=\"Foco de luz de emergencia recargable port\u00e1til IP65 30W para Camping pesca al aire libre foco LED\" src=\"https:\/\/bodegaoutdoor.cl\/store\/wp-content\/uploads\/2020\/09\/16280-ple0ka.jpg\" alt=\"Foco de luz de emergencia recargable port\u00e1til IP65 30W para Camping pesca al aire libre foco LED\" \/><\/p>\n<p><img decoding=\"async\" title=\"Foco de luz de emergencia recargable port\u00e1til IP65 30W para Camping pesca al aire libre foco LED\" src=\"https:\/\/bodegaoutdoor.cl\/store\/wp-content\/uploads\/2020\/09\/16280-m17jke.jpg\" alt=\"Foco de luz de emergencia recargable port\u00e1til IP65 30W para Camping pesca al aire libre foco LED\" \/><\/p>\n<p><img decoding=\"async\" title=\"Foco de luz de emergencia recargable port\u00e1til IP65 30W para Camping pesca al aire libre foco LED\" src=\"https:\/\/bodegaoutdoor.cl\/store\/wp-content\/uploads\/2020\/09\/16280-rfs2cj.jpg\" alt=\"Foco de luz de emergencia recargable port\u00e1til IP65 30W para Camping pesca al aire libre foco LED\" \/><\/p>\n<div style=\"padding: 0; margin: 0;\">\n<div style=\"margin-bottom: 15.0px; padding-bottom: 20.0px; border: 1.0px solid #d4d4d4; border-radius: 6.0px; font-family: geneva , arial , helvetica , sans-serif;\">\n<div style=\"padding-left: 15.0px; height: 28.0px; background: #ffa944; ;color: #ffffff; font-weight: bold; font-size: 22.0px; line-height: 28.0px;\">Descripci\u00f3n<\/div>\n<div style=\"padding: 10.0px; font-size: 18.0px;\">\n<ul>\n<li>Marca: E-SMARTER<\/li>\n<li>Caracter\u00edsticas:<br \/>\n-La cabeza Led se puede ajustar a 180 grados<br \/>\n-Dimmer zoom\/en<br \/>\n-Aleaci\u00f3n de aluminio + Vidrio Templado<br \/>\n-Muy port\u00e1til y ligero, con caja de bater\u00eda recargable, bater\u00eda de cambio r\u00e1pido para luz continua<br \/>\n-IP65 resistente al agua (no introducir en el agua), adecuado para el ambiente al aire libre, condiciones clim\u00e1ticas adversas, excepto para buceo\/nataci\u00f3n.<br \/>\n-Crea un brillo incre\u00edble, con zoom para producir Distribuci\u00f3n de haz ancho para reflector de prop\u00f3sito general.<br \/>\n-Bajo consumo en comparaci\u00f3n con las l\u00e1mparas hal\u00f3genas tradicionales.<br \/>\n-Perfecto para un funcionamiento manos libres con soporte de montaje met\u00e1lico.<\/li>\n<li>Potencia: 30W<\/li>\n<li>Vida \u00fatil del LED: 50.000 horas<\/li>\n<li>L\u00e1mpara: XM-L T6<\/li>\n<li>Brillo: 1200lms<\/li>\n<li>Tama\u00f1o: 12x 10.7x 11cm<\/li>\n<li>Potencia: 3 pilas de litio 18650 o 1 Uds. Bater\u00edas de litio 18650 (no incluidas)<\/li>\n<li>Modo parpadeo: fuerte-d\u00e9bil-estrobosc\u00f3pico<\/li>\n<li>Peso neto: 685g<\/li>\n<\/ul>\n<\/div>\n<\/div>\n<div style=\"margin-bottom: 15.0px; padding-bottom: 20.0px; border: 1.0px solid #d4d4d4; border-radius: 6.0px; font-family: geneva , arial , helvetica , sans-serif;\">\n<div style=\"padding-left: 15.0px; height: 28.0px; background: #ffa944; ;color: #ffffff; font-weight: bold; font-size: 22.0px; line-height: 28.0px;\">El paquete incluye<\/div>\n<div style=\"padding: 10.0px; font-size: 18.0px;\">\n<ul>\n<li>1x Zoom LED Luz de inundaci\u00f3n<\/li>\n<li>1x cargador<\/li>\n<\/ul>\n<\/div>\n<\/div>\n<\/div>\n\n    <div class=\"xs_social_share_widget xs_share_url after_content \t\tmain_content  wslu-style-1 wslu-share-box-shaped wslu-fill-colored wslu-none wslu-share-horizontal wslu-theme-font-no wslu-main_content\">\n\n\t\t\n        <ul>\n\t\t\t        <\/ul>\n    <\/div> \n","protected":false},"excerpt":{"rendered":"<p>Descripci\u00f3n Marca: E-SMARTER Caracter\u00edsticas: -La cabeza Led se puede ajustar a 180 grados -Dimmer zoom\/en -Aleaci\u00f3n de aluminio + Vidrio Templado -Muy port\u00e1til y ligero, con caja de bater\u00eda recargable, bater\u00eda de cambio r\u00e1pido para luz continua -IP65 resistente al agua (no introducir en el agua), adecuado para el ambiente al aire libre, condiciones clim\u00e1ticas [&hellip;]<\/p>\n","protected":false},"featured_media":16283,"comment_status":"open","ping_status":"closed","template":"","meta":{"jetpack_publicize_message":"","jetpack_publicize_feature_enabled":true,"jetpack_social_post_already_shared":true,"jetpack_social_options":{"image_generator_settings":{"template":"highway","enabled":false},"version":2}},"product_brand":[],"product_cat":[35],"product_tag":[483,4384,1445],"class_list":{"0":"post-16280","1":"product","2":"type-product","3":"status-publish","4":"has-post-thumbnail","6":"product_cat-iliminacion","7":"product_tag-camping","8":"product_tag-focos","9":"product_tag-led","11":"first","12":"instock","13":"sale","14":"taxable","15":"shipping-taxable","16":"purchasable","17":"product-type-variable"},"jetpack_publicize_connections":[],"jetpack_sharing_enabled":true,"_links":{"self":[{"href":"https:\/\/bodegaoutdoor.cl\/store\/wp-json\/wp\/v2\/product\/16280","targetHints":{"allow":["GET"]}}],"collection":[{"href":"https:\/\/bodegaoutdoor.cl\/store\/wp-json\/wp\/v2\/product"}],"about":[{"href":"https:\/\/bodegaoutdoor.cl\/store\/wp-json\/wp\/v2\/types\/product"}],"replies":[{"embeddable":true,"href":"https:\/\/bodegaoutdoor.cl\/store\/wp-json\/wp\/v2\/comments?post=16280"}],"version-history":[{"count":2,"href":"https:\/\/bodegaoutdoor.cl\/store\/wp-json\/wp\/v2\/product\/16280\/revisions"}],"predecessor-version":[{"id":71231,"href":"https:\/\/bodegaoutdoor.cl\/store\/wp-json\/wp\/v2\/product\/16280\/revisions\/71231"}],"wp:featuredmedia":[{"embeddable":true,"href":"https:\/\/bodegaoutdoor.cl\/store\/wp-json\/wp\/v2\/media\/16283"}],"wp:attachment":[{"href":"https:\/\/bodegaoutdoor.cl\/store\/wp-json\/wp\/v2\/media?parent=16280"}],"wp:term":[{"taxonomy":"product_brand","embeddable":true,"href":"https:\/\/bodegaoutdoor.cl\/store\/wp-json\/wp\/v2\/product_brand?post=16280"},{"taxonomy":"product_cat","embeddable":true,"href":"https:\/\/bodegaoutdoor.cl\/store\/wp-json\/wp\/v2\/product_cat?post=16280"},{"taxonomy":"product_tag","embeddable":true,"href":"https:\/\/bodegaoutdoor.cl\/store\/wp-json\/wp\/v2\/product_tag?post=16280"}],"curies":[{"name":"wp","href":"https:\/\/api.w.org\/{rel}","templated":true}]}}