{"id":16298,"date":"2020-09-06T14:46:22","date_gmt":"2020-09-06T14:46:22","guid":{"rendered":"https:\/\/bodegaoutdoor.cl\/store\/product\/prismaticos-portatiles-impermeables-de-alta-duracion-telescopio-de-caza-telescopio-optico-para-turismo-deportes-al-aire-libre-lente-de-prisma-bak4\/"},"modified":"2023-05-04T19:19:23","modified_gmt":"2023-05-04T23:19:23","slug":"binoculares-prismaticos-portatiles-impermeables-telescopio-bak4","status":"publish","type":"product","link":"https:\/\/bodegaoutdoor.cl\/store\/product\/binoculares-prismaticos-portatiles-impermeables-telescopio-bak4\/","title":{"rendered":"Binoculares Prism\u00e1ticos port\u00e1tiles impermeables, telescopio bak4"},"content":{"rendered":"<p style=\"text-align: center;\"><span style=\"font-size: 20px; font-style: inherit; font-weight: inherit; font-family: arial, helvetica, sans-serif; color: #002060;\">Caracter\u00edstica:<\/span><\/p>\n<div>\n<div style=\"font-family: arial; font-size: 13.333334px; color: #002060;\">\n<table border=\"1\" cellspacing=\"0\" cellpadding=\"0\">\n<tbody>\n<tr>\n<td style=\"width: 277.0px; height: 20.0px;\">\n<p align=\"left\">Aumento de<\/p>\n<\/td>\n<td style=\"width: 128.0px; height: 20.0px;\">\n<p align=\"left\">10x<\/p>\n<\/td>\n<\/tr>\n<tr>\n<td style=\"width: 277.0px; height: 19.0px;\">\n<p align=\"left\">Ancho de los ojos (IPD) (mm)<\/p>\n<\/td>\n<td style=\"width: 128.0px; height: 19.0px;\">\n<p align=\"left\">52-74<\/p>\n<\/td>\n<\/tr>\n<tr>\n<td style=\"width: 277.0px; height: 21.0px;\">\n<p align=\"left\">Campo de visi\u00f3n (ft @ 1000yds\/m @ 1000M)<\/p>\n<\/td>\n<td style=\"width: 128.0px; height: 21.0px;\">\n<p align=\"left\">324ft\/108m<\/p>\n<\/td>\n<\/tr>\n<tr>\n<td style=\"width: 277.0px; height: 21.0px;\">\n<p align=\"left\">Alivio ocular (mm)<\/p>\n<\/td>\n<td style=\"width: 128.0px; height: 21.0px;\">\n<p align=\"left\">13<\/p>\n<\/td>\n<\/tr>\n<tr>\n<td style=\"width: 277.0px; height: 21.0px;\">\n<p align=\"left\">Di\u00e1metro de pupila de salida (mm)<\/p>\n<\/td>\n<td style=\"width: 128.0px; height: 21.0px;\">\n<p align=\"left\">2,5<\/p>\n<\/td>\n<\/tr>\n<tr>\n<td style=\"width: 277.0px; height: 20.0px;\">\n<p align=\"left\">Eje de resoluci\u00f3n sobre (soa)<\/p>\n<\/td>\n<td style=\"width: 128.0px; height: 20.0px;\">\n<p align=\"left\">&lt;= 8&#8243;<\/p>\n<\/td>\n<\/tr>\n<tr>\n<td style=\"width: 277.0px; height: 20.0px;\">\n<p align=\"left\">Di\u00e1metro de la lente Ocular (mm)<\/p>\n<\/td>\n<td style=\"width: 128.0px; height: 20.0px;\">\n<p align=\"left\">16<\/p>\n<\/td>\n<\/tr>\n<tr>\n<td style=\"width: 277.0px; height: 20.0px;\">\n<p align=\"left\">Di\u00e1metro de la lente del objetivo (mm)<\/p>\n<\/td>\n<td style=\"width: 128.0px; height: 20.0px;\">\n<p align=\"left\">25<\/p>\n<\/td>\n<\/tr>\n<tr>\n<td style=\"width: 277.0px; height: 20.0px;\">\n<p align=\"left\">Cerca de distancia de enfoque<\/p>\n<\/td>\n<td style=\"width: 128.0px; height: 20.0px;\">\n<p align=\"left\">2,5 m<\/p>\n<\/td>\n<\/tr>\n<tr>\n<td style=\"width: 277.0px; height: 20.0px;\">\n<p align=\"left\">Tipo de revestimiento<\/p>\n<\/td>\n<td style=\"width: 128.0px; height: 20.0px;\">\n<p align=\"left\">Plenamente Multi-revestido<\/p>\n<\/td>\n<\/tr>\n<tr>\n<td style=\"width: 277.0px; height: 20.0px;\">\n<p align=\"left\">Peso (gramos)<\/p>\n<\/td>\n<td style=\"width: 128.0px; height: 20.0px;\">\n<p align=\"left\">265<\/p>\n<\/td>\n<\/tr>\n<tr>\n<td style=\"width: 277.0px; height: 20.0px;\">\n<p align=\"left\">Tama\u00f1o<\/p>\n<\/td>\n<td style=\"width: 128.0px; height: 20.0px;\">\n<p align=\"left\">100x105x45<\/p>\n<\/td>\n<\/tr>\n<tr>\n<td style=\"width: 277.0px; height: 20.0px;\">\n<p align=\"left\">Agua\/prueba de niebla<\/p>\n<\/td>\n<td style=\"width: 128.0px; height: 20.0px;\">\n<p align=\"left\">No<\/p>\n<\/td>\n<\/tr>\n<tr>\n<td style=\"width: 277.0px; height: 20.0px;\">\n<p align=\"left\">Clase de tama\u00f1o<\/p>\n<\/td>\n<td style=\"width: 128.0px; height: 20.0px;\">\n<p align=\"left\">Compacto<\/p>\n<\/td>\n<\/tr>\n<tr>\n<td style=\"width: 277.0px; height: 20.0px;\">\n<p align=\"left\">Sistema de enfoque<\/p>\n<\/td>\n<td style=\"width: 128.0px; height: 20.0px;\">\n<p align=\"left\">Centro<\/p>\n<\/td>\n<\/tr>\n<tr>\n<td style=\"width: 277.0px; height: 20.0px;\">\n<p align=\"left\">Sistema de prisma<\/p>\n<\/td>\n<td style=\"width: 128.0px; height: 20.0px;\">\n<p align=\"left\">Porro(BAK4)<\/p>\n<\/td>\n<\/tr>\n<tr>\n<td style=\"width: 277.0px; height: 20.0px;\">\n<p align=\"left\">Eyecups<\/p>\n<\/td>\n<td style=\"width: 128.0px; height: 20.0px;\">\n<p align=\"left\">Plegable<\/p>\n<\/td>\n<\/tr>\n<tr>\n<td style=\"width: 277.0px; height: 20.0px;\">\n<p align=\"left\">Adaptarse a tr\u00edpode<\/p>\n<\/td>\n<td style=\"width: 128.0px; height: 20.0px;\">\n<p align=\"left\">No<\/p>\n<\/td>\n<\/tr>\n<tr>\n<td style=\"width: 277.0px; height: 19.0px;\">\n<p align=\"left\">La cantidad de<\/p>\n<\/td>\n<td style=\"width: 128.0px; height: 19.0px;\">\n<p align=\"left\">50<\/p>\n<\/td>\n<\/tr>\n<tr>\n<td style=\"width: 277.0px; height: 19.0px;\">\n<p align=\"left\">Peso bruto (kg)<\/p>\n<\/td>\n<td style=\"width: 128.0px; height: 19.0px;\">\n<p align=\"left\">19,4<\/p>\n<\/td>\n<\/tr>\n<tr>\n<td style=\"width: 277.0px; height: 19.0px;\">\n<p align=\"left\">Tama\u00f1o de la Caja (mm)<\/p>\n<\/td>\n<td style=\"width: 128.0px; height: 19.0px;\">\n<p align=\"left\">635x350x280<\/p>\n<\/td>\n<\/tr>\n<\/tbody>\n<\/table>\n<\/div>\n<\/div>\n<div><strong><span style=\"font-size: 20.0px;\"><span style=\"color: #002060;\">La foto muestra<\/span><\/span><\/strong><\/div>\n<div style=\"text-align: center;\"><strong><span style=\"font-size: 20.0px;\"><span style=\"color: #002060;\"><img decoding=\"async\" src=\"https:\/\/bodegaoutdoor.cl\/store\/wp-content\/uploads\/2020\/09\/16298-jzugor.jpg\" \/><\/span><\/span><\/strong><\/div>\n<div style=\"text-align: center;\"><strong><span style=\"font-size: 20.0px;\"><span style=\"color: #002060;\"><img decoding=\"async\" src=\"https:\/\/bodegaoutdoor.cl\/store\/wp-content\/uploads\/2020\/09\/16298-h8gmng.jpg\" \/><img decoding=\"async\" src=\"https:\/\/bodegaoutdoor.cl\/store\/wp-content\/uploads\/2020\/09\/16298-rsjkhn.jpg\" \/><img decoding=\"async\" src=\"\/\/ae01.alicdn.com\/kf\/HTB1fOs9OVXXXXaIXFXXq6xXFXXXY\/220184238\/HTB1fOs9OVXXXXaIXFXXq6xXFXXXY.jpg?size=77021&amp;height=800&amp;width=800&amp;hash=82d8b3692a0ac33238257502ad68e896\" \/><img decoding=\"async\" src=\"\/\/ae01.alicdn.com\/kf\/HTB11goEOVXXXXaAaFXXq6xXFXXXA\/220184238\/HTB11goEOVXXXXaAaFXXq6xXFXXXA.jpg?size=75953&amp;height=800&amp;width=800&amp;hash=5a634c41876f2aba7f69a081a850e345\" \/><img decoding=\"async\" src=\"\/\/ae01.alicdn.com\/kf\/HTB1ypoOOVXXXXcvaXXXq6xXFXXXf\/220184238\/HTB1ypoOOVXXXXcvaXXXq6xXFXXXf.jpg?size=76947&amp;height=800&amp;width=800&amp;hash=a4c2e1881494e0b46032119dfe8d4053\" \/><img decoding=\"async\" src=\"\/\/ae01.alicdn.com\/kf\/HTB1l_U2OVXXXXaOXVXXq6xXFXXXQ\/220184238\/HTB1l_U2OVXXXXaOXVXXq6xXFXXXQ.jpg?size=101973&amp;height=533&amp;width=800&amp;hash=951ae1cb9dd5d70f0d2eb8337b6c4ace\" \/><img decoding=\"async\" src=\"\/\/ae01.alicdn.com\/kf\/HTB1oE70OVXXXXarXVXXq6xXFXXXr\/220184238\/HTB1oE70OVXXXXarXVXXq6xXFXXXr.jpg?size=93331&amp;height=589&amp;width=800&amp;hash=889ceabd16a5a45a44015db476296fc1\" \/><img decoding=\"async\" src=\"\/\/ae01.alicdn.com\/kf\/HTB1wP7.OVXXXXbsXpXXq6xXFXXXl\/220184238\/HTB1wP7.OVXXXXbsXpXXq6xXFXXXl.jpg?size=63302&amp;height=533&amp;width=800&amp;hash=6ccf17aa156d4a0bb48e4989010ba20c\" \/><\/span><\/span><\/strong><\/div>\n<div style=\"text-align: center;\"><strong><span style=\"font-size: 20.0px;\"><span style=\"color: #002060;\"><img decoding=\"async\" src=\"\/\/ae01.alicdn.com\/kf\/HTB14TqdGVXXXXXSapXXq6xXFXXXy\/220184238\/HTB14TqdGVXXXXXSapXXq6xXFXXXy.jpg?size=82030&amp;height=640&amp;width=750&amp;hash=c564586ab5afba4df1374fd7c8d47ad8\" \/><img decoding=\"async\" src=\"\/\/ae01.alicdn.com\/kf\/HTB1042RGVXXXXbUaXXXq6xXFXXXa\/220184238\/HTB1042RGVXXXXbUaXXXq6xXFXXXa.jpg?size=69049&amp;height=742&amp;width=750&amp;hash=e7a10da68b346be6de395ba0556babac\" \/><img decoding=\"async\" src=\"\/\/ae01.alicdn.com\/kf\/HTB14rZ9GVXXXXcxaXXXq6xXFXXXJ\/220184238\/HTB14rZ9GVXXXXcxaXXXq6xXFXXXJ.jpg?size=103075&amp;height=412&amp;width=750&amp;hash=7584fd9fa7d5c8d101b2c7dc51bd9c07\" \/><img decoding=\"async\" src=\"\/\/ae01.alicdn.com\/kf\/HTB1mPrvGXXXXXa5aXXXq6xXFXXXQ\/220184238\/HTB1mPrvGXXXXXa5aXXXq6xXFXXXQ.jpg?size=68514&amp;height=720&amp;width=750&amp;hash=caac7dbe7a6d372f6db3d02984f3bc35\" \/><\/span><\/span><\/strong><\/div>\n<div style=\"text-align: center;\"><img decoding=\"async\" src=\"\/\/ae01.alicdn.com\/kf\/HTB1uvkeGFXXXXa8apXXq6xXFXXXw\/220184238\/HTB1uvkeGFXXXXa8apXXq6xXFXXXw.jpg?size=56366&amp;height=445&amp;width=750&amp;hash=c0ddb773331139938d937206ecd59fb1\" \/><br \/>\n<img decoding=\"async\" src=\"\/\/ae01.alicdn.com\/kf\/HTB1BSb9GVXXXXXLaXXXq6xXFXXXH\/220184238\/HTB1BSb9GVXXXXXLaXXXq6xXFXXXH.jpg?size=101862&amp;height=668&amp;width=750&amp;hash=254574e812822db5346e42e65ea4e292\" \/><br \/>\n<img decoding=\"async\" src=\"\/\/ae01.alicdn.com\/kf\/HTB1e2cCGpXXXXX.apXXq6xXFXXXN\/220184238\/HTB1e2cCGpXXXXX.apXXq6xXFXXXN.jpg?size=73704&amp;height=546&amp;width=750&amp;hash=7bf6d4cc3cb4f353ae05112575693310\" \/><br \/>\n<img decoding=\"async\" src=\"\/\/ae01.alicdn.com\/kf\/HTB1U0slGFXXXXb7aXXXq6xXFXXXB\/220184238\/HTB1U0slGFXXXXb7aXXXq6xXFXXXB.jpg?size=34906&amp;height=434&amp;width=750&amp;hash=1e3e944ec2d1f880ed84aed93fc686dc\" \/><br \/>\n<img decoding=\"async\" src=\"\/\/ae01.alicdn.com\/kf\/HTB1ncO8GVXXXXX2apXXq6xXFXXX0\/220184238\/HTB1ncO8GVXXXXX2apXXq6xXFXXX0.jpg?size=52152&amp;height=431&amp;width=750&amp;hash=2e16dc265130cab23e8433a8c8b82b4f\" \/><br \/>\n<img decoding=\"async\" src=\"\/\/ae01.alicdn.com\/kf\/HTB1DeJ_GVXXXXanapXXq6xXFXXX1\/220184238\/HTB1DeJ_GVXXXXanapXXq6xXFXXX1.jpg?size=44873&amp;height=439&amp;width=750&amp;hash=1d8ba513780aa207b5fbfeb8df14b0fd\" \/><br \/>\n<img decoding=\"async\" src=\"\/\/ae01.alicdn.com\/kf\/HTB1PSCBHXXXXXc9aXXXq6xXFXXX4\/220184238\/HTB1PSCBHXXXXXc9aXXXq6xXFXXX4.jpg?size=58411&amp;height=439&amp;width=750&amp;hash=f67ebc36fa456ae3dbf399322b9ec79a\" \/><\/div>\n<div style=\"text-align: center;\"><img decoding=\"async\" src=\"\/\/ae01.alicdn.com\/kf\/HTB1wP7.OVXXXXbsXpXXq6xXFXXXl\/220184238\/HTB1wP7.OVXXXXbsXpXXq6xXFXXXl.jpg?size=63302&amp;height=533&amp;width=800&amp;hash=6ccf17aa156d4a0bb48e4989010ba20c\" \/><\/div>\n<div style=\"text-align: center;\"><img decoding=\"async\" src=\"\/\/ae01.alicdn.com\/kf\/HTB1Ehc6OVXXXXalXFXXq6xXFXXXR\/220184238\/HTB1Ehc6OVXXXXalXFXXq6xXFXXXR.jpg?size=81201&amp;height=533&amp;width=800&amp;hash=a92a42b487149a5ebbe583eea044d88f\" \/><br \/>\n<img decoding=\"async\" src=\"\/\/ae01.alicdn.com\/kf\/HTB1aao7OVXXXXaoXFXXq6xXFXXXn\/220184238\/HTB1aao7OVXXXXaoXFXXq6xXFXXXn.jpg?size=84781&amp;height=682&amp;width=800&amp;hash=5a3a44b41d9d3827f8bf123e3aff9259\" \/><\/div>\n<div style=\"text-align: center;\"><img decoding=\"async\" src=\"\/\/ae01.alicdn.com\/kf\/HTB1u1JdPXXXXXb9XpXXq6xXFXXXF\/220184238\/HTB1u1JdPXXXXXb9XpXXq6xXFXXXF.jpg?size=89745&amp;height=800&amp;width=800&amp;hash=6882ce067751f73f6437b33a3237068c\" \/><\/div>\n<div style=\"text-align: center;\"><\/div>\n<div>\n<div style=\"font-family: arial , helvetica;\"><\/div>\n<div style=\"font-family: arial , helvetica;\"><\/div>\n<div style=\"font-family: arial , helvetica;\">\n<div><\/div>\n<div><\/div>\n<div><\/div>\n<\/div>\n<\/div>\n\n    <div class=\"xs_social_share_widget xs_share_url after_content \t\tmain_content  wslu-style-1 wslu-share-box-shaped wslu-fill-colored wslu-none wslu-share-horizontal wslu-theme-font-no wslu-main_content\">\n\n\t\t\n        <ul>\n\t\t\t        <\/ul>\n    <\/div> \n","protected":false},"excerpt":{"rendered":"<p>Caracter\u00edstica: Aumento de 10x Ancho de los ojos (IPD) (mm) 52-74 Campo de visi\u00f3n (ft @ 1000yds\/m @ 1000M) 324ft\/108m Alivio ocular (mm) 13 Di\u00e1metro de pupila de salida (mm) 2,5 Eje de resoluci\u00f3n sobre (soa) &lt;= 8&#8243; Di\u00e1metro de la lente Ocular (mm) 16 Di\u00e1metro de la lente del objetivo (mm) 25 Cerca de [&hellip;]<\/p>\n","protected":false},"featured_media":16300,"comment_status":"open","ping_status":"closed","template":"","meta":{"jetpack_publicize_message":"","jetpack_publicize_feature_enabled":true,"jetpack_social_post_already_shared":true,"jetpack_social_options":{"image_generator_settings":{"template":"highway","enabled":false},"version":2}},"product_brand":[],"product_cat":[15,1249],"product_tag":[],"class_list":{"0":"post-16298","1":"product","2":"type-product","3":"status-publish","4":"has-post-thumbnail","6":"product_cat-otros","7":"product_cat-binoculares","9":"first","10":"instock","11":"sale","12":"taxable","13":"shipping-taxable","14":"purchasable","15":"product-type-variable"},"jetpack_publicize_connections":[],"jetpack_sharing_enabled":true,"_links":{"self":[{"href":"https:\/\/bodegaoutdoor.cl\/store\/wp-json\/wp\/v2\/product\/16298","targetHints":{"allow":["GET"]}}],"collection":[{"href":"https:\/\/bodegaoutdoor.cl\/store\/wp-json\/wp\/v2\/product"}],"about":[{"href":"https:\/\/bodegaoutdoor.cl\/store\/wp-json\/wp\/v2\/types\/product"}],"replies":[{"embeddable":true,"href":"https:\/\/bodegaoutdoor.cl\/store\/wp-json\/wp\/v2\/comments?post=16298"}],"version-history":[{"count":1,"href":"https:\/\/bodegaoutdoor.cl\/store\/wp-json\/wp\/v2\/product\/16298\/revisions"}],"predecessor-version":[{"id":71230,"href":"https:\/\/bodegaoutdoor.cl\/store\/wp-json\/wp\/v2\/product\/16298\/revisions\/71230"}],"wp:featuredmedia":[{"embeddable":true,"href":"https:\/\/bodegaoutdoor.cl\/store\/wp-json\/wp\/v2\/media\/16300"}],"wp:attachment":[{"href":"https:\/\/bodegaoutdoor.cl\/store\/wp-json\/wp\/v2\/media?parent=16298"}],"wp:term":[{"taxonomy":"product_brand","embeddable":true,"href":"https:\/\/bodegaoutdoor.cl\/store\/wp-json\/wp\/v2\/product_brand?post=16298"},{"taxonomy":"product_cat","embeddable":true,"href":"https:\/\/bodegaoutdoor.cl\/store\/wp-json\/wp\/v2\/product_cat?post=16298"},{"taxonomy":"product_tag","embeddable":true,"href":"https:\/\/bodegaoutdoor.cl\/store\/wp-json\/wp\/v2\/product_tag?post=16298"}],"curies":[{"name":"wp","href":"https:\/\/api.w.org\/{rel}","templated":true}]}}