{"id":16337,"date":"2020-09-06T14:54:55","date_gmt":"2020-09-06T14:54:55","guid":{"rendered":"https:\/\/bodegaoutdoor.cl\/store\/product\/chaqueta-de-armadura-de-cuerpo-completo-de-motocicleta-proteccion-de-pecho-codo-y-proteccion-de-cortocircuito\/"},"modified":"2023-05-04T19:19:23","modified_gmt":"2023-05-04T23:19:23","slug":"chaqueta-proteccion-cuerpo-completo-de-motocicleta-pecho-codo","status":"publish","type":"product","link":"https:\/\/bodegaoutdoor.cl\/store\/product\/chaqueta-proteccion-cuerpo-completo-de-motocicleta-pecho-codo\/","title":{"rendered":"Chaqueta Proteccion cuerpo completo de motocicleta  pecho codo"},"content":{"rendered":"<div style=\"clear: both;\">\n<div><span data-spm-anchor-id=\"a2g0o.detail.1000023.i3.496d4c53rfF5Wk\">Especificaci\u00f3n:<\/span><\/div>\n<div>G\u00e9nero: Unisex<\/div>\n<div>Color: Negro<\/div>\n<div>Disponible en tama\u00f1o: M L XL XXL XXXL. 4XL<\/div>\n<div><\/div>\n<div><span data-spm-anchor-id=\"a2g0o.detail.1000023.i1.496d4c53rfF5Wk\">CN tama\u00f1o M = La UE XXS tama\u00f1o para la altura: 155-160 cm<\/span><\/div>\n<div>CN tama\u00f1o L = La UE tama\u00f1o XS para la altura: 160-165 cm<\/div>\n<div>CN XL tama\u00f1o = EU S talla para altura: 165-170 cm<\/div>\n<div>CN 2XL tama\u00f1o = La UE tama\u00f1o M para altura: 170-175 cm<\/div>\n<div>CN 3XL tama\u00f1o = La UE tama\u00f1o L para altura: 175-180 cm<\/div>\n<div data-spm-anchor-id=\"a2g0o.detail.1000023.i0.496d4c53rfF5Wk\">CN 4XL tama\u00f1o = La UE Tama\u00f1o XL para altura: above180 cm<\/div>\n<div><\/div>\n<div>Caracter\u00edsticas:<\/div>\n<div>Si por lo general montas en una motocicleta durante mucho tiempo, debes elegir este tipo de equipo protector de armadura para protegerte eficazmente cuando est\u00e9s en el montar. La armadura protectora est\u00e1 hecha de nailon resistente al desgaste de alta densidad. El revestimiento movible permite una f\u00e1cil limpieza, m\u00faltiples respiraderos grandes de conchas de pl\u00e1stico y espuma son para la m\u00e1xima ventilaci\u00f3n, todas las ventajas te mantienen seguro durante la conducci\u00f3n. En realidad, es necesario para motociclistas.<\/div>\n<div>Es una maravillosa armadura de cuerpo completo (protector trasero, Copas de hombro, coderas, protector de antebrazo, pecho) todo conectado a una camisa de malla<\/div>\n<div>Hecho de Lycra estirable ligera pero duradera\/Tela de malla met\u00e1lica y pl\u00e1stico moldeado por inyecci\u00f3n de alto impacto<\/div>\n<div>Cierre frontal con cremallera completa. Correas ajustables a lo largo de los brazos y hombros<\/div>\n<div>Armadura desmontable de la columna vertebral con el protector de cola<\/div>\n<div>Cintur\u00f3n el\u00e1stico ancho con ajuste de gancho y bucle<\/div>\n<div>Los bucles del pulgar mantienen la protecci\u00f3n del brazo en su lugar<\/div>\n<div>Esta es una armadura de gran calidad que puedes llevar sola o bajo chaquetas<\/div>\n<div>Correas el\u00e1sticas ajustables cierre de velcro para un ajuste seguro, protege eficazmente tu cuerpo<\/div>\n<div>Se puede utilizar para motocicleta, ciclismo, esqu\u00ed y patinaje, y otras actividades de entretenimiento.<\/div>\n<div><\/div>\n<div>El paquete incluye:<\/div>\n<div>1 x de la motocicleta protector de competici\u00f3n armadura chaqueta<\/div>\n<div><\/div>\n<div><img decoding=\"async\" src=\"https:\/\/ae01.alicdn.com\/kf\/Heedefc147e81496c913d70f828348247T.jpg\" alt=\"H3ecb2114580742009ddb4ee70ec80224d\" \/><img decoding=\"async\" src=\"https:\/\/ae01.alicdn.com\/kf\/H5b20cdcf51024554b39e046defc667e3F.jpg\" alt=\"H8d810e5186d54bdaa7186696f80f2575g\" \/><img decoding=\"async\" src=\"https:\/\/ae01.alicdn.com\/kf\/H43cbaa0ca58c424cac9c9ad9a9e5d167h.jpg\" alt=\"H98488c25d17c4a7c82d26160aac66353P\" \/><img decoding=\"async\" src=\"https:\/\/ae01.alicdn.com\/kf\/Hcbae368179474e0989f76a3f7ee34967j.jpg\" alt=\"H91e8b304261444798f2c8de303d8265ai\" \/><img decoding=\"async\" src=\"https:\/\/ae01.alicdn.com\/kf\/H30612296268d4ecaa1a2f59da7e7fba7O.jpg\" alt=\"H5788ec1b8fdf4a338855a55c597b54814\" data-spm-anchor-id=\"a2g0o.detail.1000023.i2.496d4c53rfF5Wk\" \/><img decoding=\"async\" src=\"https:\/\/ae01.alicdn.com\/kf\/H4029c903bb47494383254c0be8a2e070P.jpg\" alt=\"Ha9c06cbf03314fa5b03ad64bd1701e6fd\" \/><img decoding=\"async\" src=\"https:\/\/ae01.alicdn.com\/kf\/Hbfa42c629ea24d928dc24f81573e374cI.jpg\" alt=\"Hac8e6b93e3db4c49b6ff625eb6a0d967K\" \/><img decoding=\"async\" src=\"https:\/\/ae01.alicdn.com\/kf\/H8e45c19e5d064a36af25929e1bdfd263J.jpg\" alt=\"H71336d725ea949d0b10468343d6d3380b\" \/><\/div>\n<\/div>\n\n    <div class=\"xs_social_share_widget xs_share_url after_content \t\tmain_content  wslu-style-1 wslu-share-box-shaped wslu-fill-colored wslu-none wslu-share-horizontal wslu-theme-font-no wslu-main_content\">\n\n\t\t\n        <ul>\n\t\t\t        <\/ul>\n    <\/div> \n","protected":false},"excerpt":{"rendered":"<p>Especificaci\u00f3n: G\u00e9nero: Unisex Color: Negro Disponible en tama\u00f1o: M L XL XXL XXXL. 4XL CN tama\u00f1o M = La UE XXS tama\u00f1o para la altura: 155-160 cm CN tama\u00f1o L = La UE tama\u00f1o XS para la altura: 160-165 cm CN XL tama\u00f1o = EU S talla para altura: 165-170 cm CN 2XL tama\u00f1o = [&hellip;]<\/p>\n","protected":false},"featured_media":25799,"comment_status":"open","ping_status":"closed","template":"","meta":{"jetpack_publicize_message":"","jetpack_publicize_feature_enabled":true,"jetpack_social_post_already_shared":true,"jetpack_social_options":{"image_generator_settings":{"template":"highway","enabled":false},"version":2}},"product_brand":[],"product_cat":[1159],"product_tag":[],"class_list":{"0":"post-16337","1":"product","2":"type-product","3":"status-publish","4":"has-post-thumbnail","6":"product_cat-protecciones","8":"first","9":"instock","10":"sale","11":"taxable","12":"shipping-taxable","13":"purchasable","14":"product-type-variable"},"jetpack_publicize_connections":[],"jetpack_sharing_enabled":true,"_links":{"self":[{"href":"https:\/\/bodegaoutdoor.cl\/store\/wp-json\/wp\/v2\/product\/16337","targetHints":{"allow":["GET"]}}],"collection":[{"href":"https:\/\/bodegaoutdoor.cl\/store\/wp-json\/wp\/v2\/product"}],"about":[{"href":"https:\/\/bodegaoutdoor.cl\/store\/wp-json\/wp\/v2\/types\/product"}],"replies":[{"embeddable":true,"href":"https:\/\/bodegaoutdoor.cl\/store\/wp-json\/wp\/v2\/comments?post=16337"}],"version-history":[{"count":2,"href":"https:\/\/bodegaoutdoor.cl\/store\/wp-json\/wp\/v2\/product\/16337\/revisions"}],"predecessor-version":[{"id":71229,"href":"https:\/\/bodegaoutdoor.cl\/store\/wp-json\/wp\/v2\/product\/16337\/revisions\/71229"}],"wp:featuredmedia":[{"embeddable":true,"href":"https:\/\/bodegaoutdoor.cl\/store\/wp-json\/wp\/v2\/media\/25799"}],"wp:attachment":[{"href":"https:\/\/bodegaoutdoor.cl\/store\/wp-json\/wp\/v2\/media?parent=16337"}],"wp:term":[{"taxonomy":"product_brand","embeddable":true,"href":"https:\/\/bodegaoutdoor.cl\/store\/wp-json\/wp\/v2\/product_brand?post=16337"},{"taxonomy":"product_cat","embeddable":true,"href":"https:\/\/bodegaoutdoor.cl\/store\/wp-json\/wp\/v2\/product_cat?post=16337"},{"taxonomy":"product_tag","embeddable":true,"href":"https:\/\/bodegaoutdoor.cl\/store\/wp-json\/wp\/v2\/product_tag?post=16337"}],"curies":[{"name":"wp","href":"https:\/\/api.w.org\/{rel}","templated":true}]}}