{"id":16543,"date":"2020-09-06T15:40:09","date_gmt":"2020-09-06T15:40:09","guid":{"rendered":"https:\/\/bodegaoutdoor.cl\/store\/product\/de-baofeng-uv-5r-walkie-talkie-profesional-estacion-de-radio-cb-baofeng-uv-5r-transceptor-5w-vhf-uhf-portatil-uv5r-caza-de-radio-de-jamon\/"},"modified":"2023-05-04T19:19:22","modified_gmt":"2023-05-04T23:19:22","slug":"walkie-talkie-profesional-radio-cb-baofeng-uv-5r-transceptor-5w-vhf-uhf-portatil","status":"publish","type":"product","link":"https:\/\/bodegaoutdoor.cl\/store\/product\/walkie-talkie-profesional-radio-cb-baofeng-uv-5r-transceptor-5w-vhf-uhf-portatil\/","title":{"rendered":"Walkie Talkie profesional radio CB Baofeng UV 5R transceptor 5W VHF UHF port\u00e1til"},"content":{"rendered":"<div><span style=\"color: #000000; font-family: OpenSans; font-size: 20px; font-weight: 900;\">Walkie Talkie profesional CB Radio UV5R transceptor 5W 128CH FM VOX linterna VHF y UHF UV 5R port\u00e1til jam\u00f3n estaci\u00f3n de radio para la caza de Radio<\/span><\/div>\n<div>\n<p style=\"font-family: 'OpenSans'; color: #000; font-weight: 300; font-size: 14px; line-height: 20px; margin-bottom: 12px;\">Resistente al desgaste duradero, sensible y duradero<br \/>\nLa protecci\u00f3n del medio ambiente de la PC<br \/>\nCaucho teclado<br \/>\nTransceptor port\u00e1til de doble banda con funci\u00f3n de pantalla<br \/>\nComercial receptor de radio FM (65MHz-108MHz)<br \/>\nLinterna LED integrada<br \/>\nEsc\u00e1ner incorporado RX CTCSS\/DCS<br \/>\nFunci\u00f3n VOX<br \/>\nFunci\u00f3n de alarma<br \/>\nBanda ancha\/banda estrecha seleccionable<br \/>\nFunci\u00f3n pitido en el teclado<br \/>\nReloj doble\/recepci\u00f3n Doble<br \/>\nCrossband recepci\u00f3n\/transmisi\u00f3n<br \/>\nAhorro de bater\u00eda funci\u00f3n<br \/>\nProgramable por PC<br \/>\nCerradura de llave integrada<\/p>\n<\/div>\n<div>\n<p style=\"font-family: 'OpenSans'; color: #000; font-weight: 900; font-size: 20px; line-height: 28px; margin-bottom: 12px;\">El paquete incluye<\/p>\n<p style=\"font-family: 'OpenSans'; color: #000; font-weight: 300; font-size: 14px; line-height: 20px; margin-bottom: 12px;\">1 x port\u00e1til UV5R Radio<br \/>\n1 x antena<br \/>\n1 paquete de bater\u00edas de iones de litio<br \/>\n1 x Li-Ion cargador<br \/>\n1 x clip para cintur\u00f3n<br \/>\n1 x de la honda<br \/>\n1 manual de usuario<br \/>\n1 x micr\u00f3fono<\/p>\n<\/div>\n<div><img decoding=\"async\" src=\"\/\/ae01.alicdn.com\/kf\/Hb3eba77be03c497c9e18c930e3e6cfd8V.jpg\" \/><img decoding=\"async\" src=\"\/\/ae01.alicdn.com\/kf\/H73113644ed934a59a7b57da4bda8e0a6e.jpg\" \/><img decoding=\"async\" src=\"\/\/ae01.alicdn.com\/kf\/Hc364733b2f624d349e073f0017a49ca86.jpg\" \/><img decoding=\"async\" src=\"\/\/ae01.alicdn.com\/kf\/H91744c8b89de4b6da60b79297a8adf3dJ.jpg\" \/><img decoding=\"async\" src=\"\/\/ae01.alicdn.com\/kf\/H39a06323014340b898108b2ee468e23dg.jpg\" \/><img decoding=\"async\" src=\"\/\/ae01.alicdn.com\/kf\/H453317a40fc04f0fbe8d17d060904756t.jpg\" \/><img decoding=\"async\" src=\"\/\/ae01.alicdn.com\/kf\/H1b6e90a105b04ea89d7eef6b12fc2f1aJ.jpg\" \/><img decoding=\"async\" src=\"\/\/ae01.alicdn.com\/kf\/Hf23e3bf3f3f348369a2733a86424d1d1r.jpg\" \/><img decoding=\"async\" src=\"\/\/ae01.alicdn.com\/kf\/Hcf55e96280934302a551a5960eb81cecs.jpg\" \/><img decoding=\"async\" src=\"\/\/ae01.alicdn.com\/kf\/H37d92883d1494c9da02cd1242a87c617P.jpg\" \/><img decoding=\"async\" src=\"\/\/ae01.alicdn.com\/kf\/H0ed46f6725d64de5a01fa32d0052cb02N.jpg\" \/><img decoding=\"async\" src=\"\/\/ae01.alicdn.com\/kf\/H85ef9af1e8ae4de59b1eaacd006e7eebC.jpg\" \/><\/div>\n<div>\n<div>\n<div>\n<div style=\"line-height: 16.3636px;\">\n<h1 style=\"margin: 0.0px; padding: 0.0px 0.0px 0.0px 15.0px; height: 30.0px; line-height: 30.0px; overflow: hidden; font-family: arial , helvetica , arial; font-size: 14.0px; font-style: inherit; vertical-align: baseline; border-bottom-style: none; background-color: #dddddd;\"><span style=\"font-family: arial , helvetica , sans-serif;\">Demostraci\u00f3n del producto<\/span><\/h1>\n<div><\/div>\n<\/div>\n<\/div>\n<p><img decoding=\"async\" src=\"\/\/ae01.alicdn.com\/kf\/HTB1JtPpKVXXXXcIaXXXq6xXFXXXW\/220974106\/HTB1JtPpKVXXXXcIaXXXq6xXFXXXW.jpg?size=209792&amp;height=638&amp;width=960&amp;hash=3bedd80247350c9851f8283066b2c02c\" \/><img decoding=\"async\" src=\"\/\/ae01.alicdn.com\/kf\/HTB1lP_NKVXXXXXTXpXXq6xXFXXXq\/220974106\/HTB1lP_NKVXXXXXTXpXXq6xXFXXXq.jpg?size=118402&amp;height=638&amp;width=960&amp;hash=e72632ac76588dc2449810452c84dfba\" \/><img decoding=\"async\" src=\"\/\/ae01.alicdn.com\/kf\/HTB1M7HVKVXXXXXiXXXXq6xXFXXXu\/220974106\/HTB1M7HVKVXXXXXiXXXXq6xXFXXXu.jpg?size=131725&amp;height=782&amp;width=960&amp;hash=deb3fe8d87e908630899290b8a28fcc0\" \/><\/p>\n<\/div>\n<\/div>\n<div><\/div>\n\n    <div class=\"xs_social_share_widget xs_share_url after_content \t\tmain_content  wslu-style-1 wslu-share-box-shaped wslu-fill-colored wslu-none wslu-share-horizontal wslu-theme-font-no wslu-main_content\">\n\n\t\t\n        <ul>\n\t\t\t        <\/ul>\n    <\/div> \n","protected":false},"excerpt":{"rendered":"<p>Walkie Talkie profesional CB Radio UV5R transceptor 5W 128CH FM VOX linterna VHF y UHF UV 5R port\u00e1til jam\u00f3n estaci\u00f3n de radio para la caza de Radio Resistente al desgaste duradero, sensible y duradero La protecci\u00f3n del medio ambiente de la PC Caucho teclado Transceptor port\u00e1til de doble banda con funci\u00f3n de pantalla Comercial receptor [&hellip;]<\/p>\n","protected":false},"featured_media":16573,"comment_status":"open","ping_status":"closed","template":"","meta":{"jetpack_publicize_message":"","jetpack_publicize_feature_enabled":true,"jetpack_social_post_already_shared":true,"jetpack_social_options":{"image_generator_settings":{"template":"highway","enabled":false},"version":2}},"product_brand":[],"product_cat":[222],"product_tag":[],"class_list":{"0":"post-16543","1":"product","2":"type-product","3":"status-publish","4":"has-post-thumbnail","6":"product_cat-telefonos","8":"first","9":"instock","10":"sale","11":"taxable","12":"shipping-taxable","13":"purchasable","14":"product-type-variable"},"jetpack_publicize_connections":[],"jetpack_sharing_enabled":true,"_links":{"self":[{"href":"https:\/\/bodegaoutdoor.cl\/store\/wp-json\/wp\/v2\/product\/16543","targetHints":{"allow":["GET"]}}],"collection":[{"href":"https:\/\/bodegaoutdoor.cl\/store\/wp-json\/wp\/v2\/product"}],"about":[{"href":"https:\/\/bodegaoutdoor.cl\/store\/wp-json\/wp\/v2\/types\/product"}],"replies":[{"embeddable":true,"href":"https:\/\/bodegaoutdoor.cl\/store\/wp-json\/wp\/v2\/comments?post=16543"}],"version-history":[{"count":2,"href":"https:\/\/bodegaoutdoor.cl\/store\/wp-json\/wp\/v2\/product\/16543\/revisions"}],"predecessor-version":[{"id":71227,"href":"https:\/\/bodegaoutdoor.cl\/store\/wp-json\/wp\/v2\/product\/16543\/revisions\/71227"}],"wp:featuredmedia":[{"embeddable":true,"href":"https:\/\/bodegaoutdoor.cl\/store\/wp-json\/wp\/v2\/media\/16573"}],"wp:attachment":[{"href":"https:\/\/bodegaoutdoor.cl\/store\/wp-json\/wp\/v2\/media?parent=16543"}],"wp:term":[{"taxonomy":"product_brand","embeddable":true,"href":"https:\/\/bodegaoutdoor.cl\/store\/wp-json\/wp\/v2\/product_brand?post=16543"},{"taxonomy":"product_cat","embeddable":true,"href":"https:\/\/bodegaoutdoor.cl\/store\/wp-json\/wp\/v2\/product_cat?post=16543"},{"taxonomy":"product_tag","embeddable":true,"href":"https:\/\/bodegaoutdoor.cl\/store\/wp-json\/wp\/v2\/product_tag?post=16543"}],"curies":[{"name":"wp","href":"https:\/\/api.w.org\/{rel}","templated":true}]}}