{"id":16775,"date":"2020-09-06T16:32:36","date_gmt":"2020-09-06T16:32:36","guid":{"rendered":"https:\/\/bodegaoutdoor.cl\/store\/product\/llavero-suministros-de-defensa-personal-herramienta-de-proteccion-abrebotellas-de-acero-inoxidable-wrenchs-seguridad-de-defensa-personal\/"},"modified":"2023-05-04T19:19:22","modified_gmt":"2023-05-04T23:19:22","slug":"llavero-defensa-personal-herramienta-de-proteccion-acero-inoxidable","status":"publish","type":"product","link":"https:\/\/bodegaoutdoor.cl\/store\/product\/llavero-defensa-personal-herramienta-de-proteccion-acero-inoxidable\/","title":{"rendered":"Llavero defensa Personal herramienta de protecci\u00f3n acero inoxidable"},"content":{"rendered":"<div style=\"height: auto; clear: both; border: 1.0px solid #ff9933; margin: 20.0px auto;\">\n<p style=\"width: 1.0px; height: 0.0px; overflow: hidden; font-size: 0.0px;\">[Xlmodel]-[productos]-[30254]<\/p>\n<p style=\"width: 1.0px; height: 0.0px; overflow: hidden; font-size: 0;\">[Xlmodel]-[productos]-[8888]<\/p>\n<\/div>\n<div style=\"height: auto; clear: both; border: 1.0px solid #ff9933; margin: 20.0px auto;\">\n<div style=\"height: auto; clear: both; padding: 10.0px; overflow: visible;\">\n<p style=\"margin-top: 0.0px; margin-bottom: 0.0px; border: 0.0px; line-height: 19.5px; vertical-align: baseline; clear: both;\"><span style=\"color: #ff0000; border: 0.0px; font-style: inherit; font-weight: inherit; line-height: inherit; vertical-align: baseline;\">-Tama\u00f1o peque\u00f1o, f\u00e1cil de llevar<\/span><br \/>\n<span style=\"color: #ff0000; border: 0.0px; font-style: inherit; font-weight: inherit; line-height: inherit; vertical-align: baseline;\">-Dise\u00f1o antideslizante, f\u00e1cil de defensa<\/span><br \/>\n<span style=\"border: 0.0px; font-style: inherit; font-weight: inherit; line-height: inherit; vertical-align: baseline;\"><span style=\"color: #ff0000;\">-Fuerza<\/span><span style=\"color: #ff0000;\">e<\/span><\/span><span style=\"color: #ff0000;\">n<span style=\"color: #ff0000;\">DE ACERO INOXIDABLE<\/span><span style=\"color: #ff0000;\">De acero<\/span><span style=\"border: 0.0px; font-style: inherit; line-height: 19.5px; vertical-align: baseline;\">l<\/span><\/span><span style=\"color: #ff0000; border: 0.0px; font-style: inherit; line-height: 19.5px; vertical-align: baseline;\">Bien y poderoso<\/span><br \/>\n<span style=\"color: #ff0000; border: 0.0px; font-style: inherit; font-weight: inherit; line-height: inherit; vertical-align: baseline;\">-Abrelatas de botella<\/span><\/p>\n<p style=\"margin-top: 0.0px; margin-bottom: 0.0px; border: 0.0px; line-height: 19.5px; vertical-align: baseline; clear: both;\"><span style=\"color: #ff0000; border: 0.0px; font-style: inherit; font-weight: inherit; line-height: inherit; vertical-align: baseline;\">-Combinaci\u00f3n de llave<\/span><\/p>\n<p><span style=\"color: #000000; border: 0.0px; font-style: inherit; font-weight: inherit; line-height: inherit; vertical-align: baseline;\">Aplicaci\u00f3n:<\/span><br \/>\n<span style=\"color: #000000; border: 0.0px; font-style: inherit; font-weight: inherit; line-height: inherit; vertical-align: baseline;\">Defensa propia.<\/span><\/p>\n<p><span style=\"color: #000000; border: 0.0px; font-style: inherit; font-weight: inherit; line-height: inherit; vertical-align: baseline;\">Especificaciones:<\/span><br \/>\n<span style=\"color: #000000; border: 0.0px; font-style: inherit; font-weight: inherit; line-height: inherit; vertical-align: baseline;\">-Tama\u00f1o: 9*6*0,38 cm<\/span><\/p>\n<\/div>\n<\/div>\n<div style=\"height: auto; clear: both; border: 1.0px solid #ff9933; margin: 20.0px auto;\">\n<p style=\"width: 1.0px; height: 0.0px; overflow: hidden; font-size: 0;\">[Xlmodel]-[Foto]-[0000]<\/p>\n<div style=\"color: #ffff66; height: 35.0px; padding: 7.5px 15.0px 7.5px 10.0px; border-bottom-style: solid; background-color: #ff9933;\">\n<h3 style=\"font-size: 14.0px; font-weight: bold; line-height: 35.0px; float: left; height: 35.0px; margin-left: 15.0px;\">Fotos del producto<\/h3>\n<\/div>\n<div style=\"height: auto; clear: both; padding: 10.0px; text-align: center; overflow: visible;\">\n<p style=\"padding: 0 0 0.0px 0; font-size: 0;\"><img decoding=\"async\" src=\"\/\/ae01.alicdn.com\/kf\/HTB1AbUoQpXXXXcKXFXXq6xXFXXXw\/204996512\/HTB1AbUoQpXXXXcKXFXXq6xXFXXXw.jpg?size=69397&amp;height=800&amp;width=800&amp;hash=a4ef3e299398fb90cbf9aaa571e47818\" \/><img decoding=\"async\" src=\"\/\/ae01.alicdn.com\/kf\/HTB1sE66QpXXXXc9aXXXq6xXFXXXA\/204996512\/HTB1sE66QpXXXXc9aXXXq6xXFXXXA.jpg?size=77117&amp;height=800&amp;width=800&amp;hash=70263c362062d38196820dcc629b263c\" \/><img decoding=\"async\" src=\"\/\/ae01.alicdn.com\/kf\/HTB1Xwj9QpXXXXcWaXXXq6xXFXXXH\/204996512\/HTB1Xwj9QpXXXXcWaXXXq6xXFXXXH.jpg?size=82525&amp;height=800&amp;width=800&amp;hash=d55d297ee77ab87dd4d4689c08863471\" \/><img decoding=\"async\" src=\"\/\/ae01.alicdn.com\/kf\/HTB1GT_0QpXXXXa2apXXq6xXFXXXZ\/204996512\/HTB1GT_0QpXXXXa2apXXq6xXFXXXZ.jpg?size=65653&amp;height=800&amp;width=800&amp;hash=c341dfb386143d3e36fa61dffcd06f5a\" \/><img decoding=\"async\" src=\"\/\/ae01.alicdn.com\/kf\/HTB1Xd.uQpXXXXaKXFXXq6xXFXXXJ\/204996512\/HTB1Xd.uQpXXXXaKXFXXq6xXFXXXJ.jpg?size=80601&amp;height=800&amp;width=800&amp;hash=b6482c95c5c2665eea2c42457f83140a\" \/><img decoding=\"async\" src=\"\/\/ae01.alicdn.com\/kf\/HTB1YBopQpXXXXbsXFXXq6xXFXXX9\/204996512\/HTB1YBopQpXXXXbsXFXXq6xXFXXX9.jpg?size=80636&amp;height=800&amp;width=800&amp;hash=ce5a6806fa47fd752842fdd93e1860da\" \/><img decoding=\"async\" src=\"\/\/ae01.alicdn.com\/kf\/HTB1iyksQpXXXXa6XFXXq6xXFXXXA\/204996512\/HTB1iyksQpXXXXa6XFXXq6xXFXXXA.jpg?size=97921&amp;height=800&amp;width=800&amp;hash=65542ff52a3888b18ac073b79d780df6\" \/><\/p>\n<p style=\"padding: 0 0 0.0px 0; font-size: 0;\">\n<\/div>\n<\/div>\n<div style=\"height: auto; clear: both; border: 1.0px solid #ff9933; margin: 20.0px auto;\">\n<p style=\"width: 1.0px; height: 0.0px; overflow: hidden; font-size: 0;\">[Xlmodel]-[productos]-[30025]<\/p>\n<p style=\"width: 1.0px; height: 0.0px; overflow: hidden; font-size: 0;\">[Xlmodel]-[productos]-[8888]<\/p>\n<div style=\"color: #ffff66; height: 35.0px; padding: 7.5px 15.0px 7.5px 10.0px; border-bottom-style: solid; background-color: #ff9933;\"><\/div>\n<\/div>\n<div style=\"height: auto; clear: both; border: 1.0px solid #ff9933; margin: 20.0px auto;\">\n<div style=\"height: auto; clear: both; padding: 10.0px; overflow: visible;\">\n<div style=\"overflow: hidden; color: #000000;\">\n<p style=\"margin-top: 0.0px; margin-bottom: 0.0px; vertical-align: baseline; border: 0.0px;\"><span style=\"line-height: 18.0px; font-family: arial;\">cliente.<\/span><\/p>\n<p style=\"margin-top: 0.0px; margin-bottom: 0.0px; border: 0.0px; font-family: arial , helvetica; vertical-align: baseline;\"><img fetchpriority=\"high\" decoding=\"async\" style=\"font-size: 0.0px; vertical-align: middle; color: transparent;\" src=\"\/\/ae01.alicdn.com\/kf\/HTB12jkYIXXXXXaAXVXXq6xXFXXX1\/204996512\/HTB12jkYIXXXXXaAXVXXq6xXFXXX1.jpg\" width=\"586\" height=\"302\" \/><\/p>\n<\/div>\n<\/div>\n<\/div>\n\n    <div class=\"xs_social_share_widget xs_share_url after_content \t\tmain_content  wslu-style-1 wslu-share-box-shaped wslu-fill-colored wslu-none wslu-share-horizontal wslu-theme-font-no wslu-main_content\">\n\n\t\t\n        <ul>\n\t\t\t        <\/ul>\n    <\/div> \n","protected":false},"excerpt":{"rendered":"<p>[Xlmodel]-[productos]-[30254] [Xlmodel]-[productos]-[8888] -Tama\u00f1o peque\u00f1o, f\u00e1cil de llevar -Dise\u00f1o antideslizante, f\u00e1cil de defensa -FuerzaenDE ACERO INOXIDABLEDe acerolBien y poderoso -Abrelatas de botella -Combinaci\u00f3n de llave Aplicaci\u00f3n: Defensa propia. Especificaciones: -Tama\u00f1o: 9*6*0,38 cm [Xlmodel]-[Foto]-[0000] Fotos del producto [Xlmodel]-[productos]-[30025] [Xlmodel]-[productos]-[8888] cliente.<\/p>\n","protected":false},"featured_media":16776,"comment_status":"open","ping_status":"closed","template":"","meta":{"jetpack_publicize_message":"","jetpack_publicize_feature_enabled":true,"jetpack_social_post_already_shared":true,"jetpack_social_options":{"image_generator_settings":{"template":"highway","enabled":false},"version":2}},"product_brand":[],"product_cat":[64,790],"product_tag":[],"class_list":{"0":"post-16775","1":"product","2":"type-product","3":"status-publish","4":"has-post-thumbnail","6":"product_cat-accessories","7":"product_cat-autodefensa","9":"first","10":"instock","11":"sale","12":"taxable","13":"shipping-taxable","14":"purchasable","15":"product-type-simple"},"jetpack_publicize_connections":[],"jetpack_sharing_enabled":true,"_links":{"self":[{"href":"https:\/\/bodegaoutdoor.cl\/store\/wp-json\/wp\/v2\/product\/16775","targetHints":{"allow":["GET"]}}],"collection":[{"href":"https:\/\/bodegaoutdoor.cl\/store\/wp-json\/wp\/v2\/product"}],"about":[{"href":"https:\/\/bodegaoutdoor.cl\/store\/wp-json\/wp\/v2\/types\/product"}],"replies":[{"embeddable":true,"href":"https:\/\/bodegaoutdoor.cl\/store\/wp-json\/wp\/v2\/comments?post=16775"}],"version-history":[{"count":2,"href":"https:\/\/bodegaoutdoor.cl\/store\/wp-json\/wp\/v2\/product\/16775\/revisions"}],"predecessor-version":[{"id":71222,"href":"https:\/\/bodegaoutdoor.cl\/store\/wp-json\/wp\/v2\/product\/16775\/revisions\/71222"}],"wp:featuredmedia":[{"embeddable":true,"href":"https:\/\/bodegaoutdoor.cl\/store\/wp-json\/wp\/v2\/media\/16776"}],"wp:attachment":[{"href":"https:\/\/bodegaoutdoor.cl\/store\/wp-json\/wp\/v2\/media?parent=16775"}],"wp:term":[{"taxonomy":"product_brand","embeddable":true,"href":"https:\/\/bodegaoutdoor.cl\/store\/wp-json\/wp\/v2\/product_brand?post=16775"},{"taxonomy":"product_cat","embeddable":true,"href":"https:\/\/bodegaoutdoor.cl\/store\/wp-json\/wp\/v2\/product_cat?post=16775"},{"taxonomy":"product_tag","embeddable":true,"href":"https:\/\/bodegaoutdoor.cl\/store\/wp-json\/wp\/v2\/product_tag?post=16775"}],"curies":[{"name":"wp","href":"https:\/\/api.w.org\/{rel}","templated":true}]}}