{"id":16894,"date":"2020-09-07T00:00:16","date_gmt":"2020-09-07T00:00:16","guid":{"rendered":"https:\/\/bodegaoutdoor.cl\/store\/product\/kit-de-supervivencia-sos-para-emergencias-7-en-1-silbato-de-supervivencia-para-acampada-con-brujula-termometro-lupa-de-la-linterna-herramientas-para-senderismo\/"},"modified":"2023-05-04T19:19:21","modified_gmt":"2023-05-04T23:19:21","slug":"kit-de-supervivencia-sos-para-emergencias-7-en-1-silbato-de-supervivencia-con-brujula-termometro-lupa-de-la-linterna","status":"publish","type":"product","link":"https:\/\/bodegaoutdoor.cl\/store\/product\/kit-de-supervivencia-sos-para-emergencias-7-en-1-silbato-de-supervivencia-con-brujula-termometro-lupa-de-la-linterna\/","title":{"rendered":"Kit de supervivencia SOS para emergencias 7 en 1, silbato de supervivencia con br\u00fajula, term\u00f3metro, lupa de la linterna"},"content":{"rendered":"<div>\n<p style=\"font-family: 'OpenSans'; color: #000; font-weight: 900; font-size: 20px; line-height: 28px; margin-bottom: 12px;\">Kit de supervivencia SOS para emergencias 7 en 1, silbato de supervivencia para acampada con br\u00fajula, term\u00f3metro, lupa de la linterna, herramientas para senderismo<\/p>\n<p style=\"font-family: 'OpenSans'; color: #000; font-weight: 300; font-size: 14px; line-height: 20px; margin-bottom: 12px;\">100% nuevo y de alta calidad.<br \/>\n1. Materiales de ingenier\u00eda de alta resistencia ABS, antica\u00edda y alta temperatura. Tama\u00f1o peque\u00f1o, f\u00e1cil de llevar, potente.<br \/>\n2. SILBATO INCORPORADO, linterna, lupa, compartimento sellado, term\u00f3metro, espejo, br\u00fajula y siete funciones.<br \/>\n3. Lupa, en caso de no encenderla, se puede enfocar. Los espejos pueden revitalizarse siguiendo el principio del reflejo.<br \/>\n4. Br\u00fajula, alta precisi\u00f3n, de un solo vistazo. Silbato est\u00e1ndar de supervivencia de alto decibelio. Linterna LED, sin luz, sistema de iluminaci\u00f3n de emergencia.<br \/>\n5. Term\u00f3metro para comprender con precisi\u00f3n la temperatura actual. Almac\u00e9n de informaci\u00f3n de supervivencia, se puede abrir y la informaci\u00f3n se guarda.<\/p>\n<p>Especificaciones:<br \/>\nMaterial: ABS<br \/>\nColor: verde oliva<br \/>\nTama\u00f1o (aprox.): longitud * di\u00e1metro 9,8*3cm\/3,86*1,18&#8243;<\/p>\n<p>El paquete incluye:<br \/>\nSilbato de supervivencia de emergencia, 1 unidad * 7 en 1<\/p>\n<p>Nota:<br \/>\n1. Debido a la luz y a la diferencia de la pantalla, el color del art\u00edculo puede ser levemente diferente al de las im\u00e1genes.<br \/>\n2. Por favor, permita diferencias de 0,5-2cm debido a la medici\u00f3n manual.<\/p>\n<p><img decoding=\"async\" style=\"margin-bottom: 10px;\" title=\"Kit de supervivencia SOS para emergencias 7 en 1, silbato de supervivencia para acampada con br\u00fajula, term\u00f3metro, lupa de la linterna, herramientas para senderismo\" src=\"https:\/\/bodegaoutdoor.cl\/store\/wp-content\/uploads\/2020\/09\/16894-xijtrl.jpg\" alt=\"Kit de supervivencia SOS para emergencias 7 en 1, silbato de supervivencia para acampada con br\u00fajula, term\u00f3metro, lupa de la linterna, herramientas para senderismo\" \/><img decoding=\"async\" style=\"margin-bottom: 10px;\" title=\"Kit de supervivencia SOS para emergencias 7 en 1, silbato de supervivencia para acampada con br\u00fajula, term\u00f3metro, lupa de la linterna, herramientas para senderismo\" src=\"https:\/\/bodegaoutdoor.cl\/store\/wp-content\/uploads\/2020\/09\/16894-buxwc4.jpg\" alt=\"Kit de supervivencia SOS para emergencias 7 en 1, silbato de supervivencia para acampada con br\u00fajula, term\u00f3metro, lupa de la linterna, herramientas para senderismo\" \/><img decoding=\"async\" style=\"margin-bottom: 10px;\" title=\"Kit de supervivencia SOS para emergencias 7 en 1, silbato de supervivencia para acampada con br\u00fajula, term\u00f3metro, lupa de la linterna, herramientas para senderismo\" src=\"https:\/\/bodegaoutdoor.cl\/store\/wp-content\/uploads\/2020\/09\/16894-kvs3d0.jpg\" alt=\"Kit de supervivencia SOS para emergencias 7 en 1, silbato de supervivencia para acampada con br\u00fajula, term\u00f3metro, lupa de la linterna, herramientas para senderismo\" \/><img decoding=\"async\" style=\"margin-bottom: 10px;\" title=\"Kit de supervivencia SOS para emergencias 7 en 1, silbato de supervivencia para acampada con br\u00fajula, term\u00f3metro, lupa de la linterna, herramientas para senderismo\" src=\"https:\/\/bodegaoutdoor.cl\/store\/wp-content\/uploads\/2020\/09\/16894-a3cwhh.jpg\" alt=\"Kit de supervivencia SOS para emergencias 7 en 1, silbato de supervivencia para acampada con br\u00fajula, term\u00f3metro, lupa de la linterna, herramientas para senderismo\" \/><img decoding=\"async\" style=\"margin-bottom: 10px;\" title=\"Kit de supervivencia SOS para emergencias 7 en 1, silbato de supervivencia para acampada con br\u00fajula, term\u00f3metro, lupa de la linterna, herramientas para senderismo\" src=\"https:\/\/bodegaoutdoor.cl\/store\/wp-content\/uploads\/2020\/09\/16894-f31bee.jpg\" alt=\"Kit de supervivencia SOS para emergencias 7 en 1, silbato de supervivencia para acampada con br\u00fajula, term\u00f3metro, lupa de la linterna, herramientas para senderismo\" \/><img decoding=\"async\" style=\"margin-bottom: 10px;\" title=\"Kit de supervivencia SOS para emergencias 7 en 1, silbato de supervivencia para acampada con br\u00fajula, term\u00f3metro, lupa de la linterna, herramientas para senderismo\" src=\"https:\/\/bodegaoutdoor.cl\/store\/wp-content\/uploads\/2020\/09\/16894-0asffv.jpg\" alt=\"Kit de supervivencia SOS para emergencias 7 en 1, silbato de supervivencia para acampada con br\u00fajula, term\u00f3metro, lupa de la linterna, herramientas para senderismo\" \/><img decoding=\"async\" style=\"margin-bottom: 10px;\" title=\"Kit de supervivencia SOS para emergencias 7 en 1, silbato de supervivencia para acampada con br\u00fajula, term\u00f3metro, lupa de la linterna, herramientas para senderismo\" src=\"https:\/\/bodegaoutdoor.cl\/store\/wp-content\/uploads\/2020\/09\/16894-vvfyud.jpg\" alt=\"Kit de supervivencia SOS para emergencias 7 en 1, silbato de supervivencia para acampada con br\u00fajula, term\u00f3metro, lupa de la linterna, herramientas para senderismo\" \/><img decoding=\"async\" style=\"margin-bottom: 10px;\" title=\"Kit de supervivencia SOS para emergencias 7 en 1, silbato de supervivencia para acampada con br\u00fajula, term\u00f3metro, lupa de la linterna, herramientas para senderismo\" src=\"https:\/\/bodegaoutdoor.cl\/store\/wp-content\/uploads\/2020\/09\/16894-sbkiq5.jpg\" alt=\"Kit de supervivencia SOS para emergencias 7 en 1, silbato de supervivencia para acampada con br\u00fajula, term\u00f3metro, lupa de la linterna, herramientas para senderismo\" \/><\/p>\n<\/div>\n\n    <div class=\"xs_social_share_widget xs_share_url after_content \t\tmain_content  wslu-style-1 wslu-share-box-shaped wslu-fill-colored wslu-none wslu-share-horizontal wslu-theme-font-no wslu-main_content\">\n\n\t\t\n        <ul>\n\t\t\t        <\/ul>\n    <\/div> \n","protected":false},"excerpt":{"rendered":"<p>Kit de supervivencia SOS para emergencias 7 en 1, silbato de supervivencia para acampada con br\u00fajula, term\u00f3metro, lupa de la linterna, herramientas para senderismo 100% nuevo y de alta calidad. 1. Materiales de ingenier\u00eda de alta resistencia ABS, antica\u00edda y alta temperatura. Tama\u00f1o peque\u00f1o, f\u00e1cil de llevar, potente. 2. SILBATO INCORPORADO, linterna, lupa, compartimento sellado, [&hellip;]<\/p>\n","protected":false},"featured_media":16895,"comment_status":"open","ping_status":"closed","template":"","meta":{"jetpack_publicize_message":"","jetpack_publicize_feature_enabled":true,"jetpack_social_post_already_shared":true,"jetpack_social_options":{"image_generator_settings":{"template":"highway","enabled":false},"version":2}},"product_brand":[],"product_cat":[64,304],"product_tag":[],"class_list":{"0":"post-16894","1":"product","2":"type-product","3":"status-publish","4":"has-post-thumbnail","6":"product_cat-accessories","7":"product_cat-trekking","9":"first","10":"instock","11":"taxable","12":"shipping-taxable","13":"purchasable","14":"product-type-simple"},"jetpack_publicize_connections":[],"jetpack_sharing_enabled":true,"_links":{"self":[{"href":"https:\/\/bodegaoutdoor.cl\/store\/wp-json\/wp\/v2\/product\/16894","targetHints":{"allow":["GET"]}}],"collection":[{"href":"https:\/\/bodegaoutdoor.cl\/store\/wp-json\/wp\/v2\/product"}],"about":[{"href":"https:\/\/bodegaoutdoor.cl\/store\/wp-json\/wp\/v2\/types\/product"}],"replies":[{"embeddable":true,"href":"https:\/\/bodegaoutdoor.cl\/store\/wp-json\/wp\/v2\/comments?post=16894"}],"version-history":[{"count":2,"href":"https:\/\/bodegaoutdoor.cl\/store\/wp-json\/wp\/v2\/product\/16894\/revisions"}],"predecessor-version":[{"id":71219,"href":"https:\/\/bodegaoutdoor.cl\/store\/wp-json\/wp\/v2\/product\/16894\/revisions\/71219"}],"wp:featuredmedia":[{"embeddable":true,"href":"https:\/\/bodegaoutdoor.cl\/store\/wp-json\/wp\/v2\/media\/16895"}],"wp:attachment":[{"href":"https:\/\/bodegaoutdoor.cl\/store\/wp-json\/wp\/v2\/media?parent=16894"}],"wp:term":[{"taxonomy":"product_brand","embeddable":true,"href":"https:\/\/bodegaoutdoor.cl\/store\/wp-json\/wp\/v2\/product_brand?post=16894"},{"taxonomy":"product_cat","embeddable":true,"href":"https:\/\/bodegaoutdoor.cl\/store\/wp-json\/wp\/v2\/product_cat?post=16894"},{"taxonomy":"product_tag","embeddable":true,"href":"https:\/\/bodegaoutdoor.cl\/store\/wp-json\/wp\/v2\/product_tag?post=16894"}],"curies":[{"name":"wp","href":"https:\/\/api.w.org\/{rel}","templated":true}]}}