{"id":17414,"date":"2020-09-19T22:54:33","date_gmt":"2020-09-19T22:54:33","guid":{"rendered":"https:\/\/bodegaoutdoor.cl\/store\/product\/equipo-tactico-2020-chaleco-militar-molle-chaleco-de-armadura-de-caza-equipo-del-ejercito-chaleco-protector-de-combate-de-paintball-airsoft-para-cs-wargame\/"},"modified":"2023-05-04T19:19:21","modified_gmt":"2023-05-04T23:19:21","slug":"equipo-tactico-2020-chaleco-militar-molle-chaleco-de-armadura-de-caza-equipo-del-ejercito-chaleco-protector-de-combate-de-paintball-airsoft-para-cs-wargame","status":"publish","type":"product","link":"https:\/\/bodegaoutdoor.cl\/store\/product\/equipo-tactico-2020-chaleco-militar-molle-chaleco-de-armadura-de-caza-equipo-del-ejercito-chaleco-protector-de-combate-de-paintball-airsoft-para-cs-wargame\/","title":{"rendered":"Chaleco protector de combate de Paintball Airsoft CS Wargame"},"content":{"rendered":"<div>\n<div>\n<div>\n<div><strong><em><span style=\"font-family: Times New Roman,Times,serif;\"><span style=\"color: #ff0000;\"><span style=\"font-size: 28.0px;\">Equipo t\u00e1ctico militar chaleco Molle caza armadura chaleco ej\u00e9rcito equipo Airsoft Paintball combate chaleco protector para CS Wargame<\/span><\/span><\/span><\/em><\/strong><\/div>\n<\/div>\n<\/div>\n<\/div>\n<div>\n<p><img decoding=\"async\" title=\"Equipo t\u00e1ctico 2020, chaleco militar Molle, chaleco de armadura de caza, equipo del ej\u00e9rcito, chaleco protector de combate de Paintball Airsoft para CS Wargame\" src=\"https:\/\/bodegaoutdoor.cl\/store\/wp-content\/uploads\/2020\/09\/17414-hmzdor.jpg\" alt=\"Equipo t\u00e1ctico 2020, chaleco militar Molle, chaleco de armadura de caza, equipo del ej\u00e9rcito, chaleco protector de combate de Paintball Airsoft para CS Wargame\" \/><\/p>\n<div><span style=\"font-family: comic sans ms;\"><span style=\"font-size: 18.0px;\"><span style=\"color: #ff0000;\"><br \/>\nTama\u00f1o:<\/span>La longitud del chaleco es de unos 50CM. La longitud de la cintura se puede ajustar a 135 cm (53 pulgadas)<\/span><\/span><\/div>\n<div><\/div>\n<div><span style=\"font-family: comic sans ms;\"><span style=\"font-size: 18.0px;\">Tela de nylon Oxford 600D con tratamiento repelente al agua con superficie de recubrimiento impermeable<\/span><\/span><\/div>\n<div><\/div>\n<div><span style=\"font-family: comic sans ms;\"><span style=\"font-size: 18.0px;\">Combinaci\u00f3n de dise\u00f1o modular, todas las suturas anudadas con cinta se han tratado como<\/span><\/span><\/div>\n<div><\/div>\n<div><span style=\"color: #ff0000;\"><span style=\"font-family: comic sans ms;\"><span style=\"font-size: 18.0px;\">Componentes:<\/span><\/span><\/span> <span style=\"font-size: 18.0px; font-family: comic sans ms;\">T\u00e1ctico<\/span> <span style=\"font-size: 18.0px; font-family: comic sans ms;\">Chaleco * 1<\/span><\/div>\n<div><\/div>\n<p style=\"text-align: left; margin: 0;\"><img decoding=\"async\" style=\"width: 800px;\" title=\"Equipo t\u00e1ctico 2020, chaleco militar Molle, chaleco de armadura de caza, equipo del ej\u00e9rcito, chaleco protector de combate de Paintball Airsoft para CS Wargame\" src=\"https:\/\/bodegaoutdoor.cl\/store\/wp-content\/uploads\/2020\/09\/17414-ilgbvx.jpg\" alt=\"Equipo t\u00e1ctico 2020, chaleco militar Molle, chaleco de armadura de caza, equipo del ej\u00e9rcito, chaleco protector de combate de Paintball Airsoft para CS Wargame\" \/><img decoding=\"async\" style=\"width: 800px;\" title=\"Equipo t\u00e1ctico 2020, chaleco militar Molle, chaleco de armadura de caza, equipo del ej\u00e9rcito, chaleco protector de combate de Paintball Airsoft para CS Wargame\" src=\"https:\/\/bodegaoutdoor.cl\/store\/wp-content\/uploads\/2020\/09\/17414-nccl3s.jpg\" alt=\"Equipo t\u00e1ctico 2020, chaleco militar Molle, chaleco de armadura de caza, equipo del ej\u00e9rcito, chaleco protector de combate de Paintball Airsoft para CS Wargame\" \/><img decoding=\"async\" title=\"Equipo t\u00e1ctico 2020, chaleco militar Molle, chaleco de armadura de caza, equipo del ej\u00e9rcito, chaleco protector de combate de Paintball Airsoft para CS Wargame\" src=\"https:\/\/bodegaoutdoor.cl\/store\/wp-content\/uploads\/2020\/09\/17414-bucmnu.jpg\" alt=\"Equipo t\u00e1ctico 2020, chaleco militar Molle, chaleco de armadura de caza, equipo del ej\u00e9rcito, chaleco protector de combate de Paintball Airsoft para CS Wargame\" \/><img decoding=\"async\" style=\"width: 800px;\" title=\"Equipo t\u00e1ctico 2020, chaleco militar Molle, chaleco de armadura de caza, equipo del ej\u00e9rcito, chaleco protector de combate de Paintball Airsoft para CS Wargame\" src=\"https:\/\/bodegaoutdoor.cl\/store\/wp-content\/uploads\/2020\/09\/17414-iumw6k.jpg\" alt=\"Equipo t\u00e1ctico 2020, chaleco militar Molle, chaleco de armadura de caza, equipo del ej\u00e9rcito, chaleco protector de combate de Paintball Airsoft para CS Wargame\" \/><img decoding=\"async\" style=\"width: 800px;\" title=\"Equipo t\u00e1ctico 2020, chaleco militar Molle, chaleco de armadura de caza, equipo del ej\u00e9rcito, chaleco protector de combate de Paintball Airsoft para CS Wargame\" src=\"https:\/\/bodegaoutdoor.cl\/store\/wp-content\/uploads\/2020\/09\/17414-7pv1ce.jpg\" alt=\"Equipo t\u00e1ctico 2020, chaleco militar Molle, chaleco de armadura de caza, equipo del ej\u00e9rcito, chaleco protector de combate de Paintball Airsoft para CS Wargame\" \/><img decoding=\"async\" style=\"width: 800px;\" title=\"Equipo t\u00e1ctico 2020, chaleco militar Molle, chaleco de armadura de caza, equipo del ej\u00e9rcito, chaleco protector de combate de Paintball Airsoft para CS Wargame\" src=\"https:\/\/bodegaoutdoor.cl\/store\/wp-content\/uploads\/2020\/09\/17414-esal0n.jpg\" alt=\"Equipo t\u00e1ctico 2020, chaleco militar Molle, chaleco de armadura de caza, equipo del ej\u00e9rcito, chaleco protector de combate de Paintball Airsoft para CS Wargame\" \/><img decoding=\"async\" style=\"width: 800px;\" title=\"Equipo t\u00e1ctico 2020, chaleco militar Molle, chaleco de armadura de caza, equipo del ej\u00e9rcito, chaleco protector de combate de Paintball Airsoft para CS Wargame\" src=\"https:\/\/bodegaoutdoor.cl\/store\/wp-content\/uploads\/2020\/09\/17414-8mdgqu.jpg\" alt=\"Equipo t\u00e1ctico 2020, chaleco militar Molle, chaleco de armadura de caza, equipo del ej\u00e9rcito, chaleco protector de combate de Paintball Airsoft para CS Wargame\" \/><img decoding=\"async\" style=\"width: 800px;\" title=\"Equipo t\u00e1ctico 2020, chaleco militar Molle, chaleco de armadura de caza, equipo del ej\u00e9rcito, chaleco protector de combate de Paintball Airsoft para CS Wargame\" src=\"https:\/\/bodegaoutdoor.cl\/store\/wp-content\/uploads\/2020\/09\/17414-vojfkr.jpg\" alt=\"Equipo t\u00e1ctico 2020, chaleco militar Molle, chaleco de armadura de caza, equipo del ej\u00e9rcito, chaleco protector de combate de Paintball Airsoft para CS Wargame\" \/><img decoding=\"async\" style=\"width: 800px;\" title=\"Equipo t\u00e1ctico 2020, chaleco militar Molle, chaleco de armadura de caza, equipo del ej\u00e9rcito, chaleco protector de combate de Paintball Airsoft para CS Wargame\" src=\"https:\/\/bodegaoutdoor.cl\/store\/wp-content\/uploads\/2020\/09\/17414-fqbky2.jpg\" alt=\"Equipo t\u00e1ctico 2020, chaleco militar Molle, chaleco de armadura de caza, equipo del ej\u00e9rcito, chaleco protector de combate de Paintball Airsoft para CS Wargame\" \/><img decoding=\"async\" style=\"width: 800px;\" title=\"Equipo t\u00e1ctico 2020, chaleco militar Molle, chaleco de armadura de caza, equipo del ej\u00e9rcito, chaleco protector de combate de Paintball Airsoft para CS Wargame\" src=\"https:\/\/bodegaoutdoor.cl\/store\/wp-content\/uploads\/2020\/09\/17414-prxcuh.jpg\" alt=\"Equipo t\u00e1ctico 2020, chaleco militar Molle, chaleco de armadura de caza, equipo del ej\u00e9rcito, chaleco protector de combate de Paintball Airsoft para CS Wargame\" \/><img decoding=\"async\" style=\"width: 800px;\" title=\"Equipo t\u00e1ctico 2020, chaleco militar Molle, chaleco de armadura de caza, equipo del ej\u00e9rcito, chaleco protector de combate de Paintball Airsoft para CS Wargame\" src=\"https:\/\/bodegaoutdoor.cl\/store\/wp-content\/uploads\/2020\/09\/17414-fxtewv.jpg\" alt=\"Equipo t\u00e1ctico 2020, chaleco militar Molle, chaleco de armadura de caza, equipo del ej\u00e9rcito, chaleco protector de combate de Paintball Airsoft para CS Wargame\" \/><img decoding=\"async\" style=\"width: 800px;\" title=\"Equipo t\u00e1ctico 2020, chaleco militar Molle, chaleco de armadura de caza, equipo del ej\u00e9rcito, chaleco protector de combate de Paintball Airsoft para CS Wargame\" src=\"https:\/\/bodegaoutdoor.cl\/store\/wp-content\/uploads\/2020\/09\/17414-vrs7hm.jpg\" alt=\"Equipo t\u00e1ctico 2020, chaleco militar Molle, chaleco de armadura de caza, equipo del ej\u00e9rcito, chaleco protector de combate de Paintball Airsoft para CS Wargame\" \/><img decoding=\"async\" style=\"width: 800px;\" title=\"Equipo t\u00e1ctico 2020, chaleco militar Molle, chaleco de armadura de caza, equipo del ej\u00e9rcito, chaleco protector de combate de Paintball Airsoft para CS Wargame\" src=\"https:\/\/bodegaoutdoor.cl\/store\/wp-content\/uploads\/2020\/09\/17414-n0mud0.jpg\" alt=\"Equipo t\u00e1ctico 2020, chaleco militar Molle, chaleco de armadura de caza, equipo del ej\u00e9rcito, chaleco protector de combate de Paintball Airsoft para CS Wargame\" \/><img decoding=\"async\" style=\"width: 800px;\" title=\"Equipo t\u00e1ctico 2020, chaleco militar Molle, chaleco de armadura de caza, equipo del ej\u00e9rcito, chaleco protector de combate de Paintball Airsoft para CS Wargame\" src=\"https:\/\/bodegaoutdoor.cl\/store\/wp-content\/uploads\/2020\/09\/17414-moyth5.jpg\" alt=\"Equipo t\u00e1ctico 2020, chaleco militar Molle, chaleco de armadura de caza, equipo del ej\u00e9rcito, chaleco protector de combate de Paintball Airsoft para CS Wargame\" \/><\/p>\n<h4 style=\"margin: 0px 0px 6px; padding: 0px; border: 0px; font-weight: 400; font-size: 13px; line-height: 13px; font-family: arial, sans-serif; vertical-align: baseline;\"><\/h4>\n<p style=\"margin: 0px; padding: 0px; border: 0px; font-size: 13px; line-height: inherit;\">\n<p style=\"margin: 0.0px; padding: 0.0px; color: #000000; font-family: arial;\">\n<\/div>\n\n    <div class=\"xs_social_share_widget xs_share_url after_content \t\tmain_content  wslu-style-1 wslu-share-box-shaped wslu-fill-colored wslu-none wslu-share-horizontal wslu-theme-font-no wslu-main_content\">\n\n\t\t\n        <ul>\n\t\t\t        <\/ul>\n    <\/div> \n","protected":false},"excerpt":{"rendered":"<p>Equipo t\u00e1ctico militar chaleco Molle caza armadura chaleco ej\u00e9rcito equipo Airsoft Paintball combate chaleco protector para CS Wargame Tama\u00f1o:La longitud del chaleco es de unos 50CM. La longitud de la cintura se puede ajustar a 135 cm (53 pulgadas) Tela de nylon Oxford 600D con tratamiento repelente al agua con superficie de recubrimiento impermeable Combinaci\u00f3n [&hellip;]<\/p>\n","protected":false},"featured_media":17423,"comment_status":"open","ping_status":"closed","template":"","meta":{"jetpack_publicize_message":"","jetpack_publicize_feature_enabled":true,"jetpack_social_post_already_shared":true,"jetpack_social_options":{"image_generator_settings":{"template":"highway","enabled":false},"version":2}},"product_brand":[],"product_cat":[487],"product_tag":[],"class_list":{"0":"post-17414","1":"product","2":"type-product","3":"status-publish","4":"has-post-thumbnail","6":"product_cat-airsoft","8":"first","9":"instock","10":"sale","11":"taxable","12":"shipping-taxable","13":"purchasable","14":"product-type-variable"},"jetpack_publicize_connections":[],"jetpack_sharing_enabled":true,"_links":{"self":[{"href":"https:\/\/bodegaoutdoor.cl\/store\/wp-json\/wp\/v2\/product\/17414","targetHints":{"allow":["GET"]}}],"collection":[{"href":"https:\/\/bodegaoutdoor.cl\/store\/wp-json\/wp\/v2\/product"}],"about":[{"href":"https:\/\/bodegaoutdoor.cl\/store\/wp-json\/wp\/v2\/types\/product"}],"replies":[{"embeddable":true,"href":"https:\/\/bodegaoutdoor.cl\/store\/wp-json\/wp\/v2\/comments?post=17414"}],"version-history":[{"count":2,"href":"https:\/\/bodegaoutdoor.cl\/store\/wp-json\/wp\/v2\/product\/17414\/revisions"}],"predecessor-version":[{"id":71212,"href":"https:\/\/bodegaoutdoor.cl\/store\/wp-json\/wp\/v2\/product\/17414\/revisions\/71212"}],"wp:featuredmedia":[{"embeddable":true,"href":"https:\/\/bodegaoutdoor.cl\/store\/wp-json\/wp\/v2\/media\/17423"}],"wp:attachment":[{"href":"https:\/\/bodegaoutdoor.cl\/store\/wp-json\/wp\/v2\/media?parent=17414"}],"wp:term":[{"taxonomy":"product_brand","embeddable":true,"href":"https:\/\/bodegaoutdoor.cl\/store\/wp-json\/wp\/v2\/product_brand?post=17414"},{"taxonomy":"product_cat","embeddable":true,"href":"https:\/\/bodegaoutdoor.cl\/store\/wp-json\/wp\/v2\/product_cat?post=17414"},{"taxonomy":"product_tag","embeddable":true,"href":"https:\/\/bodegaoutdoor.cl\/store\/wp-json\/wp\/v2\/product_tag?post=17414"}],"curies":[{"name":"wp","href":"https:\/\/api.w.org\/{rel}","templated":true}]}}