{"id":17458,"date":"2020-09-20T15:47:23","date_gmt":"2020-09-20T15:47:23","guid":{"rendered":"https:\/\/bodegaoutdoor.cl\/store\/product\/cinturon-militar-para-hombres-2018-cinturones-del-ejercito-cinturon-ajustable-para-hombres-para-exteriores-cinturon-tactico-de-viaje-con-hebilla-de-plastico-para-pantalones-120cm\/"},"modified":"2023-06-15T13:37:10","modified_gmt":"2023-06-15T17:37:10","slug":"cinturon-tactico-militar-ajustable-outdoor-120cm-hebilla-metal","status":"publish","type":"product","link":"https:\/\/bodegaoutdoor.cl\/store\/product\/cinturon-tactico-militar-ajustable-outdoor-120cm-hebilla-metal\/","title":{"rendered":"Cintur\u00f3n t\u00e1ctico militar ajustable outdoor 120cm Hebilla Metal"},"content":{"rendered":"<p style=\"text-align: center;\"><video style=\"max-width: 100%;\" src=\"\/\/cloud.video.taobao.com\/play\/u\/3549009374\/p\/1\/e\/6\/t\/10301\/216260844612.mp4\" poster=\"https:\/\/ae01.alicdn.com\/kf\/HTB132YhX5rxK1RkHFCcq6AQCVXam\/Cintur-n-militar-para-hombres-2018-cinturones-del-ej-rcito-cintur-n-ajustable-para-hombres-para.jpg,https:\/\/ae01.alicdn.com\/kf\/HTB1xCSAaizxK1RkSnaVq6xn9VXaq\/Cintur-n-militar-para-hombres-2018-cinturones-del-ej-rcito-cintur-n-ajustable-para-hombres-para.jpg,https:\/\/ae01.alicdn.com\/kf\/HTB1uMKCaiLrK1Rjy1zdq6ynnpXac\/Cintur-n-militar-para-hombres-2018-cinturones-del-ej-rcito-cintur-n-ajustable-para-hombres-para.jpg,https:\/\/ae01.alicdn.com\/kf\/HTB1f7aDafvsK1Rjy0Fiq6zwtXXaY\/Cintur-n-militar-para-hombres-2018-cinturones-del-ej-rcito-cintur-n-ajustable-para-hombres-para.jpg,https:\/\/ae01.alicdn.com\/kf\/HTB1xufoXZfrK1Rjy1Xdq6yemFXa6\/Cintur-n-militar-para-hombres-2018-cinturones-del-ej-rcito-cintur-n-ajustable-para-hombres-para.jpg,https:\/\/ae01.alicdn.com\/kf\/HTB1qs6oXZfrK1Rjy1Xdq6yemFXa1\/Cintur-n-militar-para-hombres-2018-cinturones-del-ej-rcito-cintur-n-ajustable-para-hombres-para.jpg\" preload=\"auto\" controls=\"controls\" width=\"100%\" height=\"100%\"><\/video><\/p>\n<div>\n<p>&nbsp;<\/p>\n<\/div>\n<div>\n<h1><span style=\"color: #ff0000;\"><span style=\"font-family: arial , helvetica , sans-serif;\"><span style=\"font-size: 22.0px;\">Ancho: 3,8 cm longitud: 120cm 130cm<\/span><\/span><\/span><\/h1>\n<h2><span style=\"color: #0070c0;\"><span style=\"font-size: 18.0px;\"><span style=\"font-family: arial , helvetica , sans-serif;\">Cintur\u00f3n t\u00e1ctico 2019 para hombres, cinturones del ej\u00e9rcito de nailon, cintur\u00f3n militar de cintura ajustable para exteriores, hebilla de metal, hebilla autom\u00e1tica de 120cm<\/span><\/span><strong><span style=\"font-size: 18.0px;\"><span style=\"font-family: arial , helvetica , sans-serif;\">130cm<\/span><\/span><\/strong><\/span><\/h2>\n<p><span style=\"color: #0070c0;\"><strong><span style=\"font-size: 16.0px;\"><span style=\"font-family: arial , helvetica , sans-serif;\">Descripci\u00f3n:<\/span><\/span><\/strong><\/span><\/p>\n<ul>\n<li><span style=\"font-size: 14.0px;\"><span style=\"font-family: arial , helvetica , sans-serif;\">Este cintur\u00f3n de exterior informal para hombre est\u00e1 hecho de cintur\u00f3n de nailon, c\u00f3modo y transpirable, con una fuerte hebilla de pl\u00e1stico duradera, de liberaci\u00f3n r\u00e1pida y pr\u00e1ctico. Este cintur\u00f3n deslizante de 3,8 cm de ancho es suave y firme. La hebilla de pl\u00e1stico fuerte genuino est\u00e1 bien hecha y resistente.<\/span><\/span><\/li>\n<li><span style=\"font-size: 14.0px;\"><span style=\"font-family: arial , helvetica , sans-serif;\">Este cintur\u00f3n de cintura tiene un ultraligero no met\u00e1lico (sin acero, zinc no met\u00e1lico o aleaci\u00f3n) hebilla de pl\u00e1stico para pasar por la seguridad sin tener que quitar el cintur\u00f3n en el aeropuerto o en el juego. Dise\u00f1ado c\u00f3modo y construido para cualquier actividad, desde t\u00e1ctica casual hasta senderismo. La tela de lona y la hebilla de pl\u00e1stico no met\u00e1lica la hacen ligera y perfecta para viajes, deportes y trabajo.<\/span><\/span><\/li>\n<li><span style=\"font-size: 14.0px;\"><span style=\"font-family: arial , helvetica , sans-serif;\">Cintur\u00f3n de tela al aire libre para hombre. Este cintur\u00f3n el\u00e1stico para hombre tiene una alta resistencia a la rotura y a la abrasi\u00f3n.<\/span><\/span><\/li>\n<\/ul>\n<p><span style=\"color: #0070c0;\"><strong><span style=\"font-size: 16.0px;\"><span style=\"font-family: arial , helvetica , sans-serif;\">Cintur\u00f3n el\u00e1stico de corte de pasos<\/span><\/span><\/strong><\/span><\/p>\n<ul>\n<li><span style=\"font-size: 14.0px;\"><span style=\"font-family: arial , helvetica , sans-serif;\">01. Estado normal<\/span><\/span><\/li>\n<li><span style=\"font-size: 14.0px;\"><span style=\"font-family: arial , helvetica , sans-serif;\">02. Abre la hebilla fuerte y saca la correa.<\/span><\/span><\/li>\n<li><span style=\"font-size: 14.0px;\"><span style=\"font-family: arial , helvetica , sans-serif;\">03. Corta la correa seg\u00fan el tama\u00f1o que necesites y cierra el borde con un encendedor.<\/span><\/span><\/li>\n<li><span style=\"font-size: 14.0px;\"><span style=\"font-family: arial , helvetica , sans-serif;\">04. Lleva la correa en la hebilla y en el loc<\/span><\/span>\u00a1K!<\/li>\n<\/ul>\n<p>&nbsp;<\/p>\n<p><span style=\"color: #0070c0;\"><strong><span style=\"font-size: 16.0px;\"><span style=\"font-family: arial , helvetica , sans-serif;\">Caracter\u00edstica:<\/span><\/span><\/strong><\/span><\/p>\n<ul>\n<li><span style=\"font-size: 14.0px;\"><span style=\"font-family: arial , helvetica , sans-serif;\">Dimensiones:<\/span><span style=\"color: #0070c0;\"><span style=\"font-size: 18.0px;\">Ancho: 3,8 cm longitud: 120cm 130cm<\/span><\/span><\/span><\/li>\n<li><span style=\"font-size: 14.0px;\"><span style=\"font-family: arial , helvetica , sans-serif;\">Material: nailon resistente a rasgaduras y resistente.<\/span><\/span><\/li>\n<li><span style=\"font-size: 14.0px;\"><span style=\"font-family: arial , helvetica , sans-serif;\">Este cintur\u00f3n t\u00e1ctico de tela deslizante para hombres es ligero y transpirable, adecuado para actividades al aire libre, como jugar al golf, senderismo, escalada, caza, pesca, camping, etc.<\/span><\/span><\/li>\n<\/ul>\n<p>&nbsp;<\/p>\n<p><span style=\"color: #0070c0;\"><strong><span style=\"font-size: 16.0px;\"><span style=\"font-family: arial , helvetica , sans-serif;\">Crisol de grafito mini horno de oro de la antorcha de fusi\u00f3n del metal:<\/span><\/span><\/strong><\/span><\/p>\n<ul>\n<li><span style=\"font-size: 14.0px;\"><span style=\"font-family: arial , helvetica , sans-serif;\">1 * cintur\u00f3n t\u00e1ctico de nailon<\/span><\/span><\/li>\n<\/ul>\n<p><img decoding=\"async\" title=\"Cintur\u00f3n militar para hombres 2018, cinturones del ej\u00e9rcito, cintur\u00f3n ajustable para hombres para exteriores, cintur\u00f3n t\u00e1ctico de viaje con hebilla de pl\u00e1stico para pantalones 120cm\" src=\"https:\/\/bodegaoutdoor.cl\/store\/wp-content\/uploads\/2020\/09\/17458-v9wtfb.jpg\" alt=\"Cintur\u00f3n militar para hombres 2018, cinturones del ej\u00e9rcito, cintur\u00f3n ajustable para hombres para exteriores, cintur\u00f3n t\u00e1ctico de viaje con hebilla de pl\u00e1stico para pantalones 120cm\" \/><img decoding=\"async\" title=\"Cintur\u00f3n militar para hombres 2018, cinturones del ej\u00e9rcito, cintur\u00f3n ajustable para hombres para exteriores, cintur\u00f3n t\u00e1ctico de viaje con hebilla de pl\u00e1stico para pantalones 120cm\" src=\"https:\/\/bodegaoutdoor.cl\/store\/wp-content\/uploads\/2020\/09\/17458-2ioxdw.jpg\" alt=\"Cintur\u00f3n militar para hombres 2018, cinturones del ej\u00e9rcito, cintur\u00f3n ajustable para hombres para exteriores, cintur\u00f3n t\u00e1ctico de viaje con hebilla de pl\u00e1stico para pantalones 120cm\" \/><img decoding=\"async\" title=\"Cintur\u00f3n militar para hombres 2018, cinturones del ej\u00e9rcito, cintur\u00f3n ajustable para hombres para exteriores, cintur\u00f3n t\u00e1ctico de viaje con hebilla de pl\u00e1stico para pantalones 120cm\" src=\"https:\/\/bodegaoutdoor.cl\/store\/wp-content\/uploads\/2020\/09\/17458-wclz8o.jpg\" alt=\"Cintur\u00f3n militar para hombres 2018, cinturones del ej\u00e9rcito, cintur\u00f3n ajustable para hombres para exteriores, cintur\u00f3n t\u00e1ctico de viaje con hebilla de pl\u00e1stico para pantalones 120cm\" \/><img decoding=\"async\" title=\"Cintur\u00f3n militar para hombres 2018, cinturones del ej\u00e9rcito, cintur\u00f3n ajustable para hombres para exteriores, cintur\u00f3n t\u00e1ctico de viaje con hebilla de pl\u00e1stico para pantalones 120cm\" src=\"https:\/\/bodegaoutdoor.cl\/store\/wp-content\/uploads\/2020\/09\/17458-z4ocrk.jpg\" alt=\"Cintur\u00f3n militar para hombres 2018, cinturones del ej\u00e9rcito, cintur\u00f3n ajustable para hombres para exteriores, cintur\u00f3n t\u00e1ctico de viaje con hebilla de pl\u00e1stico para pantalones 120cm\" \/><img decoding=\"async\" title=\"Cintur\u00f3n militar para hombres 2018, cinturones del ej\u00e9rcito, cintur\u00f3n ajustable para hombres para exteriores, cintur\u00f3n t\u00e1ctico de viaje con hebilla de pl\u00e1stico para pantalones 120cm\" src=\"https:\/\/bodegaoutdoor.cl\/store\/wp-content\/uploads\/2020\/09\/17458-cdjc4s.jpg\" alt=\"Cintur\u00f3n militar para hombres 2018, cinturones del ej\u00e9rcito, cintur\u00f3n ajustable para hombres para exteriores, cintur\u00f3n t\u00e1ctico de viaje con hebilla de pl\u00e1stico para pantalones 120cm\" \/><img decoding=\"async\" title=\"Cintur\u00f3n militar para hombres 2018, cinturones del ej\u00e9rcito, cintur\u00f3n ajustable para hombres para exteriores, cintur\u00f3n t\u00e1ctico de viaje con hebilla de pl\u00e1stico para pantalones 120cm\" src=\"https:\/\/bodegaoutdoor.cl\/store\/wp-content\/uploads\/2020\/09\/17458-pkjlfx.jpg\" alt=\"Cintur\u00f3n militar para hombres 2018, cinturones del ej\u00e9rcito, cintur\u00f3n ajustable para hombres para exteriores, cintur\u00f3n t\u00e1ctico de viaje con hebilla de pl\u00e1stico para pantalones 120cm\" \/><img decoding=\"async\" title=\"Cintur\u00f3n militar para hombres 2018, cinturones del ej\u00e9rcito, cintur\u00f3n ajustable para hombres para exteriores, cintur\u00f3n t\u00e1ctico de viaje con hebilla de pl\u00e1stico para pantalones 120cm\" src=\"https:\/\/bodegaoutdoor.cl\/store\/wp-content\/uploads\/2020\/09\/17458-hfxxy2.jpg\" alt=\"Cintur\u00f3n militar para hombres 2018, cinturones del ej\u00e9rcito, cintur\u00f3n ajustable para hombres para exteriores, cintur\u00f3n t\u00e1ctico de viaje con hebilla de pl\u00e1stico para pantalones 120cm\" \/><img decoding=\"async\" title=\"Cintur\u00f3n militar para hombres 2018, cinturones del ej\u00e9rcito, cintur\u00f3n ajustable para hombres para exteriores, cintur\u00f3n t\u00e1ctico de viaje con hebilla de pl\u00e1stico para pantalones 120cm\" src=\"https:\/\/bodegaoutdoor.cl\/store\/wp-content\/uploads\/2020\/09\/17458-ngrbsu.jpg\" alt=\"Cintur\u00f3n militar para hombres 2018, cinturones del ej\u00e9rcito, cintur\u00f3n ajustable para hombres para exteriores, cintur\u00f3n t\u00e1ctico de viaje con hebilla de pl\u00e1stico para pantalones 120cm\" \/><img decoding=\"async\" title=\"Cintur\u00f3n militar para hombres 2018, cinturones del ej\u00e9rcito, cintur\u00f3n ajustable para hombres para exteriores, cintur\u00f3n t\u00e1ctico de viaje con hebilla de pl\u00e1stico para pantalones 120cm\" src=\"https:\/\/bodegaoutdoor.cl\/store\/wp-content\/uploads\/2020\/09\/17458-lpaelz.jpg\" alt=\"Cintur\u00f3n militar para hombres 2018, cinturones del ej\u00e9rcito, cintur\u00f3n ajustable para hombres para exteriores, cintur\u00f3n t\u00e1ctico de viaje con hebilla de pl\u00e1stico para pantalones 120cm\" \/><img decoding=\"async\" title=\"Cintur\u00f3n militar para hombres 2018, cinturones del ej\u00e9rcito, cintur\u00f3n ajustable para hombres para exteriores, cintur\u00f3n t\u00e1ctico de viaje con hebilla de pl\u00e1stico para pantalones 120cm\" src=\"https:\/\/bodegaoutdoor.cl\/store\/wp-content\/uploads\/2020\/09\/17458-8fhktt.jpg\" alt=\"Cintur\u00f3n militar para hombres 2018, cinturones del ej\u00e9rcito, cintur\u00f3n ajustable para hombres para exteriores, cintur\u00f3n t\u00e1ctico de viaje con hebilla de pl\u00e1stico para pantalones 120cm\" \/><img decoding=\"async\" title=\"Cintur\u00f3n militar para hombres 2018, cinturones del ej\u00e9rcito, cintur\u00f3n ajustable para hombres para exteriores, cintur\u00f3n t\u00e1ctico de viaje con hebilla de pl\u00e1stico para pantalones 120cm\" src=\"https:\/\/bodegaoutdoor.cl\/store\/wp-content\/uploads\/2020\/09\/17458-m05hvn.jpg\" alt=\"Cintur\u00f3n militar para hombres 2018, cinturones del ej\u00e9rcito, cintur\u00f3n ajustable para hombres para exteriores, cintur\u00f3n t\u00e1ctico de viaje con hebilla de pl\u00e1stico para pantalones 120cm\" \/><img decoding=\"async\" title=\"Cintur\u00f3n militar para hombres 2018, cinturones del ej\u00e9rcito, cintur\u00f3n ajustable para hombres para exteriores, cintur\u00f3n t\u00e1ctico de viaje con hebilla de pl\u00e1stico para pantalones 120cm\" src=\"https:\/\/bodegaoutdoor.cl\/store\/wp-content\/uploads\/2020\/09\/17458-p4kfqi.jpg\" alt=\"Cintur\u00f3n militar para hombres 2018, cinturones del ej\u00e9rcito, cintur\u00f3n ajustable para hombres para exteriores, cintur\u00f3n t\u00e1ctico de viaje con hebilla de pl\u00e1stico para pantalones 120cm\" \/><\/p>\n<p>&nbsp;<\/p>\n<p>&nbsp;<\/p>\n<\/div>\n<div><\/div>\n\n    <div class=\"xs_social_share_widget xs_share_url after_content \t\tmain_content  wslu-style-1 wslu-share-box-shaped wslu-fill-colored wslu-none wslu-share-horizontal wslu-theme-font-no wslu-main_content\">\n\n\t\t\n        <ul>\n\t\t\t        <\/ul>\n    <\/div> \n","protected":false},"excerpt":{"rendered":"<div class=\"woocommerce-product-details__short-description\">\n<div class=\"woocommerce-product-details__short-description\">\n<div class=\"woocommerce-product-details__short-description\">\n<div class=\"woocommerce-product-details__short-description\">\n<div class=\"woocommerce-product-details__short-description\">\n<p><span style=\"color: #ff0000;\">PRECIO MAYOR M\u00cdNIMO 12 UNIDADES\u00a0 $ 6.000 c\/u<\/span><\/p>\n<\/div>\n<\/div>\n<\/div>\n<\/div>\n<\/div>\n","protected":false},"featured_media":17471,"comment_status":"open","ping_status":"closed","template":"","meta":{"jetpack_publicize_message":"","jetpack_publicize_feature_enabled":true,"jetpack_social_post_already_shared":true,"jetpack_social_options":{"image_generator_settings":{"template":"highway","enabled":false},"version":2}},"product_brand":[],"product_cat":[487,489],"product_tag":[1431,1315,2044,2740],"class_list":{"0":"post-17458","1":"product","2":"type-product","3":"status-publish","4":"has-post-thumbnail","6":"product_cat-airsoft","7":"product_cat-cinturones","8":"product_tag-cinturon","9":"product_tag-cinturones","10":"product_tag-tactico","11":"product_tag-urbano","13":"first","14":"instock","15":"taxable","16":"shipping-taxable","17":"purchasable","18":"product-type-variable"},"jetpack_publicize_connections":[],"jetpack_sharing_enabled":true,"_links":{"self":[{"href":"https:\/\/bodegaoutdoor.cl\/store\/wp-json\/wp\/v2\/product\/17458","targetHints":{"allow":["GET"]}}],"collection":[{"href":"https:\/\/bodegaoutdoor.cl\/store\/wp-json\/wp\/v2\/product"}],"about":[{"href":"https:\/\/bodegaoutdoor.cl\/store\/wp-json\/wp\/v2\/types\/product"}],"replies":[{"embeddable":true,"href":"https:\/\/bodegaoutdoor.cl\/store\/wp-json\/wp\/v2\/comments?post=17458"}],"version-history":[{"count":4,"href":"https:\/\/bodegaoutdoor.cl\/store\/wp-json\/wp\/v2\/product\/17458\/revisions"}],"predecessor-version":[{"id":17617,"href":"https:\/\/bodegaoutdoor.cl\/store\/wp-json\/wp\/v2\/product\/17458\/revisions\/17617"}],"wp:featuredmedia":[{"embeddable":true,"href":"https:\/\/bodegaoutdoor.cl\/store\/wp-json\/wp\/v2\/media\/17471"}],"wp:attachment":[{"href":"https:\/\/bodegaoutdoor.cl\/store\/wp-json\/wp\/v2\/media?parent=17458"}],"wp:term":[{"taxonomy":"product_brand","embeddable":true,"href":"https:\/\/bodegaoutdoor.cl\/store\/wp-json\/wp\/v2\/product_brand?post=17458"},{"taxonomy":"product_cat","embeddable":true,"href":"https:\/\/bodegaoutdoor.cl\/store\/wp-json\/wp\/v2\/product_cat?post=17458"},{"taxonomy":"product_tag","embeddable":true,"href":"https:\/\/bodegaoutdoor.cl\/store\/wp-json\/wp\/v2\/product_tag?post=17458"}],"curies":[{"name":"wp","href":"https:\/\/api.w.org\/{rel}","templated":true}]}}