{"id":17538,"date":"2020-09-20T16:17:47","date_gmt":"2020-09-20T16:17:47","guid":{"rendered":"https:\/\/bodegaoutdoor.cl\/store\/product\/gorra-tactica-para-hombres-2020-gorras-de-beisbol-sombrero-swat-snapback-gorras-de-algodon-ajustables-gorras-de-golf-de-alta-calidad-nuevas-gorras-bag4224\/"},"modified":"2023-05-04T19:19:20","modified_gmt":"2023-05-04T23:19:20","slug":"gorras-de-beisbol-swat-snapback-gorras-de-algodon-ajustables","status":"publish","type":"product","link":"https:\/\/bodegaoutdoor.cl\/store\/product\/gorras-de-beisbol-swat-snapback-gorras-de-algodon-ajustables\/","title":{"rendered":"Gorras de b\u00e9isbol SWAT Snapback, Gorras de algod\u00f3n ajustables"},"content":{"rendered":"<div><\/div>\n<div><\/div>\n<div>\n<div>\n<p><img decoding=\"async\" title=\"Gorra t\u00e1ctica para hombres 2020, Gorras de b\u00e9isbol, sombrero SWAT Snapback, Gorras de algod\u00f3n ajustables, Gorras de Golf de alta calidad, nuevas Gorras BAG4224\" src=\"https:\/\/bodegaoutdoor.cl\/store\/wp-content\/uploads\/2020\/09\/17538-gobwje.jpg\" alt=\"Gorra t\u00e1ctica para hombres 2020, Gorras de b\u00e9isbol, sombrero SWAT Snapback, Gorras de algod\u00f3n ajustables, Gorras de Golf de alta calidad, nuevas Gorras BAG4224\" \/><\/p>\n<p><span style=\"font-family: tahoma, geneva, sans-serif; font-size: 14px; font-weight: 700 !important;\"><span style=\"max-width: 100%; font-size: 16px;\"><img decoding=\"async\" style=\"border-style: none; vertical-align: middle; max-width: 100%;\" title=\"Gorra t\u00e1ctica para hombres 2020, Gorras de b\u00e9isbol, sombrero SWAT Snapback, Gorras de algod\u00f3n ajustables, Gorras de Golf de alta calidad, nuevas Gorras BAG4224\" src=\"https:\/\/bodegaoutdoor.cl\/store\/wp-content\/uploads\/2020\/09\/17538-riictn.jpg\" alt=\"Gorra t\u00e1ctica para hombres 2020, Gorras de b\u00e9isbol, sombrero SWAT Snapback, Gorras de algod\u00f3n ajustables, Gorras de Golf de alta calidad, nuevas Gorras BAG4224\" \/><img decoding=\"async\" style=\"border-style: none; vertical-align: middle; max-width: 100%;\" title=\"Gorra t\u00e1ctica para hombres 2020, Gorras de b\u00e9isbol, sombrero SWAT Snapback, Gorras de algod\u00f3n ajustables, Gorras de Golf de alta calidad, nuevas Gorras BAG4224\" src=\"https:\/\/bodegaoutdoor.cl\/store\/wp-content\/uploads\/2020\/09\/17538-ufihr6.jpg\" alt=\"Gorra t\u00e1ctica para hombres 2020, Gorras de b\u00e9isbol, sombrero SWAT Snapback, Gorras de algod\u00f3n ajustables, Gorras de Golf de alta calidad, nuevas Gorras BAG4224\" \/><img decoding=\"async\" style=\"border-style: none; vertical-align: middle; max-width: 100%;\" title=\"Gorra t\u00e1ctica para hombres 2020, Gorras de b\u00e9isbol, sombrero SWAT Snapback, Gorras de algod\u00f3n ajustables, Gorras de Golf de alta calidad, nuevas Gorras BAG4224\" src=\"https:\/\/bodegaoutdoor.cl\/store\/wp-content\/uploads\/2020\/09\/17538-bzhfmn.jpg\" alt=\"Gorra t\u00e1ctica para hombres 2020, Gorras de b\u00e9isbol, sombrero SWAT Snapback, Gorras de algod\u00f3n ajustables, Gorras de Golf de alta calidad, nuevas Gorras BAG4224\" \/><img decoding=\"async\" style=\"border-style: none; vertical-align: middle; max-width: 100%;\" title=\"Gorra t\u00e1ctica para hombres 2020, Gorras de b\u00e9isbol, sombrero SWAT Snapback, Gorras de algod\u00f3n ajustables, Gorras de Golf de alta calidad, nuevas Gorras BAG4224\" src=\"https:\/\/bodegaoutdoor.cl\/store\/wp-content\/uploads\/2020\/09\/17538-qgqcz8.jpg\" alt=\"Gorra t\u00e1ctica para hombres 2020, Gorras de b\u00e9isbol, sombrero SWAT Snapback, Gorras de algod\u00f3n ajustables, Gorras de Golf de alta calidad, nuevas Gorras BAG4224\" \/><img decoding=\"async\" style=\"border-style: none; vertical-align: middle; max-width: 100%;\" title=\"Gorra t\u00e1ctica para hombres 2020, Gorras de b\u00e9isbol, sombrero SWAT Snapback, Gorras de algod\u00f3n ajustables, Gorras de Golf de alta calidad, nuevas Gorras BAG4224\" src=\"https:\/\/bodegaoutdoor.cl\/store\/wp-content\/uploads\/2020\/09\/17538-iccbiu.jpg\" alt=\"Gorra t\u00e1ctica para hombres 2020, Gorras de b\u00e9isbol, sombrero SWAT Snapback, Gorras de algod\u00f3n ajustables, Gorras de Golf de alta calidad, nuevas Gorras BAG4224\" \/><img decoding=\"async\" style=\"border-style: none; vertical-align: middle; max-width: 100%;\" title=\"Gorra t\u00e1ctica para hombres 2020, Gorras de b\u00e9isbol, sombrero SWAT Snapback, Gorras de algod\u00f3n ajustables, Gorras de Golf de alta calidad, nuevas Gorras BAG4224\" src=\"https:\/\/bodegaoutdoor.cl\/store\/wp-content\/uploads\/2020\/09\/17538-9zwd93.jpg\" alt=\"Gorra t\u00e1ctica para hombres 2020, Gorras de b\u00e9isbol, sombrero SWAT Snapback, Gorras de algod\u00f3n ajustables, Gorras de Golf de alta calidad, nuevas Gorras BAG4224\" \/><img decoding=\"async\" style=\"border-style: none; vertical-align: middle; max-width: 100%;\" title=\"Gorra t\u00e1ctica para hombres 2020, Gorras de b\u00e9isbol, sombrero SWAT Snapback, Gorras de algod\u00f3n ajustables, Gorras de Golf de alta calidad, nuevas Gorras BAG4224\" src=\"https:\/\/bodegaoutdoor.cl\/store\/wp-content\/uploads\/2020\/09\/17538-48yelj.jpg\" alt=\"Gorra t\u00e1ctica para hombres 2020, Gorras de b\u00e9isbol, sombrero SWAT Snapback, Gorras de algod\u00f3n ajustables, Gorras de Golf de alta calidad, nuevas Gorras BAG4224\" \/><img decoding=\"async\" style=\"border-style: none; vertical-align: middle; max-width: 100%;\" title=\"Gorra t\u00e1ctica para hombres 2020, Gorras de b\u00e9isbol, sombrero SWAT Snapback, Gorras de algod\u00f3n ajustables, Gorras de Golf de alta calidad, nuevas Gorras BAG4224\" src=\"https:\/\/bodegaoutdoor.cl\/store\/wp-content\/uploads\/2020\/09\/17538-okezpv.jpg\" alt=\"Gorra t\u00e1ctica para hombres 2020, Gorras de b\u00e9isbol, sombrero SWAT Snapback, Gorras de algod\u00f3n ajustables, Gorras de Golf de alta calidad, nuevas Gorras BAG4224\" \/><img decoding=\"async\" style=\"border-style: none; vertical-align: middle; max-width: 100%;\" title=\"Gorra t\u00e1ctica para hombres 2020, Gorras de b\u00e9isbol, sombrero SWAT Snapback, Gorras de algod\u00f3n ajustables, Gorras de Golf de alta calidad, nuevas Gorras BAG4224\" src=\"https:\/\/bodegaoutdoor.cl\/store\/wp-content\/uploads\/2020\/09\/17538-qbcsji.jpg\" alt=\"Gorra t\u00e1ctica para hombres 2020, Gorras de b\u00e9isbol, sombrero SWAT Snapback, Gorras de algod\u00f3n ajustables, Gorras de Golf de alta calidad, nuevas Gorras BAG4224\" \/><img decoding=\"async\" style=\"border-style: none; vertical-align: middle; max-width: 100%;\" title=\"Gorra t\u00e1ctica para hombres 2020, Gorras de b\u00e9isbol, sombrero SWAT Snapback, Gorras de algod\u00f3n ajustables, Gorras de Golf de alta calidad, nuevas Gorras BAG4224\" src=\"https:\/\/bodegaoutdoor.cl\/store\/wp-content\/uploads\/2020\/09\/17538-srem75.jpg\" alt=\"Gorra t\u00e1ctica para hombres 2020, Gorras de b\u00e9isbol, sombrero SWAT Snapback, Gorras de algod\u00f3n ajustables, Gorras de Golf de alta calidad, nuevas Gorras BAG4224\" \/><img decoding=\"async\" style=\"border-style: none; vertical-align: middle; max-width: 100%;\" title=\"Gorra t\u00e1ctica para hombres 2020, Gorras de b\u00e9isbol, sombrero SWAT Snapback, Gorras de algod\u00f3n ajustables, Gorras de Golf de alta calidad, nuevas Gorras BAG4224\" src=\"https:\/\/bodegaoutdoor.cl\/store\/wp-content\/uploads\/2020\/09\/17538-6l80ri.jpg\" alt=\"Gorra t\u00e1ctica para hombres 2020, Gorras de b\u00e9isbol, sombrero SWAT Snapback, Gorras de algod\u00f3n ajustables, Gorras de Golf de alta calidad, nuevas Gorras BAG4224\" \/><img decoding=\"async\" style=\"border-style: none; vertical-align: middle; max-width: 100%;\" title=\"Gorra t\u00e1ctica para hombres 2020, Gorras de b\u00e9isbol, sombrero SWAT Snapback, Gorras de algod\u00f3n ajustables, Gorras de Golf de alta calidad, nuevas Gorras BAG4224\" src=\"https:\/\/bodegaoutdoor.cl\/store\/wp-content\/uploads\/2020\/09\/17538-mbrya5.jpg\" alt=\"Gorra t\u00e1ctica para hombres 2020, Gorras de b\u00e9isbol, sombrero SWAT Snapback, Gorras de algod\u00f3n ajustables, Gorras de Golf de alta calidad, nuevas Gorras BAG4224\" \/><img decoding=\"async\" style=\"border-style: none; vertical-align: middle; max-width: 100%;\" title=\"Gorra t\u00e1ctica para hombres 2020, Gorras de b\u00e9isbol, sombrero SWAT Snapback, Gorras de algod\u00f3n ajustables, Gorras de Golf de alta calidad, nuevas Gorras BAG4224\" src=\"https:\/\/bodegaoutdoor.cl\/store\/wp-content\/uploads\/2020\/09\/17538-85kcmw.jpg\" alt=\"Gorra t\u00e1ctica para hombres 2020, Gorras de b\u00e9isbol, sombrero SWAT Snapback, Gorras de algod\u00f3n ajustables, Gorras de Golf de alta calidad, nuevas Gorras BAG4224\" \/><img decoding=\"async\" style=\"border-style: none; vertical-align: middle; max-width: 100%;\" title=\"Gorra t\u00e1ctica para hombres 2020, Gorras de b\u00e9isbol, sombrero SWAT Snapback, Gorras de algod\u00f3n ajustables, Gorras de Golf de alta calidad, nuevas Gorras BAG4224\" src=\"https:\/\/bodegaoutdoor.cl\/store\/wp-content\/uploads\/2020\/09\/17538-vkhthx.jpg\" alt=\"Gorra t\u00e1ctica para hombres 2020, Gorras de b\u00e9isbol, sombrero SWAT Snapback, Gorras de algod\u00f3n ajustables, Gorras de Golf de alta calidad, nuevas Gorras BAG4224\" \/><img decoding=\"async\" style=\"border-style: none; vertical-align: middle; max-width: 100%;\" title=\"Gorra t\u00e1ctica para hombres 2020, Gorras de b\u00e9isbol, sombrero SWAT Snapback, Gorras de algod\u00f3n ajustables, Gorras de Golf de alta calidad, nuevas Gorras BAG4224\" src=\"https:\/\/bodegaoutdoor.cl\/store\/wp-content\/uploads\/2020\/09\/17538-on0w3v.jpg\" alt=\"Gorra t\u00e1ctica para hombres 2020, Gorras de b\u00e9isbol, sombrero SWAT Snapback, Gorras de algod\u00f3n ajustables, Gorras de Golf de alta calidad, nuevas Gorras BAG4224\" \/><img decoding=\"async\" style=\"border-style: none; vertical-align: middle; max-width: 100%;\" title=\"Gorra t\u00e1ctica para hombres 2020, Gorras de b\u00e9isbol, sombrero SWAT Snapback, Gorras de algod\u00f3n ajustables, Gorras de Golf de alta calidad, nuevas Gorras BAG4224\" src=\"https:\/\/bodegaoutdoor.cl\/store\/wp-content\/uploads\/2020\/09\/17538-stt2ie.jpg\" alt=\"Gorra t\u00e1ctica para hombres 2020, Gorras de b\u00e9isbol, sombrero SWAT Snapback, Gorras de algod\u00f3n ajustables, Gorras de Golf de alta calidad, nuevas Gorras BAG4224\" \/><img decoding=\"async\" style=\"border-style: none; vertical-align: middle; max-width: 100%;\" title=\"Gorra t\u00e1ctica para hombres 2020, Gorras de b\u00e9isbol, sombrero SWAT Snapback, Gorras de algod\u00f3n ajustables, Gorras de Golf de alta calidad, nuevas Gorras BAG4224\" src=\"https:\/\/bodegaoutdoor.cl\/store\/wp-content\/uploads\/2020\/09\/17538-j3cjfc.jpg\" alt=\"Gorra t\u00e1ctica para hombres 2020, Gorras de b\u00e9isbol, sombrero SWAT Snapback, Gorras de algod\u00f3n ajustables, Gorras de Golf de alta calidad, nuevas Gorras BAG4224\" \/><img decoding=\"async\" style=\"border-style: none; vertical-align: middle; max-width: 100%;\" title=\"Gorra t\u00e1ctica para hombres 2020, Gorras de b\u00e9isbol, sombrero SWAT Snapback, Gorras de algod\u00f3n ajustables, Gorras de Golf de alta calidad, nuevas Gorras BAG4224\" src=\"https:\/\/bodegaoutdoor.cl\/store\/wp-content\/uploads\/2020\/09\/17538-bkn3rb.jpg\" alt=\"Gorra t\u00e1ctica para hombres 2020, Gorras de b\u00e9isbol, sombrero SWAT Snapback, Gorras de algod\u00f3n ajustables, Gorras de Golf de alta calidad, nuevas Gorras BAG4224\" \/><img decoding=\"async\" style=\"border-style: none; vertical-align: middle; max-width: 100%;\" title=\"Gorra t\u00e1ctica para hombres 2020, Gorras de b\u00e9isbol, sombrero SWAT Snapback, Gorras de algod\u00f3n ajustables, Gorras de Golf de alta calidad, nuevas Gorras BAG4224\" src=\"https:\/\/bodegaoutdoor.cl\/store\/wp-content\/uploads\/2020\/09\/17538-oiuc5k.jpg\" alt=\"Gorra t\u00e1ctica para hombres 2020, Gorras de b\u00e9isbol, sombrero SWAT Snapback, Gorras de algod\u00f3n ajustables, Gorras de Golf de alta calidad, nuevas Gorras BAG4224\" \/><img decoding=\"async\" style=\"border-style: none; vertical-align: middle; max-width: 100%;\" title=\"Gorra t\u00e1ctica para hombres 2020, Gorras de b\u00e9isbol, sombrero SWAT Snapback, Gorras de algod\u00f3n ajustables, Gorras de Golf de alta calidad, nuevas Gorras BAG4224\" src=\"https:\/\/bodegaoutdoor.cl\/store\/wp-content\/uploads\/2020\/09\/17538-rzqahs.jpg\" alt=\"Gorra t\u00e1ctica para hombres 2020, Gorras de b\u00e9isbol, sombrero SWAT Snapback, Gorras de algod\u00f3n ajustables, Gorras de Golf de alta calidad, nuevas Gorras BAG4224\" \/><img decoding=\"async\" style=\"border-style: none; vertical-align: middle; max-width: 100%;\" title=\"Gorra t\u00e1ctica para hombres 2020, Gorras de b\u00e9isbol, sombrero SWAT Snapback, Gorras de algod\u00f3n ajustables, Gorras de Golf de alta calidad, nuevas Gorras BAG4224\" src=\"https:\/\/bodegaoutdoor.cl\/store\/wp-content\/uploads\/2020\/09\/17538-vphvvh.jpg\" alt=\"Gorra t\u00e1ctica para hombres 2020, Gorras de b\u00e9isbol, sombrero SWAT Snapback, Gorras de algod\u00f3n ajustables, Gorras de Golf de alta calidad, nuevas Gorras BAG4224\" \/><img decoding=\"async\" style=\"border-style: none; vertical-align: middle; max-width: 100%;\" title=\"Gorra t\u00e1ctica para hombres 2020, Gorras de b\u00e9isbol, sombrero SWAT Snapback, Gorras de algod\u00f3n ajustables, Gorras de Golf de alta calidad, nuevas Gorras BAG4224\" src=\"https:\/\/bodegaoutdoor.cl\/store\/wp-content\/uploads\/2020\/09\/17538-gt53dp.jpg\" alt=\"Gorra t\u00e1ctica para hombres 2020, Gorras de b\u00e9isbol, sombrero SWAT Snapback, Gorras de algod\u00f3n ajustables, Gorras de Golf de alta calidad, nuevas Gorras BAG4224\" \/><\/span><\/span><\/p>\n<\/div>\n<\/div>\n<div><\/div>\n\n    <div class=\"xs_social_share_widget xs_share_url after_content \t\tmain_content  wslu-style-1 wslu-share-box-shaped wslu-fill-colored wslu-none wslu-share-horizontal wslu-theme-font-no wslu-main_content\">\n\n\t\t\n        <ul>\n\t\t\t        <\/ul>\n    <\/div> \n","protected":false},"excerpt":{"rendered":"","protected":false},"featured_media":17541,"comment_status":"open","ping_status":"closed","template":"","meta":{"jetpack_publicize_message":"","jetpack_publicize_feature_enabled":true,"jetpack_social_post_already_shared":true,"jetpack_social_options":{"image_generator_settings":{"template":"highway","enabled":false},"version":2}},"product_brand":[],"product_cat":[15,1316],"product_tag":[],"class_list":{"0":"post-17538","1":"product","2":"type-product","3":"status-publish","4":"has-post-thumbnail","6":"product_cat-otros","7":"product_cat-gorros","9":"first","10":"instock","11":"sale","12":"taxable","13":"shipping-taxable","14":"purchasable","15":"product-type-variable"},"jetpack_publicize_connections":[],"jetpack_sharing_enabled":true,"_links":{"self":[{"href":"https:\/\/bodegaoutdoor.cl\/store\/wp-json\/wp\/v2\/product\/17538","targetHints":{"allow":["GET"]}}],"collection":[{"href":"https:\/\/bodegaoutdoor.cl\/store\/wp-json\/wp\/v2\/product"}],"about":[{"href":"https:\/\/bodegaoutdoor.cl\/store\/wp-json\/wp\/v2\/types\/product"}],"replies":[{"embeddable":true,"href":"https:\/\/bodegaoutdoor.cl\/store\/wp-json\/wp\/v2\/comments?post=17538"}],"version-history":[{"count":2,"href":"https:\/\/bodegaoutdoor.cl\/store\/wp-json\/wp\/v2\/product\/17538\/revisions"}],"predecessor-version":[{"id":71209,"href":"https:\/\/bodegaoutdoor.cl\/store\/wp-json\/wp\/v2\/product\/17538\/revisions\/71209"}],"wp:featuredmedia":[{"embeddable":true,"href":"https:\/\/bodegaoutdoor.cl\/store\/wp-json\/wp\/v2\/media\/17541"}],"wp:attachment":[{"href":"https:\/\/bodegaoutdoor.cl\/store\/wp-json\/wp\/v2\/media?parent=17538"}],"wp:term":[{"taxonomy":"product_brand","embeddable":true,"href":"https:\/\/bodegaoutdoor.cl\/store\/wp-json\/wp\/v2\/product_brand?post=17538"},{"taxonomy":"product_cat","embeddable":true,"href":"https:\/\/bodegaoutdoor.cl\/store\/wp-json\/wp\/v2\/product_cat?post=17538"},{"taxonomy":"product_tag","embeddable":true,"href":"https:\/\/bodegaoutdoor.cl\/store\/wp-json\/wp\/v2\/product_tag?post=17538"}],"curies":[{"name":"wp","href":"https:\/\/api.w.org\/{rel}","templated":true}]}}