{"id":17637,"date":"2020-09-20T20:58:11","date_gmt":"2020-09-20T20:58:11","guid":{"rendered":"https:\/\/bodegaoutdoor.cl\/store\/product\/juego-de-cubiertos-plegables-portatiles-de-acero-inoxidable-cuchillo-de-tenedor-con-bolsa-verde-militar-bolsa-de-supervivencia-para-acampar-contenedor-de-cubiertos-al-aire-libre\/"},"modified":"2023-05-04T19:19:20","modified_gmt":"2023-05-04T23:19:20","slug":"cubiertos-plegables-portatiles-de-acero-inoxidable-para-acampar-outdoor","status":"publish","type":"product","link":"https:\/\/bodegaoutdoor.cl\/store\/product\/cubiertos-plegables-portatiles-de-acero-inoxidable-para-acampar-outdoor\/","title":{"rendered":"Cubiertos plegables port\u00e1tiles de acero inoxidable para acampar Outdoor"},"content":{"rendered":"<div>\n<ul>\n<li><span style=\"font-family: times new roman , times , serif;\"><span style=\"font-size: 18px;\">Tipo: conjunto de cubiertos<\/span><\/span><\/li>\n<li><span style=\"font-family: times new roman , times , serif;\"><span style=\"font-size: 18px;\">Color: verde del ej\u00e9rcito<\/span><\/span><\/li>\n<li><span style=\"font-family: times new roman , times , serif;\"><span style=\"font-size: 18px;\">Material: acero inoxidable y bolsa de lona<\/span><\/span><\/li>\n<li><span style=\"font-family: times new roman , times , serif;\"><span style=\"font-size: 18px;\">Tama\u00f1o: bolsa 11*7,5 cm, tama\u00f1o abierto 19-20cm<\/span><\/span><\/li>\n<li><span style=\"font-family: times new roman , times , serif;\"><span style=\"font-size: 18px;\">Paquete: 1Set<\/span><\/span><\/li>\n<\/ul>\n<p style=\"text-align: center;\"><span style=\"font-family: times new roman , times , serif;\"><span style=\"font-size: 18px;\"><img decoding=\"async\" title=\"Juego de cubiertos plegables port\u00e1tiles de acero inoxidable, cuchillo de tenedor con bolsa verde militar, bolsa de supervivencia para acampar, contenedor de cubiertos al aire libre\" src=\"https:\/\/bodegaoutdoor.cl\/store\/wp-content\/uploads\/2020\/09\/17637-2ma0lx.jpg\" alt=\"Juego de cubiertos plegables port\u00e1tiles de acero inoxidable, cuchillo de tenedor con bolsa verde militar, bolsa de supervivencia para acampar, contenedor de cubiertos al aire libre\" \/><\/span><\/span><\/p>\n<p style=\"text-align: center;\"><span style=\"font-family: times new roman , times , serif;\"><span style=\"font-size: 18px;\"><img decoding=\"async\" title=\"Juego de cubiertos plegables port\u00e1tiles de acero inoxidable, cuchillo de tenedor con bolsa verde militar, bolsa de supervivencia para acampar, contenedor de cubiertos al aire libre\" src=\"https:\/\/bodegaoutdoor.cl\/store\/wp-content\/uploads\/2020\/09\/17637-xnch5x.jpg\" alt=\"Juego de cubiertos plegables port\u00e1tiles de acero inoxidable, cuchillo de tenedor con bolsa verde militar, bolsa de supervivencia para acampar, contenedor de cubiertos al aire libre\" \/><img decoding=\"async\" title=\"Juego de cubiertos plegables port\u00e1tiles de acero inoxidable, cuchillo de tenedor con bolsa verde militar, bolsa de supervivencia para acampar, contenedor de cubiertos al aire libre\" src=\"https:\/\/bodegaoutdoor.cl\/store\/wp-content\/uploads\/2020\/09\/17637-obr45v.jpg\" alt=\"Juego de cubiertos plegables port\u00e1tiles de acero inoxidable, cuchillo de tenedor con bolsa verde militar, bolsa de supervivencia para acampar, contenedor de cubiertos al aire libre\" \/><img decoding=\"async\" title=\"Juego de cubiertos plegables port\u00e1tiles de acero inoxidable, cuchillo de tenedor con bolsa verde militar, bolsa de supervivencia para acampar, contenedor de cubiertos al aire libre\" src=\"https:\/\/bodegaoutdoor.cl\/store\/wp-content\/uploads\/2020\/09\/17637-sz9d6g.jpg\" alt=\"Juego de cubiertos plegables port\u00e1tiles de acero inoxidable, cuchillo de tenedor con bolsa verde militar, bolsa de supervivencia para acampar, contenedor de cubiertos al aire libre\" \/><img decoding=\"async\" title=\"Juego de cubiertos plegables port\u00e1tiles de acero inoxidable, cuchillo de tenedor con bolsa verde militar, bolsa de supervivencia para acampar, contenedor de cubiertos al aire libre\" src=\"https:\/\/bodegaoutdoor.cl\/store\/wp-content\/uploads\/2020\/09\/17637-i8angf.jpg\" alt=\"Juego de cubiertos plegables port\u00e1tiles de acero inoxidable, cuchillo de tenedor con bolsa verde militar, bolsa de supervivencia para acampar, contenedor de cubiertos al aire libre\" \/><img decoding=\"async\" title=\"Juego de cubiertos plegables port\u00e1tiles de acero inoxidable, cuchillo de tenedor con bolsa verde militar, bolsa de supervivencia para acampar, contenedor de cubiertos al aire libre\" src=\"https:\/\/bodegaoutdoor.cl\/store\/wp-content\/uploads\/2020\/09\/17637-v0dnrw.jpg\" alt=\"Juego de cubiertos plegables port\u00e1tiles de acero inoxidable, cuchillo de tenedor con bolsa verde militar, bolsa de supervivencia para acampar, contenedor de cubiertos al aire libre\" \/><img decoding=\"async\" title=\"Juego de cubiertos plegables port\u00e1tiles de acero inoxidable, cuchillo de tenedor con bolsa verde militar, bolsa de supervivencia para acampar, contenedor de cubiertos al aire libre\" src=\"https:\/\/bodegaoutdoor.cl\/store\/wp-content\/uploads\/2020\/09\/17637-s9rdjl.jpg\" alt=\"Juego de cubiertos plegables port\u00e1tiles de acero inoxidable, cuchillo de tenedor con bolsa verde militar, bolsa de supervivencia para acampar, contenedor de cubiertos al aire libre\" \/><img decoding=\"async\" title=\"Juego de cubiertos plegables port\u00e1tiles de acero inoxidable, cuchillo de tenedor con bolsa verde militar, bolsa de supervivencia para acampar, contenedor de cubiertos al aire libre\" src=\"https:\/\/bodegaoutdoor.cl\/store\/wp-content\/uploads\/2020\/09\/17637-zjhw2t.jpg\" alt=\"Juego de cubiertos plegables port\u00e1tiles de acero inoxidable, cuchillo de tenedor con bolsa verde militar, bolsa de supervivencia para acampar, contenedor de cubiertos al aire libre\" \/><img decoding=\"async\" title=\"Juego de cubiertos plegables port\u00e1tiles de acero inoxidable, cuchillo de tenedor con bolsa verde militar, bolsa de supervivencia para acampar, contenedor de cubiertos al aire libre\" src=\"https:\/\/bodegaoutdoor.cl\/store\/wp-content\/uploads\/2020\/09\/17637-afjbdx.jpg\" alt=\"Juego de cubiertos plegables port\u00e1tiles de acero inoxidable, cuchillo de tenedor con bolsa verde militar, bolsa de supervivencia para acampar, contenedor de cubiertos al aire libre\" \/><img decoding=\"async\" title=\"Juego de cubiertos plegables port\u00e1tiles de acero inoxidable, cuchillo de tenedor con bolsa verde militar, bolsa de supervivencia para acampar, contenedor de cubiertos al aire libre\" src=\"https:\/\/bodegaoutdoor.cl\/store\/wp-content\/uploads\/2020\/09\/17637-5ksurf.jpg\" alt=\"Juego de cubiertos plegables port\u00e1tiles de acero inoxidable, cuchillo de tenedor con bolsa verde militar, bolsa de supervivencia para acampar, contenedor de cubiertos al aire libre\" \/><img decoding=\"async\" title=\"Juego de cubiertos plegables port\u00e1tiles de acero inoxidable, cuchillo de tenedor con bolsa verde militar, bolsa de supervivencia para acampar, contenedor de cubiertos al aire libre\" src=\"https:\/\/bodegaoutdoor.cl\/store\/wp-content\/uploads\/2020\/09\/17637-4jc1d0.jpg\" alt=\"Juego de cubiertos plegables port\u00e1tiles de acero inoxidable, cuchillo de tenedor con bolsa verde militar, bolsa de supervivencia para acampar, contenedor de cubiertos al aire libre\" \/><img decoding=\"async\" title=\"Juego de cubiertos plegables port\u00e1tiles de acero inoxidable, cuchillo de tenedor con bolsa verde militar, bolsa de supervivencia para acampar, contenedor de cubiertos al aire libre\" src=\"https:\/\/bodegaoutdoor.cl\/store\/wp-content\/uploads\/2020\/09\/17637-3kn3nd.jpg\" alt=\"Juego de cubiertos plegables port\u00e1tiles de acero inoxidable, cuchillo de tenedor con bolsa verde militar, bolsa de supervivencia para acampar, contenedor de cubiertos al aire libre\" \/><img decoding=\"async\" title=\"Juego de cubiertos plegables port\u00e1tiles de acero inoxidable, cuchillo de tenedor con bolsa verde militar, bolsa de supervivencia para acampar, contenedor de cubiertos al aire libre\" src=\"https:\/\/bodegaoutdoor.cl\/store\/wp-content\/uploads\/2020\/09\/17637-x0r6pv.jpg\" alt=\"Juego de cubiertos plegables port\u00e1tiles de acero inoxidable, cuchillo de tenedor con bolsa verde militar, bolsa de supervivencia para acampar, contenedor de cubiertos al aire libre\" \/><\/span><\/span><\/p>\n<p style=\"text-align: center;\">\n<p style=\"text-align: center;\">\n<\/div>\n\n    <div class=\"xs_social_share_widget xs_share_url after_content \t\tmain_content  wslu-style-1 wslu-share-box-shaped wslu-fill-colored wslu-none wslu-share-horizontal wslu-theme-font-no wslu-main_content\">\n\n\t\t\n        <ul>\n\t\t\t        <\/ul>\n    <\/div> \n","protected":false},"excerpt":{"rendered":"<p>Tipo: conjunto de cubiertos Color: verde del ej\u00e9rcito Material: acero inoxidable y bolsa de lona Tama\u00f1o: bolsa 11*7,5 cm, tama\u00f1o abierto 19-20cm Paquete: 1Set<\/p>\n","protected":false},"featured_media":17641,"comment_status":"open","ping_status":"closed","template":"","meta":{"jetpack_publicize_message":"","jetpack_publicize_feature_enabled":true,"jetpack_social_post_already_shared":true,"jetpack_social_options":{"image_generator_settings":{"template":"highway","enabled":false},"version":2}},"product_brand":[],"product_cat":[15,64,1240],"product_tag":[],"class_list":{"0":"post-17637","1":"product","2":"type-product","3":"status-publish","4":"has-post-thumbnail","6":"product_cat-otros","7":"product_cat-accessories","8":"product_cat-navajas","10":"first","11":"instock","12":"taxable","13":"shipping-taxable","14":"purchasable","15":"product-type-variable"},"jetpack_publicize_connections":[],"jetpack_sharing_enabled":true,"_links":{"self":[{"href":"https:\/\/bodegaoutdoor.cl\/store\/wp-json\/wp\/v2\/product\/17637","targetHints":{"allow":["GET"]}}],"collection":[{"href":"https:\/\/bodegaoutdoor.cl\/store\/wp-json\/wp\/v2\/product"}],"about":[{"href":"https:\/\/bodegaoutdoor.cl\/store\/wp-json\/wp\/v2\/types\/product"}],"replies":[{"embeddable":true,"href":"https:\/\/bodegaoutdoor.cl\/store\/wp-json\/wp\/v2\/comments?post=17637"}],"version-history":[{"count":2,"href":"https:\/\/bodegaoutdoor.cl\/store\/wp-json\/wp\/v2\/product\/17637\/revisions"}],"predecessor-version":[{"id":71208,"href":"https:\/\/bodegaoutdoor.cl\/store\/wp-json\/wp\/v2\/product\/17637\/revisions\/71208"}],"wp:featuredmedia":[{"embeddable":true,"href":"https:\/\/bodegaoutdoor.cl\/store\/wp-json\/wp\/v2\/media\/17641"}],"wp:attachment":[{"href":"https:\/\/bodegaoutdoor.cl\/store\/wp-json\/wp\/v2\/media?parent=17637"}],"wp:term":[{"taxonomy":"product_brand","embeddable":true,"href":"https:\/\/bodegaoutdoor.cl\/store\/wp-json\/wp\/v2\/product_brand?post=17637"},{"taxonomy":"product_cat","embeddable":true,"href":"https:\/\/bodegaoutdoor.cl\/store\/wp-json\/wp\/v2\/product_cat?post=17637"},{"taxonomy":"product_tag","embeddable":true,"href":"https:\/\/bodegaoutdoor.cl\/store\/wp-json\/wp\/v2\/product_tag?post=17637"}],"curies":[{"name":"wp","href":"https:\/\/api.w.org\/{rel}","templated":true}]}}