{"id":17665,"date":"2020-09-20T21:00:34","date_gmt":"2020-09-20T21:00:34","guid":{"rendered":"https:\/\/bodegaoutdoor.cl\/store\/product\/edc-herramienta-de-vajilla-multifuncion-para-exteriores-herramienta-de-acero-inoxidable-para-acampar-picnic-tenedor-tactico-cuchara-abrebotellas-llave-inglesa\/"},"modified":"2023-05-04T19:19:20","modified_gmt":"2023-05-04T23:19:20","slug":"herramienta-de-acero-inoxidable-para-acampar-picnic-tenedor-tactico-cuchara-abrebotellas-llave-inglesa","status":"publish","type":"product","link":"https:\/\/bodegaoutdoor.cl\/store\/product\/herramienta-de-acero-inoxidable-para-acampar-picnic-tenedor-tactico-cuchara-abrebotellas-llave-inglesa\/","title":{"rendered":"Herramienta de acero inoxidable para acampar, tenedor t\u00e1ctico, cuchara, abrebotellas, llave inglesa"},"content":{"rendered":"<p><img decoding=\"async\" title=\"EDC herramienta de vajilla multifunci\u00f3n para exteriores, herramienta de acero inoxidable para acampar, picnic, tenedor t\u00e1ctico, cuchara, abrebotellas, llave inglesa\" src=\"https:\/\/bodegaoutdoor.cl\/store\/wp-content\/uploads\/2020\/09\/17665-jq4xew.jpg\" alt=\"EDC herramienta de vajilla multifunci\u00f3n para exteriores, herramienta de acero inoxidable para acampar, picnic, tenedor t\u00e1ctico, cuchara, abrebotellas, llave inglesa\" \/><\/p>\n<p style=\"margin: 0.0px; padding: 0.0px; border: 0.0px; font-size: 13.0px; line-height: inherit; font-family: arial , helvetica , sans-serif; vertical-align: baseline; color: #000000;\"><span style=\"font-family: comic sans ms;\"><span style=\"margin: 0.0px; padding: 0.0px; border: 0.0px; font-style: inherit; font-weight: inherit; font-size: 18.0px; line-height: inherit; vertical-align: baseline;\">Descripci\u00f3n:<\/span><\/span><\/p>\n<div style=\"margin: 0.0px; padding: 0.0px; border: 0.0px; font-size: 13.0px; line-height: 16.9px; font-family: arial , helvetica , sans-serif; vertical-align: baseline; color: #000000;\">\n<div style=\"margin: 0.0px; padding: 0.0px; border: 0.0px; font-style: inherit; font-weight: inherit; font-size: inherit; line-height: 16.9px; vertical-align: baseline;\">\n<div style=\"margin: 0.0px; padding: 0.0px; border: 0.0px; font-style: inherit; font-weight: inherit; font-size: 12.1739px; line-height: 15.8261px; vertical-align: baseline;\">\n<p style=\"margin: 0.0px; padding: 0.0px; border: 0.0px; font-style: inherit; font-weight: inherit; font-size: 13.0px; line-height: 16.9px; vertical-align: baseline;\"><span style=\"font-family: comic sans ms;\"><span style=\"margin: 0.0px; padding: 0.0px; border: 0.0px; font-style: inherit; font-weight: inherit; font-size: 18.0px; line-height: inherit; vertical-align: baseline;\"><span style=\"margin: 0.0px; padding: 0.0px; border: 0.0px; font-style: inherit; font-weight: inherit; font-size: inherit; line-height: inherit; vertical-align: baseline;\">Material de acero inoxidable: acero inoxidable<\/span><\/span><\/span><\/p>\n<p style=\"margin: 0.0px; padding: 0.0px; border: 0.0px; font-style: inherit; font-weight: inherit; font-size: 13.0px; line-height: 16.9px; vertical-align: baseline;\"><span style=\"font-family: comic sans ms;\"><span style=\"margin: 0.0px; padding: 0.0px; border: 0.0px; font-style: inherit; font-weight: inherit; font-size: 18.0px; line-height: inherit; vertical-align: baseline;\"><span style=\"margin: 0.0px; padding: 0.0px; border: 0.0px; font-style: inherit; font-weight: inherit; font-size: inherit; line-height: inherit; vertical-align: baseline;\">Color: plata, negro<\/span><\/span><\/span><\/p>\n<p style=\"margin: 0.0px; padding: 0.0px; border: 0.0px; font-style: inherit; font-weight: inherit; font-size: 13.0px; line-height: 16.9px; vertical-align: baseline;\"><span style=\"font-family: comic sans ms;\"><span style=\"margin: 0.0px; padding: 0.0px; border: 0.0px; font-style: inherit; font-weight: inherit; font-size: 18.0px; line-height: inherit; vertical-align: baseline;\"><span style=\"margin: 0.0px; padding: 0.0px; border: 0.0px; font-style: inherit; font-weight: inherit; font-size: inherit; line-height: inherit; vertical-align: baseline;\">Peso: 33g<\/span><\/span><\/span><\/p>\n<p style=\"margin: 0.0px; padding: 0.0px; border: 0.0px; font-style: inherit; font-weight: inherit; font-size: 13.0px; line-height: 16.9px; vertical-align: baseline;\"><span style=\"font-family: comic sans ms;\"><span style=\"margin: 0.0px; padding: 0.0px; border: 0.0px; font-style: inherit; font-weight: inherit; font-size: 18.0px; line-height: inherit; vertical-align: baseline;\"><span style=\"margin: 0.0px; padding: 0.0px; border: 0.0px; font-style: inherit; font-weight: inherit; font-size: inherit; line-height: inherit; vertical-align: baseline;\">Uso: camping, senderismo deportes al aire libre<\/span><\/span><\/span><\/p>\n<p style=\"margin: 0.0px; padding: 0.0px; border: 0.0px; font-style: inherit; font-weight: inherit; font-size: 13.0px; line-height: 16.9px; vertical-align: baseline;\"><span style=\"font-size: 18.0px; font-style: inherit; font-weight: inherit; font-family: comic sans ms;\">Caracter\u00edsticas:<\/span><\/p>\n<ul>\n<li><span style=\"font-family: comic sans ms;\"><span style=\"margin: 0.0px; padding: 0.0px; border: 0.0px; font-style: inherit; font-weight: inherit; font-size: 18.0px; line-height: inherit; vertical-align: baseline;\"><span style=\"margin: 0.0px; padding: 0.0px; border: 0.0px; font-style: inherit; font-weight: inherit; font-size: inherit; line-height: inherit; vertical-align: baseline; color: #111111;\">Cuchara ergon\u00f3mica y tenedor de Punta corta<\/span><\/span><\/span><\/li>\n<li><span style=\"font-family: comic sans ms;\"><span style=\"margin: 0.0px; padding: 0.0px; border: 0.0px; font-style: inherit; font-weight: inherit; font-size: 18.0px; line-height: inherit; vertical-align: baseline;\"><span style=\"margin: 0.0px; padding: 0.0px; border: 0.0px; font-style: inherit; font-weight: inherit; font-size: inherit; line-height: inherit; vertical-align: baseline; color: #111111;\">Tama\u00f1o: LxW: 10,5 cm x 5,7 cm\/4,13 \u201cx2.24&#8243;<\/span><\/span><\/span><\/li>\n<li><span style=\"font-family: comic sans ms;\"><span style=\"margin: 0.0px; padding: 0.0px; border: 0.0px; font-style: inherit; font-weight: inherit; font-size: 18.0px; line-height: inherit; vertical-align: baseline;\"><span style=\"margin: 0.0px; padding: 0.0px; border: 0.0px; font-style: inherit; font-weight: inherit; font-size: inherit; line-height: inherit; vertical-align: baseline; color: #111111;\">El lado derecho del mango est\u00e1 en tierra para proporcionar una hoja de destornillador de emergencia, que tambi\u00e9n funcionar\u00e1 como<\/span><\/span><\/span><\/li>\n<li><span style=\"font-family: comic sans ms;\"><span style=\"margin: 0.0px; padding: 0.0px; border: 0.0px; font-style: inherit; font-weight: inherit; font-size: 18.0px; line-height: inherit; vertical-align: baseline;\"><span style=\"margin: 0.0px; padding: 0.0px; border: 0.0px; font-style: inherit; font-weight: inherit; font-size: inherit; line-height: inherit; vertical-align: baseline; color: #111111;\">Pr\u00e1ctico abrebotellas en el otro lado<\/span><\/span><\/span><\/li>\n<li><span style=\"font-family: comic sans ms;\"><span style=\"margin: 0.0px; padding: 0.0px; border: 0.0px; font-style: inherit; font-weight: inherit; font-size: 18.0px; line-height: inherit; vertical-align: baseline;\"><span style=\"margin: 0.0px; padding: 0.0px; border: 0.0px; font-style: inherit; font-weight: inherit; font-size: inherit; line-height: inherit; vertical-align: baseline; color: #111111;\">Tres relieves de llaves m\u00e9tricas (10mm, 8mm, 6mm) son \u00fatiles para reparaciones de emergencia<\/span><\/span><\/span><\/li>\n<li><span style=\"font-family: comic sans ms;\"><span style=\"font-size: 20.0px;\">(No te importa medir errores a mano)<\/span><\/span><\/li>\n<li><\/li>\n<\/ul>\n<p style=\"margin: 0.0px; padding: 0.0px; border: 0.0px; font-style: inherit; font-weight: inherit; font-size: 13.0px; line-height: 16.9px; vertical-align: baseline;\"><span style=\"font-family: comic sans ms;\"><span style=\"margin: 0.0px; padding: 0.0px; border: 0.0px; font-style: inherit; font-weight: inherit; font-size: 18.0px; line-height: inherit; vertical-align: baseline;\"> El paquete incluye:<\/span><\/span><\/p>\n<p style=\"margin: 0.0px; padding: 0.0px; border: 0.0px; font-style: inherit; font-weight: inherit; font-size: 13.0px; line-height: 16.9px; vertical-align: baseline;\"><span style=\"font-family: comic sans ms;\"><span style=\"margin: 0.0px; padding: 0.0px; border: 0.0px; font-style: inherit; font-weight: inherit; font-size: 18.0px; line-height: inherit; vertical-align: baseline;\">1 * Camping llavero EDC herramientas cuchara tenedor<\/span><\/span><\/p>\n<\/div>\n<\/div>\n<\/div>\n<p><img decoding=\"async\" title=\"EDC herramienta de vajilla multifunci\u00f3n para exteriores, herramienta de acero inoxidable para acampar, picnic, tenedor t\u00e1ctico, cuchara, abrebotellas, llave inglesa\" src=\"https:\/\/bodegaoutdoor.cl\/store\/wp-content\/uploads\/2020\/09\/17665-lhymbt.jpg\" alt=\"EDC herramienta de vajilla multifunci\u00f3n para exteriores, herramienta de acero inoxidable para acampar, picnic, tenedor t\u00e1ctico, cuchara, abrebotellas, llave inglesa\" \/><\/p>\n<p><img decoding=\"async\" title=\"EDC herramienta de vajilla multifunci\u00f3n para exteriores, herramienta de acero inoxidable para acampar, picnic, tenedor t\u00e1ctico, cuchara, abrebotellas, llave inglesa\" src=\"https:\/\/bodegaoutdoor.cl\/store\/wp-content\/uploads\/2020\/09\/17665-v4xwbs.jpg\" alt=\"EDC herramienta de vajilla multifunci\u00f3n para exteriores, herramienta de acero inoxidable para acampar, picnic, tenedor t\u00e1ctico, cuchara, abrebotellas, llave inglesa\" \/><\/p>\n<p><img decoding=\"async\" title=\"EDC herramienta de vajilla multifunci\u00f3n para exteriores, herramienta de acero inoxidable para acampar, picnic, tenedor t\u00e1ctico, cuchara, abrebotellas, llave inglesa\" src=\"https:\/\/bodegaoutdoor.cl\/store\/wp-content\/uploads\/2020\/09\/17665-wfk70b.jpg\" alt=\"EDC herramienta de vajilla multifunci\u00f3n para exteriores, herramienta de acero inoxidable para acampar, picnic, tenedor t\u00e1ctico, cuchara, abrebotellas, llave inglesa\" \/><img decoding=\"async\" title=\"EDC herramienta de vajilla multifunci\u00f3n para exteriores, herramienta de acero inoxidable para acampar, picnic, tenedor t\u00e1ctico, cuchara, abrebotellas, llave inglesa\" src=\"https:\/\/bodegaoutdoor.cl\/store\/wp-content\/uploads\/2020\/09\/17665-ltdjyo.jpg\" alt=\"EDC herramienta de vajilla multifunci\u00f3n para exteriores, herramienta de acero inoxidable para acampar, picnic, tenedor t\u00e1ctico, cuchara, abrebotellas, llave inglesa\" \/><img decoding=\"async\" title=\"EDC herramienta de vajilla multifunci\u00f3n para exteriores, herramienta de acero inoxidable para acampar, picnic, tenedor t\u00e1ctico, cuchara, abrebotellas, llave inglesa\" src=\"https:\/\/bodegaoutdoor.cl\/store\/wp-content\/uploads\/2020\/09\/17665-bqp4om.jpg\" alt=\"EDC herramienta de vajilla multifunci\u00f3n para exteriores, herramienta de acero inoxidable para acampar, picnic, tenedor t\u00e1ctico, cuchara, abrebotellas, llave inglesa\" \/><img decoding=\"async\" title=\"EDC herramienta de vajilla multifunci\u00f3n para exteriores, herramienta de acero inoxidable para acampar, picnic, tenedor t\u00e1ctico, cuchara, abrebotellas, llave inglesa\" src=\"https:\/\/bodegaoutdoor.cl\/store\/wp-content\/uploads\/2020\/09\/17665-udxd9b.jpg\" alt=\"EDC herramienta de vajilla multifunci\u00f3n para exteriores, herramienta de acero inoxidable para acampar, picnic, tenedor t\u00e1ctico, cuchara, abrebotellas, llave inglesa\" \/><img decoding=\"async\" title=\"EDC herramienta de vajilla multifunci\u00f3n para exteriores, herramienta de acero inoxidable para acampar, picnic, tenedor t\u00e1ctico, cuchara, abrebotellas, llave inglesa\" src=\"https:\/\/bodegaoutdoor.cl\/store\/wp-content\/uploads\/2020\/09\/17665-a7i6kd.jpg\" alt=\"EDC herramienta de vajilla multifunci\u00f3n para exteriores, herramienta de acero inoxidable para acampar, picnic, tenedor t\u00e1ctico, cuchara, abrebotellas, llave inglesa\" \/><img decoding=\"async\" title=\"EDC herramienta de vajilla multifunci\u00f3n para exteriores, herramienta de acero inoxidable para acampar, picnic, tenedor t\u00e1ctico, cuchara, abrebotellas, llave inglesa\" src=\"https:\/\/bodegaoutdoor.cl\/store\/wp-content\/uploads\/2020\/09\/17665-ly8oxr.jpg\" alt=\"EDC herramienta de vajilla multifunci\u00f3n para exteriores, herramienta de acero inoxidable para acampar, picnic, tenedor t\u00e1ctico, cuchara, abrebotellas, llave inglesa\" \/><img decoding=\"async\" title=\"EDC herramienta de vajilla multifunci\u00f3n para exteriores, herramienta de acero inoxidable para acampar, picnic, tenedor t\u00e1ctico, cuchara, abrebotellas, llave inglesa\" src=\"https:\/\/bodegaoutdoor.cl\/store\/wp-content\/uploads\/2020\/09\/17665-sb3wmp.jpg\" alt=\"EDC herramienta de vajilla multifunci\u00f3n para exteriores, herramienta de acero inoxidable para acampar, picnic, tenedor t\u00e1ctico, cuchara, abrebotellas, llave inglesa\" \/><img decoding=\"async\" title=\"EDC herramienta de vajilla multifunci\u00f3n para exteriores, herramienta de acero inoxidable para acampar, picnic, tenedor t\u00e1ctico, cuchara, abrebotellas, llave inglesa\" src=\"https:\/\/bodegaoutdoor.cl\/store\/wp-content\/uploads\/2020\/09\/17665-fsbxbf.jpg\" alt=\"EDC herramienta de vajilla multifunci\u00f3n para exteriores, herramienta de acero inoxidable para acampar, picnic, tenedor t\u00e1ctico, cuchara, abrebotellas, llave inglesa\" \/><\/p>\n<p><img decoding=\"async\" title=\"EDC herramienta de vajilla multifunci\u00f3n para exteriores, herramienta de acero inoxidable para acampar, picnic, tenedor t\u00e1ctico, cuchara, abrebotellas, llave inglesa\" src=\"https:\/\/bodegaoutdoor.cl\/store\/wp-content\/uploads\/2020\/09\/17665-gtfi66.jpg\" alt=\"EDC herramienta de vajilla multifunci\u00f3n para exteriores, herramienta de acero inoxidable para acampar, picnic, tenedor t\u00e1ctico, cuchara, abrebotellas, llave inglesa\" \/><\/p>\n\n    <div class=\"xs_social_share_widget xs_share_url after_content \t\tmain_content  wslu-style-1 wslu-share-box-shaped wslu-fill-colored wslu-none wslu-share-horizontal wslu-theme-font-no wslu-main_content\">\n\n\t\t\n        <ul>\n\t\t\t        <\/ul>\n    <\/div> \n","protected":false},"excerpt":{"rendered":"<p>Descripci\u00f3n: Material de acero inoxidable: acero inoxidable Color: plata, negro Peso: 33g Uso: camping, senderismo deportes al aire libre Caracter\u00edsticas: Cuchara ergon\u00f3mica y tenedor de Punta corta Tama\u00f1o: LxW: 10,5 cm x 5,7 cm\/4,13 \u201cx2.24&#8243; El lado derecho del mango est\u00e1 en tierra para proporcionar una hoja de destornillador de emergencia, que tambi\u00e9n funcionar\u00e1 como [&hellip;]<\/p>\n","protected":false},"featured_media":17668,"comment_status":"open","ping_status":"closed","template":"","meta":{"jetpack_publicize_message":"","jetpack_publicize_feature_enabled":true,"jetpack_social_post_already_shared":true,"jetpack_social_options":{"image_generator_settings":{"template":"highway","enabled":false},"version":2}},"product_brand":[],"product_cat":[15,64],"product_tag":[],"class_list":{"0":"post-17665","1":"product","2":"type-product","3":"status-publish","4":"has-post-thumbnail","6":"product_cat-otros","7":"product_cat-accessories","9":"first","10":"instock","11":"sale","12":"taxable","13":"shipping-taxable","14":"purchasable","15":"product-type-variable"},"jetpack_publicize_connections":[],"jetpack_sharing_enabled":true,"_links":{"self":[{"href":"https:\/\/bodegaoutdoor.cl\/store\/wp-json\/wp\/v2\/product\/17665","targetHints":{"allow":["GET"]}}],"collection":[{"href":"https:\/\/bodegaoutdoor.cl\/store\/wp-json\/wp\/v2\/product"}],"about":[{"href":"https:\/\/bodegaoutdoor.cl\/store\/wp-json\/wp\/v2\/types\/product"}],"replies":[{"embeddable":true,"href":"https:\/\/bodegaoutdoor.cl\/store\/wp-json\/wp\/v2\/comments?post=17665"}],"version-history":[{"count":2,"href":"https:\/\/bodegaoutdoor.cl\/store\/wp-json\/wp\/v2\/product\/17665\/revisions"}],"predecessor-version":[{"id":71207,"href":"https:\/\/bodegaoutdoor.cl\/store\/wp-json\/wp\/v2\/product\/17665\/revisions\/71207"}],"wp:featuredmedia":[{"embeddable":true,"href":"https:\/\/bodegaoutdoor.cl\/store\/wp-json\/wp\/v2\/media\/17668"}],"wp:attachment":[{"href":"https:\/\/bodegaoutdoor.cl\/store\/wp-json\/wp\/v2\/media?parent=17665"}],"wp:term":[{"taxonomy":"product_brand","embeddable":true,"href":"https:\/\/bodegaoutdoor.cl\/store\/wp-json\/wp\/v2\/product_brand?post=17665"},{"taxonomy":"product_cat","embeddable":true,"href":"https:\/\/bodegaoutdoor.cl\/store\/wp-json\/wp\/v2\/product_cat?post=17665"},{"taxonomy":"product_tag","embeddable":true,"href":"https:\/\/bodegaoutdoor.cl\/store\/wp-json\/wp\/v2\/product_tag?post=17665"}],"curies":[{"name":"wp","href":"https:\/\/api.w.org\/{rel}","templated":true}]}}