{"id":17769,"date":"2020-09-21T00:44:33","date_gmt":"2020-09-21T00:44:33","guid":{"rendered":"https:\/\/bodegaoutdoor.cl\/store\/product\/deportes-al-aire-libre-de-guantes-para-motocicleta-cuero-de-cabra-de-tela-de-malla-de-ciclismo-motos-dedo-completo-guante-para-hombres-y-mujeres\/"},"modified":"2023-05-04T19:19:20","modified_gmt":"2023-05-04T23:19:20","slug":"guantes-deportivos-ciclismo-motos-dedo-completo-nudillos","status":"publish","type":"product","link":"https:\/\/bodegaoutdoor.cl\/store\/product\/guantes-deportivos-ciclismo-motos-dedo-completo-nudillos\/","title":{"rendered":"Guantes Deportivos ciclismo Motos dedo completo Nudillos"},"content":{"rendered":"<p style=\"text-align: center;\"><img decoding=\"async\" style=\"font-style: inherit; font-weight: inherit; margin: 0.0px; padding: 0.0px; border: none; font-size: 0.0px; line-height: inherit; vertical-align: middle; color: transparent; width: auto;\" title=\"Deportes al aire libre de guantes para motocicleta Cuero de cabra de tela de malla de ciclismo Motos dedo completo guante para hombres y mujeres\" src=\"https:\/\/bodegaoutdoor.cl\/store\/wp-content\/uploads\/2020\/09\/17769-3jqdzs.jpg\" alt=\"Deportes al aire libre de guantes para motocicleta Cuero de cabra de tela de malla de ciclismo Motos dedo completo guante para hombres y mujeres\" \/><\/p>\n<p style=\"text-align: center;\"><img decoding=\"async\" title=\"Deportes al aire libre de guantes para motocicleta Cuero de cabra de tela de malla de ciclismo Motos dedo completo guante para hombres y mujeres\" src=\"https:\/\/bodegaoutdoor.cl\/store\/wp-content\/uploads\/2020\/09\/17769-rftqhd.jpg\" alt=\"Deportes al aire libre de guantes para motocicleta Cuero de cabra de tela de malla de ciclismo Motos dedo completo guante para hombres y mujeres\" \/><img decoding=\"async\" title=\"Deportes al aire libre de guantes para motocicleta Cuero de cabra de tela de malla de ciclismo Motos dedo completo guante para hombres y mujeres\" src=\"https:\/\/bodegaoutdoor.cl\/store\/wp-content\/uploads\/2020\/09\/17769-9ridth.jpg\" alt=\"Deportes al aire libre de guantes para motocicleta Cuero de cabra de tela de malla de ciclismo Motos dedo completo guante para hombres y mujeres\" \/><img decoding=\"async\" title=\"Deportes al aire libre de guantes para motocicleta Cuero de cabra de tela de malla de ciclismo Motos dedo completo guante para hombres y mujeres\" src=\"https:\/\/bodegaoutdoor.cl\/store\/wp-content\/uploads\/2020\/09\/17769-m1jfrs.jpg\" alt=\"Deportes al aire libre de guantes para motocicleta Cuero de cabra de tela de malla de ciclismo Motos dedo completo guante para hombres y mujeres\" \/><img decoding=\"async\" title=\"Deportes al aire libre de guantes para motocicleta Cuero de cabra de tela de malla de ciclismo Motos dedo completo guante para hombres y mujeres\" src=\"https:\/\/bodegaoutdoor.cl\/store\/wp-content\/uploads\/2020\/09\/17769-1rnudb.jpg\" alt=\"Deportes al aire libre de guantes para motocicleta Cuero de cabra de tela de malla de ciclismo Motos dedo completo guante para hombres y mujeres\" \/><img decoding=\"async\" title=\"Deportes al aire libre de guantes para motocicleta Cuero de cabra de tela de malla de ciclismo Motos dedo completo guante para hombres y mujeres\" src=\"https:\/\/bodegaoutdoor.cl\/store\/wp-content\/uploads\/2020\/09\/17769-dxy15v.jpg\" alt=\"Deportes al aire libre de guantes para motocicleta Cuero de cabra de tela de malla de ciclismo Motos dedo completo guante para hombres y mujeres\" \/><img decoding=\"async\" title=\"Deportes al aire libre de guantes para motocicleta Cuero de cabra de tela de malla de ciclismo Motos dedo completo guante para hombres y mujeres\" src=\"https:\/\/bodegaoutdoor.cl\/store\/wp-content\/uploads\/2020\/09\/17769-y7o9vh.jpg\" alt=\"Deportes al aire libre de guantes para motocicleta Cuero de cabra de tela de malla de ciclismo Motos dedo completo guante para hombres y mujeres\" \/><img decoding=\"async\" title=\"Deportes al aire libre de guantes para motocicleta Cuero de cabra de tela de malla de ciclismo Motos dedo completo guante para hombres y mujeres\" src=\"https:\/\/bodegaoutdoor.cl\/store\/wp-content\/uploads\/2020\/09\/17769-bigqd3.jpg\" alt=\"Deportes al aire libre de guantes para motocicleta Cuero de cabra de tela de malla de ciclismo Motos dedo completo guante para hombres y mujeres\" \/><\/p>\n<p style=\"margin: 0.0px; padding: 0.0px; border: 0.0px; font-size: 13.0px; line-height: inherit; font-family: arial , helvetica , sans-serif; vertical-align: baseline; color: #000000; text-align: center;\"><span style=\"margin: 0.0px; padding: 0.0px; border: 0.0px; font-style: inherit; font-weight: inherit; font-size: 20.0px; line-height: inherit; vertical-align: baseline;\"><img decoding=\"async\" style=\"margin: 0.0px; padding: 0.0px; border: 0.0px; font-style: inherit; font-weight: inherit; font-size: 0.0px; line-height: inherit; vertical-align: middle; color: transparent; width: auto;\" title=\"Deportes al aire libre de guantes para motocicleta Cuero de cabra de tela de malla de ciclismo Motos dedo completo guante para hombres y mujeres\" src=\"https:\/\/bodegaoutdoor.cl\/store\/wp-content\/uploads\/2020\/09\/17769-zhhwnr.jpg\" alt=\"Deportes al aire libre de guantes para motocicleta Cuero de cabra de tela de malla de ciclismo Motos dedo completo guante para hombres y mujeres\" width=\"1000\" height=\"30\" \/><\/span><\/p>\n<p style=\"margin: 0.0px; padding: 0.0px; border: 0.0px; font-size: 13.0px; line-height: inherit; font-family: arial , helvetica , sans-serif; vertical-align: baseline; color: #000000;\"><span style=\"margin: 0.0px; padding: 0.0px; border: 0.0px; font-style: inherit; font-weight: inherit; font-size: 20.0px; line-height: inherit; vertical-align: baseline;\"><img decoding=\"async\" style=\"margin: 0.0px; padding: 0.0px; border: 0.0px; font-style: inherit; font-weight: inherit; font-size: 0.0px; line-height: inherit; vertical-align: middle; color: transparent; width: auto;\" title=\"Deportes al aire libre de guantes para motocicleta Cuero de cabra de tela de malla de ciclismo Motos dedo completo guante para hombres y mujeres\" src=\"https:\/\/bodegaoutdoor.cl\/store\/wp-content\/uploads\/2020\/09\/17769-lya1l8.jpg\" alt=\"Deportes al aire libre de guantes para motocicleta Cuero de cabra de tela de malla de ciclismo Motos dedo completo guante para hombres y mujeres\" \/><\/span><\/p>\n<p style=\"margin: 0.0px; padding: 0.0px; border: 0.0px; font-size: 13.0px; line-height: inherit; font-family: arial , helvetica , sans-serif; vertical-align: baseline; color: #000000;\"><span style=\"margin: 0.0px; padding: 0.0px; border: 0.0px; font-style: inherit; font-weight: inherit; font-size: 20.0px; line-height: inherit; vertical-align: baseline;\">1) aceptamos Alipay West Uni\u00f3n TT Se aceptan todas las principales tarjetas de cr\u00e9dito a trav\u00e9s del procesador de pagos seguro ESCROW.<br \/>\n2) El pago se debe hacer en el plazo de 3 d\u00edas de la Orden.<br \/>\n3) Si no puedes realizar el pago inmediatamente despu\u00e9s del cierre de la subasta, espera unos minutos y vuelve a intentarlo. Los pagos deben completarse en un plazo de 3 d\u00edas.<\/span><\/p>\n<p style=\"margin: 0.0px; padding: 0.0px; border: 0.0px; font-size: 13.0px; line-height: inherit; font-family: arial , helvetica , sans-serif; vertical-align: baseline; color: #000000;\"><span style=\"margin: 0.0px; padding: 0.0px; border: 0.0px; font-style: inherit; font-weight: inherit; font-size: 20.0px; line-height: inherit; vertical-align: baseline;\"><img decoding=\"async\" style=\"margin: 0.0px; padding: 0.0px; border: 0.0px; font-style: inherit; font-weight: inherit; font-size: 0.0px; line-height: inherit; vertical-align: middle; color: transparent; width: auto;\" title=\"Deportes al aire libre de guantes para motocicleta Cuero de cabra de tela de malla de ciclismo Motos dedo completo guante para hombres y mujeres\" src=\"https:\/\/bodegaoutdoor.cl\/store\/wp-content\/uploads\/2020\/09\/17769-tvv1uo.jpg\" alt=\"Deportes al aire libre de guantes para motocicleta Cuero de cabra de tela de malla de ciclismo Motos dedo completo guante para hombres y mujeres\" width=\"1000\" height=\"30\" \/><\/span><\/p>\n<p style=\"margin: 0.0px; padding: 0.0px; border: 0.0px; font-size: 13.0px; line-height: inherit; font-family: arial , helvetica , sans-serif; vertical-align: baseline; color: #000000;\"><span style=\"margin: 0.0px; padding: 0.0px; border: 0.0px; font-style: inherit; font-weight: inherit; font-size: 20.0px; line-height: inherit; vertical-align: baseline;\">1. Env\u00edo Mundial. (excepto algunos pa\u00edses y APO\/FPO)<br \/>\n2. Todos los productos est\u00e1n en stock, simplemente compre. Todos los pedidos se procesan dentro de las 48 horas posteriores a la verificaci\u00f3n del pago.<br \/>\n3. Aseg\u00farate de que tu nombre y direcci\u00f3n son correctos en aliexpress, direcci\u00f3n incorrecta o funda con nombre ruturn o no recibir\u00e1 ser\u00e1 del comprador<br \/>\nResponsabilidad<br \/>\n4. El tiempo de tr\u00e1nsito del servicio lo proporciona el transportista y excluye fines de semana y d\u00edas festivos. Los per\u00edodos de tr\u00e1nsito pueden variar, sobre todo durante las vacaciones<br \/>\nTemporada<br \/>\n5. Tiempo de entrega: (el tiempo promedio de llegada para su referencia)<\/span><\/p>\n<p style=\"margin: 0.0px; padding: 0.0px; border: 0.0px; font-size: 13.0px; line-height: inherit; font-family: arial , helvetica , sans-serif; vertical-align: baseline; color: #000000;\"><span style=\"margin: 0.0px; padding: 0.0px; border: 0.0px; font-style: inherit; font-weight: inherit; font-size: 20.0px; line-height: inherit; vertical-align: baseline;\"><img decoding=\"async\" style=\"margin: 0.0px; padding: 0.0px; border: 0.0px; font-style: inherit; font-weight: inherit; font-size: 0.0px; line-height: inherit; vertical-align: middle; color: transparent; width: auto;\" title=\"Deportes al aire libre de guantes para motocicleta Cuero de cabra de tela de malla de ciclismo Motos dedo completo guante para hombres y mujeres\" src=\"https:\/\/bodegaoutdoor.cl\/store\/wp-content\/uploads\/2020\/09\/17769-d49mme.jpg\" alt=\"Deportes al aire libre de guantes para motocicleta Cuero de cabra de tela de malla de ciclismo Motos dedo completo guante para hombres y mujeres\" \/><\/span><\/p>\n<p style=\"margin: 0.0px; padding: 0.0px; border: 0.0px; font-size: 13.0px; line-height: inherit; font-family: arial , helvetica , sans-serif; vertical-align: baseline; color: #000000;\"><span style=\"margin: 0.0px; padding: 0.0px; border: 0.0px; font-style: inherit; font-weight: inherit; font-size: 20.0px; line-height: inherit; vertical-align: baseline;\"><img decoding=\"async\" style=\"margin: 0.0px; padding: 0.0px; border: 0.0px; font-style: inherit; font-weight: inherit; font-size: 0.0px; line-height: inherit; vertical-align: middle; color: transparent; width: auto;\" title=\"Deportes al aire libre de guantes para motocicleta Cuero de cabra de tela de malla de ciclismo Motos dedo completo guante para hombres y mujeres\" src=\"https:\/\/bodegaoutdoor.cl\/store\/wp-content\/uploads\/2020\/09\/17769-govsys.jpg\" alt=\"Deportes al aire libre de guantes para motocicleta Cuero de cabra de tela de malla de ciclismo Motos dedo completo guante para hombres y mujeres\" width=\"1000\" height=\"30\" \/><\/span><\/p>\n<p style=\"margin: 0.0px; padding: 0.0px; border: 0.0px; font-size: 13.0px; line-height: inherit; font-family: arial , helvetica , sans-serif; vertical-align: baseline; color: #000000;\"><span style=\"margin: 0.0px; padding: 0.0px; border: 0.0px; font-style: inherit; font-weight: inherit; font-size: 20.0px; line-height: inherit; vertical-align: baseline;\">1. Tiene 7 d\u00edas para contactarnos y 30 d\u00edas para devolverlo a partir de la fecha de recepci\u00f3n. Si te quedas el art\u00edculo durante m\u00e1s de 7 d\u00edas, se considerar\u00e1 usado y no te ofreceremos un reembolso ni un cambio. \u00a1NO hay excepciones! Los gastos de env\u00edo corren por cuenta del vendedor y del comprador a la mitad.<br \/>\n2. Todos los art\u00edculos devueltos deben estar en el embalaje original y debes proporcionarnos el n\u00famero de seguimiento del env\u00edo, la raz\u00f3n espec\u00edfica para la devoluci\u00f3n y tu po #.<br \/>\n3. Reembolsaremos la cantidad completa de la oferta ganadora, una vez recibido el art\u00edculo en su estado y embalaje originales con todos los componentes y accesorios incluidos, despu\u00e9s de que tanto el comprador como el vendedor cancelen la transacci\u00f3n de aliexpress. O puedes optar por un reemplazo.<br \/>\n4. Nos haremos cargo de todo el costo de env\u00edo si el (los) Producto (s) no es (son) como se anunci\u00f3.<\/span><\/p>\n<p style=\"margin: 0.0px; padding: 0.0px; border: 0.0px; font-size: 13.0px; line-height: inherit; font-family: arial , helvetica , sans-serif; vertical-align: baseline; color: #000000;\"><span style=\"margin: 0.0px; padding: 0.0px; border: 0.0px; font-style: inherit; font-weight: inherit; font-size: 20.0px; line-height: inherit; vertical-align: baseline;\"><img loading=\"lazy\" decoding=\"async\" style=\"margin: 0.0px; padding: 0.0px; border: 0.0px; font-style: inherit; font-weight: inherit; font-size: 0.0px; line-height: inherit; vertical-align: middle; color: transparent; width: auto;\" title=\"Deportes al aire libre de guantes para motocicleta Cuero de cabra de tela de malla de ciclismo Motos dedo completo guante para hombres y mujeres\" src=\"https:\/\/bodegaoutdoor.cl\/store\/wp-content\/uploads\/2020\/09\/17769-druykk.jpg\" alt=\"Deportes al aire libre de guantes para motocicleta Cuero de cabra de tela de malla de ciclismo Motos dedo completo guante para hombres y mujeres\" width=\"1000\" height=\"30\" \/><\/span><\/p>\n<p style=\"margin: 0.0px; padding: 0.0px; border: 0.0px; font-size: 13.0px; line-height: inherit; font-family: arial , helvetica , sans-serif; vertical-align: baseline; color: #000000;\"><span style=\"margin: 0.0px; padding: 0.0px; border: 0.0px; font-style: inherit; font-weight: inherit; font-size: 20.0px; line-height: inherit; vertical-align: baseline;\">1. 12 meses de garant\u00eda limitada del fabricante para art\u00edculos defectuosos (excepto los art\u00edculos da\u00f1ados o mal usados despu\u00e9s de la recepci\u00f3n). Los accesorios vienen con una garant\u00eda de 3 meses.<br \/>\n2. Los art\u00edculos defectuosos deben ser informados y devueltos dentro del per\u00edodo de garant\u00eda (y en el embalaje original, si es posible). Debe decirnos cu\u00e1l es el defecto y darnos su n\u00famero de pedido. No reparamos ni reemplazamos art\u00edculos con una garant\u00eda expirada.<br \/>\n\u00a1Aceptas todas las pol\u00edticas mencionadas anteriormente al realizar un pedido en aliexpress!<\/span><\/p>\n<p style=\"margin: 0.0px; padding: 0.0px; border: 0.0px; font-size: 13.0px; line-height: inherit; font-family: arial , helvetica , sans-serif; vertical-align: baseline; color: #000000;\"><span style=\"margin: 0.0px; padding: 0.0px; border: 0.0px; font-style: inherit; font-weight: inherit; font-size: 20.0px; line-height: inherit; vertical-align: baseline;\"><img loading=\"lazy\" decoding=\"async\" style=\"margin: 0.0px; padding: 0.0px; border: 0.0px; font-style: inherit; font-weight: inherit; font-size: 0.0px; line-height: inherit; vertical-align: middle; color: transparent; width: auto;\" title=\"Deportes al aire libre de guantes para motocicleta Cuero de cabra de tela de malla de ciclismo Motos dedo completo guante para hombres y mujeres\" src=\"https:\/\/bodegaoutdoor.cl\/store\/wp-content\/uploads\/2020\/09\/17769-sltz1s.jpg\" alt=\"Deportes al aire libre de guantes para motocicleta Cuero de cabra de tela de malla de ciclismo Motos dedo completo guante para hombres y mujeres\" width=\"1000\" height=\"30\" \/><\/span><\/p>\n<p style=\"margin: 0.0px; padding: 0.0px; border: 0.0px; font-size: 13.0px; line-height: inherit; font-family: arial , helvetica , sans-serif; vertical-align: baseline; color: #000000;\"><span style=\"margin: 0.0px; padding: 0.0px; border: 0.0px; font-style: inherit; font-weight: inherit; font-size: 20.0px; line-height: inherit; vertical-align: baseline;\">\u00a1Mantenemos altos est\u00e1ndares de excelencia y nos esforzamos por 100% la satisfacci\u00f3n del cliente! Su opini\u00f3n es muy importante. Le pedimos que se ponga en contacto con nosotros inmediatamente antes de dejar un comentario neutral o negativo, para que podamos abordar satisfactoriamente sus preocupaciones.<br \/>\n\u00a1Es imposible abordar problemas si no los conocemos!<\/span><\/p>\n<p style=\"text-align: center;\">\n\n    <div class=\"xs_social_share_widget xs_share_url after_content \t\tmain_content  wslu-style-1 wslu-share-box-shaped wslu-fill-colored wslu-none wslu-share-horizontal wslu-theme-font-no wslu-main_content\">\n\n\t\t\n        <ul>\n\t\t\t        <\/ul>\n    <\/div> \n","protected":false},"excerpt":{"rendered":"<p>1) aceptamos Alipay West Uni\u00f3n TT Se aceptan todas las principales tarjetas de cr\u00e9dito a trav\u00e9s del procesador de pagos seguro ESCROW. 2) El pago se debe hacer en el plazo de 3 d\u00edas de la Orden. 3) Si no puedes realizar el pago inmediatamente despu\u00e9s del cierre de la subasta, espera unos minutos y [&hellip;]<\/p>\n","protected":false},"featured_media":17781,"comment_status":"open","ping_status":"closed","template":"","meta":{"jetpack_publicize_message":"","jetpack_publicize_feature_enabled":true,"jetpack_social_post_already_shared":true,"jetpack_social_options":{"image_generator_settings":{"template":"highway","enabled":false},"version":2}},"product_brand":[],"product_cat":[15,490],"product_tag":[],"class_list":{"0":"post-17769","1":"product","2":"type-product","3":"status-publish","4":"has-post-thumbnail","6":"product_cat-otros","7":"product_cat-guantes","9":"first","10":"instock","11":"sale","12":"taxable","13":"shipping-taxable","14":"purchasable","15":"product-type-variable"},"jetpack_publicize_connections":[],"jetpack_sharing_enabled":true,"_links":{"self":[{"href":"https:\/\/bodegaoutdoor.cl\/store\/wp-json\/wp\/v2\/product\/17769","targetHints":{"allow":["GET"]}}],"collection":[{"href":"https:\/\/bodegaoutdoor.cl\/store\/wp-json\/wp\/v2\/product"}],"about":[{"href":"https:\/\/bodegaoutdoor.cl\/store\/wp-json\/wp\/v2\/types\/product"}],"replies":[{"embeddable":true,"href":"https:\/\/bodegaoutdoor.cl\/store\/wp-json\/wp\/v2\/comments?post=17769"}],"version-history":[{"count":2,"href":"https:\/\/bodegaoutdoor.cl\/store\/wp-json\/wp\/v2\/product\/17769\/revisions"}],"predecessor-version":[{"id":71204,"href":"https:\/\/bodegaoutdoor.cl\/store\/wp-json\/wp\/v2\/product\/17769\/revisions\/71204"}],"wp:featuredmedia":[{"embeddable":true,"href":"https:\/\/bodegaoutdoor.cl\/store\/wp-json\/wp\/v2\/media\/17781"}],"wp:attachment":[{"href":"https:\/\/bodegaoutdoor.cl\/store\/wp-json\/wp\/v2\/media?parent=17769"}],"wp:term":[{"taxonomy":"product_brand","embeddable":true,"href":"https:\/\/bodegaoutdoor.cl\/store\/wp-json\/wp\/v2\/product_brand?post=17769"},{"taxonomy":"product_cat","embeddable":true,"href":"https:\/\/bodegaoutdoor.cl\/store\/wp-json\/wp\/v2\/product_cat?post=17769"},{"taxonomy":"product_tag","embeddable":true,"href":"https:\/\/bodegaoutdoor.cl\/store\/wp-json\/wp\/v2\/product_tag?post=17769"}],"curies":[{"name":"wp","href":"https:\/\/api.w.org\/{rel}","templated":true}]}}