{"id":17837,"date":"2020-09-21T03:04:00","date_gmt":"2020-09-21T03:04:00","guid":{"rendered":"https:\/\/bodegaoutdoor.cl\/store\/product\/mochila-resistente-al-agua-45-l-mochila-tactica-de-viaje-para-hombre-mochila-para-exteriores-de-doble-interfaz-mochila-con-auriculares-usb-mochila-masculina\/"},"modified":"2023-05-04T19:19:19","modified_gmt":"2023-05-04T23:19:19","slug":"mochila-resistente-al-agua-45-l-doble-interfaz-mochila-con-auriculares-usb","status":"publish","type":"product","link":"https:\/\/bodegaoutdoor.cl\/store\/product\/mochila-resistente-al-agua-45-l-doble-interfaz-mochila-con-auriculares-usb\/","title":{"rendered":"Mochila resistente al agua 45 l, doble interfaz Mochila con auriculares USB"},"content":{"rendered":"<p><span style=\"font-family: comic sans ms; font-size: 18.0px;\">Mochila resistente al agua 45 l, Mochila t\u00e1ctica de viaje para hombre, Mochila para exteriores, de doble interfaz Mochila con auriculares USB, Mochila Masculina<\/span><\/p>\n<p><span style=\"font-family: comic sans ms;\">Descripci\u00f3n del producto:<\/span><\/p>\n<p>&nbsp;<\/p>\n<p><span style=\"font-family: comic sans ms;\">1. Nombre del producto: mochila t\u00e1ctica de viaje de 45 l Monta\u00f1ismo al aire libre con auriculares usb de doble interfaz<br \/>\n<\/span><\/p>\n<p>&nbsp;<\/p>\n<p><span style=\"font-family: comic sans ms;\">2. Material: tela Oxford impermeable<\/span><\/p>\n<p>&nbsp;<\/p>\n<p><span style=\"font-family: comic sans ms;\">3. Caracter\u00edsticas: Hecho de tela oxford, es impermeable correctamente. La pizarra transpirable en la espalda ventilar\u00e1 la espalda. Con bolsas integradas para tel\u00e9fonos m\u00f3viles y compartimentos para ordenadores, tiene un gran espacio. Adem\u00e1s, con interfaces duales para auriculares USB, tu tel\u00e9fono m\u00f3vil puede cargarse en cualquier momento.<\/span><\/p>\n<p><span style=\"font-family: comic sans ms;\">4. Tama\u00f1o (aproximado): ancho: 31 cm\/12,20 pulgadas, altura: 49 cm\/19,29 pulgadas, grosor: 14 cm\/5,51 pulgadas.<\/span><\/p>\n<p><span style=\"font-family: comic sans ms;\">5. Capacidad: 45 L<\/span><\/p>\n<p>&nbsp;<\/p>\n<p><span style=\"font-family: comic sans ms;\">Lista de embalaje:<\/span><\/p>\n<p><span style=\"font-family: comic sans ms;\">1 * mochila de viaje t\u00e1ctica Monta\u00f1ismo al aire libre con interfaz usb<\/span><\/p>\n<p>&nbsp;<\/p>\n<p><span style=\"font-family: comic sans ms;\"><span style=\"font-size: 18.0px; background-color: #92d050;\"><i>Tama\u00f1o:<\/i><\/span><\/span><\/p>\n<p><span style=\"font-family: comic sans ms;\"><span style=\"font-size: 18.0px; background-color: #92d050;\"><i>\u00a0<\/i><\/span><\/span><\/p>\n<p><img decoding=\"async\" src=\"\/\/ae01.alicdn.com\/kf\/HTB1BQOKXCCt61JjSZFqq6zPqpXau.jpg\" \/><\/p>\n<p><span style=\"font-size: 16.0px;\"><img decoding=\"async\" src=\"\/\/ae01.alicdn.com\/kf\/HTB1Dy7pRVXXXXbfXXXXq6xXFXXXW.jpg\" \/> <\/span><\/p>\n<p><img decoding=\"async\" src=\"\/\/ae01.alicdn.com\/kf\/HTB1PVcXXHEF6uJjSZFOq6xUvVXa1.jpg\" \/><img decoding=\"async\" src=\"\/\/ae01.alicdn.com\/kf\/HTB1gYqzmjuhSKJjSspjq6Ai8VXa3.jpg\" \/><img decoding=\"async\" src=\"\/\/ae01.alicdn.com\/kf\/HTB1u2Z1aN685uJjSZFHq6A49pXaN.jpg\" \/><img decoding=\"async\" src=\"\/\/ae01.alicdn.com\/kf\/HTB1hwK3qlUSMeJjy1zkq6yWmpXaQ.jpg\" \/><\/p>\n<p><img decoding=\"async\" src=\"\/\/ae01.alicdn.com\/kf\/HTB1rSAYaHb85uJjSZFmq6AgsFXa6.jpg\" \/><img decoding=\"async\" src=\"\/\/ae01.alicdn.com\/kf\/HTB1mA_OlvNNTKJjSspeq6ySwpXa6.jpg\" \/><img decoding=\"async\" src=\"\/\/ae01.alicdn.com\/kf\/HTB17NRSmjuhSKJjSspdq6A11XXa0.jpg\" \/><img decoding=\"async\" src=\"\/\/ae01.alicdn.com\/kf\/HTB12fDBqbsTMeJjy1zcq6xAgXXaJ.jpg\" \/><img decoding=\"async\" src=\"\/\/ae01.alicdn.com\/kf\/HTB1cww3aMn85uJjSZFBq6xzZVXa3.jpg\" \/><img decoding=\"async\" src=\"\/\/ae01.alicdn.com\/kf\/HTB1UXOYqgMPMeJjy1Xdq6ysrXXa4.jpg\" \/><img decoding=\"async\" src=\"\/\/ae01.alicdn.com\/kf\/HTB1cyjDqbsTMeJjy1zbq6AhlVXa6.jpg\" \/><img decoding=\"async\" src=\"\/\/ae01.alicdn.com\/kf\/HTB1l5DjqbsTMeJjSsziq6AdwXXan.jpg\" \/><\/p>\n<p><img decoding=\"async\" src=\"\/\/ae01.alicdn.com\/kf\/HTB16h30aG_85uJjSZFlq6xemXXaH.jpg\" \/><img decoding=\"async\" src=\"\/\/ae01.alicdn.com\/kf\/HTB1lZ.HqgoQMeJjy0Foq6AShVXax.jpg\" \/><img decoding=\"async\" src=\"\/\/ae01.alicdn.com\/kf\/HTB1zxk2aIz85uJjSZFoq6xjcpXa8.jpg\" \/><img decoding=\"async\" src=\"\/\/ae01.alicdn.com\/kf\/HTB1moM3aKn85uJjSZFvq6xIgXXas.jpg\" \/><\/p>\n<p><span style=\"font-size: 16.0px;\"><span style=\"font-size: 20.0px;\"><strong><span style=\"background-color: #95b3d7;\">La sucursal de Shenzhen recepci\u00f3n<\/span>:<\/strong><\/span> <\/span><\/p>\n<p>&nbsp;<\/p>\n\n    <div class=\"xs_social_share_widget xs_share_url after_content \t\tmain_content  wslu-style-1 wslu-share-box-shaped wslu-fill-colored wslu-none wslu-share-horizontal wslu-theme-font-no wslu-main_content\">\n\n\t\t\n        <ul>\n\t\t\t        <\/ul>\n    <\/div> \n","protected":false},"excerpt":{"rendered":"<p>Mochila resistente al agua 45 l, Mochila t\u00e1ctica de viaje para hombre, Mochila para exteriores, de doble interfaz Mochila con auriculares USB, Mochila Masculina Descripci\u00f3n del producto: &nbsp; 1. Nombre del producto: mochila t\u00e1ctica de viaje de 45 l Monta\u00f1ismo al aire libre con auriculares usb de doble interfaz &nbsp; 2. Material: tela Oxford impermeable [&hellip;]<\/p>\n","protected":false},"featured_media":17844,"comment_status":"open","ping_status":"closed","template":"","meta":{"jetpack_publicize_message":"","jetpack_publicize_feature_enabled":true,"jetpack_social_post_already_shared":true,"jetpack_social_options":{"image_generator_settings":{"template":"highway","enabled":false},"version":2}},"product_brand":[],"product_cat":[195,273],"product_tag":[],"class_list":{"0":"post-17837","1":"product","2":"type-product","3":"status-publish","4":"has-post-thumbnail","6":"product_cat-mochilas","7":"product_cat-mochilas-30-60-litros","9":"first","10":"instock","11":"sale","12":"taxable","13":"shipping-taxable","14":"purchasable","15":"product-type-variable"},"jetpack_publicize_connections":[],"jetpack_sharing_enabled":true,"_links":{"self":[{"href":"https:\/\/bodegaoutdoor.cl\/store\/wp-json\/wp\/v2\/product\/17837","targetHints":{"allow":["GET"]}}],"collection":[{"href":"https:\/\/bodegaoutdoor.cl\/store\/wp-json\/wp\/v2\/product"}],"about":[{"href":"https:\/\/bodegaoutdoor.cl\/store\/wp-json\/wp\/v2\/types\/product"}],"replies":[{"embeddable":true,"href":"https:\/\/bodegaoutdoor.cl\/store\/wp-json\/wp\/v2\/comments?post=17837"}],"version-history":[{"count":2,"href":"https:\/\/bodegaoutdoor.cl\/store\/wp-json\/wp\/v2\/product\/17837\/revisions"}],"predecessor-version":[{"id":71203,"href":"https:\/\/bodegaoutdoor.cl\/store\/wp-json\/wp\/v2\/product\/17837\/revisions\/71203"}],"wp:featuredmedia":[{"embeddable":true,"href":"https:\/\/bodegaoutdoor.cl\/store\/wp-json\/wp\/v2\/media\/17844"}],"wp:attachment":[{"href":"https:\/\/bodegaoutdoor.cl\/store\/wp-json\/wp\/v2\/media?parent=17837"}],"wp:term":[{"taxonomy":"product_brand","embeddable":true,"href":"https:\/\/bodegaoutdoor.cl\/store\/wp-json\/wp\/v2\/product_brand?post=17837"},{"taxonomy":"product_cat","embeddable":true,"href":"https:\/\/bodegaoutdoor.cl\/store\/wp-json\/wp\/v2\/product_cat?post=17837"},{"taxonomy":"product_tag","embeddable":true,"href":"https:\/\/bodegaoutdoor.cl\/store\/wp-json\/wp\/v2\/product_tag?post=17837"}],"curies":[{"name":"wp","href":"https:\/\/api.w.org\/{rel}","templated":true}]}}