{"id":17890,"date":"2020-09-21T03:09:04","date_gmt":"2020-09-21T03:09:04","guid":{"rendered":"https:\/\/bodegaoutdoor.cl\/store\/product\/juego-de-tetera-de-viaje-sistema-molle-tactico-militar-para-exteriores-bolsas-de-agua-soporte-de-botella-de-hombro-bolsa-de-botella-de-multiples-funciones\/"},"modified":"2023-05-04T19:19:19","modified_gmt":"2023-05-04T23:19:19","slug":"bolso-botella-agua-soporte-de-hombro-tactica-outdoor","status":"publish","type":"product","link":"https:\/\/bodegaoutdoor.cl\/store\/product\/bolso-botella-agua-soporte-de-hombro-tactica-outdoor\/","title":{"rendered":"Bolso Botella agua, soporte de hombro Tactica Outdoor"},"content":{"rendered":"<div style=\"margin: 0px auto;\">\n<p style=\"overflow: hidden; height: 1.0px; padding: 0; margin: 0;\">52447<\/p>\n<div style=\";text-align: center;\">\n<div style=\"text-align: center; clear: both; padding: 5px 0;\"><\/div>\n<\/div>\n<\/div>\n<div style=\"clear: both;\"><\/div>\n<p><span style=\"font-size: 18px;\"><strong>Impermeable transpirable 1 par negro impermeable senderismo polainas de escalada polainas de pierna cubre peque\u00f1o tama\u00f1o evitar nieve arena Mosquitos<\/strong><\/span><\/p>\n<div style=\"margin: 0px auto;\">\n<p>&nbsp;<\/p>\n<p style=\"font-size: 14px; font-weight: 400; color: #000000; font-style: normal; margin: 0px; background-color: #ffffff;\"><span style=\"color: #ff0000;\"><span style=\"font-size: 18px;\">Descripci\u00f3n:<\/span><\/span><\/p>\n<p style=\"font-size: 14px; font-weight: 400; color: #000000; font-style: normal; margin: 0px; background-color: #ffffff;\"><span style=\"font-size: 18px;\">100% nuevo<\/span><\/p>\n<p style=\"font-size: 14px; font-weight: 400; color: #000000; font-style: normal; margin: 0px; background-color: #ffffff;\"><span style=\"color: #262626;\"><span style=\"font-size: 18px;\">Material: oxford.<\/span><\/span><\/p>\n<p style=\"font-size: 14px; font-weight: 400; color: #000000; font-style: normal; margin: 0px; background-color: #ffffff;\"><span style=\"font-size: 18px;\">Tama\u00f1o: 11,02*6,69 pulgadas (17 cm * 28).<\/span><\/p>\n<p style=\"font-size: 14px; font-weight: 400; color: #000000; font-style: normal; margin: 0px; background-color: #ffffff;\"><span style=\"font-size: 18px;\"><span style=\"color: #ff0000;\">Caracter\u00edsticas:<\/span><\/span><\/p>\n<p>F\u00e1cil de limpiar, solo necesita limpiar suavemente con un pa\u00f1o h\u00famedo para restaurar el brillo.<\/p>\n<p>Construcci\u00f3n Simple y gen\u00e9rica f\u00e1cil de usar y llevar,<\/p>\n<p>&nbsp;<\/p>\n<p style=\"font-size: 14px; font-weight: 400; color: #000000; font-style: normal; margin: 0px; background-color: #ffffff;\"><span style=\"color: #ff0000;\"><span style=\"font-size: 18px;\">Consejo: recuerda que debido a los efectos de iluminaci\u00f3n, ajustes de brillo\/contraste del monitor, etc., puede haber algunas ligeras diferencias en el tono de color de la foto del sitio web y el art\u00edculo real.<\/span><\/span><\/p>\n<p style=\"font-size: 14px; font-weight: 400; color: #000000; font-style: normal; margin: 0px; background-color: #ffffff;\"><span style=\"color: #ff0000;\"><span style=\"font-size: 18px;\">Art\u00edculo medido a mano, podr\u00eda ser 1 cm diferente, su comprensi\u00f3n ser\u00e1 apreciada mucho.&#8221;<\/span><\/span><\/p>\n<p><img decoding=\"async\" style=\"width: 1010px;\" src=\"\/\/ae01.alicdn.com\/kf\/HTB1inK6cRWD3KVjSZKPq6yp7FXaD.jpg\" \/><\/p>\n<p><img decoding=\"async\" style=\"width: 1010px;\" src=\"\/\/ae01.alicdn.com\/kf\/HTB1DLq3cMKG3KVjSZFLq6yMvXXa0.jpg\" \/><\/p>\n<p><img decoding=\"async\" style=\"width: 1010px;\" src=\"\/\/ae01.alicdn.com\/kf\/HTB14x53cLWG3KVjSZPcq6zkbXXak.jpg\" \/><\/p>\n<p><img decoding=\"async\" style=\"width: 1010px;\" src=\"\/\/ae01.alicdn.com\/kf\/HTB1hjjXcRCw3KVjSZFuq6AAOpXax.jpg\" \/><\/p>\n<p><img decoding=\"async\" style=\"width: 1010px;\" src=\"\/\/ae01.alicdn.com\/kf\/HTB11ELuXwFY.1VjSZFnq6AFHXXaO.jpg\" \/><\/p>\n<p><img decoding=\"async\" style=\"width: 1010px;\" src=\"\/\/ae01.alicdn.com\/kf\/HTB19Gm7cRaE3KVjSZLeq6xsSFXaH.jpg\" \/><\/p>\n<p><img decoding=\"async\" style=\"width: 1010px;\" src=\"\/\/ae01.alicdn.com\/kf\/HTB1f7S3cUWF3KVjSZPhq6xclXXaV.jpg\" \/><\/p>\n<p><img decoding=\"async\" style=\"width: 1010px;\" src=\"\/\/ae01.alicdn.com\/kf\/HTB1s65QbAxz61VjSZFtq6yDSVXaB.jpg\" \/><\/p>\n<p><img decoding=\"async\" style=\"width: 1010px;\" src=\"\/\/ae01.alicdn.com\/kf\/HTB14vG3cMKG3KVjSZFLq6yMvXXaq.jpg\" \/><\/p>\n<p><img decoding=\"async\" style=\"width: 1010px;\" src=\"\/\/ae01.alicdn.com\/kf\/HTB1vC6XcG5s3KVjSZFNq6AD3FXa4.jpg\" \/><\/p>\n<p><img decoding=\"async\" style=\"width: 1010px;\" src=\"\/\/ae01.alicdn.com\/kf\/HTB1Osi_cRCw3KVjSZFlq6AJkFXaD.jpg\" \/><\/p>\n<p><img decoding=\"async\" style=\"width: 1010px;\" src=\"\/\/ae01.alicdn.com\/kf\/HTB1.O13cLWG3KVjSZFPq6xaiXXa0.jpg\" \/><\/p>\n<p><img decoding=\"async\" style=\"width: 1010px;\" src=\"\/\/ae01.alicdn.com\/kf\/HTB1Ccq_cRCw3KVjSZFlq6AJkFXaL.jpg\" \/><\/p>\n<p><img decoding=\"async\" style=\"width: 1010px;\" src=\"\/\/ae01.alicdn.com\/kf\/HTB1Zp1_cRKw3KVjSZFOq6yrDVXae.jpg\" \/><\/p>\n<p><img decoding=\"async\" style=\"width: 1010px;\" src=\"\/\/ae01.alicdn.com\/kf\/HTB1vV5_cRKw3KVjSZFOq6yrDVXak.jpg\" \/><\/p>\n<p><img decoding=\"async\" style=\"width: 1010px;\" src=\"\/\/ae01.alicdn.com\/kf\/HTB1xxO.cRKw3KVjSZTEq6AuRpXab.jpg\" \/><\/p>\n<p><img decoding=\"async\" style=\"width: 1010px;\" src=\"\/\/ae01.alicdn.com\/kf\/HTB1JFvvXwFY.1VjSZFnq6AFHXXa3.jpg\" \/><\/p>\n<p><img decoding=\"async\" style=\"width: 1010px;\" src=\"\/\/ae01.alicdn.com\/kf\/HTB1BQ_XcG1s3KVjSZFAq6x_ZXXa5.jpg\" \/><\/p>\n<p><img decoding=\"async\" style=\"width: 1010px;\" src=\"\/\/ae01.alicdn.com\/kf\/HTB1PhK9cRGw3KVjSZFwq6zQ2FXag.jpg\" \/><\/p>\n<p><img decoding=\"async\" style=\"width: 1010px;\" src=\"\/\/ae01.alicdn.com\/kf\/HTB1RpPvXwFY.1VjSZFnq6AFHXXaj.jpg\" \/><\/p>\n<p><img decoding=\"async\" style=\"width: 1010px;\" src=\"\/\/ae01.alicdn.com\/kf\/HTB1crC7cRaE3KVjSZLeq6xsSFXaQ.jpg\" \/><\/p>\n<p><img decoding=\"async\" style=\"width: 1010px;\" src=\"\/\/ae01.alicdn.com\/kf\/HTB1Hy13cUKF3KVjSZFEq6xExFXaj.jpg\" \/><\/p>\n<p><img decoding=\"async\" style=\"width: 1010px;\" src=\"\/\/ae01.alicdn.com\/kf\/HTB1xxO.cRKw3KVjSZTEq6AuRpXab.jpg\" \/><\/p>\n<p><img decoding=\"async\" style=\"width: 1010px;\" src=\"\/\/ae01.alicdn.com\/kf\/HTB1OHO7cRaE3KVjSZLeq6xsSFXae.jpg\" \/><\/p>\n<p>&nbsp;<\/p>\n<p>&nbsp;<\/p>\n<p style=\"font-size: 14px; font-weight: 400; color: #000000; font-style: normal; margin: 0px; background-color: #ffffff;\">\n<\/div>\n\n    <div class=\"xs_social_share_widget xs_share_url after_content \t\tmain_content  wslu-style-1 wslu-share-box-shaped wslu-fill-colored wslu-none wslu-share-horizontal wslu-theme-font-no wslu-main_content\">\n\n\t\t\n        <ul>\n\t\t\t        <\/ul>\n    <\/div> \n","protected":false},"excerpt":{"rendered":"<p>52447 Impermeable transpirable 1 par negro impermeable senderismo polainas de escalada polainas de pierna cubre peque\u00f1o tama\u00f1o evitar nieve arena Mosquitos &nbsp; Descripci\u00f3n: 100% nuevo Material: oxford. Tama\u00f1o: 11,02*6,69 pulgadas (17 cm * 28). Caracter\u00edsticas: F\u00e1cil de limpiar, solo necesita limpiar suavemente con un pa\u00f1o h\u00famedo para restaurar el brillo. Construcci\u00f3n Simple y gen\u00e9rica f\u00e1cil [&hellip;]<\/p>\n","protected":false},"featured_media":17906,"comment_status":"open","ping_status":"closed","template":"","meta":{"jetpack_publicize_message":"","jetpack_publicize_feature_enabled":true,"jetpack_social_post_already_shared":true,"jetpack_social_options":{"image_generator_settings":{"template":"highway","enabled":false},"version":2}},"product_brand":[],"product_cat":[274,195],"product_tag":[],"class_list":{"0":"post-17890","1":"product","2":"type-product","3":"status-publish","4":"has-post-thumbnail","6":"product_cat-bananos-otros","7":"product_cat-mochilas","9":"first","10":"instock","11":"sale","12":"taxable","13":"shipping-taxable","14":"purchasable","15":"product-type-variable"},"jetpack_publicize_connections":[],"jetpack_sharing_enabled":true,"_links":{"self":[{"href":"https:\/\/bodegaoutdoor.cl\/store\/wp-json\/wp\/v2\/product\/17890","targetHints":{"allow":["GET"]}}],"collection":[{"href":"https:\/\/bodegaoutdoor.cl\/store\/wp-json\/wp\/v2\/product"}],"about":[{"href":"https:\/\/bodegaoutdoor.cl\/store\/wp-json\/wp\/v2\/types\/product"}],"replies":[{"embeddable":true,"href":"https:\/\/bodegaoutdoor.cl\/store\/wp-json\/wp\/v2\/comments?post=17890"}],"version-history":[{"count":2,"href":"https:\/\/bodegaoutdoor.cl\/store\/wp-json\/wp\/v2\/product\/17890\/revisions"}],"predecessor-version":[{"id":71202,"href":"https:\/\/bodegaoutdoor.cl\/store\/wp-json\/wp\/v2\/product\/17890\/revisions\/71202"}],"wp:featuredmedia":[{"embeddable":true,"href":"https:\/\/bodegaoutdoor.cl\/store\/wp-json\/wp\/v2\/media\/17906"}],"wp:attachment":[{"href":"https:\/\/bodegaoutdoor.cl\/store\/wp-json\/wp\/v2\/media?parent=17890"}],"wp:term":[{"taxonomy":"product_brand","embeddable":true,"href":"https:\/\/bodegaoutdoor.cl\/store\/wp-json\/wp\/v2\/product_brand?post=17890"},{"taxonomy":"product_cat","embeddable":true,"href":"https:\/\/bodegaoutdoor.cl\/store\/wp-json\/wp\/v2\/product_cat?post=17890"},{"taxonomy":"product_tag","embeddable":true,"href":"https:\/\/bodegaoutdoor.cl\/store\/wp-json\/wp\/v2\/product_tag?post=17890"}],"curies":[{"name":"wp","href":"https:\/\/api.w.org\/{rel}","templated":true}]}}