{"id":17974,"date":"2020-09-21T03:15:44","date_gmt":"2020-09-21T03:15:44","guid":{"rendered":"https:\/\/bodegaoutdoor.cl\/store\/product\/tactico-militar-27-cartuchos-correa-de-hombro-almacenamiento-pistola-accesorios-municion-pistolera-al-aire-libre-caza-airsoft-cs-bullet-cinturones\/"},"modified":"2023-05-04T19:19:19","modified_gmt":"2023-05-04T23:19:19","slug":"cinturon-tactico-militar-27-cartuchos-correa-de-hombro-airsoft-cs-bullet","status":"publish","type":"product","link":"https:\/\/bodegaoutdoor.cl\/store\/product\/cinturon-tactico-militar-27-cartuchos-correa-de-hombro-airsoft-cs-bullet\/","title":{"rendered":"Cinturon T\u00e1ctico Militar 27 cartuchos correa de hombro Airsoft CS Bullet"},"content":{"rendered":"<div>\n<div>\n<div style=\"margin: 10px auto 0; max-width: 100%;\">\n<div style=\"margin-top: -93.35%;\">\n<div style=\"margin-left: 0.0%; margin-top: 0.0%; width: 33.3333%;\"><\/div>\n<div style=\"margin-left: 33.0%; margin-top: -46.67%; width: 33.3333%;\"><a href=\"\/\/www.aliexpress.com\/item\/detail\/4000291311119.html\" target=\"_blank\" rel=\"noopener noreferrer\"><img decoding=\"async\" style=\"width: 310px; height: 435px;\" src=\"\/\/ae01.alicdn.com\/kf\/H8e6112f02a2b4e38b7b2ff18b6613540v.png?width=310&amp;height=435&amp;hash=745\" \/><\/a><\/div>\n<div style=\"margin-left: 66.0%; margin-top: -46.67%; width: 33.3333%;\"><a href=\"\/\/www.aliexpress.com\/item\/detail\/4000562222627.html\" target=\"_blank\" rel=\"noopener noreferrer\"><img decoding=\"async\" style=\"width: 310px; height: 435px;\" src=\"\/\/ae01.alicdn.com\/kf\/H8e6112f02a2b4e38b7b2ff18b6613540v.png?width=310&amp;height=435&amp;hash=745\" \/><\/a><\/div>\n<div style=\"margin-left: 0.0%; margin-top: 0.0%; width: 33.3333%;\"><a href=\"\/\/www.aliexpress.com\/item\/detail\/4001062481326.html\" target=\"_blank\" rel=\"noopener noreferrer\"><img decoding=\"async\" style=\"width: 310px; height: 435px;\" src=\"\/\/ae01.alicdn.com\/kf\/H8e6112f02a2b4e38b7b2ff18b6613540v.png?width=310&amp;height=435&amp;hash=745\" \/><\/a><\/div>\n<div style=\"margin-left: 33.0%; margin-top: -46.67%; width: 33.3333%;\"><a href=\"\/\/www.aliexpress.com\/item\/detail\/4000290425448.html\" target=\"_blank\" rel=\"noopener noreferrer\"><img decoding=\"async\" style=\"width: 310px; height: 435px;\" src=\"\/\/ae01.alicdn.com\/kf\/H8e6112f02a2b4e38b7b2ff18b6613540v.png?width=310&amp;height=435&amp;hash=745\" \/><\/a><\/div>\n<div style=\"margin-left: 66.0%; margin-top: -46.67%; width: 33.3333%;\"><a href=\"\/\/www.aliexpress.com\/item\/detail\/4000300290102.html\" target=\"_blank\" rel=\"noopener noreferrer\"><img decoding=\"async\" style=\"width: 310px; height: 435px;\" src=\"\/\/ae01.alicdn.com\/kf\/H8e6112f02a2b4e38b7b2ff18b6613540v.png?width=310&amp;height=435&amp;hash=745\" \/><\/a><\/div>\n<\/div>\n<\/div>\n<\/div>\n<\/div>\n<div><\/div>\n<div>\n<div>\n<p><img decoding=\"async\" src=\"\/\/ae01.alicdn.com\/kf\/H9612dff9b6b84cab91010fc8d2a7b2d1q.jpg\" \/><\/p>\n<p><span style=\"font-size: 18px;\">Este cintur\u00f3n de lona nuevo y resistente puede contener hasta 27 cartuchos de escopeta en tu cintura<br \/>\nCinta el\u00e1stica fija de 27 grados<br \/>\nLa correa est\u00e1 montada en tu cintur\u00f3n para un seguimiento Pr\u00e1ctico y r\u00e1pido de la recarga<br \/>\nLienzo, resistente y ligero<br \/>\n<\/span><\/p>\n<p><span style=\"font-size: 18px;\">El paquete incluye:<br \/>\n1 x escopeta t\u00e1ctica caza Shell cintur\u00f3n de munici\u00f3n bandoler<\/span><\/p>\n<p style=\"margin: 0cm; margin-bottom: .0001pt;\"><img decoding=\"async\" style=\"font-family: Tahoma, sans-serif; font-size: 18px;\" src=\"\/\/ae01.alicdn.com\/kf\/Hd654e31c3ced4bfcbf0946e740cf130ac.jpg\" \/><\/p>\n<p style=\"margin: 0cm; margin-bottom: .0001pt;\"><img decoding=\"async\" src=\"\/\/ae01.alicdn.com\/kf\/Hf5e0ce44065a4e25b1195bdda88ae387Q.jpg\" \/><img decoding=\"async\" src=\"\/\/ae01.alicdn.com\/kf\/H8277f8f3cb0841d6a20a3cf6f461763av.jpg\" \/><img decoding=\"async\" src=\"\/\/ae01.alicdn.com\/kf\/He34979b78924418d8acb4d899362035ay.jpg\" \/><img decoding=\"async\" src=\"\/\/ae01.alicdn.com\/kf\/H077a76af0b9240a4a8a1910c305801afk.jpg\" \/><img decoding=\"async\" src=\"\/\/ae01.alicdn.com\/kf\/H2e9c098015c34642924bf2548b05d084b.jpg\" \/><img decoding=\"async\" src=\"\/\/ae01.alicdn.com\/kf\/H821be3ab867e45c3a70c7960a20c0d71h.jpg\" \/><img decoding=\"async\" src=\"\/\/ae01.alicdn.com\/kf\/H9a9ed690853d40aa8d0fe0c3863df87fj.jpg\" \/><img decoding=\"async\" src=\"\/\/ae01.alicdn.com\/kf\/H428218a063734e33bb6c7ac1a7884f5an.jpg\" \/><img decoding=\"async\" src=\"\/\/ae01.alicdn.com\/kf\/H684a3d90e77d47279d69f1620abfc48dt.jpg\" \/><img decoding=\"async\" src=\"\/\/ae01.alicdn.com\/kf\/H87e211218fd041d2919225d71e275c25k.jpg\" \/><img decoding=\"async\" src=\"\/\/ae01.alicdn.com\/kf\/H0d71bb84d7804262841c4430cb8f1de4z.jpg\" \/><img decoding=\"async\" src=\"\/\/ae01.alicdn.com\/kf\/H092d2f62bb42417f805cf2415b595b2ax.jpg\" \/><img decoding=\"async\" src=\"\/\/ae01.alicdn.com\/kf\/H3fa993748af64934a69b4ed1fb7390a2B.jpg\" \/><\/p>\n<p style=\"margin: 0cm; margin-bottom: .0001pt;\"><span lang=\"EN-US\" style=\"font-size: 9pt; font-family: Tahoma, sans-serif;\">\u00a0<\/span><\/p>\n<\/div>\n<\/div>\n\n    <div class=\"xs_social_share_widget xs_share_url after_content \t\tmain_content  wslu-style-1 wslu-share-box-shaped wslu-fill-colored wslu-none wslu-share-horizontal wslu-theme-font-no wslu-main_content\">\n\n\t\t\n        <ul>\n\t\t\t        <\/ul>\n    <\/div> \n","protected":false},"excerpt":{"rendered":"<p>Este cintur\u00f3n de lona nuevo y resistente puede contener hasta 27 cartuchos de escopeta en tu cintura Cinta el\u00e1stica fija de 27 grados La correa est\u00e1 montada en tu cintur\u00f3n para un seguimiento Pr\u00e1ctico y r\u00e1pido de la recarga Lienzo, resistente y ligero El paquete incluye: 1 x escopeta t\u00e1ctica caza Shell cintur\u00f3n de munici\u00f3n [&hellip;]<\/p>\n","protected":false},"featured_media":17978,"comment_status":"open","ping_status":"closed","template":"","meta":{"jetpack_publicize_message":"","jetpack_publicize_feature_enabled":true,"jetpack_social_post_already_shared":true,"jetpack_social_options":{"image_generator_settings":{"template":"highway","enabled":false},"version":2}},"product_brand":[],"product_cat":[487,489],"product_tag":[],"class_list":{"0":"post-17974","1":"product","2":"type-product","3":"status-publish","4":"has-post-thumbnail","6":"product_cat-airsoft","7":"product_cat-cinturones","9":"first","10":"instock","11":"sale","12":"taxable","13":"shipping-taxable","14":"purchasable","15":"product-type-variable"},"jetpack_publicize_connections":[],"jetpack_sharing_enabled":true,"_links":{"self":[{"href":"https:\/\/bodegaoutdoor.cl\/store\/wp-json\/wp\/v2\/product\/17974","targetHints":{"allow":["GET"]}}],"collection":[{"href":"https:\/\/bodegaoutdoor.cl\/store\/wp-json\/wp\/v2\/product"}],"about":[{"href":"https:\/\/bodegaoutdoor.cl\/store\/wp-json\/wp\/v2\/types\/product"}],"replies":[{"embeddable":true,"href":"https:\/\/bodegaoutdoor.cl\/store\/wp-json\/wp\/v2\/comments?post=17974"}],"version-history":[{"count":2,"href":"https:\/\/bodegaoutdoor.cl\/store\/wp-json\/wp\/v2\/product\/17974\/revisions"}],"predecessor-version":[{"id":71201,"href":"https:\/\/bodegaoutdoor.cl\/store\/wp-json\/wp\/v2\/product\/17974\/revisions\/71201"}],"wp:featuredmedia":[{"embeddable":true,"href":"https:\/\/bodegaoutdoor.cl\/store\/wp-json\/wp\/v2\/media\/17978"}],"wp:attachment":[{"href":"https:\/\/bodegaoutdoor.cl\/store\/wp-json\/wp\/v2\/media?parent=17974"}],"wp:term":[{"taxonomy":"product_brand","embeddable":true,"href":"https:\/\/bodegaoutdoor.cl\/store\/wp-json\/wp\/v2\/product_brand?post=17974"},{"taxonomy":"product_cat","embeddable":true,"href":"https:\/\/bodegaoutdoor.cl\/store\/wp-json\/wp\/v2\/product_cat?post=17974"},{"taxonomy":"product_tag","embeddable":true,"href":"https:\/\/bodegaoutdoor.cl\/store\/wp-json\/wp\/v2\/product_tag?post=17974"}],"curies":[{"name":"wp","href":"https:\/\/api.w.org\/{rel}","templated":true}]}}