{"id":18044,"date":"2020-09-21T03:24:15","date_gmt":"2020-09-21T03:24:15","guid":{"rendered":"https:\/\/bodegaoutdoor.cl\/store\/product\/molle-bolso-de-hombro-tactico-de-40l-estilo-militar-fundas-de-acampada-mochila-de-viaje-para-caza-mochila-de-escalada-multifuncional-para-exteriores\/"},"modified":"2023-05-04T19:19:19","modified_gmt":"2023-05-04T23:19:19","slug":"mochila-tactica-ourdoor-multifuncional-para-deportes-entrenamiento","status":"publish","type":"product","link":"https:\/\/bodegaoutdoor.cl\/store\/product\/mochila-tactica-ourdoor-multifuncional-para-deportes-entrenamiento\/","title":{"rendered":"Mochila tactica Ourdoor multifuncional para Deportes Entrenamiento"},"content":{"rendered":"<div style=\"margin: 0.0px; padding: 0.0px; border: 0.0px; font-size: 13.0px; line-height: inherit; font-family: arial , helvetica , sans-serif; vertical-align: baseline; color: #000000;\"><span style=\"margin: 0.0px; padding: 0.0px; border: 0.0px; font-style: inherit; font-weight: inherit; font-size: inherit; line-height: inherit; vertical-align: baseline; color: #ff0000;\"><span style=\"font-weight: bold;\"><span style=\"margin: 0.0px; padding: 0.0px; border: 0.0px; font-style: inherit; font-weight: inherit; font-size: 18.0px; line-height: inherit; vertical-align: baseline;\">Caracter\u00edsticas:<\/span><\/span><\/span><\/div>\n<ul>\n<li><span style=\"margin: 0.0px; padding: 0.0px; border: 0.0px; font-style: inherit; font-weight: inherit; font-size: 14.0px; line-height: inherit; vertical-align: baseline;\">La mochila est\u00e1 fabricada con material de nailon de alta calidad.<\/span><\/li>\n<li><span style=\"margin: 0.0px; padding: 0.0px; border: 0.0px; font-style: inherit; font-weight: inherit; font-size: 14.0px; line-height: inherit; vertical-align: baseline;\">El material es resistente al agua y puede manejar f\u00e1cilmente ambientes h\u00famedos.<\/span><\/li>\n<li><span style=\"margin: 0.0px; padding: 0.0px; border: 0.0px; font-style: inherit; font-weight: inherit; font-size: 14.0px; line-height: inherit; vertical-align: baseline;\">Dise\u00f1o Molle, cintur\u00f3n molle en la parte delantera y en los dos lados para sujetar otras bolsas.<\/span><\/li>\n<li><span style=\"margin: 0.0px; padding: 0.0px; border: 0.0px; font-style: inherit; font-weight: inherit; font-size: 14.0px; line-height: inherit; vertical-align: baseline;\">Carga grande con un gran compartimento en \u00e9l.<\/span><\/li>\n<li><span style=\"margin: 0.0px; padding: 0.0px; border: 0.0px; font-style: inherit; font-weight: inherit; font-size: 14.0px; line-height: inherit; vertical-align: baseline;\">Viene con una correa para llevar a mano y una correa de hombro ajustable.<\/span><\/li>\n<li><span style=\"margin: 0.0px; padding: 0.0px; border: 0.0px; font-style: inherit; font-weight: inherit; font-size: 14.0px; line-height: inherit; vertical-align: baseline;\">Ideal para viajes, senderismo, camping, escalada y otras actividades.<\/span><\/li>\n<\/ul>\n<div style=\"margin: 0.0px; padding: 0.0px; border: 0.0px; font-size: 13.0px; line-height: inherit; font-family: arial , helvetica , sans-serif; vertical-align: baseline; color: #000000;\"><\/div>\n<div style=\"margin: 0.0px; padding: 0.0px; border: 0.0px; font-size: 13.0px; line-height: inherit; font-family: arial , helvetica , sans-serif; vertical-align: baseline; color: #000000;\"><span style=\"margin: 0.0px; padding: 0.0px; border: 0.0px; font-style: inherit; font-weight: inherit; font-size: inherit; line-height: inherit; vertical-align: baseline; color: #ff0000;\"><span style=\"font-weight: bold;\"><span style=\"margin: 0.0px; padding: 0.0px; border: 0.0px; font-style: inherit; font-weight: inherit; font-size: 18.0px; line-height: inherit; vertical-align: baseline;\">Especificaciones:<\/span><\/span><\/span><\/div>\n<ul>\n<li><span style=\"margin: 0.0px; padding: 0.0px; border: 0.0px; font-style: inherit; font-weight: inherit; font-size: 14.0px; line-height: inherit; vertical-align: baseline;\">Material: Material de Nylon<\/span><\/li>\n<li><span style=\"margin: 0.0px; padding: 0.0px; border: 0.0px; font-style: inherit; font-weight: inherit; font-size: 14.0px; line-height: inherit; vertical-align: baseline;\">Peso: 1130g<\/span><\/li>\n<li><span style=\"margin: 0.0px; padding: 0.0px; border: 0.0px; font-style: inherit; font-weight: inherit; font-size: 14.0px; line-height: inherit; vertical-align: baseline;\">Color: BK<\/span><\/li>\n<li><span style=\"margin: 0.0px; padding: 0.0px; border: 0.0px; font-style: inherit; font-weight: inherit; font-size: 14.0px; line-height: inherit; vertical-align: baseline;\">Dimensiones: 40cm (altura) x 30cm (largo) x 20cm (ancho)<\/span><\/li>\n<\/ul>\n<p style=\"text-align: center;\"><strong><span style=\"font-size: 12.0pt;\"><img decoding=\"async\" title=\"Molle-bolso de hombro t\u00e1ctico de 40L, estilo militar, fundas de acampada, mochila de viaje para caza, mochila de escalada multifuncional para exteriores\" src=\"https:\/\/bodegaoutdoor.cl\/store\/wp-content\/uploads\/2020\/09\/18044-gqjqiv.jpg\" alt=\"Molle-bolso de hombro t\u00e1ctico de 40L, estilo militar, fundas de acampada, mochila de viaje para caza, mochila de escalada multifuncional para exteriores\" \/><br \/>\n<img decoding=\"async\" title=\"Molle-bolso de hombro t\u00e1ctico de 40L, estilo militar, fundas de acampada, mochila de viaje para caza, mochila de escalada multifuncional para exteriores\" src=\"https:\/\/bodegaoutdoor.cl\/store\/wp-content\/uploads\/2020\/09\/18044-hbu1p8.jpg\" alt=\"Molle-bolso de hombro t\u00e1ctico de 40L, estilo militar, fundas de acampada, mochila de viaje para caza, mochila de escalada multifuncional para exteriores\" \/><br \/>\n<img decoding=\"async\" title=\"Molle-bolso de hombro t\u00e1ctico de 40L, estilo militar, fundas de acampada, mochila de viaje para caza, mochila de escalada multifuncional para exteriores\" src=\"https:\/\/bodegaoutdoor.cl\/store\/wp-content\/uploads\/2020\/09\/18044-0u6l2n.jpg\" alt=\"Molle-bolso de hombro t\u00e1ctico de 40L, estilo militar, fundas de acampada, mochila de viaje para caza, mochila de escalada multifuncional para exteriores\" \/><br \/>\n<img decoding=\"async\" title=\"Molle-bolso de hombro t\u00e1ctico de 40L, estilo militar, fundas de acampada, mochila de viaje para caza, mochila de escalada multifuncional para exteriores\" src=\"https:\/\/bodegaoutdoor.cl\/store\/wp-content\/uploads\/2020\/09\/18044-w88lf0.jpg\" alt=\"Molle-bolso de hombro t\u00e1ctico de 40L, estilo militar, fundas de acampada, mochila de viaje para caza, mochila de escalada multifuncional para exteriores\" \/><br \/>\n<img decoding=\"async\" title=\"Molle-bolso de hombro t\u00e1ctico de 40L, estilo militar, fundas de acampada, mochila de viaje para caza, mochila de escalada multifuncional para exteriores\" src=\"https:\/\/bodegaoutdoor.cl\/store\/wp-content\/uploads\/2020\/09\/18044-h2s5cw.jpg\" alt=\"Molle-bolso de hombro t\u00e1ctico de 40L, estilo militar, fundas de acampada, mochila de viaje para caza, mochila de escalada multifuncional para exteriores\" \/><br \/>\n<img decoding=\"async\" title=\"Molle-bolso de hombro t\u00e1ctico de 40L, estilo militar, fundas de acampada, mochila de viaje para caza, mochila de escalada multifuncional para exteriores\" src=\"https:\/\/bodegaoutdoor.cl\/store\/wp-content\/uploads\/2020\/09\/18044-5uyaah.jpg\" alt=\"Molle-bolso de hombro t\u00e1ctico de 40L, estilo militar, fundas de acampada, mochila de viaje para caza, mochila de escalada multifuncional para exteriores\" \/><br \/>\n<img decoding=\"async\" title=\"Molle-bolso de hombro t\u00e1ctico de 40L, estilo militar, fundas de acampada, mochila de viaje para caza, mochila de escalada multifuncional para exteriores\" src=\"https:\/\/bodegaoutdoor.cl\/store\/wp-content\/uploads\/2020\/09\/18044-seed1r.jpg\" alt=\"Molle-bolso de hombro t\u00e1ctico de 40L, estilo militar, fundas de acampada, mochila de viaje para caza, mochila de escalada multifuncional para exteriores\" \/><br \/>\n<img decoding=\"async\" title=\"Molle-bolso de hombro t\u00e1ctico de 40L, estilo militar, fundas de acampada, mochila de viaje para caza, mochila de escalada multifuncional para exteriores\" src=\"https:\/\/bodegaoutdoor.cl\/store\/wp-content\/uploads\/2020\/09\/18044-c6gr95.jpg\" alt=\"Molle-bolso de hombro t\u00e1ctico de 40L, estilo militar, fundas de acampada, mochila de viaje para caza, mochila de escalada multifuncional para exteriores\" \/><br \/>\n<img decoding=\"async\" title=\"Molle-bolso de hombro t\u00e1ctico de 40L, estilo militar, fundas de acampada, mochila de viaje para caza, mochila de escalada multifuncional para exteriores\" src=\"https:\/\/bodegaoutdoor.cl\/store\/wp-content\/uploads\/2020\/09\/18044-3kjq0a.jpg\" alt=\"Molle-bolso de hombro t\u00e1ctico de 40L, estilo militar, fundas de acampada, mochila de viaje para caza, mochila de escalada multifuncional para exteriores\" \/><br \/>\n<img decoding=\"async\" title=\"Molle-bolso de hombro t\u00e1ctico de 40L, estilo militar, fundas de acampada, mochila de viaje para caza, mochila de escalada multifuncional para exteriores\" src=\"https:\/\/bodegaoutdoor.cl\/store\/wp-content\/uploads\/2020\/09\/18044-mbbqh0.jpg\" alt=\"Molle-bolso de hombro t\u00e1ctico de 40L, estilo militar, fundas de acampada, mochila de viaje para caza, mochila de escalada multifuncional para exteriores\" \/><br \/>\n<img decoding=\"async\" title=\"Molle-bolso de hombro t\u00e1ctico de 40L, estilo militar, fundas de acampada, mochila de viaje para caza, mochila de escalada multifuncional para exteriores\" src=\"https:\/\/bodegaoutdoor.cl\/store\/wp-content\/uploads\/2020\/09\/18044-luxru9.jpg\" alt=\"Molle-bolso de hombro t\u00e1ctico de 40L, estilo militar, fundas de acampada, mochila de viaje para caza, mochila de escalada multifuncional para exteriores\" \/><br \/>\n<img decoding=\"async\" title=\"Molle-bolso de hombro t\u00e1ctico de 40L, estilo militar, fundas de acampada, mochila de viaje para caza, mochila de escalada multifuncional para exteriores\" src=\"https:\/\/bodegaoutdoor.cl\/store\/wp-content\/uploads\/2020\/09\/18044-x9fzqe.jpg\" alt=\"Molle-bolso de hombro t\u00e1ctico de 40L, estilo militar, fundas de acampada, mochila de viaje para caza, mochila de escalada multifuncional para exteriores\" \/><br \/>\n<img decoding=\"async\" title=\"Molle-bolso de hombro t\u00e1ctico de 40L, estilo militar, fundas de acampada, mochila de viaje para caza, mochila de escalada multifuncional para exteriores\" src=\"https:\/\/bodegaoutdoor.cl\/store\/wp-content\/uploads\/2020\/09\/18044-spz9az.jpg\" alt=\"Molle-bolso de hombro t\u00e1ctico de 40L, estilo militar, fundas de acampada, mochila de viaje para caza, mochila de escalada multifuncional para exteriores\" \/><\/span><\/strong><\/p>\n\n    <div class=\"xs_social_share_widget xs_share_url after_content \t\tmain_content  wslu-style-1 wslu-share-box-shaped wslu-fill-colored wslu-none wslu-share-horizontal wslu-theme-font-no wslu-main_content\">\n\n\t\t\n        <ul>\n\t\t\t        <\/ul>\n    <\/div> \n","protected":false},"excerpt":{"rendered":"<p>Caracter\u00edsticas: La mochila est\u00e1 fabricada con material de nailon de alta calidad. El material es resistente al agua y puede manejar f\u00e1cilmente ambientes h\u00famedos. Dise\u00f1o Molle, cintur\u00f3n molle en la parte delantera y en los dos lados para sujetar otras bolsas. Carga grande con un gran compartimento en \u00e9l. Viene con una correa para llevar [&hellip;]<\/p>\n","protected":false},"featured_media":18047,"comment_status":"open","ping_status":"closed","template":"","meta":{"jetpack_publicize_message":"","jetpack_publicize_feature_enabled":true,"jetpack_social_post_already_shared":true,"jetpack_social_options":{"image_generator_settings":{"template":"highway","enabled":false},"version":2}},"product_brand":[],"product_cat":[195,273],"product_tag":[],"class_list":{"0":"post-18044","1":"product","2":"type-product","3":"status-publish","4":"has-post-thumbnail","6":"product_cat-mochilas","7":"product_cat-mochilas-30-60-litros","9":"first","10":"instock","11":"sale","12":"taxable","13":"shipping-taxable","14":"purchasable","15":"product-type-variable"},"jetpack_publicize_connections":[],"jetpack_sharing_enabled":true,"_links":{"self":[{"href":"https:\/\/bodegaoutdoor.cl\/store\/wp-json\/wp\/v2\/product\/18044","targetHints":{"allow":["GET"]}}],"collection":[{"href":"https:\/\/bodegaoutdoor.cl\/store\/wp-json\/wp\/v2\/product"}],"about":[{"href":"https:\/\/bodegaoutdoor.cl\/store\/wp-json\/wp\/v2\/types\/product"}],"replies":[{"embeddable":true,"href":"https:\/\/bodegaoutdoor.cl\/store\/wp-json\/wp\/v2\/comments?post=18044"}],"version-history":[{"count":1,"href":"https:\/\/bodegaoutdoor.cl\/store\/wp-json\/wp\/v2\/product\/18044\/revisions"}],"predecessor-version":[{"id":71200,"href":"https:\/\/bodegaoutdoor.cl\/store\/wp-json\/wp\/v2\/product\/18044\/revisions\/71200"}],"wp:featuredmedia":[{"embeddable":true,"href":"https:\/\/bodegaoutdoor.cl\/store\/wp-json\/wp\/v2\/media\/18047"}],"wp:attachment":[{"href":"https:\/\/bodegaoutdoor.cl\/store\/wp-json\/wp\/v2\/media?parent=18044"}],"wp:term":[{"taxonomy":"product_brand","embeddable":true,"href":"https:\/\/bodegaoutdoor.cl\/store\/wp-json\/wp\/v2\/product_brand?post=18044"},{"taxonomy":"product_cat","embeddable":true,"href":"https:\/\/bodegaoutdoor.cl\/store\/wp-json\/wp\/v2\/product_cat?post=18044"},{"taxonomy":"product_tag","embeddable":true,"href":"https:\/\/bodegaoutdoor.cl\/store\/wp-json\/wp\/v2\/product_tag?post=18044"}],"curies":[{"name":"wp","href":"https:\/\/api.w.org\/{rel}","templated":true}]}}