{"id":18114,"date":"2020-09-22T16:13:09","date_gmt":"2020-09-22T16:13:09","guid":{"rendered":"https:\/\/bodegaoutdoor.cl\/store\/product\/colchoneta-de-camping-cojin-de-asiento-colchon-plegable-de-espuma-inflable-para-exteriores-tienda-de-senderismo-picnic-en-la-playa-esterilla-para-dormir-almohadilla-a-prueba-de-humedad\/"},"modified":"2023-11-29T17:08:22","modified_gmt":"2023-11-29T20:08:22","slug":"colchoneta-de-camping-plegable-de-espuma-a-prueba-de-humedad","status":"publish","type":"product","link":"https:\/\/bodegaoutdoor.cl\/store\/product\/colchoneta-de-camping-plegable-de-espuma-a-prueba-de-humedad\/","title":{"rendered":"Colchoneta de Camping,  plegable de espuma a prueba de humedad"},"content":{"rendered":"<p><span style=\"font-size: 20px;\"><img decoding=\"async\" title=\"Colchoneta de Camping, coj\u00edn de asiento, colch\u00f3n plegable de espuma inflable para exteriores, tienda de senderismo, Picnic en la playa, esterilla para dormir, almohadilla a prueba de humedad\" src=\"https:\/\/bodegaoutdoor.cl\/store\/wp-content\/uploads\/2020\/09\/18114-zjytwv.jpg\" alt=\"Colchoneta de Camping, coj\u00edn de asiento, colch\u00f3n plegable de espuma inflable para exteriores, tienda de senderismo, Picnic en la playa, esterilla para dormir, almohadilla a prueba de humedad\" \/>Descripci\u00f3n:<br \/>\nCategor\u00edas de producto: coj\u00edn para dormir<br \/>\nAplicable: persona<br \/>\nTama\u00f1o de expansi\u00f3n: 190*56*0,2 cm\/27*9,5*0,2 cm<br \/>\nColor: negro, verde militar, Rojo<br \/>\nTela: XPE<br \/>\nEl paquete incluye:<br \/>\n1 * dormir coj\u00edn<br \/>\nNota: La luz de la fotograf\u00eda y las diferentes pantallas pueden hacer que el color del art\u00edculo en la imagen sea un poco diferente al real. El error de medici\u00f3n permitido es +\/- 1-3cm.<\/span><\/p>\n<p><img decoding=\"async\" title=\"Colchoneta de Camping, coj\u00edn de asiento, colch\u00f3n plegable de espuma inflable para exteriores, tienda de senderismo, Picnic en la playa, esterilla para dormir, almohadilla a prueba de humedad\" src=\"https:\/\/bodegaoutdoor.cl\/store\/wp-content\/uploads\/2020\/09\/18114-mpknap.jpg\" alt=\"Colchoneta de Camping, coj\u00edn de asiento, colch\u00f3n plegable de espuma inflable para exteriores, tienda de senderismo, Picnic en la playa, esterilla para dormir, almohadilla a prueba de humedad\" \/><img decoding=\"async\" title=\"Colchoneta de Camping, coj\u00edn de asiento, colch\u00f3n plegable de espuma inflable para exteriores, tienda de senderismo, Picnic en la playa, esterilla para dormir, almohadilla a prueba de humedad\" src=\"https:\/\/bodegaoutdoor.cl\/store\/wp-content\/uploads\/2020\/09\/18114-xwuipl.jpg\" alt=\"Colchoneta de Camping, coj\u00edn de asiento, colch\u00f3n plegable de espuma inflable para exteriores, tienda de senderismo, Picnic en la playa, esterilla para dormir, almohadilla a prueba de humedad\" \/><img decoding=\"async\" style=\"width: 100%;\" title=\"Colchoneta de Camping, coj\u00edn de asiento, colch\u00f3n plegable de espuma inflable para exteriores, tienda de senderismo, Picnic en la playa, esterilla para dormir, almohadilla a prueba de humedad\" src=\"https:\/\/bodegaoutdoor.cl\/store\/wp-content\/uploads\/2020\/09\/18114-iqbcd5.jpg\" alt=\"Colchoneta de Camping, coj\u00edn de asiento, colch\u00f3n plegable de espuma inflable para exteriores, tienda de senderismo, Picnic en la playa, esterilla para dormir, almohadilla a prueba de humedad\" \/><\/p>\n<p><img decoding=\"async\" title=\"Colchoneta de Camping, coj\u00edn de asiento, colch\u00f3n plegable de espuma inflable para exteriores, tienda de senderismo, Picnic en la playa, esterilla para dormir, almohadilla a prueba de humedad\" src=\"https:\/\/bodegaoutdoor.cl\/store\/wp-content\/uploads\/2020\/09\/18114-jn5bjh.jpg\" alt=\"Colchoneta de Camping, coj\u00edn de asiento, colch\u00f3n plegable de espuma inflable para exteriores, tienda de senderismo, Picnic en la playa, esterilla para dormir, almohadilla a prueba de humedad\" \/><\/p>\n<p>&nbsp;<\/p>\n<p><img decoding=\"async\" title=\"Colchoneta de Camping, coj\u00edn de asiento, colch\u00f3n plegable de espuma inflable para exteriores, tienda de senderismo, Picnic en la playa, esterilla para dormir, almohadilla a prueba de humedad\" src=\"https:\/\/bodegaoutdoor.cl\/store\/wp-content\/uploads\/2020\/09\/18114-sihehn.jpg\" alt=\"Colchoneta de Camping, coj\u00edn de asiento, colch\u00f3n plegable de espuma inflable para exteriores, tienda de senderismo, Picnic en la playa, esterilla para dormir, almohadilla a prueba de humedad\" \/><\/p>\n<p><img decoding=\"async\" style=\"width: 100%;\" title=\"Colchoneta de Camping, coj\u00edn de asiento, colch\u00f3n plegable de espuma inflable para exteriores, tienda de senderismo, Picnic en la playa, esterilla para dormir, almohadilla a prueba de humedad\" src=\"https:\/\/bodegaoutdoor.cl\/store\/wp-content\/uploads\/2020\/09\/18114-usrxac.jpg\" alt=\"Colchoneta de Camping, coj\u00edn de asiento, colch\u00f3n plegable de espuma inflable para exteriores, tienda de senderismo, Picnic en la playa, esterilla para dormir, almohadilla a prueba de humedad\" \/><br \/>\n<img decoding=\"async\" style=\"width: 100%;\" title=\"Colchoneta de Camping, coj\u00edn de asiento, colch\u00f3n plegable de espuma inflable para exteriores, tienda de senderismo, Picnic en la playa, esterilla para dormir, almohadilla a prueba de humedad\" src=\"https:\/\/bodegaoutdoor.cl\/store\/wp-content\/uploads\/2020\/09\/18114-mtlnrx.jpg\" alt=\"Colchoneta de Camping, coj\u00edn de asiento, colch\u00f3n plegable de espuma inflable para exteriores, tienda de senderismo, Picnic en la playa, esterilla para dormir, almohadilla a prueba de humedad\" \/><br \/>\n<img decoding=\"async\" style=\"width: 100%;\" title=\"Colchoneta de Camping, coj\u00edn de asiento, colch\u00f3n plegable de espuma inflable para exteriores, tienda de senderismo, Picnic en la playa, esterilla para dormir, almohadilla a prueba de humedad\" src=\"https:\/\/bodegaoutdoor.cl\/store\/wp-content\/uploads\/2020\/09\/18114-dtbdra.jpg\" alt=\"Colchoneta de Camping, coj\u00edn de asiento, colch\u00f3n plegable de espuma inflable para exteriores, tienda de senderismo, Picnic en la playa, esterilla para dormir, almohadilla a prueba de humedad\" \/><\/p>\n<p><img decoding=\"async\" style=\"width: 100%;\" title=\"Colchoneta de Camping, coj\u00edn de asiento, colch\u00f3n plegable de espuma inflable para exteriores, tienda de senderismo, Picnic en la playa, esterilla para dormir, almohadilla a prueba de humedad\" src=\"https:\/\/bodegaoutdoor.cl\/store\/wp-content\/uploads\/2020\/09\/18114-hh4zfc.jpg\" alt=\"Colchoneta de Camping, coj\u00edn de asiento, colch\u00f3n plegable de espuma inflable para exteriores, tienda de senderismo, Picnic en la playa, esterilla para dormir, almohadilla a prueba de humedad\" \/><br \/>\n<img decoding=\"async\" style=\"width: 100%;\" title=\"Colchoneta de Camping, coj\u00edn de asiento, colch\u00f3n plegable de espuma inflable para exteriores, tienda de senderismo, Picnic en la playa, esterilla para dormir, almohadilla a prueba de humedad\" src=\"https:\/\/bodegaoutdoor.cl\/store\/wp-content\/uploads\/2020\/09\/18114-cpx1ey.jpg\" alt=\"Colchoneta de Camping, coj\u00edn de asiento, colch\u00f3n plegable de espuma inflable para exteriores, tienda de senderismo, Picnic en la playa, esterilla para dormir, almohadilla a prueba de humedad\" \/><\/p>\n\n    <div class=\"xs_social_share_widget xs_share_url after_content \t\tmain_content  wslu-style-1 wslu-share-box-shaped wslu-fill-colored wslu-none wslu-share-horizontal wslu-theme-font-no wslu-main_content\">\n\n\t\t\n        <ul>\n\t\t\t        <\/ul>\n    <\/div> \n","protected":false},"excerpt":{"rendered":"<p>Descripci\u00f3n: Categor\u00edas de producto: coj\u00edn para dormir Aplicable: persona Tama\u00f1o de expansi\u00f3n: 190*56*0,2 cm\/27*9,5*0,2 cm Color: negro, verde militar, Rojo Tela: XPE El paquete incluye: 1 * dormir coj\u00edn Nota: La luz de la fotograf\u00eda y las diferentes pantallas pueden hacer que el color del art\u00edculo en la imagen sea un poco diferente al real. [&hellip;]<\/p>\n","protected":false},"featured_media":18119,"comment_status":"open","ping_status":"closed","template":"","meta":{"jetpack_publicize_message":"","jetpack_publicize_feature_enabled":true,"jetpack_social_post_already_shared":true,"jetpack_social_options":{"image_generator_settings":{"template":"highway","enabled":false},"version":2}},"product_brand":[],"product_cat":[710],"product_tag":[],"class_list":{"0":"post-18114","1":"product","2":"type-product","3":"status-publish","4":"has-post-thumbnail","6":"product_cat-colchonetas-camping","8":"first","9":"instock","10":"sale","11":"taxable","12":"shipping-taxable","13":"purchasable","14":"product-type-variable"},"jetpack_publicize_connections":[],"jetpack_sharing_enabled":true,"_links":{"self":[{"href":"https:\/\/bodegaoutdoor.cl\/store\/wp-json\/wp\/v2\/product\/18114","targetHints":{"allow":["GET"]}}],"collection":[{"href":"https:\/\/bodegaoutdoor.cl\/store\/wp-json\/wp\/v2\/product"}],"about":[{"href":"https:\/\/bodegaoutdoor.cl\/store\/wp-json\/wp\/v2\/types\/product"}],"replies":[{"embeddable":true,"href":"https:\/\/bodegaoutdoor.cl\/store\/wp-json\/wp\/v2\/comments?post=18114"}],"version-history":[{"count":2,"href":"https:\/\/bodegaoutdoor.cl\/store\/wp-json\/wp\/v2\/product\/18114\/revisions"}],"predecessor-version":[{"id":71199,"href":"https:\/\/bodegaoutdoor.cl\/store\/wp-json\/wp\/v2\/product\/18114\/revisions\/71199"}],"wp:featuredmedia":[{"embeddable":true,"href":"https:\/\/bodegaoutdoor.cl\/store\/wp-json\/wp\/v2\/media\/18119"}],"wp:attachment":[{"href":"https:\/\/bodegaoutdoor.cl\/store\/wp-json\/wp\/v2\/media?parent=18114"}],"wp:term":[{"taxonomy":"product_brand","embeddable":true,"href":"https:\/\/bodegaoutdoor.cl\/store\/wp-json\/wp\/v2\/product_brand?post=18114"},{"taxonomy":"product_cat","embeddable":true,"href":"https:\/\/bodegaoutdoor.cl\/store\/wp-json\/wp\/v2\/product_cat?post=18114"},{"taxonomy":"product_tag","embeddable":true,"href":"https:\/\/bodegaoutdoor.cl\/store\/wp-json\/wp\/v2\/product_tag?post=18114"}],"curies":[{"name":"wp","href":"https:\/\/api.w.org\/{rel}","templated":true}]}}