{"id":18170,"date":"2020-09-23T15:11:24","date_gmt":"2020-09-23T15:11:24","guid":{"rendered":"https:\/\/bodegaoutdoor.cl\/store\/product\/cuchillo-multifuncion-11-en-1-para-tarjetas-de-credito-para-exteriores-cuchillo-tactico-para-supervivencia-campamento-caza-cuchillo-multiherramienta-de-bolsillo-para-mano\/"},"modified":"2023-05-04T19:19:19","modified_gmt":"2023-05-04T23:19:19","slug":"tarjetas-multifuncion-11-en-1-multiherramienta-de-bolsillo-supervivencia","status":"publish","type":"product","link":"https:\/\/bodegaoutdoor.cl\/store\/product\/tarjetas-multifuncion-11-en-1-multiherramienta-de-bolsillo-supervivencia\/","title":{"rendered":"Tarjetas  multifunci\u00f3n 11 en 1  multiherramienta de bolsillo Supervivencia"},"content":{"rendered":"<div>\n<div>\n<p>Nota: La tarjeta pertenece a los objetos duros de acero afilado, \u00a1ll\u00e9valo o \u00fasalo cuidadosamente!<\/p>\n<p>-Enlatado arriba: abra las latas de esta\u00f1o, el gancho en la superficie del mismo borde de la boca.<br \/>\n-El cuchillo lateral: pero las cuerdas de corte, despu\u00e9s del lavado tambi\u00e9n se pueden cortar fruta.<br \/>\n-Un tornillo hacia arriba: capaz de el\u00e1stica los tipos de tornillos m\u00e1s utilizados.<br \/>\n-Regla: escala m\u00e9trica cm, escala m\u00ednima en mil\u00edmetros.<br \/>\n-Botella: adecuada para cerveza, la apertura de bebidas como tapa.<br \/>\n-Fuera de la llave hexagonal: adecuada para el\u00e1stico de cuatro tipos diferentes de tornillos y tuercas atadas.<br \/>\n-Llave ajustable: Principio de palanca, perno especial puede ser plana o redonda superior, o romper objetos duros planos.<br \/>\n-Doble fila entrecruzada vio mal: Para Sierra ramas de madera, y la eliminaci\u00f3n de escalas, etc.<br \/>\n-La Direcci\u00f3n del reconocimiento: se pierde en un bosque o en un desierto no puede entrar en la direcci\u00f3n clara, referida en el mapa en la direcci\u00f3n de la br\u00fajula, el reconocimiento y hueco fuera del c\u00edrculo en el mapa actual de ubicaci\u00f3n aproximada, a trav\u00e9s de 16 rodamiento de escala, el uso de indirecto constantemente, limpiar la direcci\u00f3n del destino.<br \/>\n-Llave de posicionamiento: La funci\u00f3n es m\u00e1s peque\u00f1a que el modelo 6 de dos tipos diferentes de seis llegadas wrenc.<br \/>\n-Agujero redondo: se puede colgar en el llavero.<br \/>\n-Tama\u00f1o (embalado): 28,5*17,5*32,5 cm<br \/>\n-Material: acero inoxidable 420<\/p>\n<p>El paquete incluye:<br \/>\n1 x herramientas port\u00e1tiles multifunci\u00f3n<\/p>\n<p id=\"combine-desc-images\"><img decoding=\"async\" style=\"margin: 0 auto;\" title=\"Cuchillo multifunci\u00f3n 11 en 1 para tarjetas de cr\u00e9dito para exteriores, cuchillo t\u00e1ctico para supervivencia, Campamento, caza, cuchillo multiherramienta de bolsillo para mano\" src=\"https:\/\/bodegaoutdoor.cl\/store\/wp-content\/uploads\/2020\/09\/18170-83s3uj.jpg\" alt=\"Cuchillo multifunci\u00f3n 11 en 1 para tarjetas de cr\u00e9dito para exteriores, cuchillo t\u00e1ctico para supervivencia, Campamento, caza, cuchillo multiherramienta de bolsillo para mano\" \/><img decoding=\"async\" style=\"margin: 0 auto;\" title=\"Cuchillo multifunci\u00f3n 11 en 1 para tarjetas de cr\u00e9dito para exteriores, cuchillo t\u00e1ctico para supervivencia, Campamento, caza, cuchillo multiherramienta de bolsillo para mano\" src=\"https:\/\/bodegaoutdoor.cl\/store\/wp-content\/uploads\/2020\/09\/18170-l1qvhc.jpg\" alt=\"Cuchillo multifunci\u00f3n 11 en 1 para tarjetas de cr\u00e9dito para exteriores, cuchillo t\u00e1ctico para supervivencia, Campamento, caza, cuchillo multiherramienta de bolsillo para mano\" \/><img decoding=\"async\" style=\"margin: 0 auto;\" title=\"Cuchillo multifunci\u00f3n 11 en 1 para tarjetas de cr\u00e9dito para exteriores, cuchillo t\u00e1ctico para supervivencia, Campamento, caza, cuchillo multiherramienta de bolsillo para mano\" src=\"https:\/\/bodegaoutdoor.cl\/store\/wp-content\/uploads\/2020\/09\/18170-upinn2.jpg\" alt=\"Cuchillo multifunci\u00f3n 11 en 1 para tarjetas de cr\u00e9dito para exteriores, cuchillo t\u00e1ctico para supervivencia, Campamento, caza, cuchillo multiherramienta de bolsillo para mano\" \/><img decoding=\"async\" style=\"margin: 0 auto;\" title=\"Cuchillo multifunci\u00f3n 11 en 1 para tarjetas de cr\u00e9dito para exteriores, cuchillo t\u00e1ctico para supervivencia, Campamento, caza, cuchillo multiherramienta de bolsillo para mano\" src=\"https:\/\/bodegaoutdoor.cl\/store\/wp-content\/uploads\/2020\/09\/18170-grm8us.jpg\" alt=\"Cuchillo multifunci\u00f3n 11 en 1 para tarjetas de cr\u00e9dito para exteriores, cuchillo t\u00e1ctico para supervivencia, Campamento, caza, cuchillo multiherramienta de bolsillo para mano\" \/><img decoding=\"async\" style=\"margin: 0 auto;\" title=\"Cuchillo multifunci\u00f3n 11 en 1 para tarjetas de cr\u00e9dito para exteriores, cuchillo t\u00e1ctico para supervivencia, Campamento, caza, cuchillo multiherramienta de bolsillo para mano\" src=\"https:\/\/bodegaoutdoor.cl\/store\/wp-content\/uploads\/2020\/09\/18170-3zrtkb.jpg\" alt=\"Cuchillo multifunci\u00f3n 11 en 1 para tarjetas de cr\u00e9dito para exteriores, cuchillo t\u00e1ctico para supervivencia, Campamento, caza, cuchillo multiherramienta de bolsillo para mano\" \/><img decoding=\"async\" style=\"margin: 0 auto;\" title=\"Cuchillo multifunci\u00f3n 11 en 1 para tarjetas de cr\u00e9dito para exteriores, cuchillo t\u00e1ctico para supervivencia, Campamento, caza, cuchillo multiherramienta de bolsillo para mano\" src=\"https:\/\/bodegaoutdoor.cl\/store\/wp-content\/uploads\/2020\/09\/18170-kvjcbt.jpg\" alt=\"Cuchillo multifunci\u00f3n 11 en 1 para tarjetas de cr\u00e9dito para exteriores, cuchillo t\u00e1ctico para supervivencia, Campamento, caza, cuchillo multiherramienta de bolsillo para mano\" \/><img decoding=\"async\" style=\"margin: 0 auto;\" title=\"Cuchillo multifunci\u00f3n 11 en 1 para tarjetas de cr\u00e9dito para exteriores, cuchillo t\u00e1ctico para supervivencia, Campamento, caza, cuchillo multiherramienta de bolsillo para mano\" src=\"https:\/\/bodegaoutdoor.cl\/store\/wp-content\/uploads\/2020\/09\/18170-tkpeux.jpg\" alt=\"Cuchillo multifunci\u00f3n 11 en 1 para tarjetas de cr\u00e9dito para exteriores, cuchillo t\u00e1ctico para supervivencia, Campamento, caza, cuchillo multiherramienta de bolsillo para mano\" \/><img decoding=\"async\" style=\"margin: 0 auto;\" title=\"Cuchillo multifunci\u00f3n 11 en 1 para tarjetas de cr\u00e9dito para exteriores, cuchillo t\u00e1ctico para supervivencia, Campamento, caza, cuchillo multiherramienta de bolsillo para mano\" src=\"https:\/\/bodegaoutdoor.cl\/store\/wp-content\/uploads\/2020\/09\/18170-uicxal.jpg\" alt=\"Cuchillo multifunci\u00f3n 11 en 1 para tarjetas de cr\u00e9dito para exteriores, cuchillo t\u00e1ctico para supervivencia, Campamento, caza, cuchillo multiherramienta de bolsillo para mano\" \/><img decoding=\"async\" style=\"margin: 0 auto;\" title=\"Cuchillo multifunci\u00f3n 11 en 1 para tarjetas de cr\u00e9dito para exteriores, cuchillo t\u00e1ctico para supervivencia, Campamento, caza, cuchillo multiherramienta de bolsillo para mano\" src=\"https:\/\/bodegaoutdoor.cl\/store\/wp-content\/uploads\/2020\/09\/18170-zw1hb5.jpg\" alt=\"Cuchillo multifunci\u00f3n 11 en 1 para tarjetas de cr\u00e9dito para exteriores, cuchillo t\u00e1ctico para supervivencia, Campamento, caza, cuchillo multiherramienta de bolsillo para mano\" \/><\/p>\n<\/div>\n<\/div>\n\n    <div class=\"xs_social_share_widget xs_share_url after_content \t\tmain_content  wslu-style-1 wslu-share-box-shaped wslu-fill-colored wslu-none wslu-share-horizontal wslu-theme-font-no wslu-main_content\">\n\n\t\t\n        <ul>\n\t\t\t        <\/ul>\n    <\/div> \n","protected":false},"excerpt":{"rendered":"<div class=\"woocommerce-product-details__short-description\">\n<div class=\"woocommerce-product-details__short-description\">\n<div class=\"woocommerce-product-details__short-description\">\n<div class=\"woocommerce-product-details__short-description\">\n<div class=\"woocommerce-product-details__short-description\">\n<div class=\"woocommerce-product-details__short-description\">\n<p><span style=\"color: #ff0000;\"><strong>PRECIO MAYOR M\u00cdNIMO 3 UNIDADES\u00a0 $ 6.000 c\/u<\/strong><\/span><\/p>\n<\/div>\n<\/div>\n<\/div>\n<\/div>\n<\/div>\n<\/div>\n<div class=\"woocommerce-product-details__short-description\">\n<div class=\"woocommerce-product-details__short-description\">\n<div class=\"woocommerce-product-details__short-description\">\n<p class=\"price\">\n<\/div>\n<\/div>\n<\/div>\n<p class=\"price\">\n","protected":false},"featured_media":18183,"comment_status":"open","ping_status":"closed","template":"","meta":{"jetpack_publicize_message":"","jetpack_publicize_feature_enabled":true,"jetpack_social_post_already_shared":true,"jetpack_social_options":{"image_generator_settings":{"template":"highway","enabled":false},"version":2}},"product_brand":[],"product_cat":[15,64],"product_tag":[2162,1287,779,2672,2044],"class_list":{"0":"post-18170","1":"product","2":"type-product","3":"status-publish","4":"has-post-thumbnail","6":"product_cat-otros","7":"product_cat-accessories","8":"product_tag-herramienta","9":"product_tag-militar","10":"product_tag-sos","11":"product_tag-supervivencia","12":"product_tag-tactico","14":"first","15":"instock","16":"sale","17":"taxable","18":"shipping-taxable","19":"purchasable","20":"product-type-variable"},"jetpack_publicize_connections":[],"jetpack_sharing_enabled":true,"_links":{"self":[{"href":"https:\/\/bodegaoutdoor.cl\/store\/wp-json\/wp\/v2\/product\/18170","targetHints":{"allow":["GET"]}}],"collection":[{"href":"https:\/\/bodegaoutdoor.cl\/store\/wp-json\/wp\/v2\/product"}],"about":[{"href":"https:\/\/bodegaoutdoor.cl\/store\/wp-json\/wp\/v2\/types\/product"}],"replies":[{"embeddable":true,"href":"https:\/\/bodegaoutdoor.cl\/store\/wp-json\/wp\/v2\/comments?post=18170"}],"version-history":[{"count":1,"href":"https:\/\/bodegaoutdoor.cl\/store\/wp-json\/wp\/v2\/product\/18170\/revisions"}],"predecessor-version":[{"id":71197,"href":"https:\/\/bodegaoutdoor.cl\/store\/wp-json\/wp\/v2\/product\/18170\/revisions\/71197"}],"wp:featuredmedia":[{"embeddable":true,"href":"https:\/\/bodegaoutdoor.cl\/store\/wp-json\/wp\/v2\/media\/18183"}],"wp:attachment":[{"href":"https:\/\/bodegaoutdoor.cl\/store\/wp-json\/wp\/v2\/media?parent=18170"}],"wp:term":[{"taxonomy":"product_brand","embeddable":true,"href":"https:\/\/bodegaoutdoor.cl\/store\/wp-json\/wp\/v2\/product_brand?post=18170"},{"taxonomy":"product_cat","embeddable":true,"href":"https:\/\/bodegaoutdoor.cl\/store\/wp-json\/wp\/v2\/product_cat?post=18170"},{"taxonomy":"product_tag","embeddable":true,"href":"https:\/\/bodegaoutdoor.cl\/store\/wp-json\/wp\/v2\/product_tag?post=18170"}],"curies":[{"name":"wp","href":"https:\/\/api.w.org\/{rel}","templated":true}]}}