{"id":18185,"date":"2020-09-23T15:11:36","date_gmt":"2020-09-23T15:11:36","guid":{"rendered":"https:\/\/bodegaoutdoor.cl\/store\/product\/pala-plegable-portatil-militar-multifuncion-de-acero-inoxidable-pala-de-supervivencia-paleta-de-jardin-herramienta-para-acampar-al-aire-libre-herramientas-de-jardin\/"},"modified":"2023-05-04T19:19:19","modified_gmt":"2023-05-04T23:19:19","slug":"pala-plegable-portatil-militar-multifuncion-de-acero-inoxidable-pala-de-supervivencia","status":"publish","type":"product","link":"https:\/\/bodegaoutdoor.cl\/store\/product\/pala-plegable-portatil-militar-multifuncion-de-acero-inoxidable-pala-de-supervivencia\/","title":{"rendered":"Pala plegable port\u00e1til militar multifunci\u00f3n de acero inoxidable, pala de supervivencia"},"content":{"rendered":"<div>\n<div style=\"margin: 0px auto;\">\n<p style=\"overflow: hidden; height: 1.0px; padding: 0; margin: 0;\">67069<\/p>\n<\/div>\n<\/div>\n<div>\n<div>\n<div>\n<div>\n<div style=\"margin: 0px auto;\">\n<div style=\"clear: both;\"><span style=\"font-size: 18px;\">Color: Negro<\/span><br \/>\n<span style=\"font-size: 18px;\">Material: acero 45 #<\/span><br \/>\n<span style=\"font-size: 18px;\">Tama\u00f1o extendido: 420*95*20mm<\/span><br \/>\n<span style=\"font-size: 18px;\">Tama\u00f1o plegado: 170*95*20mm<\/span><br \/>\n<span style=\"font-size: 18px;\">Cantidad: 1 Uds<\/span><\/div>\n<div style=\"clear: both;\"><span style=\"font-size: 18px;\">Lista de paquetes:<\/span><br \/>\n<span style=\"font-size: 18px;\">1 * Pala plegable<\/span><br \/>\n<span style=\"font-size: 18px;\">1 * Paquete de cintur\u00f3n de adhesi\u00f3n<\/span><\/div>\n<div style=\"clear: both;\"><span style=\"font-size: 18px;\">Caracter\u00edsticas:<\/span><br \/>\n<span style=\"font-size: 18px;\">&lt;Multifunci\u00f3n: se puede utilizar como palas, p\u00faas, sierras, br\u00fajula y abrebotellas.<\/span><br \/>\n<span style=\"font-size: 18px;\">&lt;Aplicaci\u00f3n: Ideal para camping, senderismo, defensa personal, mochilero, pesca, caza, jardiner\u00eda u otras actividades al aire libre.<\/span><br \/>\n<span style=\"font-size: 18px;\">&lt;uso: Herramienta para jardineros, supervivencia, cazadores, campistas y m\u00e1s.<\/span><br \/>\n<span style=\"font-size: 18px;\">&lt;duradero: est\u00e1 hecho de acero 45 #, que es de alta resistencia y resistente al desgaste.<\/span><br \/>\n<span style=\"font-size: 18px;\">&lt;Port\u00e1til: esta pala se pliega y cabe en una pr\u00e1ctica bolsa de transporte para llevar a tu lado. Es f\u00e1cil para usted colgarlo en su cintur\u00f3n despu\u00e9s de plegar el art\u00edculo.<\/span><\/div>\n<div style=\"clear: both;\"><span style=\"font-size: 18px;\">Notas:<\/span><br \/>\n<span style=\"font-size: 18px;\">1. Permite diferencias de 1-3mm debido a la medici\u00f3n manual, \u00a1Gracias por tu comprensi\u00f3n!<\/span><br \/>\n<span style=\"font-size: 18px;\">2. Debido a la diferencia entre diferentes monitores, ten en cuenta que la imagen puede no reflejar el color real del art\u00edculo.<\/span><\/div>\n<\/div>\n<div style=\"clear: both;\">\n<p><img decoding=\"async\" style=\"width: 800px;\" title=\"Pala plegable port\u00e1til militar multifunci\u00f3n de acero inoxidable, pala de supervivencia, paleta de jard\u00edn, herramienta para acampar al aire libre, herramientas de jard\u00edn\" src=\"https:\/\/bodegaoutdoor.cl\/store\/wp-content\/uploads\/2020\/09\/18185-5v896t.jpg\" alt=\"Pala plegable port\u00e1til militar multifunci\u00f3n de acero inoxidable, pala de supervivencia, paleta de jard\u00edn, herramienta para acampar al aire libre, herramientas de jard\u00edn\" \/><\/p>\n<p><img decoding=\"async\" style=\"width: 800px;\" title=\"Pala plegable port\u00e1til militar multifunci\u00f3n de acero inoxidable, pala de supervivencia, paleta de jard\u00edn, herramienta para acampar al aire libre, herramientas de jard\u00edn\" src=\"https:\/\/bodegaoutdoor.cl\/store\/wp-content\/uploads\/2020\/09\/18185-rewjrk.jpg\" alt=\"Pala plegable port\u00e1til militar multifunci\u00f3n de acero inoxidable, pala de supervivencia, paleta de jard\u00edn, herramienta para acampar al aire libre, herramientas de jard\u00edn\" \/><\/p>\n<p><img decoding=\"async\" style=\"width: 800px;\" title=\"Pala plegable port\u00e1til militar multifunci\u00f3n de acero inoxidable, pala de supervivencia, paleta de jard\u00edn, herramienta para acampar al aire libre, herramientas de jard\u00edn\" src=\"https:\/\/bodegaoutdoor.cl\/store\/wp-content\/uploads\/2020\/09\/18185-7yzymu.jpg\" alt=\"Pala plegable port\u00e1til militar multifunci\u00f3n de acero inoxidable, pala de supervivencia, paleta de jard\u00edn, herramienta para acampar al aire libre, herramientas de jard\u00edn\" \/><\/p>\n<p><img decoding=\"async\" style=\"width: 800px;\" title=\"Pala plegable port\u00e1til militar multifunci\u00f3n de acero inoxidable, pala de supervivencia, paleta de jard\u00edn, herramienta para acampar al aire libre, herramientas de jard\u00edn\" src=\"https:\/\/bodegaoutdoor.cl\/store\/wp-content\/uploads\/2020\/09\/18185-lp82vn.jpg\" alt=\"Pala plegable port\u00e1til militar multifunci\u00f3n de acero inoxidable, pala de supervivencia, paleta de jard\u00edn, herramienta para acampar al aire libre, herramientas de jard\u00edn\" \/><\/p>\n<p><img decoding=\"async\" style=\"width: 800px;\" title=\"Pala plegable port\u00e1til militar multifunci\u00f3n de acero inoxidable, pala de supervivencia, paleta de jard\u00edn, herramienta para acampar al aire libre, herramientas de jard\u00edn\" src=\"https:\/\/bodegaoutdoor.cl\/store\/wp-content\/uploads\/2020\/09\/18185-pjp91o.jpg\" alt=\"Pala plegable port\u00e1til militar multifunci\u00f3n de acero inoxidable, pala de supervivencia, paleta de jard\u00edn, herramienta para acampar al aire libre, herramientas de jard\u00edn\" \/><\/p>\n<p><img decoding=\"async\" style=\"width: 800px;\" title=\"Pala plegable port\u00e1til militar multifunci\u00f3n de acero inoxidable, pala de supervivencia, paleta de jard\u00edn, herramienta para acampar al aire libre, herramientas de jard\u00edn\" src=\"https:\/\/bodegaoutdoor.cl\/store\/wp-content\/uploads\/2020\/09\/18185-jbboi4.jpg\" alt=\"Pala plegable port\u00e1til militar multifunci\u00f3n de acero inoxidable, pala de supervivencia, paleta de jard\u00edn, herramienta para acampar al aire libre, herramientas de jard\u00edn\" \/><\/p>\n<p><img decoding=\"async\" style=\"width: 800px;\" title=\"Pala plegable port\u00e1til militar multifunci\u00f3n de acero inoxidable, pala de supervivencia, paleta de jard\u00edn, herramienta para acampar al aire libre, herramientas de jard\u00edn\" src=\"https:\/\/bodegaoutdoor.cl\/store\/wp-content\/uploads\/2020\/09\/18185-r8jqur.jpg\" alt=\"Pala plegable port\u00e1til militar multifunci\u00f3n de acero inoxidable, pala de supervivencia, paleta de jard\u00edn, herramienta para acampar al aire libre, herramientas de jard\u00edn\" \/><\/p>\n<p><img decoding=\"async\" style=\"width: 800px;\" title=\"Pala plegable port\u00e1til militar multifunci\u00f3n de acero inoxidable, pala de supervivencia, paleta de jard\u00edn, herramienta para acampar al aire libre, herramientas de jard\u00edn\" src=\"https:\/\/bodegaoutdoor.cl\/store\/wp-content\/uploads\/2020\/09\/18185-ougni0.jpg\" alt=\"Pala plegable port\u00e1til militar multifunci\u00f3n de acero inoxidable, pala de supervivencia, paleta de jard\u00edn, herramienta para acampar al aire libre, herramientas de jard\u00edn\" \/><\/p>\n<p><img decoding=\"async\" style=\"width: 800px;\" title=\"Pala plegable port\u00e1til militar multifunci\u00f3n de acero inoxidable, pala de supervivencia, paleta de jard\u00edn, herramienta para acampar al aire libre, herramientas de jard\u00edn\" src=\"https:\/\/bodegaoutdoor.cl\/store\/wp-content\/uploads\/2020\/09\/18185-msgmqc.jpg\" alt=\"Pala plegable port\u00e1til militar multifunci\u00f3n de acero inoxidable, pala de supervivencia, paleta de jard\u00edn, herramienta para acampar al aire libre, herramientas de jard\u00edn\" \/><\/p>\n<p><img decoding=\"async\" style=\"width: 800px;\" title=\"Pala plegable port\u00e1til militar multifunci\u00f3n de acero inoxidable, pala de supervivencia, paleta de jard\u00edn, herramienta para acampar al aire libre, herramientas de jard\u00edn\" src=\"https:\/\/bodegaoutdoor.cl\/store\/wp-content\/uploads\/2020\/09\/18185-6gjeob.jpg\" alt=\"Pala plegable port\u00e1til militar multifunci\u00f3n de acero inoxidable, pala de supervivencia, paleta de jard\u00edn, herramienta para acampar al aire libre, herramientas de jard\u00edn\" \/><\/p>\n<p><img decoding=\"async\" style=\"width: 800px;\" title=\"Pala plegable port\u00e1til militar multifunci\u00f3n de acero inoxidable, pala de supervivencia, paleta de jard\u00edn, herramienta para acampar al aire libre, herramientas de jard\u00edn\" src=\"https:\/\/bodegaoutdoor.cl\/store\/wp-content\/uploads\/2020\/09\/18185-vi9tdb.jpg\" alt=\"Pala plegable port\u00e1til militar multifunci\u00f3n de acero inoxidable, pala de supervivencia, paleta de jard\u00edn, herramienta para acampar al aire libre, herramientas de jard\u00edn\" \/><\/p>\n<\/div>\n<div style=\"clear: both;\"><\/div>\n<p>&nbsp;<\/p>\n<p style=\"vertical-align: baseline; text-align: center; margin: 0pt; padding: 0pt;\" align=\"center\"><span style=\"font-size: 21pt; font-family: Arial;\">.<\/span><b><span style=\"font-size: 21pt; font-family: Arial; font-weight: bold;\">Env\u00edo<\/span><\/b><span style=\"font-size: 21pt; font-family: Arial;\">.<\/span><\/p>\n<p style=\"vertical-align: baseline; background: #ffffff; text-align: center; margin: 0pt; line-height: 15pt; padding: 0pt;\" align=\"center\"><img fetchpriority=\"high\" decoding=\"async\" title=\"Pala plegable port\u00e1til militar multifunci\u00f3n de acero inoxidable, pala de supervivencia, paleta de jard\u00edn, herramienta para acampar al aire libre, herramientas de jard\u00edn\" src=\"https:\/\/bodegaoutdoor.cl\/store\/wp-content\/uploads\/2020\/09\/18185-yypucn.jpg\" alt=\"Pala plegable port\u00e1til militar multifunci\u00f3n de acero inoxidable, pala de supervivencia, paleta de jard\u00edn, herramienta para acampar al aire libre, herramientas de jard\u00edn\" width=\"846\" height=\"321\" \/><\/p>\n<div align=\"center\">\n<table style=\"width: 416.1pt; border-collapse: collapse;\" border=\"0\" cellspacing=\"0\">\n<tbody>\n<tr>\n<td style=\"width: 416.1pt; background-color: transparent; border: #aaaaaa 1pt dotted; padding: 0pt;\" valign=\"top\" width=\"554\">\n<p style=\"vertical-align: baseline; text-align: left; margin: 0pt;\"><span style=\"font-size: 12pt; font-family: Tahoma;\">Para 80% Pa\u00edses, Cuando su pedido supera los 120 USD, lo enviamos a trav\u00e9s de<\/span><b><span style=\"font-size: 12pt; font-family: Tahoma; font-weight: bold;\">Expreso r\u00e1pido<\/span><\/b><span style=\"font-size: 12pt; font-family: Tahoma;\">Como DHL<\/span><span style=\"font-size: 12pt; font-family: Tahoma;\"><br \/>\n<\/span><span style=\"font-size: 12pt; font-family: Tahoma;\">Ofrecemos el precio m\u00e1s razonable y servicios de env\u00edo<\/span><\/p>\n<\/td>\n<\/tr>\n<\/tbody>\n<\/table>\n<\/div>\n<p style=\"vertical-align: baseline; background: #ffffff; text-align: center; margin: 0pt; padding: 0pt;\" align=\"center\"><span style=\"font-size: 21pt; font-family: Arial; background: #ffffff; color: #000000; font-style: normal;\">.<\/span><b><span style=\"font-size: 21pt; font-family: Arial; background: #ffffff; font-weight: bold; color: #000000; font-style: normal;\">Los servicios de<\/span><\/b><span style=\"font-size: 21pt; font-family: Arial; background: #ffffff; color: #000000; font-style: normal;\">.<\/span><\/p>\n<p style=\"vertical-align: baseline; text-align: center; margin: 0pt; line-height: 15pt; padding: 0pt;\" align=\"center\"><img decoding=\"async\" title=\"Pala plegable port\u00e1til militar multifunci\u00f3n de acero inoxidable, pala de supervivencia, paleta de jard\u00edn, herramienta para acampar al aire libre, herramientas de jard\u00edn\" src=\"https:\/\/bodegaoutdoor.cl\/store\/wp-content\/uploads\/2020\/09\/18185-3rq7pq.jpg\" alt=\"Pala plegable port\u00e1til militar multifunci\u00f3n de acero inoxidable, pala de supervivencia, paleta de jard\u00edn, herramienta para acampar al aire libre, herramientas de jard\u00edn\" width=\"950\" height=\"316\" \/><\/p>\n<div align=\"center\">\n<table style=\"width: 416.1pt; border-collapse: collapse;\" border=\"0\" cellspacing=\"0\">\n<tbody>\n<tr>\n<td style=\"width: 416.1pt; background-color: transparent; border: #aaaaaa 1pt dotted; padding: 0pt;\" valign=\"top\" width=\"554\">\n<p style=\"vertical-align: baseline; text-align: left; margin: 0pt;\"><span style=\"font-size: 12pt; font-family: Tahoma;\">Si tiene alguna pregunta, no dude en contactarnos.<\/span> <span style=\"font-size: 9pt; font-family: Tahoma;\"><br \/>\n<\/span><span style=\"font-size: 12pt; font-family: Tahoma;\">Si no est\u00e1s satisfecho con el art\u00edculo, ponte en contacto con nosotros antes de abrir una disputa o de hacer una valoraci\u00f3n.<\/span> <span style=\"font-size: 9pt; font-family: Tahoma;\"><br \/>\n<\/span><span style=\"font-size: 12pt; font-family: Tahoma;\">100% resolveremos cualquier problema que tengas.<\/span><\/p>\n<\/td>\n<\/tr>\n<\/tbody>\n<\/table>\n<\/div>\n<p style=\"vertical-align: baseline; background: #ffffff; text-align: center; margin: 0pt; padding: 0pt;\" align=\"center\"><span style=\"font-size: 21pt; font-family: Arial; background: #ffffff; color: #000000; font-style: normal;\">.<\/span><b><span style=\"font-size: 21pt; font-family: Arial; background: #ffffff; font-weight: bold; color: #000000; font-style: normal;\">Comentarios<\/span><\/b><span style=\"font-size: 21pt; font-family: Arial; background: #ffffff; color: #000000; font-style: normal;\">.<\/span><\/p>\n<p style=\"vertical-align: baseline; text-align: center; margin: 0pt; line-height: 15pt; padding: 0pt;\" align=\"center\"><img decoding=\"async\" title=\"Pala plegable port\u00e1til militar multifunci\u00f3n de acero inoxidable, pala de supervivencia, paleta de jard\u00edn, herramienta para acampar al aire libre, herramientas de jard\u00edn\" src=\"https:\/\/bodegaoutdoor.cl\/store\/wp-content\/uploads\/2020\/09\/18185-mrrse1.jpg\" alt=\"Pala plegable port\u00e1til militar multifunci\u00f3n de acero inoxidable, pala de supervivencia, paleta de jard\u00edn, herramienta para acampar al aire libre, herramientas de jard\u00edn\" width=\"950\" height=\"343\" \/><\/p>\n<div align=\"center\">\n<table style=\"width: 416.1pt; border-collapse: collapse;\" border=\"0\" cellspacing=\"0\">\n<tbody>\n<tr>\n<td style=\"width: 416.1pt; background-color: transparent; border: #aaaaaa 1pt dotted; padding: 0pt;\" valign=\"top\" width=\"554\">\n<p style=\"vertical-align: baseline; text-align: left; margin: 0pt;\"><span style=\"font-size: 12pt; font-family: Tahoma;\">Si le gustan nuestros productos, por favor deje comentarios y fotos de 5 estrellas para apoyarnos para hacerlo mejor.<\/span> <span style=\"font-size: 9pt; font-family: Tahoma;\"><br \/>\n<\/span><span style=\"font-size: 12pt; font-family: Tahoma;\">Comp\u00e1rtelo en su SNS, consiga m\u00e1s de 10 me gusta. Obtendr\u00e1s 1 descuento de $ sin l\u00edmite.<\/span><\/p>\n<\/td>\n<\/tr>\n<\/tbody>\n<\/table>\n<\/div>\n<p style=\"vertical-align: baseline; background: #ffffff; text-align: center; margin: 0pt; padding: 0pt;\" align=\"center\"><b><span style=\"font-size: 13.5pt; font-family: Arial; background: #ffffff; font-weight: bold; color: #000000; font-style: normal;\">\u00a1Gracias!<\/span><\/b><\/p>\n<p><!--EndFragment--><\/p>\n<p>&nbsp;<\/p>\n<p>&nbsp;<\/p>\n<p>&nbsp;<\/p>\n<\/div>\n<\/div>\n<\/div>\n<\/div>\n\n    <div class=\"xs_social_share_widget xs_share_url after_content \t\tmain_content  wslu-style-1 wslu-share-box-shaped wslu-fill-colored wslu-none wslu-share-horizontal wslu-theme-font-no wslu-main_content\">\n\n\t\t\n        <ul>\n\t\t\t        <\/ul>\n    <\/div> \n","protected":false},"excerpt":{"rendered":"<p>67069 Color: Negro Material: acero 45 # Tama\u00f1o extendido: 420*95*20mm Tama\u00f1o plegado: 170*95*20mm Cantidad: 1 Uds Lista de paquetes: 1 * Pala plegable 1 * Paquete de cintur\u00f3n de adhesi\u00f3n Caracter\u00edsticas: &lt;Multifunci\u00f3n: se puede utilizar como palas, p\u00faas, sierras, br\u00fajula y abrebotellas. &lt;Aplicaci\u00f3n: Ideal para camping, senderismo, defensa personal, mochilero, pesca, caza, jardiner\u00eda u otras [&hellip;]<\/p>\n","protected":false},"featured_media":18209,"comment_status":"open","ping_status":"closed","template":"","meta":{"jetpack_publicize_message":"","jetpack_publicize_feature_enabled":true,"jetpack_social_post_already_shared":true,"jetpack_social_options":{"image_generator_settings":{"template":"highway","enabled":false},"version":2}},"product_brand":[],"product_cat":[15,64],"product_tag":[],"class_list":{"0":"post-18185","1":"product","2":"type-product","3":"status-publish","4":"has-post-thumbnail","6":"product_cat-otros","7":"product_cat-accessories","9":"first","10":"instock","11":"sale","12":"taxable","13":"shipping-taxable","14":"purchasable","15":"product-type-variable"},"jetpack_publicize_connections":[],"jetpack_sharing_enabled":true,"_links":{"self":[{"href":"https:\/\/bodegaoutdoor.cl\/store\/wp-json\/wp\/v2\/product\/18185","targetHints":{"allow":["GET"]}}],"collection":[{"href":"https:\/\/bodegaoutdoor.cl\/store\/wp-json\/wp\/v2\/product"}],"about":[{"href":"https:\/\/bodegaoutdoor.cl\/store\/wp-json\/wp\/v2\/types\/product"}],"replies":[{"embeddable":true,"href":"https:\/\/bodegaoutdoor.cl\/store\/wp-json\/wp\/v2\/comments?post=18185"}],"version-history":[{"count":1,"href":"https:\/\/bodegaoutdoor.cl\/store\/wp-json\/wp\/v2\/product\/18185\/revisions"}],"predecessor-version":[{"id":71196,"href":"https:\/\/bodegaoutdoor.cl\/store\/wp-json\/wp\/v2\/product\/18185\/revisions\/71196"}],"wp:featuredmedia":[{"embeddable":true,"href":"https:\/\/bodegaoutdoor.cl\/store\/wp-json\/wp\/v2\/media\/18209"}],"wp:attachment":[{"href":"https:\/\/bodegaoutdoor.cl\/store\/wp-json\/wp\/v2\/media?parent=18185"}],"wp:term":[{"taxonomy":"product_brand","embeddable":true,"href":"https:\/\/bodegaoutdoor.cl\/store\/wp-json\/wp\/v2\/product_brand?post=18185"},{"taxonomy":"product_cat","embeddable":true,"href":"https:\/\/bodegaoutdoor.cl\/store\/wp-json\/wp\/v2\/product_cat?post=18185"},{"taxonomy":"product_tag","embeddable":true,"href":"https:\/\/bodegaoutdoor.cl\/store\/wp-json\/wp\/v2\/product_tag?post=18185"}],"curies":[{"name":"wp","href":"https:\/\/api.w.org\/{rel}","templated":true}]}}