{"id":18262,"date":"2020-09-23T15:15:09","date_gmt":"2020-09-23T15:15:09","guid":{"rendered":"https:\/\/bodegaoutdoor.cl\/store\/product\/alicates-multiherramienta-al-aire-libre-multi-proposito-plegable-bolsillo-alicates-herramienta-endurecido-420-acero-inoxidable-para-supervivencia-camping-pesca\/"},"modified":"2023-05-04T19:19:18","modified_gmt":"2023-05-04T23:19:18","slug":"alicates-multiherramienta-al-aire-libre-multi-proposito-plegable-bolsillo-acero-inoxidable-supervivencia-camping","status":"publish","type":"product","link":"https:\/\/bodegaoutdoor.cl\/store\/product\/alicates-multiherramienta-al-aire-libre-multi-proposito-plegable-bolsillo-acero-inoxidable-supervivencia-camping\/","title":{"rendered":"Alicates multiherramienta al aire libre Multi prop\u00f3sito plegable bolsillo acero inoxidable supervivencia Camping"},"content":{"rendered":"<h1>Alicates multiherramienta para exteriores alicates multiusos de bolsillo plegable herramienta endurecida 420 acero inoxidable para supervivencia Camping pesca<span style=\"font-size: 8px;\">Alicates multiherramientas de bolsillo 1 ud. Al aire libre Mini port\u00e1til plegable multifunci\u00f3n alicate abrazadera llavero senderismo herramienta de Camping<\/span><\/h1>\n<p><span style=\"font-size: 14px;\"><strong>Descripciones:<\/strong><\/span><\/p>\n<ul>\n<li><span style=\"font-size: 16px;\">Juego de herramientas multifunci\u00f3n 12 en 1: Esta multiherramienta con alicates de punta de aguja, Mini Sierra de madera, abrelatas, abrebotellas, removedor de gancho de pescado, Mini destornillador ranurado, destornillador de ranura media, destornillador ranurado grande Destornillador de cabeza Phillips, archivo de Metal, cuchilla de cuchillo multiusos peque\u00f1o y cuchilla de cuchillo grande<\/span><\/li>\n<li><span style=\"font-size: 16px;\">Kit de herramientas multiusos: Esta multiherramienta es la mejor para Camping, pesca, senderismo, cocina, caza, Picnic, hogar, viaje por carretera, bricolaje, cualquier actividad al aire libre y m\u00e1s.<\/span><\/li>\n<li><span style=\"font-size: 16px;\">Dise\u00f1o ergon\u00f3mico para ambas manos: No importa si se apoya en su mano derecha o izquierda para agarrar y manejar, este alicates multiherramienta con un mango ergon\u00f3mico que es simetricamente plano para adaptarse tanto a la derecha como a las zurdas.<\/span><\/li>\n<li><span style=\"font-size: 16px;\">El mecanismo de bloqueo garantiza tu seguridad: La protecci\u00f3n evita que la hoja se cierre accidentalmente en los dedos a menos que al solicitarte que pulses el Swith hacia dentro para doblarla. Este alicates multiherramienta es seguro para ti.<\/span><\/li>\n<li><span style=\"font-size: 16px;\">Funda de nailon duradera para facilitar el transporte: Juego de herramienta multiuso de bolsillo con funda de nailon duradero, compacto y ligero, f\u00e1cil de llevar cuando sales<\/span><\/li>\n<li><img decoding=\"async\" title=\"Alicates multiherramienta al aire libre Multi prop\u00f3sito plegable bolsillo alicates herramienta endurecido 420 acero inoxidable para supervivencia Camping pesca\" src=\"https:\/\/bodegaoutdoor.cl\/store\/wp-content\/uploads\/2020\/09\/18262-drcoez.png\" alt=\"Alicates multiherramienta al aire libre Multi prop\u00f3sito plegable bolsillo alicates herramienta endurecido 420 acero inoxidable para supervivencia Camping pesca\" \/><img decoding=\"async\" title=\"Alicates multiherramienta al aire libre Multi prop\u00f3sito plegable bolsillo alicates herramienta endurecido 420 acero inoxidable para supervivencia Camping pesca\" src=\"https:\/\/bodegaoutdoor.cl\/store\/wp-content\/uploads\/2020\/09\/18262-qoscvl.jpg\" alt=\"Alicates multiherramienta al aire libre Multi prop\u00f3sito plegable bolsillo alicates herramienta endurecido 420 acero inoxidable para supervivencia Camping pesca\" \/><img decoding=\"async\" title=\"Alicates multiherramienta al aire libre Multi prop\u00f3sito plegable bolsillo alicates herramienta endurecido 420 acero inoxidable para supervivencia Camping pesca\" src=\"https:\/\/bodegaoutdoor.cl\/store\/wp-content\/uploads\/2020\/09\/18262-9yvn0n.jpg\" alt=\"Alicates multiherramienta al aire libre Multi prop\u00f3sito plegable bolsillo alicates herramienta endurecido 420 acero inoxidable para supervivencia Camping pesca\" \/><img decoding=\"async\" title=\"Alicates multiherramienta al aire libre Multi prop\u00f3sito plegable bolsillo alicates herramienta endurecido 420 acero inoxidable para supervivencia Camping pesca\" src=\"https:\/\/bodegaoutdoor.cl\/store\/wp-content\/uploads\/2020\/09\/18262-krlljo.jpg\" alt=\"Alicates multiherramienta al aire libre Multi prop\u00f3sito plegable bolsillo alicates herramienta endurecido 420 acero inoxidable para supervivencia Camping pesca\" \/>\u00a1!<\/li>\n<\/ul>\n\n    <div class=\"xs_social_share_widget xs_share_url after_content \t\tmain_content  wslu-style-1 wslu-share-box-shaped wslu-fill-colored wslu-none wslu-share-horizontal wslu-theme-font-no wslu-main_content\">\n\n\t\t\n        <ul>\n\t\t\t        <\/ul>\n    <\/div> \n","protected":false},"excerpt":{"rendered":"<p>Alicates multiherramienta para exteriores alicates multiusos de bolsillo plegable herramienta endurecida 420 acero inoxidable para supervivencia Camping pescaAlicates multiherramientas de bolsillo 1 ud. Al aire libre Mini port\u00e1til plegable multifunci\u00f3n alicate abrazadera llavero senderismo herramienta de Camping Descripciones: Juego de herramientas multifunci\u00f3n 12 en 1: Esta multiherramienta con alicates de punta de aguja, Mini Sierra [&hellip;]<\/p>\n","protected":false},"featured_media":18273,"comment_status":"open","ping_status":"closed","template":"","meta":{"jetpack_publicize_message":"","jetpack_publicize_feature_enabled":true,"jetpack_social_post_already_shared":true,"jetpack_social_options":{"image_generator_settings":{"template":"highway","enabled":false},"version":2}},"product_brand":[],"product_cat":[15,64,710,1240],"product_tag":[],"class_list":{"0":"post-18262","1":"product","2":"type-product","3":"status-publish","4":"has-post-thumbnail","6":"product_cat-otros","7":"product_cat-accessories","8":"product_cat-colchonetas-camping","9":"product_cat-navajas","11":"first","12":"instock","13":"sale","14":"taxable","15":"shipping-taxable","16":"purchasable","17":"product-type-variable"},"jetpack_publicize_connections":[],"jetpack_sharing_enabled":true,"_links":{"self":[{"href":"https:\/\/bodegaoutdoor.cl\/store\/wp-json\/wp\/v2\/product\/18262","targetHints":{"allow":["GET"]}}],"collection":[{"href":"https:\/\/bodegaoutdoor.cl\/store\/wp-json\/wp\/v2\/product"}],"about":[{"href":"https:\/\/bodegaoutdoor.cl\/store\/wp-json\/wp\/v2\/types\/product"}],"replies":[{"embeddable":true,"href":"https:\/\/bodegaoutdoor.cl\/store\/wp-json\/wp\/v2\/comments?post=18262"}],"version-history":[{"count":1,"href":"https:\/\/bodegaoutdoor.cl\/store\/wp-json\/wp\/v2\/product\/18262\/revisions"}],"predecessor-version":[{"id":71194,"href":"https:\/\/bodegaoutdoor.cl\/store\/wp-json\/wp\/v2\/product\/18262\/revisions\/71194"}],"wp:featuredmedia":[{"embeddable":true,"href":"https:\/\/bodegaoutdoor.cl\/store\/wp-json\/wp\/v2\/media\/18273"}],"wp:attachment":[{"href":"https:\/\/bodegaoutdoor.cl\/store\/wp-json\/wp\/v2\/media?parent=18262"}],"wp:term":[{"taxonomy":"product_brand","embeddable":true,"href":"https:\/\/bodegaoutdoor.cl\/store\/wp-json\/wp\/v2\/product_brand?post=18262"},{"taxonomy":"product_cat","embeddable":true,"href":"https:\/\/bodegaoutdoor.cl\/store\/wp-json\/wp\/v2\/product_cat?post=18262"},{"taxonomy":"product_tag","embeddable":true,"href":"https:\/\/bodegaoutdoor.cl\/store\/wp-json\/wp\/v2\/product_tag?post=18262"}],"curies":[{"name":"wp","href":"https:\/\/api.w.org\/{rel}","templated":true}]}}