{"id":18269,"date":"2020-09-23T15:15:41","date_gmt":"2020-09-23T15:15:41","guid":{"rendered":"https:\/\/bodegaoutdoor.cl\/store\/product\/juego-de-vajilla-plegable-para-acampar-al-aire-libre-mango-multiusos-tenedor-cuchara-abrebotellas-bolsa-de-transporte-de-lona-juegos-de-cubiertos-para-picnic\/"},"modified":"2023-05-04T19:19:18","modified_gmt":"2023-05-04T23:19:18","slug":"cubiertos-plegables-para-acampar-outdoor-tenedor-cuchara-abrebotellas","status":"publish","type":"product","link":"https:\/\/bodegaoutdoor.cl\/store\/product\/cubiertos-plegables-para-acampar-outdoor-tenedor-cuchara-abrebotellas\/","title":{"rendered":"Cubiertos plegables para acampar Outdoor, tenedor, cuchara, abrebotellas"},"content":{"rendered":"<p>&nbsp;<\/p>\n<p style=\"text-align: center;\"><span style=\"font-size: 20.0px;\"><strong>Juego de vajilla plegable para acampar al aire libre, mango multiusos, tenedor, cuchillo, cuchara, abrebotellas, bolsa de transporte de lona, juego de cubiertos para Picnic<\/strong><\/span><\/p>\n<p style=\"margin: 0.0px; padding: 0.0px; border: 0.0px; font-size: 13.3333px; line-height: inherit; font-family: arial , helvetica , sans-serif; vertical-align: baseline; color: #000000;\"><span style=\"margin: 0.0px; padding: 0.0px; border: 0.0px; font-style: inherit; font-weight: inherit; font-size: 20.0px; line-height: inherit; vertical-align: baseline;\"><span style=\"margin: 0.0px; padding: 0.0px; border: 0.0px; font-style: inherit; font-weight: inherit; font-size: inherit; line-height: inherit; font-family: arial , helvetica , sans-serif; vertical-align: baseline;\"><span style=\"font-weight: bold;\">Caracter\u00edstica:<\/span><\/span><\/span><\/p>\n<p style=\"margin: 0.0px; padding: 0.0px; border: 0.0px; font-size: 13.3333px; line-height: inherit; font-family: arial , helvetica , sans-serif; vertical-align: baseline; color: #000000;\"><span style=\"margin: 0.0px; padding: 0.0px; border: 0.0px; font-style: inherit; font-weight: inherit; font-size: 20.0px; line-height: inherit; vertical-align: baseline;\"><span style=\"margin: 0.0px; padding: 0.0px; border: 0.0px; font-style: inherit; font-weight: inherit; font-size: inherit; line-height: inherit; font-family: arial , helvetica , sans-serif; vertical-align: baseline;\">Modelo: vajilla de Camping, vajilla port\u00e1til<\/span><\/span><\/p>\n<p style=\"margin: 0.0px; padding: 0.0px; border: 0.0px; font-size: 13.3333px; line-height: inherit; font-family: arial , helvetica , sans-serif; vertical-align: baseline; color: #000000;\"><span style=\"margin: 0.0px; padding: 0.0px; border: 0.0px; font-style: inherit; font-weight: inherit; font-size: 20.0px; line-height: inherit; vertical-align: baseline;\"><span style=\"margin: 0.0px; padding: 0.0px; border: 0.0px; font-style: inherit; font-weight: inherit; font-size: inherit; line-height: inherit; font-family: arial , helvetica , sans-serif; vertical-align: baseline;\">Modelo: vajilla plegable para exteriores, vajilla para senderismo<\/span><\/span><\/p>\n<p style=\"margin: 0.0px; padding: 0.0px; border: 0.0px; font-size: 13.3333px; line-height: inherit; font-family: arial , helvetica , sans-serif; vertical-align: baseline; color: #000000;\"><span style=\"margin: 0.0px; padding: 0.0px; border: 0.0px; font-style: inherit; font-weight: inherit; font-size: 20.0px; line-height: inherit; vertical-align: baseline;\"><span style=\"margin: 0.0px; padding: 0.0px; border: 0.0px; font-style: inherit; font-weight: inherit; font-size: inherit; line-height: inherit; font-family: arial , helvetica , sans-serif; vertical-align: baseline;\">Funci\u00f3n: tenedor cuchillo, cuchara Abrelatas de botella<\/span><\/span><\/p>\n<p style=\"margin: 0.0px; padding: 0.0px; border: 0.0px; font-size: 13.3333px; line-height: inherit; font-family: arial , helvetica , sans-serif; vertical-align: baseline; color: #000000;\"><span style=\"margin: 0.0px; padding: 0.0px; border: 0.0px; font-style: inherit; font-weight: inherit; font-size: 20.0px; line-height: inherit; vertical-align: baseline;\"><span style=\"margin: 0.0px; padding: 0.0px; border: 0.0px; font-style: inherit; font-weight: inherit; font-size: inherit; line-height: inherit; font-family: arial , helvetica , sans-serif; vertical-align: baseline;\">Situaci\u00f3n: exterior, Camping,Picnic, juegos de campo<\/span><\/span><\/p>\n<p style=\"margin: 0.0px; padding: 0.0px; border: 0.0px; font-size: 13.3333px; line-height: inherit; font-family: arial , helvetica , sans-serif; vertical-align: baseline; color: #000000;\"><span style=\"margin: 0.0px; padding: 0.0px; border: 0.0px; font-style: inherit; font-weight: inherit; font-size: 20.0px; line-height: inherit; vertical-align: baseline;\"><span style=\"margin: 0.0px; padding: 0.0px; border: 0.0px; font-style: inherit; font-weight: inherit; font-size: inherit; line-height: inherit; font-family: arial , helvetica , sans-serif; vertical-align: baseline;\">\u00datil: deporte, exterior, Camping, viajes, herramienta de escalada<\/span><\/span><\/p>\n<p style=\"margin: 0.0px; padding: 0.0px; border: 0.0px; font-size: 13.3333px; line-height: inherit; font-family: arial , helvetica , sans-serif; vertical-align: baseline; color: #000000;\"><span style=\"margin: 0.0px; padding: 0.0px; border: 0.0px; font-style: inherit; font-weight: inherit; font-size: 20.0px; line-height: inherit; vertical-align: baseline;\"><span style=\"margin: 0.0px; padding: 0.0px; border: 0.0px; font-style: inherit; font-weight: inherit; font-size: inherit; line-height: inherit; font-family: arial , helvetica , sans-serif; vertical-align: baseline;\"><span style=\"font-weight: bold;\">Especificaci\u00f3n:<\/span><\/span><\/span><\/p>\n<p style=\"margin: 0.0px; padding: 0.0px; border: 0.0px; font-size: 13.3333px; line-height: inherit; font-family: arial , helvetica , sans-serif; vertical-align: baseline; color: #000000;\"><span style=\"margin: 0.0px; padding: 0.0px; border: 0.0px; font-style: inherit; font-weight: inherit; font-size: 20.0px; line-height: inherit; vertical-align: baseline;\"><span style=\"margin: 0.0px; padding: 0.0px; border: 0.0px; font-style: inherit; font-weight: inherit; font-size: inherit; line-height: inherit; font-family: arial , helvetica , sans-serif; vertical-align: baseline;\">Color: verde<\/span><\/span><\/p>\n<p style=\"margin: 0.0px; padding: 0.0px; border: 0.0px; font-size: 13.3333px; line-height: inherit; font-family: arial , helvetica , sans-serif; vertical-align: baseline; color: #000000;\"><span style=\"margin: 0.0px; padding: 0.0px; border: 0.0px; font-style: inherit; font-weight: inherit; font-size: 20.0px; line-height: inherit; vertical-align: baseline;\"><span style=\"margin: 0.0px; padding: 0.0px; border: 0.0px; font-style: inherit; font-weight: inherit; font-size: inherit; line-height: inherit; font-family: arial , helvetica , sans-serif; vertical-align: baseline;\">Tama\u00f1o desplegado: (aproximadamente) 19*3,4*3cm<\/span><\/span><\/p>\n<p style=\"margin: 0.0px; padding: 0.0px; border: 0.0px; font-size: 13.3333px; line-height: inherit; font-family: arial , helvetica , sans-serif; vertical-align: baseline; color: #000000;\"><span style=\"margin: 0.0px; padding: 0.0px; border: 0.0px; font-style: inherit; font-weight: inherit; font-size: 20.0px; line-height: inherit; vertical-align: baseline;\"><span style=\"margin: 0.0px; padding: 0.0px; border: 0.0px; font-style: inherit; font-weight: inherit; font-size: inherit; line-height: inherit; font-family: arial , helvetica , sans-serif; vertical-align: baseline;\">Tama\u00f1o del pliegue: (aproximadamente) 11*3,4*3cm<\/span><\/span><\/p>\n<p style=\"margin: 0.0px; padding: 0.0px; border: 0.0px; font-size: 13.3333px; line-height: inherit; font-family: arial , helvetica , sans-serif; vertical-align: baseline; color: #000000;\"><span style=\"margin: 0.0px; padding: 0.0px; border: 0.0px; font-style: inherit; font-weight: inherit; font-size: 20.0px; line-height: inherit; vertical-align: baseline;\"><span style=\"margin: 0.0px; padding: 0.0px; border: 0.0px; font-style: inherit; font-weight: inherit; font-size: inherit; line-height: inherit; font-family: arial , helvetica , sans-serif; vertical-align: baseline;\"><span style=\"font-weight: bold;\">El paquete incluye:<\/span><\/span><\/span><\/p>\n<p style=\"margin: 0.0px; padding: 0.0px; border: 0.0px; font-size: 13.3333px; line-height: inherit; font-family: arial , helvetica , sans-serif; vertical-align: baseline; color: #000000;\"><span style=\"margin: 0.0px; padding: 0.0px; border: 0.0px; font-style: inherit; font-weight: inherit; font-size: 20.0px; line-height: inherit; vertical-align: baseline;\"><span style=\"margin: 0.0px; padding: 0.0px; border: 0.0px; font-style: inherit; font-weight: inherit; font-size: inherit; line-height: inherit; font-family: arial , helvetica , sans-serif; vertical-align: baseline;\">1 * Set<\/span><\/span><\/p>\n<p style=\"margin: 0.0px; padding: 0.0px; border: 0.0px; font-size: 13.3333px; line-height: inherit; font-family: arial , helvetica , sans-serif; vertical-align: baseline; color: #000000;\"><span style=\"margin: 0.0px; padding: 0.0px; border: 0.0px; font-style: inherit; font-weight: inherit; font-size: 20.0px; line-height: inherit; vertical-align: baseline;\"><span style=\"margin: 0.0px; padding: 0.0px; border: 0.0px; font-style: inherit; font-weight: inherit; font-size: inherit; line-height: inherit; font-family: arial , helvetica , sans-serif; vertical-align: baseline;\">1 * Set<\/span><\/span><\/p>\n<p style=\"margin: 0.0px; padding: 0.0px; border: 0.0px; font-size: 13.3333px; line-height: inherit; font-family: arial , helvetica , sans-serif; vertical-align: baseline; color: #000000;\"><img decoding=\"async\" title=\"Juego de vajilla plegable para acampar al aire libre, mango multiusos, tenedor, cuchara, abrebotellas, bolsa de transporte de lona, juegos de cubiertos para Picnic\" src=\"https:\/\/bodegaoutdoor.cl\/store\/wp-content\/uploads\/2020\/09\/18269-reabiv.jpg\" alt=\"Juego de vajilla plegable para acampar al aire libre, mango multiusos, tenedor, cuchara, abrebotellas, bolsa de transporte de lona, juegos de cubiertos para Picnic\" \/><img decoding=\"async\" title=\"Juego de vajilla plegable para acampar al aire libre, mango multiusos, tenedor, cuchara, abrebotellas, bolsa de transporte de lona, juegos de cubiertos para Picnic\" src=\"https:\/\/bodegaoutdoor.cl\/store\/wp-content\/uploads\/2020\/09\/18269-oe3bnw.jpg\" alt=\"Juego de vajilla plegable para acampar al aire libre, mango multiusos, tenedor, cuchara, abrebotellas, bolsa de transporte de lona, juegos de cubiertos para Picnic\" \/><img decoding=\"async\" title=\"Juego de vajilla plegable para acampar al aire libre, mango multiusos, tenedor, cuchara, abrebotellas, bolsa de transporte de lona, juegos de cubiertos para Picnic\" src=\"https:\/\/bodegaoutdoor.cl\/store\/wp-content\/uploads\/2020\/09\/18269-xhdrlg.jpg\" alt=\"Juego de vajilla plegable para acampar al aire libre, mango multiusos, tenedor, cuchara, abrebotellas, bolsa de transporte de lona, juegos de cubiertos para Picnic\" \/><img decoding=\"async\" title=\"Juego de vajilla plegable para acampar al aire libre, mango multiusos, tenedor, cuchara, abrebotellas, bolsa de transporte de lona, juegos de cubiertos para Picnic\" src=\"https:\/\/bodegaoutdoor.cl\/store\/wp-content\/uploads\/2020\/09\/18269-jr6fv3.jpg\" alt=\"Juego de vajilla plegable para acampar al aire libre, mango multiusos, tenedor, cuchara, abrebotellas, bolsa de transporte de lona, juegos de cubiertos para Picnic\" \/><img decoding=\"async\" title=\"Juego de vajilla plegable para acampar al aire libre, mango multiusos, tenedor, cuchara, abrebotellas, bolsa de transporte de lona, juegos de cubiertos para Picnic\" src=\"https:\/\/bodegaoutdoor.cl\/store\/wp-content\/uploads\/2020\/09\/18269-pcr6nr.jpg\" alt=\"Juego de vajilla plegable para acampar al aire libre, mango multiusos, tenedor, cuchara, abrebotellas, bolsa de transporte de lona, juegos de cubiertos para Picnic\" \/><img decoding=\"async\" title=\"Juego de vajilla plegable para acampar al aire libre, mango multiusos, tenedor, cuchara, abrebotellas, bolsa de transporte de lona, juegos de cubiertos para Picnic\" src=\"https:\/\/bodegaoutdoor.cl\/store\/wp-content\/uploads\/2020\/09\/18269-rdojqo.jpg\" alt=\"Juego de vajilla plegable para acampar al aire libre, mango multiusos, tenedor, cuchara, abrebotellas, bolsa de transporte de lona, juegos de cubiertos para Picnic\" \/><img decoding=\"async\" title=\"Juego de vajilla plegable para acampar al aire libre, mango multiusos, tenedor, cuchara, abrebotellas, bolsa de transporte de lona, juegos de cubiertos para Picnic\" src=\"https:\/\/bodegaoutdoor.cl\/store\/wp-content\/uploads\/2020\/09\/18269-ggpvph.jpg\" alt=\"Juego de vajilla plegable para acampar al aire libre, mango multiusos, tenedor, cuchara, abrebotellas, bolsa de transporte de lona, juegos de cubiertos para Picnic\" \/><img decoding=\"async\" title=\"Juego de vajilla plegable para acampar al aire libre, mango multiusos, tenedor, cuchara, abrebotellas, bolsa de transporte de lona, juegos de cubiertos para Picnic\" src=\"https:\/\/bodegaoutdoor.cl\/store\/wp-content\/uploads\/2020\/09\/18269-w5lmlx.jpg\" alt=\"Juego de vajilla plegable para acampar al aire libre, mango multiusos, tenedor, cuchara, abrebotellas, bolsa de transporte de lona, juegos de cubiertos para Picnic\" \/><img decoding=\"async\" title=\"Juego de vajilla plegable para acampar al aire libre, mango multiusos, tenedor, cuchara, abrebotellas, bolsa de transporte de lona, juegos de cubiertos para Picnic\" src=\"https:\/\/bodegaoutdoor.cl\/store\/wp-content\/uploads\/2020\/09\/18269-sa8lt4.jpg\" alt=\"Juego de vajilla plegable para acampar al aire libre, mango multiusos, tenedor, cuchara, abrebotellas, bolsa de transporte de lona, juegos de cubiertos para Picnic\" \/><img decoding=\"async\" title=\"Juego de vajilla plegable para acampar al aire libre, mango multiusos, tenedor, cuchara, abrebotellas, bolsa de transporte de lona, juegos de cubiertos para Picnic\" src=\"https:\/\/bodegaoutdoor.cl\/store\/wp-content\/uploads\/2020\/09\/18269-2bkzj5.jpg\" alt=\"Juego de vajilla plegable para acampar al aire libre, mango multiusos, tenedor, cuchara, abrebotellas, bolsa de transporte de lona, juegos de cubiertos para Picnic\" \/><img decoding=\"async\" title=\"Juego de vajilla plegable para acampar al aire libre, mango multiusos, tenedor, cuchara, abrebotellas, bolsa de transporte de lona, juegos de cubiertos para Picnic\" src=\"https:\/\/bodegaoutdoor.cl\/store\/wp-content\/uploads\/2020\/09\/18269-ajyeuq.jpg\" alt=\"Juego de vajilla plegable para acampar al aire libre, mango multiusos, tenedor, cuchara, abrebotellas, bolsa de transporte de lona, juegos de cubiertos para Picnic\" \/><img decoding=\"async\" title=\"Juego de vajilla plegable para acampar al aire libre, mango multiusos, tenedor, cuchara, abrebotellas, bolsa de transporte de lona, juegos de cubiertos para Picnic\" src=\"https:\/\/bodegaoutdoor.cl\/store\/wp-content\/uploads\/2020\/09\/18269-ot82zq.jpg\" alt=\"Juego de vajilla plegable para acampar al aire libre, mango multiusos, tenedor, cuchara, abrebotellas, bolsa de transporte de lona, juegos de cubiertos para Picnic\" \/><img decoding=\"async\" title=\"Juego de vajilla plegable para acampar al aire libre, mango multiusos, tenedor, cuchara, abrebotellas, bolsa de transporte de lona, juegos de cubiertos para Picnic\" src=\"https:\/\/bodegaoutdoor.cl\/store\/wp-content\/uploads\/2020\/09\/18269-zrzuqw.jpg\" alt=\"Juego de vajilla plegable para acampar al aire libre, mango multiusos, tenedor, cuchara, abrebotellas, bolsa de transporte de lona, juegos de cubiertos para Picnic\" \/><img decoding=\"async\" title=\"Juego de vajilla plegable para acampar al aire libre, mango multiusos, tenedor, cuchara, abrebotellas, bolsa de transporte de lona, juegos de cubiertos para Picnic\" src=\"https:\/\/bodegaoutdoor.cl\/store\/wp-content\/uploads\/2020\/09\/18269-u5j1yr.jpg\" alt=\"Juego de vajilla plegable para acampar al aire libre, mango multiusos, tenedor, cuchara, abrebotellas, bolsa de transporte de lona, juegos de cubiertos para Picnic\" \/><\/p>\n<p style=\"margin: 0.0px; padding: 0.0px; border: 0.0px; font-size: 13.3333px; line-height: inherit; font-family: arial , helvetica , sans-serif; vertical-align: baseline; color: #000000;\">\n\n    <div class=\"xs_social_share_widget xs_share_url after_content \t\tmain_content  wslu-style-1 wslu-share-box-shaped wslu-fill-colored wslu-none wslu-share-horizontal wslu-theme-font-no wslu-main_content\">\n\n\t\t\n        <ul>\n\t\t\t        <\/ul>\n    <\/div> \n","protected":false},"excerpt":{"rendered":"<p>&nbsp; Juego de vajilla plegable para acampar al aire libre, mango multiusos, tenedor, cuchillo, cuchara, abrebotellas, bolsa de transporte de lona, juego de cubiertos para Picnic Caracter\u00edstica: Modelo: vajilla de Camping, vajilla port\u00e1til Modelo: vajilla plegable para exteriores, vajilla para senderismo Funci\u00f3n: tenedor cuchillo, cuchara Abrelatas de botella Situaci\u00f3n: exterior, Camping,Picnic, juegos de campo \u00datil: [&hellip;]<\/p>\n","protected":false},"featured_media":18283,"comment_status":"open","ping_status":"closed","template":"","meta":{"jetpack_publicize_message":"","jetpack_publicize_feature_enabled":true,"jetpack_social_post_already_shared":true,"jetpack_social_options":{"image_generator_settings":{"template":"highway","enabled":false},"version":2}},"product_brand":[],"product_cat":[64],"product_tag":[],"class_list":{"0":"post-18269","1":"product","2":"type-product","3":"status-publish","4":"has-post-thumbnail","6":"product_cat-accessories","8":"first","9":"instock","10":"taxable","11":"shipping-taxable","12":"purchasable","13":"product-type-variable"},"jetpack_publicize_connections":[],"jetpack_sharing_enabled":true,"_links":{"self":[{"href":"https:\/\/bodegaoutdoor.cl\/store\/wp-json\/wp\/v2\/product\/18269","targetHints":{"allow":["GET"]}}],"collection":[{"href":"https:\/\/bodegaoutdoor.cl\/store\/wp-json\/wp\/v2\/product"}],"about":[{"href":"https:\/\/bodegaoutdoor.cl\/store\/wp-json\/wp\/v2\/types\/product"}],"replies":[{"embeddable":true,"href":"https:\/\/bodegaoutdoor.cl\/store\/wp-json\/wp\/v2\/comments?post=18269"}],"version-history":[{"count":1,"href":"https:\/\/bodegaoutdoor.cl\/store\/wp-json\/wp\/v2\/product\/18269\/revisions"}],"predecessor-version":[{"id":71193,"href":"https:\/\/bodegaoutdoor.cl\/store\/wp-json\/wp\/v2\/product\/18269\/revisions\/71193"}],"wp:featuredmedia":[{"embeddable":true,"href":"https:\/\/bodegaoutdoor.cl\/store\/wp-json\/wp\/v2\/media\/18283"}],"wp:attachment":[{"href":"https:\/\/bodegaoutdoor.cl\/store\/wp-json\/wp\/v2\/media?parent=18269"}],"wp:term":[{"taxonomy":"product_brand","embeddable":true,"href":"https:\/\/bodegaoutdoor.cl\/store\/wp-json\/wp\/v2\/product_brand?post=18269"},{"taxonomy":"product_cat","embeddable":true,"href":"https:\/\/bodegaoutdoor.cl\/store\/wp-json\/wp\/v2\/product_cat?post=18269"},{"taxonomy":"product_tag","embeddable":true,"href":"https:\/\/bodegaoutdoor.cl\/store\/wp-json\/wp\/v2\/product_tag?post=18269"}],"curies":[{"name":"wp","href":"https:\/\/api.w.org\/{rel}","templated":true}]}}